{"id":870,"date":"2021-12-24T07:45:44","date_gmt":"2021-12-24T07:45:44","guid":{"rendered":"https:\/\/yunjinlight.com\/product\/lampes-a-guirlandes-solaires\/"},"modified":"2022-06-24T01:15:21","modified_gmt":"2022-06-24T01:15:21","slug":"lampes-a-guirlandes-solaires","status":"publish","type":"product","link":"https:\/\/yunjinlight.com\/fr\/produit\/lampes-a-guirlandes-solaires\/","title":{"rendered":"Lampes \u00e0 guirlandes solaires"},"content":{"rendered":"<div class=\"video video-fit mb\" style=\"padding-top:56.25%;\"><p><iframe loading=\"lazy\" title=\"E12 Solar String light\" width=\"1020\" height=\"574\" src=\"https:\/\/www.youtube.com\/embed\/3aJuCKTCI-g?feature=oembed\" frameborder=\"0\" allow=\"accelerometer; autoplay; clipboard-write; encrypted-media; gyroscope; picture-in-picture\" allowfullscreen><\/iframe><\/p>\n<\/div>\n\n\t<section class=\"section\" id=\"section_952640352\">\n\t\t<div class=\"section-bg fill\" >\n\t\t\t\t\t\t\t\t\t<div class=\"section-bg-overlay absolute fill\"><\/div>\n\t\t\t\n\n\t\t<\/div>\n\n\t\t\n\n\t\t<div class=\"section-content relative\">\n\t\t\t\n<p><a href=\"https:\/\/yunjinlight.com\/fr\/lampes-a-guirlandes-solaires\/\">Guirlandes solaires de couleur<\/a>s\u00e9rie E12, utilisant des ampoules LED G40 RBGW, le panneau solaire pour charger la batterie au lithium pendant la journ\u00e9e, la nuit peut \u00eatre automatiquement allum\u00e9e. Ils sont \u00e9quip\u00e9s d&#8217;une t\u00e9l\u00e9commande et de 4 types de modes d&#8217;\u00e9clairage. Avec la fonction solaire, il y a un port de charge USB, vous pouvez utiliser la charge USB pour fournir de l&#8217;\u00e9lectricit\u00e9 lorsque la lumi\u00e8re n&#8217;est pas suffisante.<\/p>\n<div class=\"row row-collapse row-full-width align-middle\"  id=\"row-967122450\">\n\n\t<div id=\"col-347763520\" class=\"col medium-6 small-12 large-6\"  >\n\t\t\t\t<div class=\"col-inner\"  >\n\t\t\t\n\t\t\t\n\t<div class=\"img has-hover x md-x lg-x y md-y lg-y\" id=\"image_2001356619\">\n\t\t\t\t\t\t\t\t<div class=\"img-inner dark\" >\n\t\t\t<img loading=\"lazy\" decoding=\"async\" width=\"300\" height=\"300\" src=\"https:\/\/yunjinlight.com\/wp-content\/uploads\/2021\/12\/619BGAhMKtL.__AC_SX300_SY300_QL70_FMwebp_.webp\" class=\"attachment-large size-large\" alt=\"\" srcset=\"https:\/\/yunjinlight.com\/wp-content\/uploads\/2021\/12\/619BGAhMKtL.__AC_SX300_SY300_QL70_FMwebp_.webp 300w, https:\/\/yunjinlight.com\/wp-content\/uploads\/2021\/12\/619BGAhMKtL.__AC_SX300_SY300_QL70_FMwebp_-100x100.webp 100w, https:\/\/yunjinlight.com\/wp-content\/uploads\/2021\/12\/619BGAhMKtL.__AC_SX300_SY300_QL70_FMwebp_-150x150.webp 150w\" sizes=\"auto, (max-width: 300px) 100vw, 300px\" \/>\t\t\t\t\t\t\n\t\t\t\t\t<\/div>\n\t\t\t\t\t\t\t\t\n<style>\n#image_2001356619 {\n  width: 100%;\n}\n<\/style>\n\t<\/div>\n\t\n\t\t<\/div>\n\t\t\t\t\t<\/div>\n\n\t\n\n\t<div id=\"col-355159965\" class=\"col medium-6 small-12 large-6\"  >\n\t\t\t\t<div class=\"col-inner text-center\"  >\n\t\t\t\n\t\t\t\n<h3 class=\"a-spacing-mini\">Guirlandes solaires avec ampoules Edison de remplacement<\/h3>\n<p class=\"a-spacing-base\">Les ampoules claires G40 sont fabriqu\u00e9es en verre \u00e9pais pour une plus grande durabilit\u00e9. Toutes les ampoules sont test\u00e9es pendant 48 heures avant d&#8217;\u00eatre emball\u00e9es. Une ampoule qui s&#8217;\u00e9teint n&#8217;affecte pas les autres ampoules.<\/p>\n\t\t<\/div>\n\t\t\t\t\n<style>\n#col-355159965 > .col-inner {\n  padding: 10% 10% 10% 10%;\n  max-width: 520px;\n}\n<\/style>\n\t<\/div>\n\n\t\n<\/div>\n\t\t<\/div>\n\n\t\t\n<style>\n#section_952640352 {\n  padding-top: 0px;\n  padding-bottom: 0px;\n  background-color: rgb(247, 247, 247);\n}\n#section_952640352 .section-bg-overlay {\n  background-color: rgba(255, 255, 255, 0.85);\n}\n<\/style>\n\t<\/section>\n\t\n\n\t<section class=\"section\" id=\"section_678324466\">\n\t\t<div class=\"section-bg fill\" >\n\t\t\t\t\t\t\t\t\t<div class=\"section-bg-overlay absolute fill\"><\/div>\n\t\t\t\n\n\t\t<\/div>\n\n\t\t\n\n\t\t<div class=\"section-content relative\">\n\t\t\t\n<div class=\"row row-collapse row-full-width align-middle\"  id=\"row-2119972536\">\n\n\t<div id=\"col-1533530421\" class=\"col medium-6 small-12 large-6\"  >\n\t\t\t\t<div class=\"col-inner text-center\"  >\n\t\t\t\n\t\t\t\n\t<div id=\"text-1112413178\" class=\"text\">\n\t\t\n<h3>CONNECTABLE<\/h3>\n<p>Reliables jusqu&#8217;\u00e0 96 pieds (4 guirlandes de 24 pieds), chaque guirlande de lumi\u00e8res globe a des connexions bout \u00e0 bout, ce qui signifie que vous pouvez relier plusieurs jeux pour obtenir la longueur parfaite pour toute installation.<br \/>\n\t\t\n<style>\n#text-1112413178 {\n  color: rgb(0,0,0);\n}\n#text-1112413178 > * {\n  color: rgb(0,0,0);\n}\n<\/style>\n\t<\/div>\n\t\n\t\t<\/div>\n\t\t\t\t\n<style>\n#col-1533530421 > .col-inner {\n  padding: 10% 10% 10% 10%;\n  max-width: 520px;\n}\n<\/style>\n\t<\/div>\n\n\t\n\n\t<div id=\"col-1741796437\" class=\"col medium-6 small-12 large-6\"  >\n\t\t\t\t<div class=\"col-inner\"  >\n\t\t\t\n\t\t\t\n\t<div class=\"img has-hover x md-x lg-x y md-y lg-y\" id=\"image_1252056175\">\n\t\t\t\t\t\t\t\t<div class=\"img-inner dark\" >\n\t\t\t<img loading=\"lazy\" decoding=\"async\" width=\"1020\" height=\"1009\" src=\"https:\/\/yunjinlight.com\/wp-content\/uploads\/2021\/12\/81rP9n1P0vL._AC_SL1500_-1024x1013.jpg\" class=\"attachment-large size-large\" alt=\"\" srcset=\"https:\/\/yunjinlight.com\/wp-content\/uploads\/2021\/12\/81rP9n1P0vL._AC_SL1500_-1024x1013.jpg 1024w, https:\/\/yunjinlight.com\/wp-content\/uploads\/2021\/12\/81rP9n1P0vL._AC_SL1500_-100x100.jpg 100w, https:\/\/yunjinlight.com\/wp-content\/uploads\/2021\/12\/81rP9n1P0vL._AC_SL1500_-510x505.jpg 510w, https:\/\/yunjinlight.com\/wp-content\/uploads\/2021\/12\/81rP9n1P0vL._AC_SL1500_-300x297.jpg 300w, https:\/\/yunjinlight.com\/wp-content\/uploads\/2021\/12\/81rP9n1P0vL._AC_SL1500_-768x760.jpg 768w, https:\/\/yunjinlight.com\/wp-content\/uploads\/2021\/12\/81rP9n1P0vL._AC_SL1500_.jpg 1500w\" sizes=\"auto, (max-width: 1020px) 100vw, 1020px\" \/>\t\t\t\t\t\t\n\t\t\t\t\t<\/div>\n\t\t\t\t\t\t\t\t\n<style>\n#image_1252056175 {\n  width: 100%;\n}\n<\/style>\n\t<\/div>\n\t\n\t\t<\/div>\n\t\t\t\t\t<\/div>\n\n\t\n<\/div>\n\t\t<\/div>\n\n\t\t\n<style>\n#section_678324466 {\n  padding-top: 0px;\n  padding-bottom: 0px;\n  background-color: rgb(247, 247, 247);\n}\n#section_678324466 .section-bg-overlay {\n  background-color: rgba(255, 255, 255, 0.85);\n}\n<\/style>\n\t<\/section>\n\t\n\n\t<section class=\"section\" id=\"section_701809822\">\n\t\t<div class=\"section-bg fill\" >\n\t\t\t\t\t\t\t\t\t<div class=\"section-bg-overlay absolute fill\"><\/div>\n\t\t\t\n\n\t\t<\/div>\n\n\t\t\n\n\t\t<div class=\"section-content relative\">\n\t\t\t\n<div class=\"row row-collapse row-full-width align-middle\"  id=\"row-109096520\">\n\n\t<div id=\"col-790734836\" class=\"col medium-6 small-12 large-6\"  >\n\t\t\t\t<div class=\"col-inner\"  >\n\t\t\t\n\t\t\t\n\t<div class=\"img has-hover x md-x lg-x y md-y lg-y\" id=\"image_838541875\">\n\t\t\t\t\t\t\t\t<div class=\"img-inner dark\" >\n\t\t\t<img loading=\"lazy\" decoding=\"async\" width=\"970\" height=\"600\" src=\"https:\/\/yunjinlight.com\/wp-content\/uploads\/2021\/12\/235d3a84-45e2-4d75-904e-533711ea3aef.__CR00970600_PT0_SX970_V1___.jpg\" class=\"attachment-large size-large\" alt=\"\" srcset=\"https:\/\/yunjinlight.com\/wp-content\/uploads\/2021\/12\/235d3a84-45e2-4d75-904e-533711ea3aef.__CR00970600_PT0_SX970_V1___.jpg 970w, https:\/\/yunjinlight.com\/wp-content\/uploads\/2021\/12\/235d3a84-45e2-4d75-904e-533711ea3aef.__CR00970600_PT0_SX970_V1___-510x315.jpg 510w, https:\/\/yunjinlight.com\/wp-content\/uploads\/2021\/12\/235d3a84-45e2-4d75-904e-533711ea3aef.__CR00970600_PT0_SX970_V1___-300x186.jpg 300w, https:\/\/yunjinlight.com\/wp-content\/uploads\/2021\/12\/235d3a84-45e2-4d75-904e-533711ea3aef.__CR00970600_PT0_SX970_V1___-768x475.jpg 768w\" sizes=\"auto, (max-width: 970px) 100vw, 970px\" \/>\t\t\t\t\t\t\n\t\t\t\t\t<\/div>\n\t\t\t\t\t\t\t\t\n<style>\n#image_838541875 {\n  width: 100%;\n}\n<\/style>\n\t<\/div>\n\t\n\t\t<\/div>\n\t\t\t\t\t<\/div>\n\n\t\n\n\t<div id=\"col-1764693795\" class=\"col medium-6 small-12 large-6\"  >\n\t\t\t\t<div class=\"col-inner text-center\"  >\n\t\t\t\n\t\t\t\n<h2>IMPERM\u00c9ABLE<\/h2>\n<p>Nos guirlandes lumineuses G40 sont garanties pour durer quelles que soient les conditions m\u00e9t\u00e9orologiques. Qu&#8217;il pleuve, qu&#8217;il vente ou qu&#8217;il neige, nos guirlandes lumineuses sont con\u00e7ues pour durer.<\/p>\n\t\t<\/div>\n\t\t\t\t\n<style>\n#col-1764693795 > .col-inner {\n  padding: 10% 10% 10% 10%;\n  max-width: 520px;\n}\n<\/style>\n\t<\/div>\n\n\t\n<\/div>\n\t\t<\/div>\n\n\t\t\n<style>\n#section_701809822 {\n  padding-top: 0px;\n  padding-bottom: 0px;\n  background-color: rgb(247, 247, 247);\n}\n#section_701809822 .section-bg-overlay {\n  background-color: rgba(255, 255, 255, 0.85);\n}\n<\/style>\n\t<\/section>\n\t\n\n\t<section class=\"section\" id=\"section_945274663\">\n\t\t<div class=\"section-bg fill\" >\n\t\t\t\t\t\t\t\t\t<div class=\"section-bg-overlay absolute fill\"><\/div>\n\t\t\t\n\n\t\t<\/div>\n\n\t\t\n\n\t\t<div class=\"section-content relative\">\n\t\t\t\n<div class=\"row row-collapse row-full-width align-middle\"  id=\"row-599403235\">\n\n\t<div id=\"col-188381112\" class=\"col medium-6 small-12 large-6\"  >\n\t\t\t\t<div class=\"col-inner text-center\"  >\n\t\t\t\n\t\t\t\n<p>Les guirlandes lumineuses pour parapluie Brightown sont faciles \u00e0 installer avec un serre-c\u00e2ble ou un crochet pour tasse. En m\u00eame temps, les guirlandes lumineuses du jardin peuvent \u00eatre facilement retir\u00e9es si n\u00e9cessaire pour les placer \u00e0 un autre endroit. Convient \u00e0 la d\u00e9coration d&#8217;int\u00e9rieur, de la maison, du patio, du jardin, du bistrot, du porche, du balcon, etc.<\/p>\n<p>Les lampes de d\u00e9coration G40 cr\u00e9ent une atmosph\u00e8re chaleureuse et romantique qui vous permettra, \u00e0 vous et \u00e0 votre ami, de vous sentir d\u00e9tendus et heureux. Id\u00e9al pour les mariages, les f\u00eates d&#8217;anniversaire, No\u00ebl, les c\u00e9l\u00e9brations de vacances, les f\u00eates et la d\u00e9coration des r\u00e9unions de famille.<br \/>\nCr\u00e9er un moment inoubliable pour vous<\/p>\n<p>Cette guirlande lumineuse d&#8217;ext\u00e9rieur de qualit\u00e9 commerciale ajoute une gloire chaleureuse \u00e0 la nuit.<\/p>\n<p>Un environnement magnifique pour votre r\u00e9ussite commerciale<\/p>\n\t\t<\/div>\n\t\t\t\t\n<style>\n#col-188381112 > .col-inner {\n  padding: 10% 10% 10% 10%;\n  max-width: 520px;\n}\n<\/style>\n\t<\/div>\n\n\t\n\n\t<div id=\"col-497506724\" class=\"col medium-6 small-12 large-6\"  >\n\t\t\t\t<div class=\"col-inner\"  >\n\t\t\t\n\t\t\t\n\t<div class=\"img has-hover x md-x lg-x y md-y lg-y\" id=\"image_516166861\">\n\t\t\t\t\t\t\t\t<div class=\"img-inner dark\" >\n\t\t\t<img loading=\"lazy\" decoding=\"async\" width=\"1020\" height=\"694\" src=\"https:\/\/yunjinlight.com\/wp-content\/uploads\/2021\/12\/91xBnPruhvL._AC_SL1500_-1024x697.jpg\" class=\"attachment-large size-large\" alt=\"\" srcset=\"https:\/\/yunjinlight.com\/wp-content\/uploads\/2021\/12\/91xBnPruhvL._AC_SL1500_-1024x697.jpg 1024w, https:\/\/yunjinlight.com\/wp-content\/uploads\/2021\/12\/91xBnPruhvL._AC_SL1500_-510x347.jpg 510w, https:\/\/yunjinlight.com\/wp-content\/uploads\/2021\/12\/91xBnPruhvL._AC_SL1500_-300x204.jpg 300w, https:\/\/yunjinlight.com\/wp-content\/uploads\/2021\/12\/91xBnPruhvL._AC_SL1500_-768x523.jpg 768w, https:\/\/yunjinlight.com\/wp-content\/uploads\/2021\/12\/91xBnPruhvL._AC_SL1500_.jpg 1500w\" sizes=\"auto, (max-width: 1020px) 100vw, 1020px\" \/>\t\t\t\t\t\t\n\t\t\t\t\t<\/div>\n\t\t\t\t\t\t\t\t\n<style>\n#image_516166861 {\n  width: 100%;\n}\n<\/style>\n\t<\/div>\n\t\n\t\t<\/div>\n\t\t\t\t\t<\/div>\n\n\t\n<\/div>\n\t\t<\/div>\n\n\t\t\n<style>\n#section_945274663 {\n  padding-top: 0px;\n  padding-bottom: 0px;\n  background-color: rgb(247, 247, 247);\n}\n#section_945274663 .section-bg-overlay {\n  background-color: rgba(255, 255, 255, 0.85);\n}\n<\/style>\n\t<\/section>\n\t\n","protected":false},"excerpt":{"rendered":"<table>\n<tbody>\n<tr>\n<td>Entr\u00e9e :<\/td>\n<td>AC 110V-240V<\/td>\n<\/tr>\n<tr>\n<td>Qt\u00e9 d&#8217;ampoules :<\/td>\n<td>25pcs<\/td>\n<\/tr>\n<tr>\n<td>Type d&#8217;ampoule :<\/td>\n<td>Culot E12, 5Watts, ampoule G40<\/td>\n<\/tr>\n<tr>\n<td>Puissance maximale compatible :<\/td>\n<td>500W<\/td>\n<\/tr>\n<tr>\n<td>Couleur de la lumi\u00e8re :<\/td>\n<td>blanc chaud (2700k)<\/td>\n<\/tr>\n<tr>\n<td>Caract\u00e9ristiques sp\u00e9ciales :<\/td>\n<td>R\u00e9sistant aux chocs, gradable, \u00e9tanche, connectable, avec cordon.<\/td>\n<\/tr>\n<tr>\n<td>Utilisation :<\/td>\n<td>Ext\u00e9rieur, jardin, piscine, porche, cour, patio, balcon, camping, caf\u00e9, pergola, bistrot, f\u00eate, mariage, bal de fin d&#8217;ann\u00e9e, anniversaire, rassemblement, restaurant, pendaison de cr\u00e9maill\u00e8re&#8230;<\/td>\n<\/tr>\n<\/tbody>\n<\/table>\n","protected":false},"featured_media":637,"comment_status":"open","ping_status":"closed","template":"","meta":[],"product_brand":[],"product_cat":[133],"product_tag":[],"class_list":{"0":"post-870","1":"product","2":"type-product","3":"status-publish","4":"has-post-thumbnail","6":"product_cat-solar-string-light-fr","8":"first","9":"instock","10":"shipping-taxable","11":"product-type-simple"},"_links":{"self":[{"href":"https:\/\/yunjinlight.com\/fr\/wp-json\/wp\/v2\/product\/870","targetHints":{"allow":["GET"]}}],"collection":[{"href":"https:\/\/yunjinlight.com\/fr\/wp-json\/wp\/v2\/product"}],"about":[{"href":"https:\/\/yunjinlight.com\/fr\/wp-json\/wp\/v2\/types\/product"}],"replies":[{"embeddable":true,"href":"https:\/\/yunjinlight.com\/fr\/wp-json\/wp\/v2\/comments?post=870"}],"wp:featuredmedia":[{"embeddable":true,"href":"https:\/\/yunjinlight.com\/fr\/wp-json\/wp\/v2\/media\/637"}],"wp:attachment":[{"href":"https:\/\/yunjinlight.com\/fr\/wp-json\/wp\/v2\/media?parent=870"}],"wp:term":[{"taxonomy":"product_brand","embeddable":true,"href":"https:\/\/yunjinlight.com\/fr\/wp-json\/wp\/v2\/product_brand?post=870"},{"taxonomy":"product_cat","embeddable":true,"href":"https:\/\/yunjinlight.com\/fr\/wp-json\/wp\/v2\/product_cat?post=870"},{"taxonomy":"product_tag","embeddable":true,"href":"https:\/\/yunjinlight.com\/fr\/wp-json\/wp\/v2\/product_tag?post=870"}],"curies":[{"name":"wp","href":"https:\/\/api.w.org\/{rel}","templated":true}]}}