{"id":869,"date":"2021-12-25T04:55:04","date_gmt":"2021-12-25T04:55:04","guid":{"rendered":"https:\/\/yunjinlight.com\/product\/guirlande-de-diodes-electroluminescentes-intelligentes-s14-a-deux-fils-blanc-chaud\/"},"modified":"2022-06-24T01:07:25","modified_gmt":"2022-06-24T01:07:25","slug":"guirlande-de-diodes-electroluminescentes-intelligentes-s14-a-deux-fils-blanc-chaud","status":"publish","type":"product","link":"https:\/\/yunjinlight.com\/fr\/produit\/guirlande-de-diodes-electroluminescentes-intelligentes-s14-a-deux-fils-blanc-chaud\/","title":{"rendered":"Guirlande de diodes \u00e9lectroluminescentes intelligentes S14 \u00e0 deux fils blanc chaud"},"content":{"rendered":"\n\t<section class=\"section\" id=\"section_1609317376\">\n\t\t<div class=\"section-bg fill\" >\n\t\t\t\t\t\t\t\t\t<div class=\"section-bg-overlay absolute fill\"><\/div>\n\t\t\t\n\n\t\t<\/div>\n\n\t\t\n\n\t\t<div class=\"section-content relative\">\n\t\t\t\n<div class=\"row row-collapse row-full-width align-middle\"  id=\"row-1325123362\">\n\n\t<div id=\"col-1514892425\" class=\"col medium-6 small-12 large-6\"  >\n\t\t\t\t<div class=\"col-inner\"  >\n\t\t\t\n\t\t\t\n\t<div class=\"img has-hover x md-x lg-x y md-y lg-y\" id=\"image_1409245162\">\n\t\t\t\t\t\t\t\t<div class=\"img-inner dark\" >\n\t\t\t<img loading=\"lazy\" decoding=\"async\" width=\"1020\" height=\"1020\" src=\"https:\/\/yunjinlight.com\/wp-content\/uploads\/2022\/06\/voice-control-feature-1024x1024.webp\" class=\"attachment-large size-large\" alt=\"\" srcset=\"https:\/\/yunjinlight.com\/wp-content\/uploads\/2022\/06\/voice-control-feature-1024x1024.webp 1024w, https:\/\/yunjinlight.com\/wp-content\/uploads\/2022\/06\/voice-control-feature-100x100.webp 100w, https:\/\/yunjinlight.com\/wp-content\/uploads\/2022\/06\/voice-control-feature-510x510.webp 510w, https:\/\/yunjinlight.com\/wp-content\/uploads\/2022\/06\/voice-control-feature-300x300.webp 300w, https:\/\/yunjinlight.com\/wp-content\/uploads\/2022\/06\/voice-control-feature-150x150.webp 150w, https:\/\/yunjinlight.com\/wp-content\/uploads\/2022\/06\/voice-control-feature-768x768.webp 768w, https:\/\/yunjinlight.com\/wp-content\/uploads\/2022\/06\/voice-control-feature.webp 1500w\" sizes=\"auto, (max-width: 1020px) 100vw, 1020px\" \/>\t\t\t\t\t\t\n\t\t\t\t\t<\/div>\n\t\t\t\t\t\t\t\t\n<style>\n#image_1409245162 {\n  width: 100%;\n}\n<\/style>\n\t<\/div>\n\t\n\t\t<\/div>\n\t\t\t\t\t<\/div>\n\n\t\n\n\t<div id=\"col-442368601\" class=\"col medium-6 small-12 large-6\"  >\n\t\t\t\t<div class=\"col-inner text-center\"  >\n\t\t\t\n\t\t\t\n<p><span class=\"a-list-item\">Contr\u00f4le vocal : La guirlande lumineuse ext\u00e9rieure intelligente fonctionne avec Alexa et google assistant pour une m\u00e9thode de contr\u00f4le plus intelligente et mains libres. Allumez et \u00e9teignez les lumi\u00e8res, r\u00e9glez la luminosit\u00e9 et changez les couleurs \u00e0 l&#8217;aide de simples commandes vocales.<\/span><\/p>\n\t\t<\/div>\n\t\t\t\t\n<style>\n#col-442368601 > .col-inner {\n  padding: 10% 10% 10% 10%;\n  max-width: 520px;\n}\n<\/style>\n\t<\/div>\n\n\t\n<\/div>\n\t\t<\/div>\n\n\t\t\n<style>\n#section_1609317376 {\n  padding-top: 0px;\n  padding-bottom: 0px;\n  background-color: rgb(247, 247, 247);\n}\n#section_1609317376 .section-bg-overlay {\n  background-color: rgba(255, 255, 255, 0.85);\n}\n<\/style>\n\t<\/section>\n\t\n\n\t<section class=\"section\" id=\"section_359123458\">\n\t\t<div class=\"section-bg fill\" >\n\t\t\t\t\t\t\t\t\t<div class=\"section-bg-overlay absolute fill\"><\/div>\n\t\t\t\n\n\t\t<\/div>\n\n\t\t\n\n\t\t<div class=\"section-content relative\">\n\t\t\t\n<div class=\"row row-collapse row-full-width align-middle\"  id=\"row-1311207551\">\n\n\t<div id=\"col-321252385\" class=\"col medium-6 small-12 large-6\"  >\n\t\t\t\t<div class=\"col-inner text-center\"  >\n\t\t\t\n\t\t\t\n<p><span class=\"a-list-item\">\u00c9conomie d&#8217;\u00e9nergie et garantie : La technologie Led permet de r\u00e9duire la consommation jusqu&#8217;\u00e0 80 % sans perdre en luminosit\u00e9 ou en qualit\u00e9, tout en \u00e9conomisant votre argent. La dur\u00e9e de vie de nos ampoules LED Edison est d&#8217;environ 20 000 heures et dure 5 fois plus longtemps que les ampoules \u00e0 incandescence. Les produits sont garantis par notre garantie sans souci de 15 mois.<\/span><\/p>\n\t\t<\/div>\n\t\t\t\t\n<style>\n#col-321252385 > .col-inner {\n  padding: 10% 10% 10% 10%;\n  max-width: 520px;\n}\n<\/style>\n\t<\/div>\n\n\t\n\n\t<div id=\"col-354182299\" class=\"col medium-6 small-12 large-6\"  >\n\t\t\t\t<div class=\"col-inner\"  >\n\t\t\t\n\t\t\t\n\t<div class=\"img has-hover x md-x lg-x y md-y lg-y\" id=\"image_456203881\">\n\t\t\t\t\t\t\t\t<div class=\"img-inner dark\" >\n\t\t\t<img loading=\"lazy\" decoding=\"async\" width=\"1020\" height=\"1004\" src=\"https:\/\/yunjinlight.com\/wp-content\/uploads\/2022\/06\/711KnV4jeGL._AC_SL1500_-1024x1008.webp\" class=\"attachment-large size-large\" alt=\"\" srcset=\"https:\/\/yunjinlight.com\/wp-content\/uploads\/2022\/06\/711KnV4jeGL._AC_SL1500_-1024x1008.webp 1024w, https:\/\/yunjinlight.com\/wp-content\/uploads\/2022\/06\/711KnV4jeGL._AC_SL1500_-510x502.webp 510w, https:\/\/yunjinlight.com\/wp-content\/uploads\/2022\/06\/711KnV4jeGL._AC_SL1500_-300x295.webp 300w, https:\/\/yunjinlight.com\/wp-content\/uploads\/2022\/06\/711KnV4jeGL._AC_SL1500_-768x756.webp 768w, https:\/\/yunjinlight.com\/wp-content\/uploads\/2022\/06\/711KnV4jeGL._AC_SL1500_.webp 1500w\" sizes=\"auto, (max-width: 1020px) 100vw, 1020px\" \/>\t\t\t\t\t\t\n\t\t\t\t\t<\/div>\n\t\t\t\t\t\t\t\t\n<style>\n#image_456203881 {\n  width: 100%;\n}\n<\/style>\n\t<\/div>\n\t\n\t\t<\/div>\n\t\t\t\t\t<\/div>\n\n\t\n<\/div>\n\t\t<\/div>\n\n\t\t\n<style>\n#section_359123458 {\n  padding-top: 0px;\n  padding-bottom: 0px;\n  background-color: rgb(247, 247, 247);\n}\n#section_359123458 .section-bg-overlay {\n  background-color: rgba(255, 255, 255, 0.85);\n}\n<\/style>\n\t<\/section>\n\t\n\n\t<section class=\"section\" id=\"section_1247913673\">\n\t\t<div class=\"section-bg fill\" >\n\t\t\t\t\t\t\t\t\t<div class=\"section-bg-overlay absolute fill\"><\/div>\n\t\t\t\n\n\t\t<\/div>\n\n\t\t\n\n\t\t<div class=\"section-content relative\">\n\t\t\t\n<div class=\"row row-collapse row-full-width align-middle\"  id=\"row-1177517595\">\n\n\t<div id=\"col-1442915262\" class=\"col medium-6 small-12 large-6\"  >\n\t\t\t\t<div class=\"col-inner\"  >\n\t\t\t\n\t\t\t\n\t<div class=\"img has-hover x md-x lg-x y md-y lg-y\" id=\"image_1762357211\">\n\t\t\t\t\t\t\t\t<div class=\"img-inner dark\" >\n\t\t\t<img loading=\"lazy\" decoding=\"async\" width=\"720\" height=\"540\" src=\"https:\/\/yunjinlight.com\/wp-content\/uploads\/2022\/06\/smart-string-lights-warm-white-led-plug-in-christmas-patio.webp\" class=\"attachment-large size-large\" alt=\"\" srcset=\"https:\/\/yunjinlight.com\/wp-content\/uploads\/2022\/06\/smart-string-lights-warm-white-led-plug-in-christmas-patio.webp 720w, https:\/\/yunjinlight.com\/wp-content\/uploads\/2022\/06\/smart-string-lights-warm-white-led-plug-in-christmas-patio-510x383.webp 510w, https:\/\/yunjinlight.com\/wp-content\/uploads\/2022\/06\/smart-string-lights-warm-white-led-plug-in-christmas-patio-300x225.webp 300w\" sizes=\"auto, (max-width: 720px) 100vw, 720px\" \/>\t\t\t\t\t\t\n\t\t\t\t\t<\/div>\n\t\t\t\t\t\t\t\t\n<style>\n#image_1762357211 {\n  width: 100%;\n}\n<\/style>\n\t<\/div>\n\t\n\t\t<\/div>\n\t\t\t\t\t<\/div>\n\n\t\n\n\t<div id=\"col-121806912\" class=\"col medium-6 small-12 large-6\"  >\n\t\t\t\t<div class=\"col-inner text-center\"  >\n\t\t\t\n\t\t\t\n<p><span class=\"a-list-item\">Conception connectable : Reliez deux jeux de guirlandes lumineuses ext\u00e9rieures pour une longueur maximale de 96 pieds. Avec plus d&#8217;ampoules, vous pouvez \u00e9clairer facilement les grandes f\u00eates de jardin ou les mariages sous tente.<\/span><\/p>\n\t\t<\/div>\n\t\t\t\t\n<style>\n#col-121806912 > .col-inner {\n  padding: 10% 10% 10% 10%;\n  max-width: 520px;\n}\n<\/style>\n\t<\/div>\n\n\t\n<\/div>\n\t\t<\/div>\n\n\t\t\n<style>\n#section_1247913673 {\n  padding-top: 0px;\n  padding-bottom: 0px;\n  background-color: rgb(247, 247, 247);\n}\n#section_1247913673 .section-bg-overlay {\n  background-color: rgba(255, 255, 255, 0.85);\n}\n<\/style>\n\t<\/section>\n\t\n\n\t<section class=\"section\" id=\"section_1229919710\">\n\t\t<div class=\"section-bg fill\" >\n\t\t\t\t\t\t\t\t\t<div class=\"section-bg-overlay absolute fill\"><\/div>\n\t\t\t\n\n\t\t<\/div>\n\n\t\t\n\n\t\t<div class=\"section-content relative\">\n\t\t\t\n<div class=\"row row-collapse row-full-width align-middle\"  id=\"row-28157165\">\n\n\t<div id=\"col-1669449551\" class=\"col medium-6 small-12 large-6\"  >\n\t\t\t\t<div class=\"col-inner text-center\"  >\n\t\t\t\n\t\t\t\n<p><span class=\"a-list-item\">9 modes de sc\u00e8ne : Les guirlandes lumineuses RGBW offrent 9 modes de couleurs pr\u00e9programm\u00e9s et 16 millions de combinaisons de couleurs diff\u00e9rentes. Changez de couleur pour cr\u00e9er une toute nouvelle ambiance et une nouvelle exp\u00e9rience, romantique ou relaxante, ou calme ou joyeuse. (Les ampoules ont la m\u00eame couleur)<\/span><\/p>\n\t\t<\/div>\n\t\t\t\t\n<style>\n#col-1669449551 > .col-inner {\n  padding: 10% 10% 10% 10%;\n  max-width: 520px;\n}\n<\/style>\n\t<\/div>\n\n\t\n\n\t<div id=\"col-126178951\" class=\"col medium-6 small-12 large-6\"  >\n\t\t\t\t<div class=\"col-inner\"  >\n\t\t\t\n\t\t\t\n\t<div class=\"img has-hover x md-x lg-x y md-y lg-y\" id=\"image_505922083\">\n\t\t\t\t\t\t\t\t<div class=\"img-inner dark\" >\n\t\t\t<img loading=\"lazy\" decoding=\"async\" width=\"1020\" height=\"1020\" src=\"https:\/\/yunjinlight.com\/wp-content\/uploads\/2022\/06\/app-wifi-control-1-1024x1024.webp\" class=\"attachment-large size-large\" alt=\"\" srcset=\"https:\/\/yunjinlight.com\/wp-content\/uploads\/2022\/06\/app-wifi-control-1-1024x1024.webp 1024w, https:\/\/yunjinlight.com\/wp-content\/uploads\/2022\/06\/app-wifi-control-1-100x100.webp 100w, https:\/\/yunjinlight.com\/wp-content\/uploads\/2022\/06\/app-wifi-control-1-510x510.webp 510w, https:\/\/yunjinlight.com\/wp-content\/uploads\/2022\/06\/app-wifi-control-1-300x300.webp 300w, https:\/\/yunjinlight.com\/wp-content\/uploads\/2022\/06\/app-wifi-control-1-150x150.webp 150w, https:\/\/yunjinlight.com\/wp-content\/uploads\/2022\/06\/app-wifi-control-1-768x768.webp 768w, https:\/\/yunjinlight.com\/wp-content\/uploads\/2022\/06\/app-wifi-control-1.webp 1500w\" sizes=\"auto, (max-width: 1020px) 100vw, 1020px\" \/>\t\t\t\t\t\t\n\t\t\t\t\t<\/div>\n\t\t\t\t\t\t\t\t\n<style>\n#image_505922083 {\n  width: 100%;\n}\n<\/style>\n\t<\/div>\n\t\n\t\t<\/div>\n\t\t\t\t\t<\/div>\n\n\t\n<\/div>\n\t\t<\/div>\n\n\t\t\n<style>\n#section_1229919710 {\n  padding-top: 0px;\n  padding-bottom: 0px;\n  background-color: rgb(247, 247, 247);\n}\n#section_1229919710 .section-bg-overlay {\n  background-color: rgba(255, 255, 255, 0.85);\n}\n<\/style>\n\t<\/section>\n\t\n","protected":false},"excerpt":{"rendered":"<table>\n<tbody>\n<tr>\n<td>Option c\u00e2ble<\/td>\n<td>Caoutchouc ou PVC, 2 &#8211; wries<\/td>\n<\/tr>\n<tr>\n<td>Longueur<\/td>\n<td>48ft\/36ft\/24ft personnalis\u00e9<\/td>\n<\/tr>\n<tr>\n<td>Bouchon<\/td>\n<td>NEMA 1-15P, europ\u00e9en, anglais, australien ou autres<\/td>\n<\/tr>\n<tr>\n<td>ampoules<\/td>\n<td>S14, G40 ou personnalis\u00e9<\/td>\n<\/tr>\n<tr>\n<td>Contr\u00f4le<\/td>\n<td>T\u00e9l\u00e9phone intelligent, Alexa, Google Assistant et autres commandes vocales<\/td>\n<\/tr>\n<tr>\n<td>Couleur<\/td>\n<td>Blanc chaud<\/td>\n<\/tr>\n<tr>\n<td>Ampoule de contr\u00f4le maximale<\/td>\n<td>48 ampoules<\/td>\n<\/tr>\n<tr>\n<td>Connectez-vous \u00e0<\/td>\n<td>2 &#8211; les broches se connectent<\/td>\n<\/tr>\n<tr>\n<td>Imperm\u00e9able \u00e0 l&#8217;eau<\/td>\n<td>IP65\/IP44<\/td>\n<\/tr>\n<\/tbody>\n<\/table>\n","protected":false},"featured_media":632,"comment_status":"open","ping_status":"closed","template":"","meta":[],"product_brand":[],"product_cat":[132],"product_tag":[],"class_list":{"0":"post-869","1":"product","2":"type-product","3":"status-publish","4":"has-post-thumbnail","6":"product_cat-smart-string-light-fr","8":"first","9":"instock","10":"shipping-taxable","11":"product-type-simple"},"_links":{"self":[{"href":"https:\/\/yunjinlight.com\/fr\/wp-json\/wp\/v2\/product\/869","targetHints":{"allow":["GET"]}}],"collection":[{"href":"https:\/\/yunjinlight.com\/fr\/wp-json\/wp\/v2\/product"}],"about":[{"href":"https:\/\/yunjinlight.com\/fr\/wp-json\/wp\/v2\/types\/product"}],"replies":[{"embeddable":true,"href":"https:\/\/yunjinlight.com\/fr\/wp-json\/wp\/v2\/comments?post=869"}],"wp:featuredmedia":[{"embeddable":true,"href":"https:\/\/yunjinlight.com\/fr\/wp-json\/wp\/v2\/media\/632"}],"wp:attachment":[{"href":"https:\/\/yunjinlight.com\/fr\/wp-json\/wp\/v2\/media?parent=869"}],"wp:term":[{"taxonomy":"product_brand","embeddable":true,"href":"https:\/\/yunjinlight.com\/fr\/wp-json\/wp\/v2\/product_brand?post=869"},{"taxonomy":"product_cat","embeddable":true,"href":"https:\/\/yunjinlight.com\/fr\/wp-json\/wp\/v2\/product_cat?post=869"},{"taxonomy":"product_tag","embeddable":true,"href":"https:\/\/yunjinlight.com\/fr\/wp-json\/wp\/v2\/product_tag?post=869"}],"curies":[{"name":"wp","href":"https:\/\/api.w.org\/{rel}","templated":true}]}}