{"id":868,"date":"2021-12-24T09:01:54","date_gmt":"2021-12-24T09:01:54","guid":{"rendered":"https:\/\/yunjinlight.com\/product\/guirlande-lumineuse-dexterieur-pour-la-decoration-du-patio\/"},"modified":"2022-06-24T01:03:34","modified_gmt":"2022-06-24T01:03:34","slug":"guirlande-lumineuse-dexterieur-pour-la-decoration-du-patio","status":"publish","type":"product","link":"https:\/\/yunjinlight.com\/fr\/produit\/guirlande-lumineuse-dexterieur-pour-la-decoration-du-patio\/","title":{"rendered":"Guirlande lumineuse d&#8217;ext\u00e9rieur pour la d\u00e9coration du patio"},"content":{"rendered":"\n\t<section class=\"section\" id=\"section_196932055\">\n\t\t<div class=\"section-bg fill\" >\n\t\t\t\t\t\t\t\t\t<div class=\"section-bg-overlay absolute fill\"><\/div>\n\t\t\t\n\n\t\t<\/div>\n\n\t\t\n\n\t\t<div class=\"section-content relative\">\n\t\t\t\n<div class=\"row row-collapse row-full-width align-middle\"  id=\"row-1113324704\">\n\n\t<div id=\"col-1499280603\" class=\"col medium-6 small-12 large-6\"  >\n\t\t\t\t<div class=\"col-inner\"  >\n\t\t\t\n\t\t\t\n\t<div class=\"img has-hover x md-x lg-x y md-y lg-y\" id=\"image_111460785\">\n\t\t\t\t\t\t\t\t<div class=\"img-inner dark\" >\n\t\t\t<img loading=\"lazy\" decoding=\"async\" width=\"498\" height=\"498\" src=\"https:\/\/yunjinlight.com\/wp-content\/uploads\/2021\/12\/30.jpg\" class=\"attachment-large size-large\" alt=\"\" srcset=\"https:\/\/yunjinlight.com\/wp-content\/uploads\/2021\/12\/30.jpg 498w, https:\/\/yunjinlight.com\/wp-content\/uploads\/2021\/12\/30-100x100.jpg 100w, https:\/\/yunjinlight.com\/wp-content\/uploads\/2021\/12\/30-300x300.jpg 300w, https:\/\/yunjinlight.com\/wp-content\/uploads\/2021\/12\/30-150x150.jpg 150w\" sizes=\"auto, (max-width: 498px) 100vw, 498px\" \/>\t\t\t\t\t\t\n\t\t\t\t\t<\/div>\n\t\t\t\t\t\t\t\t\n<style>\n#image_111460785 {\n  width: 100%;\n}\n<\/style>\n\t<\/div>\n\t\n\t\t<\/div>\n\t\t\t\t\t<\/div>\n\n\t\n\n\t<div id=\"col-191558472\" class=\"col medium-6 small-12 large-6\"  >\n\t\t\t\t<div class=\"col-inner text-center\"  >\n\t\t\t\n\t\t\t\n<p>D\u00e9corez votre patio, votre jardin ou votre espace ext\u00e9rieur pour qu&#8217;ils \u00e9gayent votre vie tous les jours ? Les guirlandes lumineuses d&#8217;ext\u00e9rieur ou les guirlandes pour patio sont vraiment une id\u00e9e merveilleuse pour \u00e9gayer vos espaces ext\u00e9rieurs. Pour peu que vous laissiez libre cours \u00e0 votre imagination, les guirlandes lumineuses d&#8217;ext\u00e9rieur sont \u00e9galement id\u00e9ales pour personnaliser votre espace de vie ext\u00e9rieur. Traduit avec www.DeepL.com\/Translator (version gratuite)<\/p>\n\t\t<\/div>\n\t\t\t\t\n<style>\n#col-191558472 > .col-inner {\n  padding: 10% 10% 10% 10%;\n  max-width: 520px;\n}\n<\/style>\n\t<\/div>\n\n\t\n<\/div>\n\t\t<\/div>\n\n\t\t\n<style>\n#section_196932055 {\n  padding-top: 0px;\n  padding-bottom: 0px;\n  background-color: rgb(247, 247, 247);\n}\n#section_196932055 .section-bg-overlay {\n  background-color: rgba(255, 255, 255, 0.85);\n}\n<\/style>\n\t<\/section>\n\t\n\n\t<section class=\"section\" id=\"section_1780313442\">\n\t\t<div class=\"section-bg fill\" >\n\t\t\t\t\t\t\t\t\t<div class=\"section-bg-overlay absolute fill\"><\/div>\n\t\t\t\n\n\t\t<\/div>\n\n\t\t\n\n\t\t<div class=\"section-content relative\">\n\t\t\t\n<div class=\"row row-collapse row-full-width align-middle\"  id=\"row-1719878509\">\n\n\t<div id=\"col-1023646648\" class=\"col medium-6 small-12 large-6\"  >\n\t\t\t\t<div class=\"col-inner text-center\"  >\n\t\t\t\n\t\t\t\n<p>Les guirlandes lumineuses \u00e9tanches IP65 peuvent r\u00e9sister \u00e0 la neige, au soleil, \u00e0 l&#8217;humidit\u00e9, au vent, \u00e0 la pluie et aux temp\u00e9ratures extr\u00eames pour une utilisation en ext\u00e9rieur. Ces guirlandes lumineuses durables sont dot\u00e9es de douilles \u00e9tanches sp\u00e9ciales qui enveloppent compl\u00e8tement l&#8217;ampoule pour am\u00e9liorer les performances d&#8217;\u00e9tanch\u00e9it\u00e9 et la dur\u00e9e de vie du produit.<\/p>\n\t\t<\/div>\n\t\t\t\t\n<style>\n#col-1023646648 > .col-inner {\n  padding: 10% 10% 10% 10%;\n  max-width: 520px;\n}\n<\/style>\n\t<\/div>\n\n\t\n\n\t<div id=\"col-251613935\" class=\"col medium-6 small-12 large-6\"  >\n\t\t\t\t<div class=\"col-inner\"  >\n\t\t\t\n\t\t\t\n\t<div class=\"img has-hover x md-x lg-x y md-y lg-y\" id=\"image_728815682\">\n\t\t\t\t\t\t\t\t<div class=\"img-inner dark\" >\n\t\t\t<img loading=\"lazy\" decoding=\"async\" width=\"500\" height=\"500\" src=\"https:\/\/yunjinlight.com\/wp-content\/uploads\/2021\/12\/28.jpg\" class=\"attachment-large size-large\" alt=\"\" srcset=\"https:\/\/yunjinlight.com\/wp-content\/uploads\/2021\/12\/28.jpg 500w, https:\/\/yunjinlight.com\/wp-content\/uploads\/2021\/12\/28-100x100.jpg 100w, https:\/\/yunjinlight.com\/wp-content\/uploads\/2021\/12\/28-300x300.jpg 300w, https:\/\/yunjinlight.com\/wp-content\/uploads\/2021\/12\/28-150x150.jpg 150w\" sizes=\"auto, (max-width: 500px) 100vw, 500px\" \/>\t\t\t\t\t\t\n\t\t\t\t\t<\/div>\n\t\t\t\t\t\t\t\t\n<style>\n#image_728815682 {\n  width: 100%;\n}\n<\/style>\n\t<\/div>\n\t\n\t\t<\/div>\n\t\t\t\t\t<\/div>\n\n\t\n<\/div>\n\t\t<\/div>\n\n\t\t\n<style>\n#section_1780313442 {\n  padding-top: 0px;\n  padding-bottom: 0px;\n  background-color: rgb(247, 247, 247);\n}\n#section_1780313442 .section-bg-overlay {\n  background-color: rgba(255, 255, 255, 0.85);\n}\n<\/style>\n\t<\/section>\n\t\n","protected":false},"excerpt":{"rendered":"<table>\n<tbody>\n<tr>\n<td>Entr\u00e9e Voltae<\/td>\n<td>AC110-130V<\/td>\n<\/tr>\n<tr>\n<td>C\u00e2ble<\/td>\n<td>SJTW 2*18AWG<\/td>\n<\/tr>\n<tr>\n<td>Longueur<\/td>\n<td>48foot<\/td>\n<\/tr>\n<tr>\n<td>Prise de courant<\/td>\n<td>15 douilles moyennes (E26) pour l&#8217;ext\u00e9rieur<\/td>\n<\/tr>\n<tr>\n<td>Ampoule<\/td>\n<td>2700K 1W LED bulb<\/td>\n<\/tr>\n<tr>\n<td>Puissance maximale pour le fonctionnement en cha\u00eene<\/td>\n<td>960W<\/td>\n<\/tr>\n<tr>\n<td>Cordes maximales liables<\/td>\n<td>5 cordes<\/td>\n<\/tr>\n<tr>\n<td>Indice d&#8217;imperm\u00e9abilit\u00e9<\/td>\n<td>IP65<\/td>\n<\/tr>\n<tr>\n<td>Certificat<\/td>\n<td>ETL<\/td>\n<\/tr>\n<\/tbody>\n<\/table>\n","protected":false},"featured_media":573,"comment_status":"open","ping_status":"closed","template":"","meta":[],"product_brand":[],"product_cat":[132],"product_tag":[],"class_list":{"0":"post-868","1":"product","2":"type-product","3":"status-publish","4":"has-post-thumbnail","6":"product_cat-smart-string-light-fr","8":"first","9":"instock","10":"shipping-taxable","11":"product-type-simple"},"_links":{"self":[{"href":"https:\/\/yunjinlight.com\/fr\/wp-json\/wp\/v2\/product\/868","targetHints":{"allow":["GET"]}}],"collection":[{"href":"https:\/\/yunjinlight.com\/fr\/wp-json\/wp\/v2\/product"}],"about":[{"href":"https:\/\/yunjinlight.com\/fr\/wp-json\/wp\/v2\/types\/product"}],"replies":[{"embeddable":true,"href":"https:\/\/yunjinlight.com\/fr\/wp-json\/wp\/v2\/comments?post=868"}],"wp:featuredmedia":[{"embeddable":true,"href":"https:\/\/yunjinlight.com\/fr\/wp-json\/wp\/v2\/media\/573"}],"wp:attachment":[{"href":"https:\/\/yunjinlight.com\/fr\/wp-json\/wp\/v2\/media?parent=868"}],"wp:term":[{"taxonomy":"product_brand","embeddable":true,"href":"https:\/\/yunjinlight.com\/fr\/wp-json\/wp\/v2\/product_brand?post=868"},{"taxonomy":"product_cat","embeddable":true,"href":"https:\/\/yunjinlight.com\/fr\/wp-json\/wp\/v2\/product_cat?post=868"},{"taxonomy":"product_tag","embeddable":true,"href":"https:\/\/yunjinlight.com\/fr\/wp-json\/wp\/v2\/product_tag?post=868"}],"curies":[{"name":"wp","href":"https:\/\/api.w.org\/{rel}","templated":true}]}}