{"id":867,"date":"2021-12-05T07:13:45","date_gmt":"2021-12-05T07:13:45","guid":{"rendered":"https:\/\/yunjinlight.com\/product\/s14-guirlande-lumineuse-exterieure-rgb-couleur-blanche\/"},"modified":"2022-06-24T01:00:32","modified_gmt":"2022-06-24T01:00:32","slug":"s14-guirlande-lumineuse-exterieure-rgb-couleur-blanche","status":"publish","type":"product","link":"https:\/\/yunjinlight.com\/fr\/produit\/s14-guirlande-lumineuse-exterieure-rgb-couleur-blanche\/","title":{"rendered":"S14 Guirlande lumineuse ext\u00e9rieure RGB couleur blanche"},"content":{"rendered":"<div class=\"video video-fit mb\" style=\"padding-top:56.25%;\"><p><iframe loading=\"lazy\" title=\"1450 Smart LED Color changing Outdoor\/Indoor String Lights  smart color string light\" width=\"1020\" height=\"574\" src=\"https:\/\/www.youtube.com\/embed\/FBCUeJeYajU?feature=oembed\" frameborder=\"0\" allow=\"accelerometer; autoplay; clipboard-write; encrypted-media; gyroscope; picture-in-picture\" allowfullscreen><\/iframe><\/p>\n<\/div>\n\n\t<section class=\"section\" id=\"section_870176353\">\n\t\t<div class=\"section-bg fill\" >\n\t\t\t\t\t\t\t\t\t\n\t\t\t\n\n\t\t<\/div>\n\n\t\t\n\n\t\t<div class=\"section-content relative\">\n\t\t\t\n<div class=\"row row-collapse row-full-width align-middle\"  id=\"row-36264087\">\n\n\t<div id=\"col-936883081\" class=\"col medium-6 small-12 large-6\"  >\n\t\t\t\t<div class=\"col-inner\"  >\n\t\t\t\n\t\t\t\n\t<div class=\"img has-hover x md-x lg-x y md-y lg-y\" id=\"image_816573663\">\n\t\t\t\t\t\t\t\t<div class=\"img-inner dark\" >\n\t\t\t<img loading=\"lazy\" decoding=\"async\" width=\"1500\" height=\"1500\" src=\"https:\/\/yunjinlight.com\/wp-content\/uploads\/2021\/12\/s14-wifi-connect.jpg\" class=\"attachment-original size-original\" alt=\"\" srcset=\"https:\/\/yunjinlight.com\/wp-content\/uploads\/2021\/12\/s14-wifi-connect.jpg 1500w, https:\/\/yunjinlight.com\/wp-content\/uploads\/2021\/12\/s14-wifi-connect-100x100.jpg 100w, https:\/\/yunjinlight.com\/wp-content\/uploads\/2021\/12\/s14-wifi-connect-510x510.jpg 510w, https:\/\/yunjinlight.com\/wp-content\/uploads\/2021\/12\/s14-wifi-connect-300x300.jpg 300w, https:\/\/yunjinlight.com\/wp-content\/uploads\/2021\/12\/s14-wifi-connect-1024x1024.jpg 1024w, https:\/\/yunjinlight.com\/wp-content\/uploads\/2021\/12\/s14-wifi-connect-150x150.jpg 150w, https:\/\/yunjinlight.com\/wp-content\/uploads\/2021\/12\/s14-wifi-connect-768x768.jpg 768w\" sizes=\"auto, (max-width: 1500px) 100vw, 1500px\" \/>\t\t\t\t\t\t\n\t\t\t\t\t<\/div>\n\t\t\t\t\t\t\t\t\n<style>\n#image_816573663 {\n  width: 100%;\n}\n<\/style>\n\t<\/div>\n\t\n\t\t<\/div>\n\t\t\t\t\t<\/div>\n\n\t\n\n\t<div id=\"col-1298868639\" class=\"col medium-6 small-12 large-6\"  >\n\t\t\t\t<div class=\"col-inner text-center\"  >\n\t\t\t\n\t\t\t\n<h2>Contr\u00f4le intelligent<\/h2>\n<p>Le S14 Outdoor color LED Smart String Light peut \u00eatre contr\u00f4l\u00e9 par Tuya APP ou l&#8217;APP de la marque personnalis\u00e9e et le contr\u00f4le vocal comme Amazon Alexa, Google Assistant, etc. La guirlande lumineuse peut \u00eatre contr\u00f4l\u00e9e avec une couleur et une dur\u00e9e illimit\u00e9es, etc.<\/p>\n\t\t<\/div>\n\t\t\t\t\n<style>\n#col-1298868639 > .col-inner {\n  padding: 10% 10% 10% 10%;\n  max-width: 520px;\n}\n<\/style>\n\t<\/div>\n\n\t\n<\/div>\n\t\t<\/div>\n\n\t\t\n<style>\n#section_870176353 {\n  padding-top: 0px;\n  padding-bottom: 0px;\n}\n<\/style>\n\t<\/section>\n\t\n\n\t<section class=\"section\" id=\"section_159253536\">\n\t\t<div class=\"section-bg fill\" >\n\t\t\t\t\t\t\t\t\t<div class=\"section-bg-overlay absolute fill\"><\/div>\n\t\t\t\n\n\t\t<\/div>\n\n\t\t\n\n\t\t<div class=\"section-content relative\">\n\t\t\t\n<div class=\"row row-collapse row-full-width align-middle\"  id=\"row-2010411321\">\n\n\t<div id=\"col-90567339\" class=\"col medium-6 small-12 large-6\"  >\n\t\t\t\t<div class=\"col-inner text-center\"  >\n\t\t\t\n\t\t\t\n<h2>Prise en charge de la commande vocale<\/h2>\n<p>La lampe fonctionne avec Amazon Alexa et Google Assistant. La guirlande lumineuse intelligente est facile \u00e0 connecter avec la s\u00e9rie Amazon Echo et google assistant, contr\u00f4ler le fonctionnement de la lumi\u00e8re dit juste au syst\u00e8me de contr\u00f4le intelligent de la maison.<\/p>\n\t\t<\/div>\n\t\t\t\t\n<style>\n#col-90567339 > .col-inner {\n  padding: 10% 10% 10% 10%;\n  max-width: 520px;\n}\n<\/style>\n\t<\/div>\n\n\t\n\n\t<div id=\"col-605864116\" class=\"col medium-6 small-12 large-6\"  >\n\t\t\t\t<div class=\"col-inner\"  >\n\t\t\t\n\t\t\t\n\t<div class=\"img has-hover x md-x lg-x y md-y lg-y\" id=\"image_1058905059\">\n\t\t\t\t\t\t\t\t<div class=\"img-inner dark\" >\n\t\t\t<img loading=\"lazy\" decoding=\"async\" width=\"1020\" height=\"1020\" src=\"https:\/\/yunjinlight.com\/wp-content\/uploads\/2021\/12\/voice-control-1024x1024.jpg\" class=\"attachment-large size-large\" alt=\"\" srcset=\"https:\/\/yunjinlight.com\/wp-content\/uploads\/2021\/12\/voice-control-1024x1024.jpg 1024w, https:\/\/yunjinlight.com\/wp-content\/uploads\/2021\/12\/voice-control-100x100.jpg 100w, https:\/\/yunjinlight.com\/wp-content\/uploads\/2021\/12\/voice-control-510x510.jpg 510w, https:\/\/yunjinlight.com\/wp-content\/uploads\/2021\/12\/voice-control-300x300.jpg 300w, https:\/\/yunjinlight.com\/wp-content\/uploads\/2021\/12\/voice-control-150x150.jpg 150w, https:\/\/yunjinlight.com\/wp-content\/uploads\/2021\/12\/voice-control-768x768.jpg 768w, https:\/\/yunjinlight.com\/wp-content\/uploads\/2021\/12\/voice-control.jpg 1500w\" sizes=\"auto, (max-width: 1020px) 100vw, 1020px\" \/>\t\t\t\t\t\t\n\t\t\t\t\t<\/div>\n\t\t\t\t\t\t\t\t\n<style>\n#image_1058905059 {\n  width: 100%;\n}\n<\/style>\n\t<\/div>\n\t\n\t\t<\/div>\n\t\t\t\t\t<\/div>\n\n\t\n<\/div>\n\t\t<\/div>\n\n\t\t\n<style>\n#section_159253536 {\n  padding-top: 0px;\n  padding-bottom: 0px;\n  background-color: rgb(247, 247, 247);\n}\n#section_159253536 .section-bg-overlay {\n  background-color: rgba(255, 255, 255, 0.85);\n}\n<\/style>\n\t<\/section>\n\t\n\n\t<section class=\"section\" id=\"section_1069854463\">\n\t\t<div class=\"section-bg fill\" >\n\t\t\t\t\t\t\t\t\t<div class=\"section-bg-overlay absolute fill\"><\/div>\n\t\t\t\n\n\t\t<\/div>\n\n\t\t\n\n\t\t<div class=\"section-content relative\">\n\t\t\t\n<div class=\"row row-collapse row-full-width align-middle\"  id=\"row-1861373604\">\n\n\t<div id=\"col-536771324\" class=\"col medium-6 small-12 large-6\"  >\n\t\t\t\t<div class=\"col-inner\"  >\n\t\t\t\n\t\t\t\n\t<div class=\"img has-hover x md-x lg-x y md-y lg-y\" id=\"image_279960883\">\n\t\t\t\t\t\t\t\t<div class=\"img-inner dark\" >\n\t\t\t<img loading=\"lazy\" decoding=\"async\" width=\"1200\" height=\"1200\" src=\"https:\/\/yunjinlight.com\/wp-content\/uploads\/2021\/12\/222.jpg\" class=\"attachment-original size-original\" alt=\"\" srcset=\"https:\/\/yunjinlight.com\/wp-content\/uploads\/2021\/12\/222.jpg 1200w, https:\/\/yunjinlight.com\/wp-content\/uploads\/2021\/12\/222-100x100.jpg 100w, https:\/\/yunjinlight.com\/wp-content\/uploads\/2021\/12\/222-510x510.jpg 510w, https:\/\/yunjinlight.com\/wp-content\/uploads\/2021\/12\/222-300x300.jpg 300w, https:\/\/yunjinlight.com\/wp-content\/uploads\/2021\/12\/222-1024x1024.jpg 1024w, https:\/\/yunjinlight.com\/wp-content\/uploads\/2021\/12\/222-150x150.jpg 150w, https:\/\/yunjinlight.com\/wp-content\/uploads\/2021\/12\/222-768x768.jpg 768w\" sizes=\"auto, (max-width: 1200px) 100vw, 1200px\" \/>\t\t\t\t\t\t\n\t\t\t\t\t<\/div>\n\t\t\t\t\t\t\t\t\n<style>\n#image_279960883 {\n  width: 100%;\n}\n<\/style>\n\t<\/div>\n\t\n\t\t<\/div>\n\t\t\t\t\t<\/div>\n\n\t\n\n\t<div id=\"col-988728548\" class=\"col medium-6 small-12 large-6\"  >\n\t\t\t\t<div class=\"col-inner text-center\"  >\n\t\t\t\n\t\t\t\n<h2>OEM APP<\/h2>\n<p>Vous pouvez personnaliser votre propre APP de contr\u00f4le \u00e0 partir de la plateforme de<a href=\"https:\/\/www.tuya.com\/product\/app-management\/oem-app\" rel=\"nofollow noopener\" target=\"_blank\">d\u00e9veloppement IoT de Tyua<\/a>. <\/p>\n\t\t<\/div>\n\t\t\t\t\n<style>\n#col-988728548 > .col-inner {\n  padding: 10% 10% 10% 10%;\n  max-width: 520px;\n}\n<\/style>\n\t<\/div>\n\n\t\n<\/div>\n\t\t<\/div>\n\n\t\t\n<style>\n#section_1069854463 {\n  padding-top: 0px;\n  padding-bottom: 0px;\n  background-color: rgb(247, 247, 247);\n}\n#section_1069854463 .section-bg-overlay {\n  background-color: rgba(255, 255, 255, 0.85);\n}\n<\/style>\n\t<\/section>\n\t\n","protected":false},"excerpt":{"rendered":"<table>\n<tbody>\n<tr>\n<td>Option c\u00e2ble<\/td>\n<td>Caoutchouc ou PVC, 3 &#8211; wries<\/td>\n<\/tr>\n<tr>\n<td>Longueur et ampoules<\/td>\n<td>Longueur et 48 ft 15 Ampoules ou personnalis\u00e9s<\/td>\n<\/tr>\n<tr>\n<td>Bouchon<\/td>\n<td>NEMA 1-15P, europ\u00e9en, anglais, australien ou autres<\/td>\n<\/tr>\n<tr>\n<td>Ampoules<\/td>\n<td>Par d\u00e9faut ou personnalis\u00e9<\/td>\n<\/tr>\n<tr>\n<td>Contr\u00f4le<\/td>\n<td>T\u00e9l\u00e9phone intelligent, Alexa, Google Assistant et autres commandes vocales<\/td>\n<\/tr>\n<tr>\n<td>Couleur<\/td>\n<td>RGBWW<\/td>\n<\/tr>\n<tr>\n<td>Ampoule de contr\u00f4le maximale<\/td>\n<td>48 ampoules<\/td>\n<\/tr>\n<tr>\n<td>Connectez-vous \u00e0<\/td>\n<td>3 &#8211; les broches se connectent<\/td>\n<\/tr>\n<tr>\n<td>Imperm\u00e9able \u00e0 l&#8217;eau<\/td>\n<td>IP65<\/td>\n<\/tr>\n<\/tbody>\n<\/table>\n","protected":false},"featured_media":567,"comment_status":"open","ping_status":"closed","template":"","meta":[],"product_brand":[],"product_cat":[132],"product_tag":[],"class_list":{"0":"post-867","1":"product","2":"type-product","3":"status-publish","4":"has-post-thumbnail","6":"product_cat-smart-string-light-fr","8":"first","9":"instock","10":"shipping-taxable","11":"product-type-simple"},"_links":{"self":[{"href":"https:\/\/yunjinlight.com\/fr\/wp-json\/wp\/v2\/product\/867","targetHints":{"allow":["GET"]}}],"collection":[{"href":"https:\/\/yunjinlight.com\/fr\/wp-json\/wp\/v2\/product"}],"about":[{"href":"https:\/\/yunjinlight.com\/fr\/wp-json\/wp\/v2\/types\/product"}],"replies":[{"embeddable":true,"href":"https:\/\/yunjinlight.com\/fr\/wp-json\/wp\/v2\/comments?post=867"}],"wp:featuredmedia":[{"embeddable":true,"href":"https:\/\/yunjinlight.com\/fr\/wp-json\/wp\/v2\/media\/567"}],"wp:attachment":[{"href":"https:\/\/yunjinlight.com\/fr\/wp-json\/wp\/v2\/media?parent=867"}],"wp:term":[{"taxonomy":"product_brand","embeddable":true,"href":"https:\/\/yunjinlight.com\/fr\/wp-json\/wp\/v2\/product_brand?post=867"},{"taxonomy":"product_cat","embeddable":true,"href":"https:\/\/yunjinlight.com\/fr\/wp-json\/wp\/v2\/product_cat?post=867"},{"taxonomy":"product_tag","embeddable":true,"href":"https:\/\/yunjinlight.com\/fr\/wp-json\/wp\/v2\/product_tag?post=867"}],"curies":[{"name":"wp","href":"https:\/\/api.w.org\/{rel}","templated":true}]}}