{"id":698,"date":"2022-05-06T12:11:11","date_gmt":"2022-05-06T12:11:11","guid":{"rendered":"https:\/\/yunjinlight.com\/product\/yje26-guirlande-lumineuse-intelligente-a-del-blanc-chaud-a-brancher-pour-le-patio-de-noel\/"},"modified":"2022-06-22T02:18:16","modified_gmt":"2022-06-22T02:18:16","slug":"yje26-guirlande-lumineuse-intelligente-a-del-blanc-chaud-a-brancher-pour-le-patio-de-noel","status":"publish","type":"product","link":"https:\/\/yunjinlight.com\/fr\/produit\/yje26-guirlande-lumineuse-intelligente-a-del-blanc-chaud-a-brancher-pour-le-patio-de-noel\/","title":{"rendered":"YJE26 guirlande lumineuse intelligente \u00e0 DEL blanc chaud \u00e0 brancher pour le patio de No\u00ebl"},"content":{"rendered":"<div class=\"video video-fit mb\" style=\"padding-top:56.25%;\"><p><iframe loading=\"lazy\" title=\"YJE26 Warm White LED Smart String Lights\" width=\"1020\" height=\"574\" src=\"https:\/\/www.youtube.com\/embed\/4ks8_1muPSY?feature=oembed\" frameborder=\"0\" allow=\"accelerometer; autoplay; clipboard-write; encrypted-media; gyroscope; picture-in-picture\" allowfullscreen><\/iframe><\/p>\n<\/div>\n<h2>Caract\u00e9ristiques<\/h2>\n<ul>\n<li>guirlande lumineuse intelligente LED blanc chaud Fonctionne avec la commande vocale de l&#8217;assistant Google Home, Alexa, et peut \u00e9galement \u00eatre contr\u00f4l\u00e9e par une APP personnalis\u00e9e. (Tuya Tech)<\/li>\n<li>Gradables et contr\u00f4l\u00e9es par l&#8217;application, ces guirlandes lumineuses ext\u00e9rieures blanches sont r\u00e9glables en luminosit\u00e9 avec une application personnalis\u00e9e, gr\u00e2ce \u00e0 la technologie Tuya, aux fonctions personnalisables de l&#8217;application de marque, aux multiples sc\u00e8nes int\u00e9gr\u00e9es et aux sc\u00e8nes personnalis\u00e9es, \u00e0 la respiration r\u00e9glable et aux effets de scintillement. L&#8217;\u00e9clairage de patio dispose m\u00eame de minuteries, de programmes, d&#8217;automatisation et d&#8217;autres fonctions.<\/li>\n<li>Contr\u00f4le vocal &#8211; Les guirlandes lumineuses intelligentes fonctionnent avec Alexa et d&#8217;autres assistants vocaux intelligents, sans qu&#8217;il soit n\u00e9cessaire d&#8217;utiliser une t\u00e9l\u00e9commande s\u00e9par\u00e9e. C&#8217;est une guirlande lumineuse d&#8217;ext\u00e9rieur tr\u00e8s intelligente.<\/li>\n<li>Extensible et rempla\u00e7able &#8211; Les \u00e9clairages ext\u00e9rieurs Patio peuvent \u00eatre \u00e9tendus avec plusieurs guirlandes lumineuses dans un seul adaptateur pour r\u00e9pondre aux besoins de diff\u00e9rents espaces, avec des ampoules de rechange, et lorsqu&#8217;une des ampoules est endommag\u00e9e, l&#8217;utilisateur peut facilement remplacer l&#8217;ampoule.<\/li>\n<li>Prise en charge d&#8217;une large tension de 100-240 V, 50\/60Hz, sortie 12V DC, conception \u00e9tanche IP65, r\u00e9sistante aux intemp\u00e9ries, incassable, permettant \u00e0 la lampe de patio LED de r\u00e9sister aux intemp\u00e9ries.<\/li>\n<li>DURABLE ET \u00c9CONOMIQUE EN \u00c9NERGIE &#8211; L&#8217;\u00e9clairage de patio ext\u00e9rieur utilise des ampoules Edison S14 rempla\u00e7ables. La conception \u00e0 deux filaments la rend plus lumineuse que les ampoules LED et \u00e0 incandescence ordinaires, mais elle est plus \u00e9conome en \u00e9nergie et en \u00e9nergie avec une dur\u00e9e de vie 35 fois sup\u00e9rieure \u00e0 celle des ampoules \u00e0 incandescence.<\/li>\n<li>Une lumi\u00e8re confortable partout &#8211; les guirlandes lumineuses sont faciles \u00e0 utiliser sur les patios, les pergolas, les tonnelles, les auvents, les porches, les jardins, les cours, les f\u00eates, et m\u00eame \u00e0 l&#8217;int\u00e9rieur comme les caf\u00e9s et les chambres.<\/li>\n<\/ul>\n\n\t<section class=\"section\" id=\"section_1614045827\">\n\t\t<div class=\"section-bg fill\" >\n\t\t\t\t\t\t\t\t\t\n\t\t\t\n\n\t\t<\/div>\n\n\t\t\n\n\t\t<div class=\"section-content relative\">\n\t\t\t\n<div class=\"row align-middle\"  id=\"row-1678681460\">\n\n\t<div id=\"col-2067590806\" class=\"col medium-6 small-12 large-6\"  >\n\t\t\t\t<div class=\"col-inner\"  >\n\t\t\t\n\t\t\t\n\t<div class=\"img has-hover x md-x lg-x y md-y lg-y\" id=\"image_1826415457\">\n\t\t\t\t\t\t\t\t<div class=\"img-inner dark\" >\n\t\t\t<img loading=\"lazy\" decoding=\"async\" width=\"720\" height=\"540\" src=\"https:\/\/yunjinlight.com\/wp-content\/uploads\/2022\/06\/smart-string-lights-warm-white-led-plug-in-christmas-patio.webp\" class=\"attachment-large size-large\" alt=\"smart-string-lights-warm-white-led-plug-in-christmas-patio\" srcset=\"https:\/\/yunjinlight.com\/wp-content\/uploads\/2022\/06\/smart-string-lights-warm-white-led-plug-in-christmas-patio.webp 720w, https:\/\/yunjinlight.com\/wp-content\/uploads\/2022\/06\/smart-string-lights-warm-white-led-plug-in-christmas-patio-510x383.webp 510w, https:\/\/yunjinlight.com\/wp-content\/uploads\/2022\/06\/smart-string-lights-warm-white-led-plug-in-christmas-patio-300x225.webp 300w\" sizes=\"auto, (max-width: 720px) 100vw, 720px\" \/>\t\t\t\t\t\t\n\t\t\t\t\t<\/div>\n\t\t\t\t\t\t\t\t\n<style>\n#image_1826415457 {\n  width: 100%;\n}\n<\/style>\n\t<\/div>\n\t\n\t\t<\/div>\n\t\t\t\t\t<\/div>\n\n\t\n\n\t<div id=\"col-1620590819\" class=\"col medium-6 small-12 large-6\"  >\n\t\t\t\t<div class=\"col-inner\"  >\n\t\t\t\n\t\t\t\n<h2>Guirlandes lumineuses intelligentes ampoules \u00e0 DEL blanc chaud<\/h2>\n<p>Les ampoules LED sont populaires pour leur dur\u00e9e de vie plus longue, leur fonctionnement efficace et leur aspect ext\u00e9rieur froid au toucher. Ces caract\u00e9ristiques font de ces guirlandes lumineuses \u00e0 DEL un choix populaire, et elles sont si belles, se drapent si bien, et sont m\u00eame \u00e9l\u00e9gantes lorsque les lumi\u00e8res ne sont pas allum\u00e9es. Ils sont \u00e9galement r\u00e9sistants aux chocs et homologu\u00e9s UL pour une installation permanente en ext\u00e9rieur, de sorte qu&#8217;il n&#8217;est pas n\u00e9cessaire de les d\u00e9monter en hiver.<\/p>\n\t\t<\/div>\n\t\t\t\t\t<\/div>\n\n\t\n<\/div>\n\t\t<\/div>\n\n\t\t\n<style>\n#section_1614045827 {\n  padding-top: 30px;\n  padding-bottom: 30px;\n}\n<\/style>\n\t<\/section>\n\t\n\n\t<section class=\"section\" id=\"section_2060400321\">\n\t\t<div class=\"section-bg fill\" >\n\t\t\t\t\t\t\t\t\t\n\t\t\t\n\n\t\t<\/div>\n\n\t\t\n\n\t\t<div class=\"section-content relative\">\n\t\t\t\n<div class=\"row align-middle\"  id=\"row-2081431864\">\n\n\t<div id=\"col-113381917\" class=\"col medium-6 small-12 large-6\"  >\n\t\t\t\t<div class=\"col-inner\"  >\n\t\t\t\n\t\t\t\n<h2>Lampes \u00e0 guirlande intelligentes contr\u00f4l\u00e9es par une application personnalis\u00e9e.<\/h2>\n<p>Les ampoules led blanc chaud de ces <a href=\"https:\/\/yunjinlight.com\/fr\/\">guirlandes lumineuses intelligentes<\/a> peuvent \u00eatre contr\u00f4l\u00e9es par l&#8217;application Tuya et l&#8217;application personnalis\u00e9e avec Tuya tech. 4 s\u00e9nes int\u00e9gr\u00e9s et des sc\u00e8nes personnalis\u00e9es ont \u00e9t\u00e9 pr\u00e9par\u00e9s, vous pouvez utiliser les sc\u00e8nes de festival correspondantes pendant les vacances, et vous pouvez \u00e9galement choisir diff\u00e9rents \u00e9clairages clignotants. Apprenez-en <a href=\"https:\/\/developer.tuya.com\/en\/app-development-platform\" target=\"_blank\" rel=\"noopener\">plus sur le<\/a> d\u00e9veloppement d&#8217;applications sans code avec Tuya, et contr\u00f4lez la guirlande lumineuse intelligente. Nous fournissons des solutions compl\u00e8tes pour votre entreprise de guirlandes lumineuses intelligentes.<\/p>\n\t\t<\/div>\n\t\t\t\t\t<\/div>\n\n\t\n\n\t<div id=\"col-1499109581\" class=\"col medium-6 small-12 large-6\"  >\n\t\t\t\t<div class=\"col-inner\"  >\n\t\t\t\n\t\t\t\n\t<div class=\"img has-hover x md-x lg-x y md-y lg-y\" id=\"image_594199443\">\n\t\t\t\t\t\t\t\t<div class=\"img-inner dark\" >\n\t\t\t<img loading=\"lazy\" decoding=\"async\" width=\"1020\" height=\"1010\" src=\"https:\/\/yunjinlight.com\/wp-content\/uploads\/2022\/05\/YJE26-white-smart-string-light-1024x1014.webp\" class=\"attachment-large size-large\" alt=\"\" srcset=\"https:\/\/yunjinlight.com\/wp-content\/uploads\/2022\/05\/YJE26-white-smart-string-light-1024x1014.webp 1024w, https:\/\/yunjinlight.com\/wp-content\/uploads\/2022\/05\/YJE26-white-smart-string-light-100x100.webp 100w, https:\/\/yunjinlight.com\/wp-content\/uploads\/2022\/05\/YJE26-white-smart-string-light-510x505.webp 510w, https:\/\/yunjinlight.com\/wp-content\/uploads\/2022\/05\/YJE26-white-smart-string-light-300x297.webp 300w, https:\/\/yunjinlight.com\/wp-content\/uploads\/2022\/05\/YJE26-white-smart-string-light-150x150.webp 150w, https:\/\/yunjinlight.com\/wp-content\/uploads\/2022\/05\/YJE26-white-smart-string-light-768x761.webp 768w, https:\/\/yunjinlight.com\/wp-content\/uploads\/2022\/05\/YJE26-white-smart-string-light.webp 1500w\" sizes=\"auto, (max-width: 1020px) 100vw, 1020px\" \/>\t\t\t\t\t\t\n\t\t\t\t\t<\/div>\n\t\t\t\t\t\t\t\t\n<style>\n#image_594199443 {\n  width: 100%;\n}\n<\/style>\n\t<\/div>\n\t\n\t\t<\/div>\n\t\t\t\t\t<\/div>\n\n\t\n<\/div>\n\t\t<\/div>\n\n\t\t\n<style>\n#section_2060400321 {\n  padding-top: 30px;\n  padding-bottom: 30px;\n}\n<\/style>\n\t<\/section>\n\t\n\n\t<section class=\"section\" id=\"section_795182247\">\n\t\t<div class=\"section-bg fill\" >\n\t\t\t\t\t\t\t\t\t\n\t\t\t\n\n\t\t<\/div>\n\n\t\t\n\n\t\t<div class=\"section-content relative\">\n\t\t\t\n<div class=\"row align-middle\"  id=\"row-787959616\">\n\n\t<div id=\"col-1967884974\" class=\"col medium-6 small-12 large-6\"  >\n\t\t\t\t<div class=\"col-inner\"  >\n\t\t\t\n\t\t\t\n\t<div class=\"img has-hover x md-x lg-x y md-y lg-y\" id=\"image_1879264736\">\n\t\t\t\t\t\t\t\t<div class=\"img-inner dark\" >\n\t\t\t<img loading=\"lazy\" decoding=\"async\" width=\"1020\" height=\"1020\" src=\"https:\/\/yunjinlight.com\/wp-content\/uploads\/2022\/06\/app-wifi-control-1-1024x1024.webp\" class=\"attachment-large size-large\" alt=\"smart string light connect with Wifi 2.4\" srcset=\"https:\/\/yunjinlight.com\/wp-content\/uploads\/2022\/06\/app-wifi-control-1-1024x1024.webp 1024w, https:\/\/yunjinlight.com\/wp-content\/uploads\/2022\/06\/app-wifi-control-1-100x100.webp 100w, https:\/\/yunjinlight.com\/wp-content\/uploads\/2022\/06\/app-wifi-control-1-510x510.webp 510w, https:\/\/yunjinlight.com\/wp-content\/uploads\/2022\/06\/app-wifi-control-1-300x300.webp 300w, https:\/\/yunjinlight.com\/wp-content\/uploads\/2022\/06\/app-wifi-control-1-150x150.webp 150w, https:\/\/yunjinlight.com\/wp-content\/uploads\/2022\/06\/app-wifi-control-1-768x768.webp 768w, https:\/\/yunjinlight.com\/wp-content\/uploads\/2022\/06\/app-wifi-control-1.webp 1500w\" sizes=\"auto, (max-width: 1020px) 100vw, 1020px\" \/>\t\t\t\t\t\t\n\t\t\t\t\t<\/div>\n\t\t\t\t\t\t\t\t\n<style>\n#image_1879264736 {\n  width: 100%;\n}\n<\/style>\n\t<\/div>\n\t\n\t\t<\/div>\n\t\t\t\t\t<\/div>\n\n\t\n\n\t<div id=\"col-1748768680\" class=\"col medium-6 small-12 large-6\"  >\n\t\t\t\t<div class=\"col-inner\"  >\n\t\t\t\n\t\t\t\n<h2>Connexion WIFI 2.4GHz<\/h2>\n<p>Wi-Fi 2,4 GHz, plus stable que Bluetooth. Le wifi 2,4 GHz peut connecter la guirlande lumineuse intelligente \u00e0 une longue distance, et est beaucoup plus stable que le Bluetooth.<\/p>\n\t\t<\/div>\n\t\t\t\t\t<\/div>\n\n\t\n<\/div>\n\t\t<\/div>\n\n\t\t\n<style>\n#section_795182247 {\n  padding-top: 30px;\n  padding-bottom: 30px;\n}\n<\/style>\n\t<\/section>\n\t\n\n\t<section class=\"section\" id=\"section_1027822267\">\n\t\t<div class=\"section-bg fill\" >\n\t\t\t\t\t\t\t\t\t\n\t\t\t\n\n\t\t<\/div>\n\n\t\t\n\n\t\t<div class=\"section-content relative\">\n\t\t\t\n<div class=\"row align-middle\"  id=\"row-1323527720\">\n\n\t<div id=\"col-1944335641\" class=\"col medium-6 small-12 large-6\"  >\n\t\t\t\t<div class=\"col-inner\"  >\n\t\t\t\n\t\t\t\n<h2>Solution de contr\u00f4le vocal<\/h2>\n<p>Ces ampoules LED blanc chaud de guirlande lumineuse intelligente fonctionnent avec Alexa &amp; d&#8217;autres assistants vocaux intelligents, sans utiliser de t\u00e9l\u00e9commandes s\u00e9par\u00e9es. Nous avons \u00e9galement pr\u00e9par\u00e9 une vari\u00e9t\u00e9 de fonctionnalit\u00e9s intelligentes telles que les fonctions de programmation, d&#8217;automatisation et de regroupement pour contr\u00f4ler les guirlandes lumineuses de couleur via l&#8217;application.<\/p>\n\t\t<\/div>\n\t\t\t\t\t<\/div>\n\n\t\n\n\t<div id=\"col-800961972\" class=\"col medium-6 small-12 large-6\"  >\n\t\t\t\t<div class=\"col-inner\"  >\n\t\t\t\n\t\t\t\n\t<div class=\"img has-hover x md-x lg-x y md-y lg-y\" id=\"image_1787046948\">\n\t\t\t\t\t\t\t\t<div class=\"img-inner dark\" >\n\t\t\t<img loading=\"lazy\" decoding=\"async\" width=\"1020\" height=\"1020\" src=\"https:\/\/yunjinlight.com\/wp-content\/uploads\/2022\/06\/voice-control-feature-1024x1024.webp\" class=\"attachment-large size-large\" alt=\"\" srcset=\"https:\/\/yunjinlight.com\/wp-content\/uploads\/2022\/06\/voice-control-feature-1024x1024.webp 1024w, https:\/\/yunjinlight.com\/wp-content\/uploads\/2022\/06\/voice-control-feature-100x100.webp 100w, https:\/\/yunjinlight.com\/wp-content\/uploads\/2022\/06\/voice-control-feature-510x510.webp 510w, https:\/\/yunjinlight.com\/wp-content\/uploads\/2022\/06\/voice-control-feature-300x300.webp 300w, https:\/\/yunjinlight.com\/wp-content\/uploads\/2022\/06\/voice-control-feature-150x150.webp 150w, https:\/\/yunjinlight.com\/wp-content\/uploads\/2022\/06\/voice-control-feature-768x768.webp 768w, https:\/\/yunjinlight.com\/wp-content\/uploads\/2022\/06\/voice-control-feature.webp 1500w\" sizes=\"auto, (max-width: 1020px) 100vw, 1020px\" \/>\t\t\t\t\t\t\n\t\t\t\t\t<\/div>\n\t\t\t\t\t\t\t\t\n<style>\n#image_1787046948 {\n  width: 100%;\n}\n<\/style>\n\t<\/div>\n\t\n\t\t<\/div>\n\t\t\t\t\t<\/div>\n\n\t\n<\/div>\n\t\t<\/div>\n\n\t\t\n<style>\n#section_1027822267 {\n  padding-top: 30px;\n  padding-bottom: 30px;\n}\n<\/style>\n\t<\/section>\n\t\n\n\t<section class=\"section\" id=\"section_538732859\">\n\t\t<div class=\"section-bg fill\" >\n\t\t\t\t\t\t\t\t\t\n\t\t\t\n\n\t\t<\/div>\n\n\t\t\n\n\t\t<div class=\"section-content relative\">\n\t\t\t\n<div class=\"row\"  id=\"row-1899257985\">\n\n\t<div id=\"col-450983855\" class=\"col medium-4 small-12 large-4\"  >\n\t\t\t\t<div class=\"col-inner\"  >\n\t\t\t\n\t\t\t\n<h2>Facile \u00e0 installer et extensible<\/h2>\n<p>Ces guirlandes lumineuses intelligentes \u00e0 LED blanc chaud sont con\u00e7ues avec des crochets de suspension pour une installation facile, quipping avec fil de guidage en acier inoxydable. Nos \u00e9clairages de terrasse peuvent relier plusieurs guirlandes au sein d&#8217;un adaptateur, qui est extensible jusqu&#8217;\u00e0 60 ampoules. Vous pouvez facilement utiliser les guirlandes lumineuses intelligentes n&#8217;importe o\u00f9.<\/p>\n\t\t<\/div>\n\t\t\t\t\t<\/div>\n\n\t\n\n\t<div id=\"col-665107921\" class=\"col medium-4 small-12 large-4\"  >\n\t\t\t\t<div class=\"col-inner\"  >\n\t\t\t\n\t\t\t\n<h2>Fabriqu\u00e9 en mat\u00e9riau PC inoffensif<\/h2>\n<p>Fabriqu\u00e9 en mat\u00e9riau PC inoffensif, sortie 12V DC, et certifi\u00e9 ETL pour assurer la s\u00e9curit\u00e9 des utilisateurs. La conception \u00e9tanche IP65, r\u00e9sistante aux intemp\u00e9ries et incassable permet aux \u00e9clairages de patio \u00e0 LED de XMcosy de r\u00e9sister aux intemp\u00e9ries. D\u00e9corez votre patio, votre pergola, votre gazebo, votre auvent, votre porche, votre jardin, votre cour, vos piscines et vos f\u00eates, m\u00eame \u00e0 l&#8217;int\u00e9rieur, comme dans un caf\u00e9, un bar ou une salle de bains.<\/p>\n\t\t<\/div>\n\t\t\t\t\t<\/div>\n\n\t\n\n\t<div id=\"col-315272723\" class=\"col medium-4 small-12 large-4\"  >\n\t\t\t\t<div class=\"col-inner\"  >\n\t\t\t\n\t\t\t\n<h2>Personnalis\u00e9 pour votre longueur et votre distance<\/h2>\n<p>La conception par d\u00e9faut de la guirlande lumineuse ext\u00e9rieure avec des ampoules LED blanc chaud, est de 36FT et 18 ampoules. Les clients peuvent personnaliser la longueur et le nombre d&#8217;ampoules en fonction des besoins des utilisateurs et des diff\u00e9rents sc\u00e9narios d&#8217;utilisation.<\/p>\n\t\t<\/div>\n\t\t\t\t\t<\/div>\n\n\t\n<\/div>\n\t\t<\/div>\n\n\t\t\n<style>\n#section_538732859 {\n  padding-top: 30px;\n  padding-bottom: 30px;\n}\n<\/style>\n\t<\/section>\n\t\n","protected":false},"excerpt":{"rendered":"<table>\n<tbody>\n<tr>\n<td>Input<\/td>\n<td>100-240V 50\/60 Hz<\/td>\n<\/tr>\n<tr>\n<td>Output<\/td>\n<td>12V DC, 36W<\/td>\n<\/tr>\n<tr>\n<td>C\u00e2ble<\/td>\n<td>H06VV-F 2&#215;1.0mm<sup>2<\/sup> \/ H05RN-F 2x 1.0 mm<sup>2<\/sup><\/td>\n<\/tr>\n<tr>\n<td>Longueur<\/td>\n<td>24FT\/36FT\/48FT\/Custom<\/td>\n<\/tr>\n<tr>\n<td>Contr\u00f4le<\/td>\n<td>T\u00e9l\u00e9phone intelligent, Alexa, Google Assistant et autres commandes vocales<\/td>\n<\/tr>\n<tr>\n<td>Imperm\u00e9able \u00e0 l&#8217;eau<\/td>\n<td>IP65<\/td>\n<\/tr>\n<tr>\n<td>Couleur<\/td>\n<td>Blanc chaud<\/td>\n<\/tr>\n<\/tbody>\n<\/table>\n","protected":false},"featured_media":631,"comment_status":"open","ping_status":"closed","template":"","meta":[],"product_brand":[],"product_cat":[132],"product_tag":[],"class_list":{"0":"post-698","1":"product","2":"type-product","3":"status-publish","4":"has-post-thumbnail","6":"product_cat-smart-string-light-fr","8":"first","9":"instock","10":"shipping-taxable","11":"product-type-simple"},"_links":{"self":[{"href":"https:\/\/yunjinlight.com\/fr\/wp-json\/wp\/v2\/product\/698","targetHints":{"allow":["GET"]}}],"collection":[{"href":"https:\/\/yunjinlight.com\/fr\/wp-json\/wp\/v2\/product"}],"about":[{"href":"https:\/\/yunjinlight.com\/fr\/wp-json\/wp\/v2\/types\/product"}],"replies":[{"embeddable":true,"href":"https:\/\/yunjinlight.com\/fr\/wp-json\/wp\/v2\/comments?post=698"}],"wp:featuredmedia":[{"embeddable":true,"href":"https:\/\/yunjinlight.com\/fr\/wp-json\/wp\/v2\/media\/631"}],"wp:attachment":[{"href":"https:\/\/yunjinlight.com\/fr\/wp-json\/wp\/v2\/media?parent=698"}],"wp:term":[{"taxonomy":"product_brand","embeddable":true,"href":"https:\/\/yunjinlight.com\/fr\/wp-json\/wp\/v2\/product_brand?post=698"},{"taxonomy":"product_cat","embeddable":true,"href":"https:\/\/yunjinlight.com\/fr\/wp-json\/wp\/v2\/product_cat?post=698"},{"taxonomy":"product_tag","embeddable":true,"href":"https:\/\/yunjinlight.com\/fr\/wp-json\/wp\/v2\/product_tag?post=698"}],"curies":[{"name":"wp","href":"https:\/\/api.w.org\/{rel}","templated":true}]}}