{"id":688,"date":"2022-06-19T05:08:32","date_gmt":"2022-06-19T05:08:32","guid":{"rendered":"https:\/\/yunjinlight.com\/product\/yjcp-2-lumiere-intelligente-pour-pelouse-et-cordes\/"},"modified":"2022-06-22T00:19:57","modified_gmt":"2022-06-22T00:19:57","slug":"yjcp-2-lumiere-intelligente-pour-pelouse-et-cordes","status":"publish","type":"product","link":"https:\/\/yunjinlight.com\/fr\/produit\/yjcp-2-lumiere-intelligente-pour-pelouse-et-cordes\/","title":{"rendered":"YJCP-2 Lumi\u00e8re intelligente pour pelouse et cordes"},"content":{"rendered":"<div class=\"video video-fit mb\" style=\"padding-top:56.25%;\"><p><iframe loading=\"lazy\" title=\"YJCP-2 Lawn lamp and string light - Yunjin Light\" width=\"1020\" height=\"574\" src=\"https:\/\/www.youtube.com\/embed\/NWVJRgS5DBs?feature=oembed\" frameborder=\"0\" allow=\"accelerometer; autoplay; clipboard-write; encrypted-media; gyroscope; picture-in-picture\" allowfullscreen><\/iframe><\/p>\n<\/div>\n<div class=\"row align-middle\"  id=\"row-21727856\">\n\n\t<div id=\"col-1072892742\" class=\"col medium-6 small-12 large-6\"  >\n\t\t\t\t<div class=\"col-inner\"  >\n\t\t\t\n\t\t\t\n\t<div class=\"img has-hover x md-x lg-x y md-y lg-y\" id=\"image_1298118956\">\n\t\t\t\t\t\t\t\t<div class=\"img-inner dark\" >\n\t\t\t<img loading=\"lazy\" decoding=\"async\" width=\"800\" height=\"800\" src=\"https:\/\/yunjinlight.com\/wp-content\/uploads\/2022\/06\/YJCP-2-with-hooks-string-lights.webp\" class=\"attachment-large size-large\" alt=\"\" srcset=\"https:\/\/yunjinlight.com\/wp-content\/uploads\/2022\/06\/YJCP-2-with-hooks-string-lights.webp 800w, https:\/\/yunjinlight.com\/wp-content\/uploads\/2022\/06\/YJCP-2-with-hooks-string-lights-100x100.webp 100w, https:\/\/yunjinlight.com\/wp-content\/uploads\/2022\/06\/YJCP-2-with-hooks-string-lights-510x510.webp 510w, https:\/\/yunjinlight.com\/wp-content\/uploads\/2022\/06\/YJCP-2-with-hooks-string-lights-300x300.webp 300w, https:\/\/yunjinlight.com\/wp-content\/uploads\/2022\/06\/YJCP-2-with-hooks-string-lights-150x150.webp 150w, https:\/\/yunjinlight.com\/wp-content\/uploads\/2022\/06\/YJCP-2-with-hooks-string-lights-768x768.webp 768w\" sizes=\"auto, (max-width: 800px) 100vw, 800px\" \/>\t\t\t\t\t\t\n\t\t\t\t\t<\/div>\n\t\t\t\t\t\t\t\t\n<style>\n#image_1298118956 {\n  width: 100%;\n}\n<\/style>\n\t<\/div>\n\t\n\t\t<\/div>\n\t\t\t\t\t<\/div>\n\n\t\n\n\t<div id=\"col-492794298\" class=\"col medium-6 small-12 large-6\"  >\n\t\t\t\t<div class=\"col-inner\"  >\n\t\t\t\n\t\t\t\n<div>Ces guirlandes lumineuses multifonctionnelles intelligentes pour pelouse, lorsqu&#8217;elles sont install\u00e9es sur le crochet, cette lumi\u00e8re peut \u00eatre install\u00e9e dans la cour, le balcon, etc, \u00e0 l&#8217;int\u00e9rieur et \u00e0 l&#8217;ext\u00e9rieur peut. Il s&#8217;agit d&#8217;une forme unique, d&#8217;une personnalit\u00e9 et d&#8217;une belle guirlande lumineuse intelligente pour pelouse. Elle poss\u00e8de toutes les caract\u00e9ristiques de la guirlande lumineuse intelligente Tuya. Nous avons \u00e9galement ajout\u00e9 la possibilit\u00e9 de contr\u00f4ler chaque canon de lumi\u00e8re ind\u00e9pendamment, ainsi que des param\u00e8tres plus personnalis\u00e9s. C&#8217;est nouveau pour 2022.<\/div>\n\t\t<\/div>\n\t\t\t\t\t<\/div>\n\n\t\n<\/div>\n<div class=\"row align-middle\"  id=\"row-754144960\">\n\n\t<div id=\"col-464633799\" class=\"col medium-6 small-12 large-6\"  >\n\t\t\t\t<div class=\"col-inner\"  >\n\t\t\t\n\t\t\t\n<p>Lorsqu&#8217;elle est install\u00e9e avec la prise de terre, cette lampe devient une puissante lampe de jardin, et lorsqu&#8217;elle est install\u00e9e le long d&#8217;un sentier, elle devient une lampe de sentier intelligente. Cela rendra votre cour plus belle et plus moderne.<\/p>\n\t\t<\/div>\n\t\t\t\t\t<\/div>\n\n\t\n\n\t<div id=\"col-1826404740\" class=\"col medium-6 small-12 large-6\"  >\n\t\t\t\t<div class=\"col-inner\"  >\n\t\t\t\n\t\t\t\n\t<div class=\"img has-hover x md-x lg-x y md-y lg-y\" id=\"image_586939827\">\n\t\t\t\t\t\t\t\t<div class=\"img-inner dark\" >\n\t\t\t<img loading=\"lazy\" decoding=\"async\" width=\"800\" height=\"800\" src=\"https:\/\/yunjinlight.com\/wp-content\/uploads\/2022\/06\/YJCP-2-smart-string-light-as-lawn-lamp.webp\" class=\"attachment-large size-large\" alt=\"\" srcset=\"https:\/\/yunjinlight.com\/wp-content\/uploads\/2022\/06\/YJCP-2-smart-string-light-as-lawn-lamp.webp 800w, https:\/\/yunjinlight.com\/wp-content\/uploads\/2022\/06\/YJCP-2-smart-string-light-as-lawn-lamp-100x100.webp 100w, https:\/\/yunjinlight.com\/wp-content\/uploads\/2022\/06\/YJCP-2-smart-string-light-as-lawn-lamp-510x510.webp 510w, https:\/\/yunjinlight.com\/wp-content\/uploads\/2022\/06\/YJCP-2-smart-string-light-as-lawn-lamp-300x300.webp 300w, https:\/\/yunjinlight.com\/wp-content\/uploads\/2022\/06\/YJCP-2-smart-string-light-as-lawn-lamp-150x150.webp 150w, https:\/\/yunjinlight.com\/wp-content\/uploads\/2022\/06\/YJCP-2-smart-string-light-as-lawn-lamp-768x768.webp 768w\" sizes=\"auto, (max-width: 800px) 100vw, 800px\" \/>\t\t\t\t\t\t\n\t\t\t\t\t<\/div>\n\t\t\t\t\t\t\t\t\n<style>\n#image_586939827 {\n  width: 100%;\n}\n<\/style>\n\t<\/div>\n\t\n\t\t<\/div>\n\t\t\t\t\t<\/div>\n\n\t\n<\/div>\n<h2>Est-ce une lampe intelligente ?<\/h2>\n<p>Oui, c&#8217;est une guirlande lumineuse intelligente pour pelouse, et elle utilise la technologie IoT de Tuya. La plupart des amateurs d&#8217;\u00e9clairage intelligent devraient conna\u00eetre Tuya. Vous pouvez trouver beaucoup d&#8217;amateurs de produits intelligents Tuya sur Reddit. Les produits intelligents de Tuya couvrent un large \u00e9ventail d&#8217;applications. Pour les marques de luminaires, l&#8217;avantage de Tuya est que vous pouvez utiliser un environnement de d\u00e9veloppement sans code pour d\u00e9velopper votre propre application de marque. En m\u00eame temps, votre lampe peut \u00eatre int\u00e9gr\u00e9e dans l&#8217;\u00e9cosyst\u00e8me des produits intelligents de Tuya et g\u00e9r\u00e9e en m\u00eame temps que d&#8217;autres produits intelligents de Tuya.<\/p>\n<h2>Cette lumi\u00e8re peut-elle \u00eatre contr\u00f4l\u00e9e avec un smartphone ?<\/h2>\n<p>Oui, c&#8217;est la fonction la plus basique de la guirlande lumineuse intelligente pour pelouse. Il utilise les technologies Bluetooth et WIFI2.4 pour se connecter aux smartphones et \u00e0 l&#8217;internet et constitue un mat\u00e9riel intelligent qui peut \u00eatre contr\u00f4l\u00e9 par le cloud. Les marques peuvent personnaliser leur propre application de marque, vous pouvez cr\u00e9er votre propre application de marque pour smartphone gr\u00e2ce \u00e0 la plateforme de d\u00e9veloppement d&#8217;applications intelligentes Tuya no code. Faites en sorte que votre produit soit reconnu par la marque.<\/p>\n<h2>Cette lampe peut-elle \u00eatre command\u00e9e par la voix ?<\/h2>\n<p>Bien s\u00fbr, vous pouvez, cette lampe peut utiliser Amazon Alexa et google assistant, pour le contr\u00f4le vocal. C&#8217;est l&#8217;une des caract\u00e9ristiques de la lampe intelligente Tuya. En termes de logiciel, Tuya a fait tout le travail pour vous afin de construire l&#8217;environnement sans code. Et Yunjin vous aide avec toutes les caract\u00e9ristiques et les besoins du mat\u00e9riel.<\/p>\n<h2>Quels sont les domaines dans lesquels je peux faire des demandes ?<\/h2>\n<p>En tant que marque de vente de fixations intelligentes, la plupart des vendeurs diff\u00e9rencient leurs produits. Les principaux modules fonctionnels \u00e9tant d\u00e9j\u00e0 fix\u00e9s, les clients peuvent proposer diff\u00e9rents mod\u00e8les pour l&#8217;espacement entre les lampes, la conception des accessoires, le nombre d&#8217;ampoules, etc. afin d&#8217;\u00e9viter une concurrence homog\u00e8ne.<\/p>\n<h2>Quelles sont les nouvelles caract\u00e9ristiques de ce nouveau produit ?<\/h2>\n<p>Par rapport \u00e0 l&#8217;ancien produit, le nouveau produit a augment\u00e9 la fonction de contr\u00f4le ind\u00e9pendant de l&#8217;ampoule, qu&#8217;il s&#8217;agisse d&#8217;allumer l&#8217;ampoule, de changer la couleur, de pr\u00e9r\u00e9gler leur propre mode, ou d&#8217;autres nouvelles fonctionnalit\u00e9s, ce produit est plus jouable.<\/p>\n<h2>Je suis un vendeur d&#8217;\u00e9clairage g\u00e9n\u00e9ral. Comment puis-je commencer \u00e0 promouvoir et \u00e0 vendre des \u00e9clairages intelligents ?<\/h2>\n<p>Pour de nombreux vendeurs d&#8217;\u00e9clairage g\u00e9n\u00e9ral, la raison pour laquelle ils se tiennent \u00e0 l&#8217;\u00e9cart de l&#8217;\u00e9clairage intelligent est qu&#8217;ils y voient souvent une barri\u00e8re \u00e0 l&#8217;entr\u00e9e tr\u00e8s \u00e9lev\u00e9e. Sans leurs propres \u00e9quipes de d\u00e9veloppement de logiciels et de mat\u00e9riel, il n&#8217;y a aucun moyen de d\u00e9velopper des lampes intelligentes. Il s&#8217;agit en fait d&#8217;une grande id\u00e9e fausse. En tant que vendeur de lampes ordinaires, vous avez d\u00e9j\u00e0 accumul\u00e9 un grand march\u00e9. Tout ce dont vous avez besoin, c&#8217;est d&#8217;une solution logicielle et mat\u00e9rielle.<\/p>\n<p>Yunjin a d\u00e9j\u00e0 d\u00e9velopp\u00e9 tout le mat\u00e9riel pour les lampes intelligentes, il vous suffit de vous appuyer sur cette base et de choisir le design et les accessoires que vous souhaitez, puis vous pourrez compl\u00e9ter la conception du mat\u00e9riel.<br \/>\nLogiciel, plateforme intelligente Tuya, vous pouvez faire quelques milliers de dollars, pour compl\u00e9ter leur propre marque APP sans avoir besoin de code. Il existe d\u00e9j\u00e0 des modules de commande intelligents et des modules de commande vocale pr\u00eats \u00e0 l&#8217;emploi.<br \/>\nVous pouvez commencer \u00e0 vendre votre propre marque de luminaires intelligents IoT pour moins de 10 000 dollars.<\/p>\n<h2>Je suis un vendeur Amazon, comment r\u00e9soudre le probl\u00e8me de la conception de l&#8217;emballage, de l&#8217;image de marque, de l&#8217;\u00e9tiquette, du num\u00e9ro de s\u00e9rie, etc.<\/h2>\n<p>Nous sommes le plus grand fournisseur de solutions mat\u00e9rielles pour les guirlandes lumineuses intelligentes en Chine. Nous avons donc une grande capacit\u00e9 de traitement des commandes pour les petits et moyens acheteurs. Pour de nombreux vendeurs Amazon, nous nous chargeons de l&#8217;\u00e9tiquetage, de l&#8217;entreposage et d&#8217;autres services. Ils doivent simplement fournir des informations. Certains vendeurs Amazon ont leur propre site web ind\u00e9pendant, et leur propre syst\u00e8me de service, ils utiliseront des num\u00e9ros de s\u00e9rie, des codes QR, et d&#8217;autres fonctions, que nous aiderons les clients \u00e0 compl\u00e9ter en fonction de leurs besoins.<\/p>\n<p>Si vous avez d&#8217;autres questions, veuillez utiliser la fonction de demande de renseignements.<\/p>\n","protected":false},"excerpt":{"rendered":"<p>Cette lampe peut \u00eatre utilis\u00e9e comme une lampe de jardin, mais aussi comme une guirlande lumineuse, suspendue dans la cour. Compar\u00e9 aux guirlandes lumineuses intelligentes ordinaires, le design carr\u00e9 de cette lampe est tr\u00e8s caract\u00e9ristique. Chaque ampoule peut \u00eatre contr\u00f4l\u00e9e ind\u00e9pendamment par l&#8217;interrupteur et la couleur, ce qui rend cette lumi\u00e8re plus ludique. C&#8217;est notre nouveau produit en 2022. Il dispose de la m\u00eame commande par application smartphone et de la m\u00eame commande vocale intelligente que les autres guirlandes lumineuses intelligentes. Il s&#8217;agit de notre nouvelle guirlande lumineuse multifonctionnelle intelligente, d\u00e9velopp\u00e9e en collaboration avec Tuya.<\/p>\n","protected":false},"featured_media":627,"comment_status":"open","ping_status":"closed","template":"","meta":[],"product_brand":[],"product_cat":[132,131],"product_tag":[],"class_list":{"0":"post-688","1":"product","2":"type-product","3":"status-publish","4":"has-post-thumbnail","6":"product_cat-smart-string-light-fr","7":"product_cat-pathway-light-fr","9":"first","10":"instock","11":"shipping-taxable","12":"product-type-simple"},"_links":{"self":[{"href":"https:\/\/yunjinlight.com\/fr\/wp-json\/wp\/v2\/product\/688","targetHints":{"allow":["GET"]}}],"collection":[{"href":"https:\/\/yunjinlight.com\/fr\/wp-json\/wp\/v2\/product"}],"about":[{"href":"https:\/\/yunjinlight.com\/fr\/wp-json\/wp\/v2\/types\/product"}],"replies":[{"embeddable":true,"href":"https:\/\/yunjinlight.com\/fr\/wp-json\/wp\/v2\/comments?post=688"}],"wp:featuredmedia":[{"embeddable":true,"href":"https:\/\/yunjinlight.com\/fr\/wp-json\/wp\/v2\/media\/627"}],"wp:attachment":[{"href":"https:\/\/yunjinlight.com\/fr\/wp-json\/wp\/v2\/media?parent=688"}],"wp:term":[{"taxonomy":"product_brand","embeddable":true,"href":"https:\/\/yunjinlight.com\/fr\/wp-json\/wp\/v2\/product_brand?post=688"},{"taxonomy":"product_cat","embeddable":true,"href":"https:\/\/yunjinlight.com\/fr\/wp-json\/wp\/v2\/product_cat?post=688"},{"taxonomy":"product_tag","embeddable":true,"href":"https:\/\/yunjinlight.com\/fr\/wp-json\/wp\/v2\/product_tag?post=688"}],"curies":[{"name":"wp","href":"https:\/\/api.w.org\/{rel}","templated":true}]}}