{"id":655,"date":"2022-03-07T10:20:40","date_gmt":"2022-03-07T10:20:40","guid":{"rendered":"https:\/\/yunjinlight.com\/product\/lampes-a-del-intelligentes-wifi-pour-sentiers\/"},"modified":"2022-06-21T09:05:33","modified_gmt":"2022-06-21T09:05:33","slug":"lampes-a-del-intelligentes-wifi-pour-sentiers","status":"publish","type":"product","link":"https:\/\/yunjinlight.com\/fr\/produit\/lampes-a-del-intelligentes-wifi-pour-sentiers\/","title":{"rendered":"Lampes \u00e0 DEL intelligentes WiFi pour sentiers"},"content":{"rendered":"<div class=\"video video-fit mb\" style=\"padding-top:56.25%;\"><p><iframe loading=\"lazy\" title=\"Yunjin smart pathway light\" width=\"1020\" height=\"574\" src=\"https:\/\/www.youtube.com\/embed\/es19t-kKJG8?feature=oembed\" frameborder=\"0\" allow=\"accelerometer; autoplay; clipboard-write; encrypted-media; gyroscope; picture-in-picture\" allowfullscreen><\/iframe><\/p>\n<\/div>\n<h2>Les \u00e9clairages intelligents de sentiers \u00e0 DEL Wifi sont diff\u00e9rents des \u00e9clairages de sentiers ordinaires.<\/h2>\n<p>The difference between smart Wifi LED pathway lights and ordinary <a href=\"https:\/\/yunjinlight.com\/fr\/lampes-de-poche-intelligentes-eclairez-vos-allees\/\">pathway lights<\/a> are that smart Wifi LED pathway lights can use the Internet of Things (IoT) technology, smartphone APP, and intelligent voice system for intelligent control.<\/p>\n<h2><img loading=\"lazy\" decoding=\"async\" class=\"alignleft wp-image-485\" src=\"https:\/\/yunjinlight.com\/wp-content\/uploads\/2022\/03\/Smart-LED-Pathway-Lights-APP-139x300.jpg\" alt=\"Lampes \u00e0 DEL intelligentes pour sentiers, Wifi\" width=\"200\" height=\"433\" srcset=\"https:\/\/yunjinlight.com\/wp-content\/uploads\/2022\/03\/Smart-LED-Pathway-Lights-APP-139x300.jpg 139w, https:\/\/yunjinlight.com\/wp-content\/uploads\/2022\/03\/Smart-LED-Pathway-Lights-APP.jpg 473w\" sizes=\"auto, (max-width: 200px) 100vw, 200px\" \/>Votre application smartphone personnalis\u00e9e, le contr\u00f4le d&#8217;Alexa et de l&#8217;assistant google<\/h2>\n<p>Nos luminaires intelligents Wifi \u00e0 LED pour sentiers utilisent la solution technologique IoT de <a href=\"https:\/\/www.tuya.com\/\" target=\"_blank\" rel=\"noopener\">Tuya<\/a>, les propri\u00e9taires de marques peuvent utiliser le syst\u00e8me de personnalisation APP sans code de Tuya pour personnaliser leur application smartphone. Les luminaires intelligents pour sentiers LED Wifi peuvent \u00eatre connect\u00e9s et contr\u00f4l\u00e9s, et prennent en charge Amazon Alexa, Google Assistant et d&#8217;autres syst\u00e8mes vocaux intelligents populaires pour se connecter et se contr\u00f4ler. Un syst\u00e8me vocal intelligent peut vous permettre de contr\u00f4ler le lampadaire intelligent de mani\u00e8re plus pratique et plus rapide. Nos luminaires intelligents pour sentiers \u00e0 DEL Wifi prennent en charge la plupart des syst\u00e8mes vocaux intelligents populaires. Amazon Alexa et Google Assistant sont les plus utilis\u00e9s. Allumez et \u00e9teignez les lumi\u00e8res, cr\u00e9ez des modes et des effets de couleur, d\u00e9finissez des minuteries de r\u00e9veil, de sommeil et de compte \u00e0 rebours, r\u00e9glez la luminosit\u00e9 et la saturation, et bien plus encore. Tr\u00e8s polyvalent. Donne aux utilisateurs la libert\u00e9 de r\u00e9gler les diff\u00e9rents param\u00e8tres du lampadaire, en utilisant les param\u00e8tres APP, facile et efficace.<\/p>\n<h2>Tuya No code APP development system customized brand app smart control<\/h2>\n<p>Les applications intelligentes peuvent \u00eatre divis\u00e9es en diff\u00e9rents groupes pour contr\u00f4ler les lampadaires intelligents, un groupe peut atteindre jusqu&#8217;\u00e0 40 lumi\u00e8res, contr\u00f4ler autant de groupes de lampadaires intelligents que vous le souhaitez, et rendre votre jardin plus intelligent.<\/p>\n<h2>Les meilleurs mat\u00e9riaux et la meilleure conception, de sorte que l&#8217;\u00e9clairage intelligent Wifi LED Pathway Lights peut \u00eatre \u00e0 l&#8217;\u00e9preuve des intemp\u00e9ries, une plus longue dur\u00e9e de vie.<\/h2>\n<p>Ce luminaire intelligent de chemin \u00e0 LED Wifi est fait d&#8217;un bo\u00eetier en aluminium noir ultra-durable et de clous. Les \u00e9clairages intelligents de chemin \u00e0 LED Wifi sont con\u00e7us avec un indice IP65 pour r\u00e9sister \u00e0 la pluie, au soleil, au vent ou \u00e0 la neige.<\/p>\n<h2>LED RBGWW de haute qualit\u00e9, le luminaire intelligent Wifi pour sentiers peut \u00eatre ajust\u00e9 \u00e0 volont\u00e9.<img loading=\"lazy\" decoding=\"async\" class=\"size-medium wp-image-483 alignright\" src=\"https:\/\/yunjinlight.com\/wp-content\/uploads\/2022\/03\/YJCP-4-pathway-lights-2-300x300.jpg\" alt=\"\u00e9clairage intelligent wifi pour sentiers\" width=\"300\" height=\"300\" srcset=\"https:\/\/yunjinlight.com\/wp-content\/uploads\/2022\/03\/YJCP-4-pathway-lights-2-300x300.jpg 300w, https:\/\/yunjinlight.com\/wp-content\/uploads\/2022\/03\/YJCP-4-pathway-lights-2-100x100.jpg 100w, https:\/\/yunjinlight.com\/wp-content\/uploads\/2022\/03\/YJCP-4-pathway-lights-2-510x510.jpg 510w, https:\/\/yunjinlight.com\/wp-content\/uploads\/2022\/03\/YJCP-4-pathway-lights-2-150x150.jpg 150w, https:\/\/yunjinlight.com\/wp-content\/uploads\/2022\/03\/YJCP-4-pathway-lights-2-768x768.jpg 768w, https:\/\/yunjinlight.com\/wp-content\/uploads\/2022\/03\/YJCP-4-pathway-lights-2.jpg 800w\" sizes=\"auto, (max-width: 300px) 100vw, 300px\" \/><\/h2>\n<p><span class=\"a-list-item\">LED de 10 watts avec une large gamme de 2500K-9000K. \u00c9clairez votre chemin avec plus de 16 millions de couleurs, une gamme de blanc r\u00e9glable et une vari\u00e9t\u00e9 d&#8217;effets sp\u00e9ciaux int\u00e9gr\u00e9s. Choisissez la couleur, la temp\u00e9rature de couleur, le mouvement et d&#8217;autres param\u00e8tres de la lumi\u00e8re gr\u00e2ce \u00e0 l&#8217;APP personnalis\u00e9e de votre propre marque pour obtenir l&#8217;effet que vous souhaitez.<\/span><\/p>\n<p>&nbsp;<\/p>\n<p>&nbsp;<\/p>\n","protected":false},"excerpt":{"rendered":"<table>\n<tbody>\n<tr>\n<td>Num\u00e9ro d&#8217;article<\/td>\n<td>YJCP-4<\/td>\n<\/tr>\n<tr>\n<td>Lumi\u00e8re LED<\/td>\n<td>RGBWW<\/td>\n<\/tr>\n<tr>\n<td>Contr\u00f4le<\/td>\n<td>APP personnalis\u00e9, APP Tuya, Alexa, Google assitant<\/td>\n<\/tr>\n<tr>\n<td>Connectez-vous \u00e0<\/td>\n<td>Wifi 2.4G, Bluetooth<\/td>\n<\/tr>\n<\/tbody>\n<\/table>\n","protected":false},"featured_media":636,"comment_status":"open","ping_status":"closed","template":"","meta":[],"product_brand":[],"product_cat":[131],"product_tag":[],"class_list":{"0":"post-655","1":"product","2":"type-product","3":"status-publish","4":"has-post-thumbnail","6":"product_cat-pathway-light-fr","8":"first","9":"instock","10":"shipping-taxable","11":"product-type-simple"},"_links":{"self":[{"href":"https:\/\/yunjinlight.com\/fr\/wp-json\/wp\/v2\/product\/655","targetHints":{"allow":["GET"]}}],"collection":[{"href":"https:\/\/yunjinlight.com\/fr\/wp-json\/wp\/v2\/product"}],"about":[{"href":"https:\/\/yunjinlight.com\/fr\/wp-json\/wp\/v2\/types\/product"}],"replies":[{"embeddable":true,"href":"https:\/\/yunjinlight.com\/fr\/wp-json\/wp\/v2\/comments?post=655"}],"wp:featuredmedia":[{"embeddable":true,"href":"https:\/\/yunjinlight.com\/fr\/wp-json\/wp\/v2\/media\/636"}],"wp:attachment":[{"href":"https:\/\/yunjinlight.com\/fr\/wp-json\/wp\/v2\/media?parent=655"}],"wp:term":[{"taxonomy":"product_brand","embeddable":true,"href":"https:\/\/yunjinlight.com\/fr\/wp-json\/wp\/v2\/product_brand?post=655"},{"taxonomy":"product_cat","embeddable":true,"href":"https:\/\/yunjinlight.com\/fr\/wp-json\/wp\/v2\/product_cat?post=655"},{"taxonomy":"product_tag","embeddable":true,"href":"https:\/\/yunjinlight.com\/fr\/wp-json\/wp\/v2\/product_tag?post=655"}],"curies":[{"name":"wp","href":"https:\/\/api.w.org\/{rel}","templated":true}]}}