{"id":653,"date":"2022-01-24T06:33:35","date_gmt":"2022-01-24T06:33:35","guid":{"rendered":"https:\/\/yunjinlight.com\/product\/guirlandes-lumineuses-exterieures-intelligentes-rgbw\/"},"modified":"2022-01-24T06:33:35","modified_gmt":"2022-01-24T06:33:35","slug":"rgbw-smart-outdoor-string-lights-fr","status":"publish","type":"product","link":"https:\/\/yunjinlight.com\/fr\/produit\/rgbw-smart-outdoor-string-lights-fr\/","title":{"rendered":"Guirlandes lumineuses ext\u00e9rieures intelligentes RGBW"},"content":{"rendered":"<h2>Lampes \u00e0 guirlande intelligentes pour l&#8217;ext\u00e9rieur Contr\u00f4le IoT<\/h2>\n<p><img loading=\"lazy\" decoding=\"async\" class=\"alignright wp-image-487\" style=\"color: #555555; font-size: 14.4px;\" src=\"https:\/\/yunjinlight.com\/wp-content\/uploads\/2022\/01\/Smart-String-Lights-APP-139x300.jpg\" alt=\"Lampes d'ext\u00e9rieur intelligentes\" width=\"200\" height=\"433\" srcset=\"https:\/\/yunjinlight.com\/wp-content\/uploads\/2022\/01\/Smart-String-Lights-APP-139x300.jpg 139w, https:\/\/yunjinlight.com\/wp-content\/uploads\/2022\/01\/Smart-String-Lights-APP.jpg 473w\" sizes=\"auto, (max-width: 200px) 100vw, 200px\" \/><\/p>\n<p>La caract\u00e9ristique la plus importante des guirlandes lumineuses ext\u00e9rieures intelligentes est que vous pouvez contr\u00f4ler diverses actions et param\u00e8tres des guirlandes lumineuses avec l&#8217;IdO.<\/p>\n<p>&nbsp;<\/p>\n<p>technologie. Nos <a href=\"https:\/\/yunjinlight.com\/fr\/lampes-a-guirlande-intelligentes\/\">guirlandes lumineuses ext\u00e9rieures intelligentes<\/a> utilisent la technologie IoT de Tuya. Les propri\u00e9taires de marques peuvent d\u00e9velopper leurs applications pour smartphones gr\u00e2ce au syst\u00e8me de d\u00e9veloppement d&#8217;applications sans code de Tuya. Les plateformes Apple et Android sont toutes deux disponibles. Il peut prendre en charge les principaux syst\u00e8mes de commande vocale, tels qu&#8217;Amazon Alexa, Google Assistant, etc. Gr\u00e2ce \u00e0 la technologie du cloud, vous pouvez contr\u00f4ler \u00e0 distance les guirlandes lumineuses intelligentes de votre maison, o\u00f9 que vous soyez. Il existe \u00e9galement le syst\u00e8me Tuya IoT, qui permet d&#8217;interagir avec d&#8217;autres appareils IoT et d&#8217;autres fonctionnalit\u00e9s.<\/p>\n<h2>Meilleure alimentation en LED, meilleure performance<\/h2>\n<p><img loading=\"lazy\" decoding=\"async\" class=\"aligncenter wp-image-419 size-full\" src=\"https:\/\/yunjinlight.com\/wp-content\/uploads\/2022\/05\/smart-string-lights-warm-white-led-plug-in-christmas-patio.jpg\" alt=\"Lampes d'ext\u00e9rieur intelligentes\" width=\"720\" height=\"540\" srcset=\"https:\/\/yunjinlight.com\/wp-content\/uploads\/2022\/05\/smart-string-lights-warm-white-led-plug-in-christmas-patio.jpg 720w, https:\/\/yunjinlight.com\/wp-content\/uploads\/2022\/05\/smart-string-lights-warm-white-led-plug-in-christmas-patio-510x383.jpg 510w, https:\/\/yunjinlight.com\/wp-content\/uploads\/2022\/05\/smart-string-lights-warm-white-led-plug-in-christmas-patio-300x225.jpg 300w\" sizes=\"auto, (max-width: 720px) 100vw, 720px\" \/>Adoptez les meilleures LED RGBW, gr\u00e2ce \u00e0 l&#8217;application personnalis\u00e9e, vous pouvez contr\u00f4ler et pr\u00e9senter des millions de couleurs. L&#8217;APP dispose de plus de 40 modes de sc\u00e8ne int\u00e9gr\u00e9s et de puissantes fonctions de personnalisation pour rendre le jardin de l&#8217;utilisateur de la guirlande lumineuse intelligente ou d&#8217;autres sc\u00e8nes d&#8217;utilisation plus belles. Gr\u00e2ce au mode de synchronisation musicale, la guirlande lumineuse intelligente peut transformer instantan\u00e9ment votre patio en piste de danse. La guirlande lumineuse r\u00e9agit aux chansons en temps r\u00e9el gr\u00e2ce \u00e0 un microphone int\u00e9gr\u00e9. Fonction de minuterie et de programmation, vous pouvez laisser votre assistant Alexa ou google r\u00e9veiller la guirlande lumineuse, ou la laisser dormir, etc, et vous pouvez pr\u00e9d\u00e9finir la luminosit\u00e9 de la guirlande lumineuse intelligente ou le changement de luminosit\u00e9, etc, fonction de personnalisation tr\u00e8s puissante. Rendez votre guirlande lumineuse unique.<\/p>\n<p>Les guirlandes lumineuses Smart Outdoor sont \u00e9tanches et incassables (IP65). Profitez des lumi\u00e8res de jardin toute l&#8217;ann\u00e9e gr\u00e2ce \u00e0 l&#8217;\u00e9tanch\u00e9it\u00e9 IP65, quel que soit le temps. Le mat\u00e9riau de l&#8217;ampoule en plastique sp\u00e9cialement con\u00e7u est \u00e9galement incassable et peut r\u00e9sister aux coups et aux chutes.<\/p>\n","protected":false},"excerpt":{"rendered":"<table>\n<tbody>\n<tr>\n<td>Option c\u00e2ble<\/td>\n<td>Caoutchouc ou PVC, 3 &#8211; wries<\/td>\n<\/tr>\n<tr>\n<td>Longueur<\/td>\n<td>24FT\/36FT\/48FT<\/td>\n<\/tr>\n<tr>\n<td>Bouchon<\/td>\n<td>NEMA 1-15P, europ\u00e9en, anglais, australien ou autres<\/td>\n<\/tr>\n<tr>\n<td>Ampoules<\/td>\n<td>Par d\u00e9faut ou personnalis\u00e9<\/td>\n<\/tr>\n<tr>\n<td>Contr\u00f4le<\/td>\n<td>T\u00e9l\u00e9phone intelligent, Alexa, Google Assistant et autres commandes vocales<\/td>\n<\/tr>\n<tr>\n<td>Couleur<\/td>\n<td>RGBWW<\/td>\n<\/tr>\n<tr>\n<td>Ampoule de contr\u00f4le maximale<\/td>\n<td>48 ampoules<\/td>\n<\/tr>\n<tr>\n<td>Connectez-vous \u00e0<\/td>\n<td>3 &#8211; les broches se connectent<\/td>\n<\/tr>\n<tr>\n<td>Imperm\u00e9able \u00e0 l&#8217;eau<\/td>\n<td>IP65<\/td>\n<\/tr>\n<\/tbody>\n<\/table>\n","protected":false},"featured_media":611,"comment_status":"open","ping_status":"closed","template":"","meta":[],"product_brand":[],"product_cat":[132],"product_tag":[],"class_list":{"0":"post-653","1":"product","2":"type-product","3":"status-publish","4":"has-post-thumbnail","6":"product_cat-smart-string-light-fr","8":"first","9":"instock","10":"shipping-taxable","11":"product-type-simple"},"_links":{"self":[{"href":"https:\/\/yunjinlight.com\/fr\/wp-json\/wp\/v2\/product\/653","targetHints":{"allow":["GET"]}}],"collection":[{"href":"https:\/\/yunjinlight.com\/fr\/wp-json\/wp\/v2\/product"}],"about":[{"href":"https:\/\/yunjinlight.com\/fr\/wp-json\/wp\/v2\/types\/product"}],"replies":[{"embeddable":true,"href":"https:\/\/yunjinlight.com\/fr\/wp-json\/wp\/v2\/comments?post=653"}],"wp:featuredmedia":[{"embeddable":true,"href":"https:\/\/yunjinlight.com\/fr\/wp-json\/wp\/v2\/media\/611"}],"wp:attachment":[{"href":"https:\/\/yunjinlight.com\/fr\/wp-json\/wp\/v2\/media?parent=653"}],"wp:term":[{"taxonomy":"product_brand","embeddable":true,"href":"https:\/\/yunjinlight.com\/fr\/wp-json\/wp\/v2\/product_brand?post=653"},{"taxonomy":"product_cat","embeddable":true,"href":"https:\/\/yunjinlight.com\/fr\/wp-json\/wp\/v2\/product_cat?post=653"},{"taxonomy":"product_tag","embeddable":true,"href":"https:\/\/yunjinlight.com\/fr\/wp-json\/wp\/v2\/product_tag?post=653"}],"curies":[{"name":"wp","href":"https:\/\/api.w.org\/{rel}","templated":true}]}}