{"id":645,"date":"2022-01-10T09:00:21","date_gmt":"2022-01-10T09:00:21","guid":{"rendered":"https:\/\/yunjinlight.com\/product\/guirlande-lumineuse-a-led-s14-blanc-chaud-pour-patio-et-cour-interieure\/"},"modified":"2022-06-21T08:08:49","modified_gmt":"2022-06-21T08:08:49","slug":"guirlande-lumineuse-a-led-s14-blanc-chaud-pour-patio-et-cour-interieure","status":"publish","type":"product","link":"https:\/\/yunjinlight.com\/fr\/produit\/guirlande-lumineuse-a-led-s14-blanc-chaud-pour-patio-et-cour-interieure\/","title":{"rendered":"Guirlande lumineuse \u00e0 Led S14 Blanc Chaud pour patio et cour int\u00e9rieure"},"content":{"rendered":"\n\t<section class=\"section\" id=\"section_1704905558\">\n\t\t<div class=\"section-bg fill\" >\n\t\t\t\t\t\t\t\t\t<div class=\"section-bg-overlay absolute fill\"><\/div>\n\t\t\t\n\n\t\t<\/div>\n\n\t\t\n\n\t\t<div class=\"section-content relative\">\n\t\t\t\n<div class=\"row row-collapse row-full-width align-middle\"  id=\"row-1579057500\">\n\n\t<div id=\"col-1555178969\" class=\"col medium-6 small-12 large-6\"  >\n\t\t\t\t<div class=\"col-inner text-center\"  >\n\t\t\t\n\t\t\t\n<p>Suspensions d&#8217;ext\u00e9rieur \u00e9tanches et incassables &#8211; Les suspensions d&#8217;ext\u00e9rieur \u00e9tanches et incassables IP65 peuvent r\u00e9sister \u00e0 la neige, au soleil, \u00e0 l&#8217;humidit\u00e9, au vent, \u00e0 la pluie et aux temp\u00e9ratures extr\u00eames pour une utilisation en ext\u00e9rieur. Nos guirlandes lumineuses \u00e0 LED sont dot\u00e9es de douilles sp\u00e9ciales r\u00e9sistantes aux intemp\u00e9ries qui enveloppent compl\u00e8tement l&#8217;ampoule pour am\u00e9liorer les performances d&#8217;\u00e9tanch\u00e9it\u00e9 et la dur\u00e9e de vie du produit.<\/p>\n<div class=\"video-button-wrapper\" ><a href=\"https:\/\/www.youtube.com\/watch?v=f3Hh_qSkpaA\" class=\"button open-video icon circle is-outline is-xlarge\" target=\"_blank\" rel=\"noopener\"><i class=\"icon-play\" style=\"font-size:1.5em;\" ><\/i><\/a><\/div>\n\t\t<\/div>\n\t\t\t\t\n<style>\n#col-1555178969 > .col-inner {\n  padding: 10% 10% 10% 10%;\n  max-width: 520px;\n}\n<\/style>\n\t<\/div>\n\n\t\n\n\t<div id=\"col-927433018\" class=\"col medium-6 small-12 large-6\"  >\n\t\t\t\t<div class=\"col-inner\"  >\n\t\t\t\n\t\t\t\n\t<div class=\"img has-hover x md-x lg-x y md-y lg-y\" id=\"image_626807497\">\n\t\t\t\t\t\t\t\t<div class=\"img-inner dark\" >\n\t\t\t<img loading=\"lazy\" decoding=\"async\" width=\"1020\" height=\"1020\" src=\"https:\/\/yunjinlight.com\/wp-content\/uploads\/woocommerce-placeholder-1024x1024.png\" class=\"attachment-large size-large\" alt=\"\" srcset=\"https:\/\/yunjinlight.com\/wp-content\/uploads\/woocommerce-placeholder-1024x1024.png 1024w, https:\/\/yunjinlight.com\/wp-content\/uploads\/woocommerce-placeholder-100x100.png 100w, https:\/\/yunjinlight.com\/wp-content\/uploads\/woocommerce-placeholder-510x510.png 510w, https:\/\/yunjinlight.com\/wp-content\/uploads\/woocommerce-placeholder-300x300.png 300w, https:\/\/yunjinlight.com\/wp-content\/uploads\/woocommerce-placeholder-150x150.png 150w, https:\/\/yunjinlight.com\/wp-content\/uploads\/woocommerce-placeholder-768x768.png 768w, https:\/\/yunjinlight.com\/wp-content\/uploads\/woocommerce-placeholder.png 1200w\" sizes=\"auto, (max-width: 1020px) 100vw, 1020px\" \/>\t\t\t\t\t\t\n\t\t\t\t\t<\/div>\n\t\t\t\t\t\t\t\t\n<style>\n#image_626807497 {\n  width: 100%;\n}\n<\/style>\n\t<\/div>\n\t\n\t\t<\/div>\n\t\t\t\t\t<\/div>\n\n\t\n<\/div>\n\t\t<\/div>\n\n\t\t\n<style>\n#section_1704905558 {\n  padding-top: 0px;\n  padding-bottom: 0px;\n  background-color: rgb(247, 247, 247);\n}\n#section_1704905558 .section-bg-overlay {\n  background-color: rgba(255, 255, 255, 0.85);\n}\n<\/style>\n\t<\/section>\n\t\n\n\t<section class=\"section\" id=\"section_563497114\">\n\t\t<div class=\"section-bg fill\" >\n\t\t\t\t\t\t\t\t\t<div class=\"section-bg-overlay absolute fill\"><\/div>\n\t\t\t\n\n\t\t<\/div>\n\n\t\t\n\n\t\t<div class=\"section-content relative\">\n\t\t\t\n<div class=\"row row-collapse row-full-width align-middle\"  id=\"row-2145691542\">\n\n\t<div id=\"col-459326496\" class=\"col medium-6 small-12 large-6\"  >\n\t\t\t\t<div class=\"col-inner\"  >\n\t\t\t\n\t\t\t\n\t<div class=\"img has-hover x md-x lg-x y md-y lg-y\" id=\"image_747595821\">\n\t\t\t\t\t\t\t\t<div class=\"img-inner dark\" >\n\t\t\t<img loading=\"lazy\" decoding=\"async\" width=\"1020\" height=\"1020\" src=\"https:\/\/yunjinlight.com\/wp-content\/uploads\/woocommerce-placeholder-1024x1024.png\" class=\"attachment-large size-large\" alt=\"\" srcset=\"https:\/\/yunjinlight.com\/wp-content\/uploads\/woocommerce-placeholder-1024x1024.png 1024w, https:\/\/yunjinlight.com\/wp-content\/uploads\/woocommerce-placeholder-100x100.png 100w, https:\/\/yunjinlight.com\/wp-content\/uploads\/woocommerce-placeholder-510x510.png 510w, https:\/\/yunjinlight.com\/wp-content\/uploads\/woocommerce-placeholder-300x300.png 300w, https:\/\/yunjinlight.com\/wp-content\/uploads\/woocommerce-placeholder-150x150.png 150w, https:\/\/yunjinlight.com\/wp-content\/uploads\/woocommerce-placeholder-768x768.png 768w, https:\/\/yunjinlight.com\/wp-content\/uploads\/woocommerce-placeholder.png 1200w\" sizes=\"auto, (max-width: 1020px) 100vw, 1020px\" \/>\t\t\t\t\t\t\n\t\t\t\t\t<\/div>\n\t\t\t\t\t\t\t\t\n<style>\n#image_747595821 {\n  width: 100%;\n}\n<\/style>\n\t<\/div>\n\t\n\t\t<\/div>\n\t\t\t\t\t<\/div>\n\n\t\n\n\t<div id=\"col-576093006\" class=\"col medium-6 small-12 large-6\"  >\n\t\t\t\t<div class=\"col-inner text-center\"  >\n\t\t\t\n\t\t\t\n<p><span class=\"a-list-item\">Guirlande LED connectable 48tf&#8211;Guirlande LED ext\u00e9rieure avec 16 douilles \u00e0 suspendre, espac\u00e9es de 3 pieds pour chaque ampoule, 16 ampoules LED S14 de 1W et 1 de rechange incluses. 25 brins peuvent \u00eatre connect\u00e9s au maximum. Les ampoules LED \u00e0 haut rendement \u00e9conomisent plus de 90 % d&#8217;\u00e9nergie par rapport aux ampoules \u00e0 incandescence. La longue dur\u00e9e de vie de 30 000 heures permet de r\u00e9duire les co\u00fbts de maintenance li\u00e9s au changement fr\u00e9quent des ampoules.<\/span><\/p>\n<div class=\"video-button-wrapper\" ><a href=\"https:\/\/www.youtube.com\/watch?v=f3Hh_qSkpaA\" class=\"button open-video icon circle is-outline is-xlarge\" target=\"_blank\" rel=\"noopener\"><i class=\"icon-play\" style=\"font-size:1.5em;\" ><\/i><\/a><\/div>\n\t\t<\/div>\n\t\t\t\t\n<style>\n#col-576093006 > .col-inner {\n  padding: 10% 10% 10% 10%;\n  max-width: 520px;\n}\n<\/style>\n\t<\/div>\n\n\t\n<\/div>\n\t\t<\/div>\n\n\t\t\n<style>\n#section_563497114 {\n  padding-top: 0px;\n  padding-bottom: 0px;\n  background-color: rgb(247, 247, 247);\n}\n#section_563497114 .section-bg-overlay {\n  background-color: rgba(255, 255, 255, 0.85);\n}\n<\/style>\n\t<\/section>\n\t\n\n\t<section class=\"section\" id=\"section_663961009\">\n\t\t<div class=\"section-bg fill\" >\n\t\t\t\t\t\t\t\t\t<div class=\"section-bg-overlay absolute fill\"><\/div>\n\t\t\t\n\n\t\t<\/div>\n\n\t\t\n\n\t\t<div class=\"section-content relative\">\n\t\t\t\n<div class=\"row row-collapse row-full-width align-middle\"  id=\"row-567704320\">\n\n\t<div id=\"col-1298504509\" class=\"col medium-6 small-12 large-6\"  >\n\t\t\t\t<div class=\"col-inner text-center\"  >\n\t\t\t\n\t\t\t\n<p><span class=\"a-list-item\">Des guirlandes lumineuses commerciales parfaites pour l&#8217;int\u00e9rieur et l&#8217;ext\u00e9rieur : Les guirlandes lumineuses \u00e0 LED sont parfaites pour diff\u00e9rentes occasions, elles sont suffisamment chaudes et lumineuses, et ne sont pas trop puissantes. Vous pouvez les suspendre en toute confiance pour en faire des lampes de patio, de jardin, de porche, de f\u00eate, de jardin, de terrasse et des lampes commerciales.<\/span><\/p>\n<div class=\"video-button-wrapper\" ><a href=\"https:\/\/www.youtube.com\/watch?v=f3Hh_qSkpaA\" class=\"button open-video icon circle is-outline is-xlarge\" target=\"_blank\" rel=\"noopener\"><i class=\"icon-play\" style=\"font-size:1.5em;\" ><\/i><\/a><\/div>\n\t\t<\/div>\n\t\t\t\t\n<style>\n#col-1298504509 > .col-inner {\n  padding: 10% 10% 10% 10%;\n  max-width: 520px;\n}\n<\/style>\n\t<\/div>\n\n\t\n\n\t<div id=\"col-872553544\" class=\"col medium-6 small-12 large-6\"  >\n\t\t\t\t<div class=\"col-inner\"  >\n\t\t\t\n\t\t\t\n\t<div class=\"img has-hover x md-x lg-x y md-y lg-y\" id=\"image_724005611\">\n\t\t\t\t\t\t\t\t<div class=\"img-inner dark\" >\n\t\t\t<img loading=\"lazy\" decoding=\"async\" width=\"1020\" height=\"1020\" src=\"https:\/\/yunjinlight.com\/wp-content\/uploads\/woocommerce-placeholder-1024x1024.png\" class=\"attachment-large size-large\" alt=\"\" srcset=\"https:\/\/yunjinlight.com\/wp-content\/uploads\/woocommerce-placeholder-1024x1024.png 1024w, https:\/\/yunjinlight.com\/wp-content\/uploads\/woocommerce-placeholder-100x100.png 100w, https:\/\/yunjinlight.com\/wp-content\/uploads\/woocommerce-placeholder-510x510.png 510w, https:\/\/yunjinlight.com\/wp-content\/uploads\/woocommerce-placeholder-300x300.png 300w, https:\/\/yunjinlight.com\/wp-content\/uploads\/woocommerce-placeholder-150x150.png 150w, https:\/\/yunjinlight.com\/wp-content\/uploads\/woocommerce-placeholder-768x768.png 768w, https:\/\/yunjinlight.com\/wp-content\/uploads\/woocommerce-placeholder.png 1200w\" sizes=\"auto, (max-width: 1020px) 100vw, 1020px\" \/>\t\t\t\t\t\t\n\t\t\t\t\t<\/div>\n\t\t\t\t\t\t\t\t\n<style>\n#image_724005611 {\n  width: 100%;\n}\n<\/style>\n\t<\/div>\n\t\n\t\t<\/div>\n\t\t\t\t\t<\/div>\n\n\t\n<\/div>\n\t\t<\/div>\n\n\t\t\n<style>\n#section_663961009 {\n  padding-top: 0px;\n  padding-bottom: 0px;\n  background-color: rgb(247, 247, 247);\n}\n#section_663961009 .section-bg-overlay {\n  background-color: rgba(255, 255, 255, 0.85);\n}\n<\/style>\n\t<\/section>\n\t\n\n\t<section class=\"section\" id=\"section_1541432366\">\n\t\t<div class=\"section-bg fill\" >\n\t\t\t\t\t\t\t\t\t<div class=\"section-bg-overlay absolute fill\"><\/div>\n\t\t\t\n\n\t\t<\/div>\n\n\t\t\n\n\t\t<div class=\"section-content relative\">\n\t\t\t\n<div class=\"row row-collapse row-full-width align-middle\"  id=\"row-1017742711\">\n\n\t<div id=\"col-921874451\" class=\"col medium-6 small-12 large-6\"  >\n\t\t\t\t<div class=\"col-inner\"  >\n\t\t\t\n\t\t\t\n\t<div class=\"img has-hover x md-x lg-x y md-y lg-y\" id=\"image_1817965515\">\n\t\t\t\t\t\t\t\t<div class=\"img-inner dark\" >\n\t\t\t<img loading=\"lazy\" decoding=\"async\" width=\"1020\" height=\"1020\" src=\"https:\/\/yunjinlight.com\/wp-content\/uploads\/woocommerce-placeholder-1024x1024.png\" class=\"attachment-large size-large\" alt=\"\" srcset=\"https:\/\/yunjinlight.com\/wp-content\/uploads\/woocommerce-placeholder-1024x1024.png 1024w, https:\/\/yunjinlight.com\/wp-content\/uploads\/woocommerce-placeholder-100x100.png 100w, https:\/\/yunjinlight.com\/wp-content\/uploads\/woocommerce-placeholder-510x510.png 510w, https:\/\/yunjinlight.com\/wp-content\/uploads\/woocommerce-placeholder-300x300.png 300w, https:\/\/yunjinlight.com\/wp-content\/uploads\/woocommerce-placeholder-150x150.png 150w, https:\/\/yunjinlight.com\/wp-content\/uploads\/woocommerce-placeholder-768x768.png 768w, https:\/\/yunjinlight.com\/wp-content\/uploads\/woocommerce-placeholder.png 1200w\" sizes=\"auto, (max-width: 1020px) 100vw, 1020px\" \/>\t\t\t\t\t\t\n\t\t\t\t\t<\/div>\n\t\t\t\t\t\t\t\t\n<style>\n#image_1817965515 {\n  width: 100%;\n}\n<\/style>\n\t<\/div>\n\t\n\t\t<\/div>\n\t\t\t\t\t<\/div>\n\n\t\n\n\t<div id=\"col-1384010146\" class=\"col medium-6 small-12 large-6\"  >\n\t\t\t\t<div class=\"col-inner text-center\"  >\n\t\t\t\n\t\t\t\n<p>Installation facile : Les lumi\u00e8res de patio de 48 pieds sont faciles \u00e0 installer, il suffit de visser des ampoules LED Edison de 2 watts S14 dans 15 douilles E26 suspendues sur chaque fil de 48 pieds et de suspendre le fil \u00e0 un mur ext\u00e9rieur, une cl\u00f4ture, une balustrade ou des poteaux autoportants.<\/p>\n<div class=\"video-button-wrapper\" ><a href=\"https:\/\/www.youtube.com\/watch?v=f3Hh_qSkpaA\" class=\"button open-video icon circle is-outline is-xlarge\" target=\"_blank\" rel=\"noopener\"><i class=\"icon-play\" style=\"font-size:1.5em;\" ><\/i><\/a><\/div>\n\t\t<\/div>\n\t\t\t\t\n<style>\n#col-1384010146 > .col-inner {\n  padding: 10% 10% 10% 10%;\n  max-width: 520px;\n}\n<\/style>\n\t<\/div>\n\n\t\n<\/div>\n\t\t<\/div>\n\n\t\t\n<style>\n#section_1541432366 {\n  padding-top: 0px;\n  padding-bottom: 0px;\n  background-color: rgb(247, 247, 247);\n}\n#section_1541432366 .section-bg-overlay {\n  background-color: rgba(255, 255, 255, 0.85);\n}\n<\/style>\n\t<\/section>\n\t\n\n\t<section class=\"section\" id=\"section_1610538721\">\n\t\t<div class=\"section-bg fill\" >\n\t\t\t\t\t\t\t\t\t<div class=\"section-bg-overlay absolute fill\"><\/div>\n\t\t\t\n\n\t\t<\/div>\n\n\t\t\n\n\t\t<div class=\"section-content relative\">\n\t\t\t\n<div class=\"row row-collapse row-full-width align-middle\"  id=\"row-1127231631\">\n\n\t<div id=\"col-545548138\" class=\"col medium-6 small-12 large-6\"  >\n\t\t\t\t<div class=\"col-inner text-center\"  >\n\t\t\t\n\t\t\t\n<p><span class=\"a-list-item\">\u00c9clairage \u00e0 intensit\u00e9 variable : R\u00e9glez vos guirlandes lumineuses entre 1 % et 100 % via l&#8217;application de contr\u00f4le intelligente. Id\u00e9al pour recevoir ou se d\u00e9tendre. Profitez des soir\u00e9es romantiques, des f\u00eates et des r\u00e9unions de famille dans un environnement \u00e9l\u00e9gant et bien \u00e9clair\u00e9.<\/span><\/p>\n<div class=\"video-button-wrapper\" style=\"font-size:60%\"><a href=\"https:\/\/www.youtube.com\/watch?v=f3Hh_qSkpaA\" class=\"button open-video icon circle is-outline is-xlarge\" target=\"_blank\" rel=\"noopener\"><i class=\"icon-play\" style=\"font-size:1.5em;\" ><\/i><\/a><\/div>\n\t\t<\/div>\n\t\t\t\t\n<style>\n#col-545548138 > .col-inner {\n  padding: 10% 10% 10% 10%;\n  max-width: 520px;\n}\n<\/style>\n\t<\/div>\n\n\t\n\n\t<div id=\"col-640725\" class=\"col medium-6 small-12 large-6\"  >\n\t\t\t\t<div class=\"col-inner\"  >\n\t\t\t\n\t\t\t\n\t<div class=\"img has-hover x md-x lg-x y md-y lg-y\" id=\"image_1042995601\">\n\t\t\t\t\t\t\t\t<div class=\"img-inner dark\" >\n\t\t\t<img loading=\"lazy\" decoding=\"async\" width=\"1020\" height=\"1020\" src=\"https:\/\/yunjinlight.com\/wp-content\/uploads\/woocommerce-placeholder-1024x1024.png\" class=\"attachment-large size-large\" alt=\"\" srcset=\"https:\/\/yunjinlight.com\/wp-content\/uploads\/woocommerce-placeholder-1024x1024.png 1024w, https:\/\/yunjinlight.com\/wp-content\/uploads\/woocommerce-placeholder-100x100.png 100w, https:\/\/yunjinlight.com\/wp-content\/uploads\/woocommerce-placeholder-510x510.png 510w, https:\/\/yunjinlight.com\/wp-content\/uploads\/woocommerce-placeholder-300x300.png 300w, https:\/\/yunjinlight.com\/wp-content\/uploads\/woocommerce-placeholder-150x150.png 150w, https:\/\/yunjinlight.com\/wp-content\/uploads\/woocommerce-placeholder-768x768.png 768w, https:\/\/yunjinlight.com\/wp-content\/uploads\/woocommerce-placeholder.png 1200w\" sizes=\"auto, (max-width: 1020px) 100vw, 1020px\" \/>\t\t\t\t\t\t\n\t\t\t\t\t<\/div>\n\t\t\t\t\t\t\t\t\n<style>\n#image_1042995601 {\n  width: 100%;\n}\n<\/style>\n\t<\/div>\n\t\n\t\t<\/div>\n\t\t\t\t\t<\/div>\n\n\t\n<\/div>\n\t\t<\/div>\n\n\t\t\n<style>\n#section_1610538721 {\n  padding-top: 0px;\n  padding-bottom: 0px;\n  background-color: rgb(247, 247, 247);\n}\n#section_1610538721 .section-bg-overlay {\n  background-color: rgba(255, 255, 255, 0.85);\n}\n<\/style>\n\t<\/section>\n\t\n","protected":false},"excerpt":{"rendered":"<table>\n<tbody>\n<tr>\n<td>Option c\u00e2ble<\/td>\n<td>Caoutchouc ou PVC, 2 &#8211; wries<\/td>\n<\/tr>\n<tr>\n<td>Longueur<\/td>\n<td>48ft\/36ft\/24ft personnalis\u00e9<\/td>\n<\/tr>\n<tr>\n<td>Bouchon<\/td>\n<td>NEMA 1-15P, europ\u00e9en, anglais, australien ou autres<\/td>\n<\/tr>\n<tr>\n<td>ampoules<\/td>\n<td>S14, G40 ou personnalis\u00e9<\/td>\n<\/tr>\n<tr>\n<td>Contr\u00f4le<\/td>\n<td>T\u00e9l\u00e9phone intelligent, Alexa, Google Assistant et autres commandes vocales<\/td>\n<\/tr>\n<tr>\n<td>Couleur<\/td>\n<td>Blanc chaud<\/td>\n<\/tr>\n<tr>\n<td>Ampoule de contr\u00f4le maximale<\/td>\n<td>48 ampoules<\/td>\n<\/tr>\n<tr>\n<td>Connectez-vous \u00e0<\/td>\n<td>2 &#8211; les broches se connectent<\/td>\n<\/tr>\n<tr>\n<td>Imperm\u00e9able \u00e0 l&#8217;eau<\/td>\n<td>IP65\/IP44<\/td>\n<\/tr>\n<\/tbody>\n<\/table>\n","protected":false},"featured_media":605,"comment_status":"open","ping_status":"closed","template":"","meta":[],"product_brand":[],"product_cat":[132],"product_tag":[],"class_list":{"0":"post-645","1":"product","2":"type-product","3":"status-publish","4":"has-post-thumbnail","6":"product_cat-smart-string-light-fr","8":"first","9":"instock","10":"shipping-taxable","11":"product-type-simple"},"_links":{"self":[{"href":"https:\/\/yunjinlight.com\/fr\/wp-json\/wp\/v2\/product\/645","targetHints":{"allow":["GET"]}}],"collection":[{"href":"https:\/\/yunjinlight.com\/fr\/wp-json\/wp\/v2\/product"}],"about":[{"href":"https:\/\/yunjinlight.com\/fr\/wp-json\/wp\/v2\/types\/product"}],"replies":[{"embeddable":true,"href":"https:\/\/yunjinlight.com\/fr\/wp-json\/wp\/v2\/comments?post=645"}],"wp:featuredmedia":[{"embeddable":true,"href":"https:\/\/yunjinlight.com\/fr\/wp-json\/wp\/v2\/media\/605"}],"wp:attachment":[{"href":"https:\/\/yunjinlight.com\/fr\/wp-json\/wp\/v2\/media?parent=645"}],"wp:term":[{"taxonomy":"product_brand","embeddable":true,"href":"https:\/\/yunjinlight.com\/fr\/wp-json\/wp\/v2\/product_brand?post=645"},{"taxonomy":"product_cat","embeddable":true,"href":"https:\/\/yunjinlight.com\/fr\/wp-json\/wp\/v2\/product_cat?post=645"},{"taxonomy":"product_tag","embeddable":true,"href":"https:\/\/yunjinlight.com\/fr\/wp-json\/wp\/v2\/product_tag?post=645"}],"curies":[{"name":"wp","href":"https:\/\/api.w.org\/{rel}","templated":true}]}}