{"id":643,"date":"2021-12-25T08:51:35","date_gmt":"2021-12-25T08:51:35","guid":{"rendered":"https:\/\/yunjinlight.com\/product\/1450-led-intelligentes-a-couleurs-changeantes-pour-lexterieur-et-linterieur\/"},"modified":"2022-06-21T07:53:28","modified_gmt":"2022-06-21T07:53:28","slug":"1450-led-intelligentes-a-couleurs-changeantes-pour-lexterieur-et-linterieur","status":"publish","type":"product","link":"https:\/\/yunjinlight.com\/fr\/produit\/1450-led-intelligentes-a-couleurs-changeantes-pour-lexterieur-et-linterieur\/","title":{"rendered":"1450 LED intelligentes \u00e0 couleurs changeantes pour l&#8217;ext\u00e9rieur et l&#8217;int\u00e9rieur."},"content":{"rendered":"<div class=\"video video-fit mb\" style=\"padding-top:56.25%;\"><p><iframe loading=\"lazy\" title=\"1450 Smart LED Color changing Outdoor\/Indoor String Lights  smart color string light\" width=\"1020\" height=\"574\" src=\"https:\/\/www.youtube.com\/embed\/FBCUeJeYajU?feature=oembed\" frameborder=\"0\" allow=\"accelerometer; autoplay; clipboard-write; encrypted-media; gyroscope; picture-in-picture\" allowfullscreen><\/iframe><\/p>\n<\/div>\n<h2>Lumi\u00e8res LED intelligentes \u00e0 changement de couleur<\/h2>\n<p>La guirlande LED intelligente 1450 a un changement de <a href=\"https:\/\/yunjinlight.com\/what-is-the-differences-3-wire-cable-and-5-wire-cable-for-string-light\/\">couleur illimit\u00e9<\/a>, la LED RGBWW, vous permet de contr\u00f4ler la couleur de la lumi\u00e8re via l&#8217;application de la marque personnalis\u00e9e ou l&#8217;application <a href=\"https:\/\/www.tuya.com\/\" target=\"_blank\" rel=\"noopener\">Tuya<\/a> (nos produits de lumi\u00e8re intelligente sont la plateforme IoT intelligente Tuya) via le smartphone, Android, ou iPhone. Contrairement aux autres guirlandes lumineuses contr\u00f4l\u00e9es par une t\u00e9l\u00e9commande, cette guirlande lumineuse connecte la guirlande lumineuse au smartphone par le Wifi et le Bluetooth pour la premi\u00e8re fois, puis avec l&#8217;aide du serveur Cloud, vous pouvez contr\u00f4ler la guirlande lumineuse \u00e0 n&#8217;importe quel endroit o\u00f9 la guirlande lumineuse se connecte \u00e0 Internet. La lumi\u00e8re est enti\u00e8rement gradable dans n&#8217;importe quelle couleur, ce qui peut \u00eatre adapt\u00e9 \u00e0 l&#8217;environnement. Le moule de couleur blanche peut \u00e9galement contr\u00f4ler la lumi\u00e8re en couleur blanche chaude ou blanche froide.<br \/>\nPar rapport aux guirlandes lumineuses halog\u00e8nes, les guirlandes lumineuses \u00e0 LED ont une dur\u00e9e de vie beaucoup plus longue et peuvent fournir de nombreuses couleurs pour r\u00e9pondre \u00e0 vos besoins en diff\u00e9rentes occasions.<\/p>\n<p><img loading=\"lazy\" decoding=\"async\" class=\"wp-image-313 size-medium aligncenter\" src=\"https:\/\/yunjinlight.com\/wp-content\/uploads\/2022\/01\/HBN-stringlights-300x283.jpg\" alt=\"Lumi\u00e8res LED intelligentes \u00e0 changement de couleur\" width=\"300\" height=\"283\" srcset=\"https:\/\/yunjinlight.com\/wp-content\/uploads\/2022\/01\/HBN-stringlights-300x283.jpg 300w, https:\/\/yunjinlight.com\/wp-content\/uploads\/2022\/01\/HBN-stringlights-510x481.jpg 510w, https:\/\/yunjinlight.com\/wp-content\/uploads\/2022\/01\/HBN-stringlights-1024x965.jpg 1024w, https:\/\/yunjinlight.com\/wp-content\/uploads\/2022\/01\/HBN-stringlights-768x724.jpg 768w, https:\/\/yunjinlight.com\/wp-content\/uploads\/2022\/01\/HBN-stringlights.jpg 1500w\" sizes=\"auto, (max-width: 300px) 100vw, 300px\" \/><\/p>\n<h2>Les ampoules en acrylique sont \u00e9tanches et solides<\/h2>\n<p>La guirlande lumineuse 1450 Smart peut fonctionner \u00e0 l&#8217;ext\u00e9rieur ou \u00e0 l&#8217;int\u00e9rieur, l&#8217;ampoule est en acrylique, la classe d&#8217;\u00e9tanch\u00e9it\u00e9 peut atteindre IP65, et l&#8217;acrylique ne se brisera pas en cas de coup de vent ou de pluie. Il est possible de travailler en ext\u00e9rieur en toute s\u00e9curit\u00e9. M\u00eame en travaillant \u00e0 l&#8217;int\u00e9rieur, les ampoules acryliques sont vraiment belles et s&#8217;adaptent \u00e0 l&#8217;environnement. Ce sera cool d&#8217;installer la lumi\u00e8re sur le patio, le gazebo, le bistro, le caf\u00e9, la cour, ou la f\u00eate de No\u00ebl.<\/p>\n<p><img loading=\"lazy\" decoding=\"async\" class=\"size-medium wp-image-231 aligncenter\" src=\"https:\/\/yunjinlight.com\/wp-content\/uploads\/2021\/12\/638711529-300x300.jpg\" alt=\"\" width=\"300\" height=\"300\" srcset=\"https:\/\/yunjinlight.com\/wp-content\/uploads\/2021\/12\/638711529-300x300.jpg 300w, https:\/\/yunjinlight.com\/wp-content\/uploads\/2021\/12\/638711529-100x100.jpg 100w, https:\/\/yunjinlight.com\/wp-content\/uploads\/2021\/12\/638711529-510x510.jpg 510w, https:\/\/yunjinlight.com\/wp-content\/uploads\/2021\/12\/638711529-1024x1024.jpg 1024w, https:\/\/yunjinlight.com\/wp-content\/uploads\/2021\/12\/638711529-150x150.jpg 150w, https:\/\/yunjinlight.com\/wp-content\/uploads\/2021\/12\/638711529-768x768.jpg 768w, https:\/\/yunjinlight.com\/wp-content\/uploads\/2021\/12\/638711529.jpg 1500w\" sizes=\"auto, (max-width: 300px) 100vw, 300px\" \/><img loading=\"lazy\" decoding=\"async\" class=\"size-medium wp-image-246 aligncenter\" style=\"color: #333333;\" src=\"https:\/\/yunjinlight.com\/wp-content\/uploads\/2021\/12\/235d3a84-45e2-4d75-904e-533711ea3aef.__CR00970600_PT0_SX970_V1___-300x186.jpg\" alt=\"\" width=\"300\" height=\"186\" srcset=\"https:\/\/yunjinlight.com\/wp-content\/uploads\/2021\/12\/235d3a84-45e2-4d75-904e-533711ea3aef.__CR00970600_PT0_SX970_V1___-300x186.jpg 300w, https:\/\/yunjinlight.com\/wp-content\/uploads\/2021\/12\/235d3a84-45e2-4d75-904e-533711ea3aef.__CR00970600_PT0_SX970_V1___-510x315.jpg 510w, https:\/\/yunjinlight.com\/wp-content\/uploads\/2021\/12\/235d3a84-45e2-4d75-904e-533711ea3aef.__CR00970600_PT0_SX970_V1___-768x475.jpg 768w, https:\/\/yunjinlight.com\/wp-content\/uploads\/2021\/12\/235d3a84-45e2-4d75-904e-533711ea3aef.__CR00970600_PT0_SX970_V1___.jpg 970w\" sizes=\"auto, (max-width: 300px) 100vw, 300px\" \/><\/p>\n<h2>Il existe de nombreuses m\u00e9thodes intelligentes pour contr\u00f4ler les guirlandes lumineuses.<\/h2>\n<p>Au-del\u00e0 de l&#8217;application smartphone qui contr\u00f4le les lumi\u00e8res LED intelligentes \u00e0 changement de couleur, il y a un interrupteur sur le bo\u00eetier de commande, pour simplement contr\u00f4ler l&#8217;allumage et l&#8217;extinction, et la chose \u00e9tonnante est que vous pouvez utiliser l&#8217;Amazon Alexa ou google assistant pour contr\u00f4ler la lumi\u00e8re avec la commande vocale. Dans l&#8217;application, il y a quelques sc\u00e8nes pr\u00e9par\u00e9es en mode color\u00e9. En un seul clic, la lumi\u00e8re peut \u00eatre convertie pour fonctionner dans le mode que vous souhaitez. La lumi\u00e8re clignotait, scintillait, diminuait, clignotait en s\u00e9quence, et changeait beaucoup selon le mode. Vous pouvez \u00e9galement r\u00e9gler l&#8217;heure de l&#8217;\u00e9clairage pour que la lumi\u00e8re s&#8217;allume et s&#8217;\u00e9teigne automatiquement. Les lumi\u00e8res programm\u00e9es au coucher du soleil sont plut\u00f4t cool.<\/p>\n<h2>comment connecter des guirlandes lumineuses ?<\/h2>\n<p>La guirlande lumineuse est une version \u00e0 3 fils, la suivante peut se connecter \u00e0 la pr\u00e9c\u00e9dente facilement. L&#8217;extr\u00e9mit\u00e9 de chaque lampe aura une douille sp\u00e9ciale. Retirez le bo\u00eetier de contr\u00f4le de la cha\u00eene suivante, vous pouvez trouver la fiche. Connecter la fiche \u00e0 la prise, visser le manchon, et voil\u00e0 !<\/p>\n<h2>combien de guirlandes lumineuses peuvent \u00eatre enfil\u00e9es ensemble ?<\/h2>\n<p>Cette guirlande lumineuse peut fonctionner avec un nombre maximal de 48 ampoules. Vous pouvez choisir une longueur et un nombre diff\u00e9rents d&#8217;ampoules dans une guirlande lumineuse, \u00e0 connecter. Assurez-vous que les ampoules ne d\u00e9passent pas le nombre maximal de 48 ampoules.<\/p>\n<h3 class=\"accordion_title\">Questions fr\u00e9quemment pos\u00e9es<\/h3><div class=\"accordion\">\n\t<div id=\"accordion-1916442801\" class=\"accordion-item\">\n\t\t<a id=\"accordion-1916442801-label\" class=\"accordion-title plain\" href=\"#accordion-item-quels-sont-les-param\u00e8tres-que-je-dois-d\u00e9terminer-pour-personnaliser-ma-propre-marque-de-guirlandes-lumineuses-intelligentes-?\" aria-expanded=\"false\" aria-controls=\"accordion-1916442801-content\" >\n\t\t\t<button class=\"toggle\" aria-label=\"Basculer\"><i class=\"icon-angle-down\"><\/i><\/button>\n\t\t\t<span>Quels sont les param\u00e8tres que je dois d\u00e9terminer pour personnaliser ma propre marque de guirlandes lumineuses intelligentes ?<\/span>\n\t\t<\/a>\n\t\t<div id=\"accordion-1916442801-content\" class=\"accordion-inner\" aria-labelledby=\"accordion-1916442801-label\" >\n\t\t\t\n<p>Pour une petite entreprise, les guirlandes lumineuses intelligentes constituent en fait une tr\u00e8s faible barri\u00e8re \u00e0 l&#8217;entr\u00e9e. Parce que Tuya offre d\u00e9j\u00e0 une solution compl\u00e8te sans barri\u00e8res techniques. Lorsque vous personnalisez votre propre marque de guirlandes lumineuses intelligentes, il vous suffit de prendre en compte certaines diff\u00e9renciations mat\u00e9rielles. Tuya a d\u00e9j\u00e0 d\u00e9velopp\u00e9 une s\u00e9rie de solutions personnalis\u00e9es pour ses clients.<br \/>\nNous disposons d\u00e9j\u00e0 d&#8217;une vari\u00e9t\u00e9 de mod\u00e8les de suspension en triangle, de plusieurs styles d&#8217;ampoules, d&#8217;extensions, d&#8217;espacements d&#8217;ampoules personnalisables, etc. pour les options de cha\u00eenes intelligentes. Il suffit de faire un choix en fonction de vos pr\u00e9f\u00e9rences et vous pouvez compl\u00e9ter un produit smart string de votre propre marque.<br \/>\nEn termes de solutions logicielles, vous pouvez facilement d\u00e9velopper votre propre plateforme intelligente sur la plateforme de d\u00e9veloppement de tuya, en utilisant des outils de d\u00e9veloppement d&#8217;applications sans code. Comme il existe des modules de d\u00e9veloppement pr\u00e9\u00e9tablis, aucune personne technique n&#8217;est n\u00e9cessaire pour les d\u00e9velopper.<\/p>\n\t\t<\/div>\n\t<\/div>\n\t\n\t<div id=\"accordion-3288948619\" class=\"accordion-item\">\n\t\t<a id=\"accordion-3288948619-label\" class=\"accordion-title plain\" href=\"#accordion-item-comment-r\u00e9soudre-le-probl\u00e8me-de-l&#039;emballage,-de-la-logistique,-de-l&#039;\u00e9tiquetage,-etc.-pour-les-petites-entreprises-?\" aria-expanded=\"false\" aria-controls=\"accordion-3288948619-content\" >\n\t\t\t<button class=\"toggle\" aria-label=\"Basculer\"><i class=\"icon-angle-down\"><\/i><\/button>\n\t\t\t<span>Comment r\u00e9soudre le probl\u00e8me de l'emballage, de la logistique, de l'\u00e9tiquetage, etc. pour les petites entreprises ?<\/span>\n\t\t<\/a>\n\t\t<div id=\"accordion-3288948619-content\" class=\"accordion-inner\" aria-labelledby=\"accordion-3288948619-label\" >\n\t\t\t\n<p>Nous avons beaucoup de clients dans le domaine du commerce \u00e9lectronique, et ce sont leurs principales pr\u00e9occupations. Nous pouvons aider nos clients \u00e0 r\u00e9soudre ces probl\u00e8mes. En ce qui concerne la conception des emballages, nous avons des tailles et des param\u00e8tres pr\u00e9d\u00e9finis. En ce qui concerne la conception des emballages, nous pouvons vous fournir des produits \u00e0 photographier vous-m\u00eame. Cela ne fera que prouver la diff\u00e9renciation de l&#8217;emballage. Certains clients ont des codes de produit, un \u00e9tiquetage et d&#8217;autres exigences, nous r\u00e9soudrons ces probl\u00e8mes pour les clients un par un. Il y a beaucoup de clients qui ont un tr\u00e8s bon sens du service, ils personnaliseront \u00e9galement un code QR d&#8217;enregistrement de produit pour chaque produit. En cas de probl\u00e8me, nous aiderons les clients \u00e0 le r\u00e9soudre un par un.<\/p>\n\t\t<\/div>\n\t<\/div>\n\t\n\t<div id=\"accordion-1470179705\" class=\"accordion-item\">\n\t\t<a id=\"accordion-1470179705-label\" class=\"accordion-title plain\" href=\"#accordion-item-quels-sont-les-certificats-de-nos-guirlandes-lumineuses-intelligentes-?\" aria-expanded=\"false\" aria-controls=\"accordion-1470179705-content\" >\n\t\t\t<button class=\"toggle\" aria-label=\"Basculer\"><i class=\"icon-angle-down\"><\/i><\/button>\n\t\t\t<span>Quels sont les certificats de nos guirlandes lumineuses intelligentes ?<\/span>\n\t\t<\/a>\n\t\t<div id=\"accordion-1470179705-content\" class=\"accordion-inner\" aria-labelledby=\"accordion-1470179705-label\" >\n\t\t\t\n<p>Nous effectuons une s\u00e9rie de certifications de produits pour chaque march\u00e9 que nous p\u00e9n\u00e9trons. Par cons\u00e9quent, nos guirlandes lumineuses intelligentes incluent la certification requise par la plupart des pays d&#8217;Europe, d&#8217;Am\u00e9rique et d&#8217;Asie. CE, CB, Rohs, UL, etc. Si votre march\u00e9 est un march\u00e9 \u00e9mergent, nous travaillerons avec vous pour compl\u00e9ter la certification pour le nouveau march\u00e9.<\/p>\n\t\t<\/div>\n\t<\/div>\n\t\n\t<div id=\"accordion-2947628131\" class=\"accordion-item\">\n\t\t<a id=\"accordion-2947628131-label\" class=\"accordion-title plain\" href=\"#accordion-item-des-questions-sur-le-cycle-de-production-et-l&#039;exp\u00e9dition-des-produits-?\" aria-expanded=\"false\" aria-controls=\"accordion-2947628131-content\" >\n\t\t\t<button class=\"toggle\" aria-label=\"Basculer\"><i class=\"icon-angle-down\"><\/i><\/button>\n\t\t\t<span>Des questions sur le cycle de production et l'exp\u00e9dition des produits ?<\/span>\n\t\t<\/a>\n\t\t<div id=\"accordion-2947628131-content\" class=\"accordion-inner\" aria-labelledby=\"accordion-2947628131-label\" >\n\t\t\t\n<p>Pour les cordes intelligentes avec nos param\u00e8tres pr\u00e9d\u00e9finis existants et des quantit\u00e9s moyennes, notre d\u00e9lai de production sera d&#8217;environ 20-25 jours. Les produits personnalis\u00e9s b\u00e9n\u00e9ficieront d&#8217;un d\u00e9lai suppl\u00e9mentaire. Pendant ce processus, il y a un temps de d\u00e9veloppement et de d\u00e9bogage du logiciel pour les nouveaux clients. C&#8217;est juste \u00e0 temps pour que le client puisse mettre son produit en rayon rapidement.<br \/>\nPour l&#8217;exp\u00e9dition, notre usine est situ\u00e9e \u00e0 Ningbo, dans la province du Zhejiang, pr\u00e8s du plus grand port en eau profonde de Chine, Zhoushan, qui est l&#8217;un des plus c\u00e9l\u00e8bres ports maritimes du monde. L&#8217;exp\u00e9dition est tr\u00e8s pratique. Nous avons plus de 10 conteneurs hauts exp\u00e9di\u00e9s dans le monde entier chaque mois.<\/p>\n\t\t<\/div>\n\t<\/div>\n\t\n\t<div id=\"accordion-681226862\" class=\"accordion-item\">\n\t\t<a id=\"accordion-681226862-label\" class=\"accordion-title plain\" href=\"#accordion-item-les-petites-entreprises-clientes-de-l&#039;\u00e9clairage,-comment-transformer-les-produits-d&#039;\u00e9clairage-en-internet-des-objets-?\" aria-expanded=\"false\" aria-controls=\"accordion-681226862-content\" >\n\t\t\t<button class=\"toggle\" aria-label=\"Basculer\"><i class=\"icon-angle-down\"><\/i><\/button>\n\t\t\t<span>Les petites entreprises clientes de l'\u00e9clairage, comment transformer les produits d'\u00e9clairage en Internet des objets ?<\/span>\n\t\t<\/a>\n\t\t<div id=\"accordion-681226862-content\" class=\"accordion-inner\" aria-labelledby=\"accordion-681226862-label\" >\n\t\t\t\n<p>La moiti\u00e9 de nos nouveaux clients viennent de vendeurs de lampes traditionnels. La concurrence \u00e9tant trop f\u00e9roce dans l&#8217;\u00e9clairage traditionnel, la marge b\u00e9n\u00e9ficiaire est occup\u00e9e par les grandes marques. Dans le m\u00eame temps, la tendance de l&#8217;Internet des objets, parce qu&#8217;il n&#8217;y a pas de technologie, ne peut pas se joindre.<br \/>\nEn fait, il y a un malentendu ici, pour la plupart des petites entreprises, il n&#8217;est pas n\u00e9cessaire de d\u00e9velopper leur propre technologie ou applications IoT. Une solution bien int\u00e9gr\u00e9e comme Tuya est la meilleure solution. L&#8217;\u00e9tape suivante consiste \u00e0 trouver une solution mat\u00e9rielle comme Yunjin. Il n&#8217;est pas difficile de construire votre propre solution de luminaire IoT. Et comme il s&#8217;agit d&#8217;un march\u00e9 de niche, les grandes marques n&#8217;ont pas beaucoup d&#8217;avantages. Aujourd&#8217;hui, il y a toute une s\u00e9rie de marques sur Amazon, toutes dans ce processus de solution et de meilleur service, ce qui attire la plupart des jeunes clients.<\/p>\n\t\t<\/div>\n\t<\/div>\n\t\n\t<div id=\"accordion-3126236243\" class=\"accordion-item\">\n\t\t<a id=\"accordion-3126236243-label\" class=\"accordion-title plain\" href=\"#accordion-item-le-jeu-de-lumi\u00e8res-intelligent-peut-il-\u00eatre-contr\u00f4l\u00e9-avec-d&#039;autres-lampes-intelligentes-?\" aria-expanded=\"false\" aria-controls=\"accordion-3126236243-content\" >\n\t\t\t<button class=\"toggle\" aria-label=\"Basculer\"><i class=\"icon-angle-down\"><\/i><\/button>\n\t\t\t<span>Le jeu de lumi\u00e8res intelligent peut-il \u00eatre contr\u00f4l\u00e9 avec d'autres lampes intelligentes ?<\/span>\n\t\t<\/a>\n\t\t<div id=\"accordion-3126236243-content\" class=\"accordion-inner\" aria-labelledby=\"accordion-3126236243-label\" >\n\t\t\t\n<p>Certains petits entrepreneurs sont int\u00e9ress\u00e9s par nos guirlandes lumineuses intelligentes, mais ils ont une inqui\u00e9tude : est-il n\u00e9cessaire de d\u00e9velopper une application pour chaque guirlande lumineuse intelligente ? Ou changer de fournisseur, est-il n\u00e9cessaire de le d\u00e9velopper \u00e0 nouveau ?<br \/>\nEn fait, tant que le logiciel utilise la plateforme de d\u00e9veloppement intelligent de Tuya. Vous pouvez changer de fournisseur \u00e0 volont\u00e9. \u00c0 l&#8217;exception de certains brevets de conception, que vous ne pourrez peut-\u00eatre pas utiliser, cela n&#8217;affecte pas le remplacement de votre fournisseur de mat\u00e9riel.<br \/>\nEn m\u00eame temps, vous pouvez utiliser l&#8217;application que vous avez d\u00e9velopp\u00e9e via Tuya pour contr\u00f4ler les produits de diff\u00e9rents fabricants de mat\u00e9riel.<br \/>\nLes clients peuvent donc trouver des solutions aupr\u00e8s de diff\u00e9rents fabricants de mat\u00e9riel d&#8217;\u00e9clairage intelligent, int\u00e9gr\u00e9es \u00e0 une application Tuya d\u00e9velopp\u00e9e par votre marque personnalis\u00e9e. Et le co\u00fbt du d\u00e9veloppement d&#8217;un logiciel n&#8217;est qu&#8217;unique. Il n&#8217;est pas n\u00e9cessaire de r\u00e9p\u00e9ter le d\u00e9veloppement, il suffit d&#8217;ajouter des modules fonctionnels.<br \/>\nDe cette fa\u00e7on, votre marque peut aussi \u00eatre votre propre \u00e9cosyst\u00e8me IoT.<\/p>\n\t\t<\/div>\n\t<\/div>\n\t\n<\/div>\n","protected":false},"excerpt":{"rendered":"<table>\n<tbody>\n<tr>\n<td>Option c\u00e2ble<\/td>\n<td>Caoutchouc ou PVC, 3 &#8211; wries<\/td>\n<\/tr>\n<tr>\n<td>Longueur<\/td>\n<td>24FT\/36FT\/48FT<\/td>\n<\/tr>\n<tr>\n<td>Bouchon<\/td>\n<td>NEMA 1-15P, europ\u00e9en, anglais, australien ou autres<\/td>\n<\/tr>\n<tr>\n<td>Ampoules<\/td>\n<td>Par d\u00e9faut ou personnalis\u00e9<\/td>\n<\/tr>\n<tr>\n<td>Contr\u00f4le<\/td>\n<td>T\u00e9l\u00e9phone intelligent, Alexa, Google Assistant et autres commandes vocales<\/td>\n<\/tr>\n<tr>\n<td>Couleur<\/td>\n<td>RGBWW<\/td>\n<\/tr>\n<tr>\n<td>Quantit\u00e9 maximale d&#8217;ampoules de contr\u00f4le<\/td>\n<td>48 ampoules<\/td>\n<\/tr>\n<tr>\n<td>Connectez-vous \u00e0<\/td>\n<td>3 &#8211; les broches se connectent<\/td>\n<\/tr>\n<tr>\n<td>Imperm\u00e9able \u00e0 l&#8217;eau<\/td>\n<td>IP65<\/td>\n<\/tr>\n<\/tbody>\n<\/table>\n","protected":false},"featured_media":601,"comment_status":"open","ping_status":"closed","template":"","meta":[],"product_brand":[],"product_cat":[132],"product_tag":[],"class_list":{"0":"post-643","1":"product","2":"type-product","3":"status-publish","4":"has-post-thumbnail","6":"product_cat-smart-string-light-fr","8":"first","9":"instock","10":"shipping-taxable","11":"product-type-simple"},"_links":{"self":[{"href":"https:\/\/yunjinlight.com\/fr\/wp-json\/wp\/v2\/product\/643","targetHints":{"allow":["GET"]}}],"collection":[{"href":"https:\/\/yunjinlight.com\/fr\/wp-json\/wp\/v2\/product"}],"about":[{"href":"https:\/\/yunjinlight.com\/fr\/wp-json\/wp\/v2\/types\/product"}],"replies":[{"embeddable":true,"href":"https:\/\/yunjinlight.com\/fr\/wp-json\/wp\/v2\/comments?post=643"}],"wp:featuredmedia":[{"embeddable":true,"href":"https:\/\/yunjinlight.com\/fr\/wp-json\/wp\/v2\/media\/601"}],"wp:attachment":[{"href":"https:\/\/yunjinlight.com\/fr\/wp-json\/wp\/v2\/media?parent=643"}],"wp:term":[{"taxonomy":"product_brand","embeddable":true,"href":"https:\/\/yunjinlight.com\/fr\/wp-json\/wp\/v2\/product_brand?post=643"},{"taxonomy":"product_cat","embeddable":true,"href":"https:\/\/yunjinlight.com\/fr\/wp-json\/wp\/v2\/product_cat?post=643"},{"taxonomy":"product_tag","embeddable":true,"href":"https:\/\/yunjinlight.com\/fr\/wp-json\/wp\/v2\/product_tag?post=643"}],"curies":[{"name":"wp","href":"https:\/\/api.w.org\/{rel}","templated":true}]}}