{"id":642,"date":"2021-12-25T08:29:45","date_gmt":"2021-12-25T08:29:45","guid":{"rendered":"https:\/\/yunjinlight.com\/product\/guirlande-solaire-s14\/"},"modified":"2022-06-21T07:17:20","modified_gmt":"2022-06-21T07:17:20","slug":"guirlande-solaire-s14","status":"publish","type":"product","link":"https:\/\/yunjinlight.com\/fr\/produit\/guirlande-solaire-s14\/","title":{"rendered":"Guirlande solaire S14"},"content":{"rendered":"\n\t<section class=\"section\" id=\"section_454897679\">\n\t\t<div class=\"section-bg fill\" >\n\t\t\t\t\t\t\t\t\t<div class=\"section-bg-overlay absolute fill\"><\/div>\n\t\t\t\n\n\t\t<\/div>\n\n\t\t\n\n\t\t<div class=\"section-content relative\">\n\t\t\t\n<div class=\"row row-collapse row-full-width align-middle\"  id=\"row-1790156932\">\n\n\t<div id=\"col-919067741\" class=\"col medium-6 small-12 large-6\"  >\n\t\t\t\t<div class=\"col-inner\"  >\n\t\t\t\n\t\t\t\n\t<div class=\"img has-hover x md-x lg-x y md-y lg-y\" id=\"image_1429615729\">\n\t\t\t\t\t\t\t\t<div class=\"img-inner dark\" >\n\t\t\t<img loading=\"lazy\" decoding=\"async\" width=\"1020\" height=\"1002\" src=\"https:\/\/yunjinlight.com\/wp-content\/uploads\/2021\/12\/71x6m4SliL._AC_SL1500_-1024x1006.jpg\" class=\"attachment-large size-large\" alt=\"\" srcset=\"https:\/\/yunjinlight.com\/wp-content\/uploads\/2021\/12\/71x6m4SliL._AC_SL1500_-1024x1006.jpg 1024w, https:\/\/yunjinlight.com\/wp-content\/uploads\/2021\/12\/71x6m4SliL._AC_SL1500_-510x501.jpg 510w, https:\/\/yunjinlight.com\/wp-content\/uploads\/2021\/12\/71x6m4SliL._AC_SL1500_-300x295.jpg 300w, https:\/\/yunjinlight.com\/wp-content\/uploads\/2021\/12\/71x6m4SliL._AC_SL1500_-768x754.jpg 768w, https:\/\/yunjinlight.com\/wp-content\/uploads\/2021\/12\/71x6m4SliL._AC_SL1500_.jpg 1500w\" sizes=\"auto, (max-width: 1020px) 100vw, 1020px\" \/>\t\t\t\t\t\t\n\t\t\t\t\t<\/div>\n\t\t\t\t\t\t\t\t\n<style>\n#image_1429615729 {\n  width: 100%;\n}\n<\/style>\n\t<\/div>\n\t\n\t\t<\/div>\n\t\t\t\t\t<\/div>\n\n\t\n\n\t<div id=\"col-780994518\" class=\"col medium-6 small-12 large-6\"  >\n\t\t\t\t<div class=\"col-inner text-center\"  >\n\t\t\t\n\t\t\t\n<h2>NOUVELLES GUIRLANDES LUMINEUSES \u00c0 \u00c9CONOMIE D&#8217;\u00c9NERGIE<\/h2>\n<p>La guirlande lumineuse solaire a r\u00e9solu les probl\u00e8mes qui se posent souvent avec les ampoules \u00e0 filament traditionnelles ou les ampoules \u00e0 DEL, tels que le clignotement, la faible luminosit\u00e9, la courte dur\u00e9e de vie, le clignotement et la consommation d&#8217;\u00e9nergie \u00e9lev\u00e9e. Les guirlandes lumineuses solaires peuvent utiliser l&#8217;\u00e9nergie solaire pour \u00e9clairer la guirlande, ce qui permet d&#8217;\u00e9conomiser de l&#8217;\u00e9nergie et de r\u00e9duire la facture d&#8217;\u00e9lectricit\u00e9.<\/p>\n\t\t<\/div>\n\t\t\t\t\n<style>\n#col-780994518 > .col-inner {\n  padding: 10% 10% 10% 10%;\n  max-width: 520px;\n}\n<\/style>\n\t<\/div>\n\n\t\n<\/div>\n\t\t<\/div>\n\n\t\t\n<style>\n#section_454897679 {\n  padding-top: 0px;\n  padding-bottom: 0px;\n  background-color: rgb(247, 247, 247);\n}\n#section_454897679 .section-bg-overlay {\n  background-color: rgba(255, 255, 255, 0.85);\n}\n<\/style>\n\t<\/section>\n\t\n\n\t<section class=\"section\" id=\"section_310989709\">\n\t\t<div class=\"section-bg fill\" >\n\t\t\t\t\t\t\t\t\t<div class=\"section-bg-overlay absolute fill\"><\/div>\n\t\t\t\n\n\t\t<\/div>\n\n\t\t\n\n\t\t<div class=\"section-content relative\">\n\t\t\t\n<div class=\"row row-collapse row-full-width align-middle\"  id=\"row-1485172067\">\n\n\t<div id=\"col-564456748\" class=\"col medium-6 small-12 large-6\"  >\n\t\t\t\t<div class=\"col-inner text-center\"  >\n\t\t\t\n\t\t\t\n<h2>FACILE \u00c0 INSTALLER<\/h2>\n<p>Les diff\u00e9rentes m\u00e9thodes pour l&#8217;installer, sont l&#8217;installation par clip ou par panneau de piquetage. Installez-les en les fixant \u00e0 l&#8217;aide d&#8217;un clip (par exemple, sur le toit d&#8217;un balcon) ou d&#8217;un piquet dans le sol. Elles diffusent une lumi\u00e8re blanche chaude de 2700K.<\/p>\n\t\t<\/div>\n\t\t\t\t\n<style>\n#col-564456748 > .col-inner {\n  padding: 10% 10% 10% 10%;\n  max-width: 520px;\n}\n<\/style>\n\t<\/div>\n\n\t\n\n\t<div id=\"col-942449465\" class=\"col medium-6 small-12 large-6\"  >\n\t\t\t\t<div class=\"col-inner\"  >\n\t\t\t\n\t\t\t\n\t<div class=\"img has-hover x md-x lg-x y md-y lg-y\" id=\"image_1216529021\">\n\t\t\t\t\t\t\t\t<div class=\"img-inner dark\" >\n\t\t\t<img loading=\"lazy\" decoding=\"async\" width=\"1020\" height=\"1013\" src=\"https:\/\/yunjinlight.com\/wp-content\/uploads\/2021\/12\/81XeK5rlFoL._AC_SL1500_-1-1024x1017.jpg\" class=\"attachment-large size-large\" alt=\"\" srcset=\"https:\/\/yunjinlight.com\/wp-content\/uploads\/2021\/12\/81XeK5rlFoL._AC_SL1500_-1-1024x1017.jpg 1024w, https:\/\/yunjinlight.com\/wp-content\/uploads\/2021\/12\/81XeK5rlFoL._AC_SL1500_-1-100x100.jpg 100w, https:\/\/yunjinlight.com\/wp-content\/uploads\/2021\/12\/81XeK5rlFoL._AC_SL1500_-1-510x507.jpg 510w, https:\/\/yunjinlight.com\/wp-content\/uploads\/2021\/12\/81XeK5rlFoL._AC_SL1500_-1-300x298.jpg 300w, https:\/\/yunjinlight.com\/wp-content\/uploads\/2021\/12\/81XeK5rlFoL._AC_SL1500_-1-150x150.jpg 150w, https:\/\/yunjinlight.com\/wp-content\/uploads\/2021\/12\/81XeK5rlFoL._AC_SL1500_-1-768x763.jpg 768w, https:\/\/yunjinlight.com\/wp-content\/uploads\/2021\/12\/81XeK5rlFoL._AC_SL1500_-1.jpg 1500w\" sizes=\"auto, (max-width: 1020px) 100vw, 1020px\" \/>\t\t\t\t\t\t\n\t\t\t\t\t<\/div>\n\t\t\t\t\t\t\t\t\n<style>\n#image_1216529021 {\n  width: 100%;\n}\n<\/style>\n\t<\/div>\n\t\n\t\t<\/div>\n\t\t\t\t\t<\/div>\n\n\t\n<\/div>\n\t\t<\/div>\n\n\t\t\n<style>\n#section_310989709 {\n  padding-top: 0px;\n  padding-bottom: 0px;\n  background-color: rgb(247, 247, 247);\n}\n#section_310989709 .section-bg-overlay {\n  background-color: rgba(255, 255, 255, 0.85);\n}\n<\/style>\n\t<\/section>\n\t\n\n\t<section class=\"section\" id=\"section_1008150639\">\n\t\t<div class=\"section-bg fill\" >\n\t\t\t\t\t\t\t\t\t<div class=\"section-bg-overlay absolute fill\"><\/div>\n\t\t\t\n\n\t\t<\/div>\n\n\t\t\n\n\t\t<div class=\"section-content relative\">\n\t\t\t\n<div class=\"row row-collapse row-full-width align-middle\"  id=\"row-2123722278\">\n\n\t<div id=\"col-1312538449\" class=\"col medium-6 small-12 large-6\"  >\n\t\t\t\t<div class=\"col-inner\"  >\n\t\t\t\n\t\t\t\n\t<div class=\"img has-hover x md-x lg-x y md-y lg-y\" id=\"image_584091323\">\n\t\t\t\t\t\t\t\t<div class=\"img-inner dark\" >\n\t\t\t<img loading=\"lazy\" decoding=\"async\" width=\"1020\" height=\"1020\" src=\"https:\/\/yunjinlight.com\/wp-content\/uploads\/2021\/12\/81zGzen8IoL._AC_SL1500_-1024x1024.jpg\" class=\"attachment-large size-large\" alt=\"\" srcset=\"https:\/\/yunjinlight.com\/wp-content\/uploads\/2021\/12\/81zGzen8IoL._AC_SL1500_-1024x1024.jpg 1024w, https:\/\/yunjinlight.com\/wp-content\/uploads\/2021\/12\/81zGzen8IoL._AC_SL1500_-100x100.jpg 100w, https:\/\/yunjinlight.com\/wp-content\/uploads\/2021\/12\/81zGzen8IoL._AC_SL1500_-510x510.jpg 510w, https:\/\/yunjinlight.com\/wp-content\/uploads\/2021\/12\/81zGzen8IoL._AC_SL1500_-300x300.jpg 300w, https:\/\/yunjinlight.com\/wp-content\/uploads\/2021\/12\/81zGzen8IoL._AC_SL1500_-150x150.jpg 150w, https:\/\/yunjinlight.com\/wp-content\/uploads\/2021\/12\/81zGzen8IoL._AC_SL1500_-768x768.jpg 768w, https:\/\/yunjinlight.com\/wp-content\/uploads\/2021\/12\/81zGzen8IoL._AC_SL1500_.jpg 1500w\" sizes=\"auto, (max-width: 1020px) 100vw, 1020px\" \/>\t\t\t\t\t\t\n\t\t\t\t\t<\/div>\n\t\t\t\t\t\t\t\t\n<style>\n#image_584091323 {\n  width: 100%;\n}\n<\/style>\n\t<\/div>\n\t\n\t\t<\/div>\n\t\t\t\t\t<\/div>\n\n\t\n\n\t<div id=\"col-993112377\" class=\"col medium-6 small-12 large-6\"  >\n\t\t\t\t<div class=\"col-inner text-center\"  >\n\t\t\t\n\t\t\t\n<p>Les lumi\u00e8res de d\u00e9coration S14 cr\u00e9ent une atmosph\u00e8re chaleureuse et romantique qui vous permettra, \u00e0 vous et \u00e0 votre ami, de vous sentir d\u00e9tendus et heureux. Id\u00e9al pour les mariages, les f\u00eates d&#8217;anniversaire, No\u00ebl, les c\u00e9l\u00e9brations de vacances, les f\u00eates et la d\u00e9coration des r\u00e9unions de famille.<br \/>Cr\u00e9er un moment inoubliable pour vous<\/p>\n\t\t<\/div>\n\t\t\t\t\n<style>\n#col-993112377 > .col-inner {\n  padding: 10% 10% 10% 10%;\n  max-width: 520px;\n}\n<\/style>\n\t<\/div>\n\n\t\n<\/div>\n\t\t<\/div>\n\n\t\t\n<style>\n#section_1008150639 {\n  padding-top: 0px;\n  padding-bottom: 0px;\n  background-color: rgb(247, 247, 247);\n}\n#section_1008150639 .section-bg-overlay {\n  background-color: rgba(255, 255, 255, 0.85);\n}\n<\/style>\n\t<\/section>\n\t\n","protected":false},"excerpt":{"rendered":"<table>\n<tbody>\n<tr>\n<td>Panneau solaire<\/td>\n<td>polycristallin 520MA 5.V<\/td>\n<\/tr>\n<tr>\n<td>Qt\u00e9 d&#8217;ampoules :<\/td>\n<td>10pcs<\/td>\n<\/tr>\n<tr>\n<td>Type d&#8217;ampoule :<\/td>\n<td>Culot E26\/27, 1 Watts, ampoule S14<\/td>\n<\/tr>\n<tr>\n<td>Couleur de la lumi\u00e8re :<\/td>\n<td>blanc chaud (2700k)<\/td>\n<\/tr>\n<tr>\n<td>Batterie :<\/td>\n<td>3.7V\/4400mAh(2*18650 2200mAh)<\/td>\n<\/tr>\n<tr>\n<td>modes d&#8217;\u00e9clairage :<\/td>\n<td>flash rapide, lumi\u00e8re constante, flash lent, lumi\u00e8re puls\u00e9e<\/td>\n<\/tr>\n<tr>\n<td>Ext\u00e9rieur :<\/td>\n<td>utiliser l&#8217;\u00e9nergie solaire pour charger<\/td>\n<\/tr>\n<tr>\n<td>Int\u00e9rieur :<\/td>\n<td>utiliser le micro-USB pour charger<\/td>\n<\/tr>\n<\/tbody>\n<\/table>\n","protected":false},"featured_media":600,"comment_status":"open","ping_status":"closed","template":"","meta":[],"product_brand":[],"product_cat":[134],"product_tag":[],"class_list":{"0":"post-642","1":"product","2":"type-product","3":"status-publish","4":"has-post-thumbnail","6":"product_cat-uncategorized-fr","8":"first","9":"instock","10":"shipping-taxable","11":"product-type-simple"},"_links":{"self":[{"href":"https:\/\/yunjinlight.com\/fr\/wp-json\/wp\/v2\/product\/642","targetHints":{"allow":["GET"]}}],"collection":[{"href":"https:\/\/yunjinlight.com\/fr\/wp-json\/wp\/v2\/product"}],"about":[{"href":"https:\/\/yunjinlight.com\/fr\/wp-json\/wp\/v2\/types\/product"}],"replies":[{"embeddable":true,"href":"https:\/\/yunjinlight.com\/fr\/wp-json\/wp\/v2\/comments?post=642"}],"wp:featuredmedia":[{"embeddable":true,"href":"https:\/\/yunjinlight.com\/fr\/wp-json\/wp\/v2\/media\/600"}],"wp:attachment":[{"href":"https:\/\/yunjinlight.com\/fr\/wp-json\/wp\/v2\/media?parent=642"}],"wp:term":[{"taxonomy":"product_brand","embeddable":true,"href":"https:\/\/yunjinlight.com\/fr\/wp-json\/wp\/v2\/product_brand?post=642"},{"taxonomy":"product_cat","embeddable":true,"href":"https:\/\/yunjinlight.com\/fr\/wp-json\/wp\/v2\/product_cat?post=642"},{"taxonomy":"product_tag","embeddable":true,"href":"https:\/\/yunjinlight.com\/fr\/wp-json\/wp\/v2\/product_tag?post=642"}],"curies":[{"name":"wp","href":"https:\/\/api.w.org\/{rel}","templated":true}]}}