{"id":641,"date":"2021-12-25T08:04:52","date_gmt":"2021-12-25T08:04:52","guid":{"rendered":"https:\/\/yunjinlight.com\/product\/guirlandes-solaires-g40\/"},"modified":"2022-06-22T06:40:13","modified_gmt":"2022-06-22T06:40:13","slug":"guirlandes-solaires-g40","status":"publish","type":"product","link":"https:\/\/yunjinlight.com\/fr\/produit\/guirlandes-solaires-g40\/","title":{"rendered":"guirlandes solaires G40"},"content":{"rendered":"\n\t<section class=\"section\" id=\"section_1737548847\">\n\t\t<div class=\"section-bg fill\" >\n\t\t\t\t\t\t\t\t\t<div class=\"section-bg-overlay absolute fill\"><\/div>\n\t\t\t\n\n\t\t<\/div>\n\n\t\t\n\n\t\t<div class=\"section-content relative\">\n\t\t\t\n<div class=\"row row-collapse row-full-width align-middle\"  id=\"row-1077935459\">\n\n\t<div id=\"col-905254581\" class=\"col medium-6 small-12 large-6\"  >\n\t\t\t\t<div class=\"col-inner text-center\"  >\n\t\t\t\n\t\t\t\n<h3><strong>NOUVELLES GUIRLANDES LUMINEUSES \u00c0 \u00c9CONOMIE D&#8217;\u00c9NERGIE<\/strong><\/h3>\n<p>La guirlande lumineuse solaire a r\u00e9solu les probl\u00e8mes qui se posent souvent avec les ampoules \u00e0 filament traditionnelles ou les ampoules \u00e0 DEL, tels que le clignotement, la faible luminosit\u00e9, la courte dur\u00e9e de vie, le clignotement et la consommation d&#8217;\u00e9nergie \u00e9lev\u00e9e. Les guirlandes lumineuses solaires peuvent utiliser l&#8217;\u00e9nergie solaire pour \u00e9clairer la guirlande, ce qui permet d&#8217;\u00e9conomiser de l&#8217;\u00e9nergie et de r\u00e9duire la facture d&#8217;\u00e9lectricit\u00e9.<\/p>\n\t\t<\/div>\n\t\t\t\t\n<style>\n#col-905254581 > .col-inner {\n  padding: 10% 10% 10% 10%;\n  max-width: 520px;\n}\n<\/style>\n\t<\/div>\n\n\t\n\n\t<div id=\"col-722301161\" class=\"col medium-6 small-12 large-6\"  >\n\t\t\t\t<div class=\"col-inner\"  >\n\t\t\t\n\t\t\t\n\t<div class=\"img has-hover x md-x lg-x y md-y lg-y\" id=\"image_1929530342\">\n\t\t\t\t\t\t\t\t<div class=\"img-inner dark\" >\n\t\t\t<img loading=\"lazy\" decoding=\"async\" width=\"1020\" height=\"952\" src=\"https:\/\/yunjinlight.com\/wp-content\/uploads\/2021\/12\/61aYDZVUMuL._AC_SL1500_-1024x956.jpg\" class=\"attachment-large size-large\" alt=\"\" srcset=\"https:\/\/yunjinlight.com\/wp-content\/uploads\/2021\/12\/61aYDZVUMuL._AC_SL1500_-1024x956.jpg 1024w, https:\/\/yunjinlight.com\/wp-content\/uploads\/2021\/12\/61aYDZVUMuL._AC_SL1500_-510x476.jpg 510w, https:\/\/yunjinlight.com\/wp-content\/uploads\/2021\/12\/61aYDZVUMuL._AC_SL1500_-300x280.jpg 300w, https:\/\/yunjinlight.com\/wp-content\/uploads\/2021\/12\/61aYDZVUMuL._AC_SL1500_-768x717.jpg 768w, https:\/\/yunjinlight.com\/wp-content\/uploads\/2021\/12\/61aYDZVUMuL._AC_SL1500_.jpg 1500w\" sizes=\"auto, (max-width: 1020px) 100vw, 1020px\" \/>\t\t\t\t\t\t\n\t\t\t\t\t<\/div>\n\t\t\t\t\t\t\t\t\n<style>\n#image_1929530342 {\n  width: 100%;\n}\n<\/style>\n\t<\/div>\n\t\n\t\t<\/div>\n\t\t\t\t\t<\/div>\n\n\t\n<\/div>\n\t\t<\/div>\n\n\t\t\n<style>\n#section_1737548847 {\n  padding-top: 0px;\n  padding-bottom: 0px;\n  background-color: rgb(247, 247, 247);\n}\n#section_1737548847 .section-bg-overlay {\n  background-color: rgba(255, 255, 255, 0.85);\n}\n<\/style>\n\t<\/section>\n\t\n\n\t<section class=\"section\" id=\"section_81133373\">\n\t\t<div class=\"section-bg fill\" >\n\t\t\t\t\t\t\t\t\t<div class=\"section-bg-overlay absolute fill\"><\/div>\n\t\t\t\n\n\t\t<\/div>\n\n\t\t\n\n\t\t<div class=\"section-content relative\">\n\t\t\t\n<div class=\"row row-collapse row-full-width align-middle\"  id=\"row-2006187400\">\n\n\t<div id=\"col-632687429\" class=\"col medium-6 small-12 large-6\"  >\n\t\t\t\t<div class=\"col-inner\"  >\n\t\t\t\n\t\t\t\n\t<div class=\"img has-hover x md-x lg-x y md-y lg-y\" id=\"image_1270906286\">\n\t\t\t\t\t\t\t\t<div class=\"img-inner dark\" >\n\t\t\t<img loading=\"lazy\" decoding=\"async\" width=\"1020\" height=\"1013\" src=\"https:\/\/yunjinlight.com\/wp-content\/uploads\/2021\/12\/81XeK5rlFoL._AC_SL1500_-1024x1017.jpg\" class=\"attachment-large size-large\" alt=\"\" srcset=\"https:\/\/yunjinlight.com\/wp-content\/uploads\/2021\/12\/81XeK5rlFoL._AC_SL1500_-1024x1017.jpg 1024w, https:\/\/yunjinlight.com\/wp-content\/uploads\/2021\/12\/81XeK5rlFoL._AC_SL1500_-100x100.jpg 100w, https:\/\/yunjinlight.com\/wp-content\/uploads\/2021\/12\/81XeK5rlFoL._AC_SL1500_-510x507.jpg 510w, https:\/\/yunjinlight.com\/wp-content\/uploads\/2021\/12\/81XeK5rlFoL._AC_SL1500_-300x298.jpg 300w, https:\/\/yunjinlight.com\/wp-content\/uploads\/2021\/12\/81XeK5rlFoL._AC_SL1500_-150x150.jpg 150w, https:\/\/yunjinlight.com\/wp-content\/uploads\/2021\/12\/81XeK5rlFoL._AC_SL1500_-768x763.jpg 768w, https:\/\/yunjinlight.com\/wp-content\/uploads\/2021\/12\/81XeK5rlFoL._AC_SL1500_.jpg 1500w\" sizes=\"auto, (max-width: 1020px) 100vw, 1020px\" \/>\t\t\t\t\t\t\n\t\t\t\t\t<\/div>\n\t\t\t\t\t\t\t\t\n<style>\n#image_1270906286 {\n  width: 100%;\n}\n<\/style>\n\t<\/div>\n\t\n\t\t<\/div>\n\t\t\t\t\t<\/div>\n\n\t\n\n\t<div id=\"col-1954749661\" class=\"col medium-6 small-12 large-6\"  >\n\t\t\t\t<div class=\"col-inner text-center\"  >\n\t\t\t\n\t\t\t\n<h3>FACILE \u00c0 INSTALLER :<\/h3>\n<p>Les diff\u00e9rentes m\u00e9thodes pour l&#8217;installer, sont l&#8217;installation par clip ou par panneau de piquetage. Installez-les en les fixant \u00e0 l&#8217;aide d&#8217;un clip (par exemple, sur le toit d&#8217;un balcon) ou d&#8217;un piquet dans le sol. Elles diffusent une lumi\u00e8re blanche chaude de 2700K.<\/p>\n\t\t<\/div>\n\t\t\t\t\n<style>\n#col-1954749661 > .col-inner {\n  padding: 10% 10% 10% 10%;\n  max-width: 520px;\n}\n<\/style>\n\t<\/div>\n\n\t\n<\/div>\n\t\t<\/div>\n\n\t\t\n<style>\n#section_81133373 {\n  padding-top: 0px;\n  padding-bottom: 0px;\n  background-color: rgb(247, 247, 247);\n}\n#section_81133373 .section-bg-overlay {\n  background-color: rgba(255, 255, 255, 0.85);\n}\n<\/style>\n\t<\/section>\n\t\n\n\t<section class=\"section\" id=\"section_70964475\">\n\t\t<div class=\"section-bg fill\" >\n\t\t\t\t\t\t\t\t\t<div class=\"section-bg-overlay absolute fill\"><\/div>\n\t\t\t\n\n\t\t<\/div>\n\n\t\t\n\n\t\t<div class=\"section-content relative\">\n\t\t\t\n<div class=\"row row-collapse row-full-width align-middle\"  id=\"row-1645082808\">\n\n\t<div id=\"col-365592451\" class=\"col medium-6 small-12 large-6\"  >\n\t\t\t\t<div class=\"col-inner text-center\"  >\n\t\t\t\n\t\t\t\n<h3>DIFF\u00c9RENTES M\u00c9THODES D&#8217;\u00c9CLAIRAGE POUR VOTRE CHOIX<\/h3>\n<p>4 m\u00e9thodes d&#8217;\u00e9clairage diff\u00e9rentes : Solide, mode respiration, stroboscope rapide et stroboscope lent. Vous pouvez choisir la m\u00e9thode en fonction de votre demande.<\/p>\n\t\t<\/div>\n\t\t\t\t\n<style>\n#col-365592451 > .col-inner {\n  padding: 10% 10% 10% 10%;\n  max-width: 520px;\n}\n<\/style>\n\t<\/div>\n\n\t\n\n\t<div id=\"col-286533317\" class=\"col medium-6 small-12 large-6\"  >\n\t\t\t\t<div class=\"col-inner\"  >\n\t\t\t\n\t\t\t\n\t<div class=\"img has-hover x md-x lg-x y md-y lg-y\" id=\"image_1587409777\">\n\t\t\t\t\t\t\t\t<div class=\"img-inner dark\" >\n\t\t\t<img loading=\"lazy\" decoding=\"async\" width=\"1020\" height=\"1020\" src=\"https:\/\/yunjinlight.com\/wp-content\/uploads\/2021\/12\/71IXm1kpDL._AC_SL1500_-1024x1024.jpg\" class=\"attachment-large size-large\" alt=\"\" srcset=\"https:\/\/yunjinlight.com\/wp-content\/uploads\/2021\/12\/71IXm1kpDL._AC_SL1500_-1024x1024.jpg 1024w, https:\/\/yunjinlight.com\/wp-content\/uploads\/2021\/12\/71IXm1kpDL._AC_SL1500_-100x100.jpg 100w, https:\/\/yunjinlight.com\/wp-content\/uploads\/2021\/12\/71IXm1kpDL._AC_SL1500_-510x510.jpg 510w, https:\/\/yunjinlight.com\/wp-content\/uploads\/2021\/12\/71IXm1kpDL._AC_SL1500_-300x300.jpg 300w, https:\/\/yunjinlight.com\/wp-content\/uploads\/2021\/12\/71IXm1kpDL._AC_SL1500_-150x150.jpg 150w, https:\/\/yunjinlight.com\/wp-content\/uploads\/2021\/12\/71IXm1kpDL._AC_SL1500_-768x768.jpg 768w, https:\/\/yunjinlight.com\/wp-content\/uploads\/2021\/12\/71IXm1kpDL._AC_SL1500_.jpg 1500w\" sizes=\"auto, (max-width: 1020px) 100vw, 1020px\" \/>\t\t\t\t\t\t\n\t\t\t\t\t<\/div>\n\t\t\t\t\t\t\t\t\n<style>\n#image_1587409777 {\n  width: 100%;\n}\n<\/style>\n\t<\/div>\n\t\n\t\t<\/div>\n\t\t\t\t\t<\/div>\n\n\t\n<\/div>\n\t\t<\/div>\n\n\t\t\n<style>\n#section_70964475 {\n  padding-top: 0px;\n  padding-bottom: 0px;\n  background-color: rgb(247, 247, 247);\n}\n#section_70964475 .section-bg-overlay {\n  background-color: rgba(255, 255, 255, 0.85);\n}\n<\/style>\n\t<\/section>\n\t\n\n\t<section class=\"section\" id=\"section_1883636233\">\n\t\t<div class=\"section-bg fill\" >\n\t\t\t\t\t\t\t\t\t<div class=\"section-bg-overlay absolute fill\"><\/div>\n\t\t\t\n\n\t\t<\/div>\n\n\t\t\n\n\t\t<div class=\"section-content relative\">\n\t\t\t\n<div class=\"row row-collapse row-full-width align-middle\"  id=\"row-2136832236\">\n\n\t<div id=\"col-1053712891\" class=\"col medium-6 small-12 large-6\"  >\n\t\t\t\t<div class=\"col-inner\"  >\n\t\t\t\n\t\t\t\n\t<div class=\"img has-hover x md-x lg-x y md-y lg-y\" id=\"image_239312671\">\n\t\t\t\t\t\t\t\t<div class=\"img-inner dark\" >\n\t\t\t<img loading=\"lazy\" decoding=\"async\" width=\"1020\" height=\"1000\" src=\"https:\/\/yunjinlight.com\/wp-content\/uploads\/2021\/12\/613l1C8L6dL._AC_SL1500_-1024x1004.jpg\" class=\"attachment-large size-large\" alt=\"\" srcset=\"https:\/\/yunjinlight.com\/wp-content\/uploads\/2021\/12\/613l1C8L6dL._AC_SL1500_-1024x1004.jpg 1024w, https:\/\/yunjinlight.com\/wp-content\/uploads\/2021\/12\/613l1C8L6dL._AC_SL1500_-510x500.jpg 510w, https:\/\/yunjinlight.com\/wp-content\/uploads\/2021\/12\/613l1C8L6dL._AC_SL1500_-300x294.jpg 300w, https:\/\/yunjinlight.com\/wp-content\/uploads\/2021\/12\/613l1C8L6dL._AC_SL1500_-768x753.jpg 768w, https:\/\/yunjinlight.com\/wp-content\/uploads\/2021\/12\/613l1C8L6dL._AC_SL1500_.jpg 1500w\" sizes=\"auto, (max-width: 1020px) 100vw, 1020px\" \/>\t\t\t\t\t\t\n\t\t\t\t\t<\/div>\n\t\t\t\t\t\t\t\t\n<style>\n#image_239312671 {\n  width: 100%;\n}\n<\/style>\n\t<\/div>\n\t\n\t\t<\/div>\n\t\t\t\t\t<\/div>\n\n\t\n\n\t<div id=\"col-1515125949\" class=\"col medium-6 small-12 large-6\"  >\n\t\t\t\t<div class=\"col-inner text-center\"  >\n\t\t\t\n\t\t\t\n<h3>AMPOULES DE STYLE VINTAGE POUR D\u00c9CORER VOTRE PATIO\/JARDIN\/PARTIE<\/h3>\n<p>Nos guirlandes solaires sont des guirlandes de qualit\u00e9 commerciale, parfaites pour la d\u00e9coration ext\u00e9rieure de votre porche\/jardin. Elles diffusent une lumi\u00e8re blanche et chaude, qui contribue \u00e0 cr\u00e9er une atmosph\u00e8re agr\u00e9able.<\/p>\n\t\t<\/div>\n\t\t\t\t\n<style>\n#col-1515125949 > .col-inner {\n  padding: 10% 10% 10% 10%;\n  max-width: 520px;\n}\n<\/style>\n\t<\/div>\n\n\t\n<\/div>\n\t\t<\/div>\n\n\t\t\n<style>\n#section_1883636233 {\n  padding-top: 0px;\n  padding-bottom: 0px;\n  background-color: rgb(247, 247, 247);\n}\n#section_1883636233 .section-bg-overlay {\n  background-color: rgba(255, 255, 255, 0.85);\n}\n<\/style>\n\t<\/section>\n\t\n","protected":false},"excerpt":{"rendered":"<table>\n<tbody>\n<tr>\n<td>Panneau solaire<\/td>\n<td>polycristallin 520MA 5.5V<\/td>\n<\/tr>\n<tr>\n<td>Qt\u00e9 d&#8217;ampoules :<\/td>\n<td>25pcs<\/td>\n<\/tr>\n<tr>\n<td>Type d&#8217;ampoule :<\/td>\n<td>E12 base, 1 Watt, G40 ampoule<\/td>\n<\/tr>\n<tr>\n<td>Couleur de la lumi\u00e8re :<\/td>\n<td>blanc chaud (2700k)<\/td>\n<\/tr>\n<tr>\n<td>Batterie :<\/td>\n<td>3.7V\/4400mAh(2*18650 2200mAh)<\/td>\n<\/tr>\n<tr>\n<td>modes d&#8217;\u00e9clairage :<\/td>\n<td>flash rapide, lumi\u00e8re constante, flash lent, lumi\u00e8re puls\u00e9e<\/td>\n<\/tr>\n<tr>\n<td>Ext\u00e9rieur :<\/td>\n<td>utiliser l&#8217;\u00e9nergie solaire pour charger<\/td>\n<\/tr>\n<\/tbody>\n<\/table>\n","protected":false},"featured_media":591,"comment_status":"open","ping_status":"closed","template":"","meta":[],"product_brand":[],"product_cat":[134],"product_tag":[],"class_list":{"0":"post-641","1":"product","2":"type-product","3":"status-publish","4":"has-post-thumbnail","6":"product_cat-uncategorized-fr","8":"first","9":"instock","10":"shipping-taxable","11":"product-type-simple"},"_links":{"self":[{"href":"https:\/\/yunjinlight.com\/fr\/wp-json\/wp\/v2\/product\/641","targetHints":{"allow":["GET"]}}],"collection":[{"href":"https:\/\/yunjinlight.com\/fr\/wp-json\/wp\/v2\/product"}],"about":[{"href":"https:\/\/yunjinlight.com\/fr\/wp-json\/wp\/v2\/types\/product"}],"replies":[{"embeddable":true,"href":"https:\/\/yunjinlight.com\/fr\/wp-json\/wp\/v2\/comments?post=641"}],"wp:featuredmedia":[{"embeddable":true,"href":"https:\/\/yunjinlight.com\/fr\/wp-json\/wp\/v2\/media\/591"}],"wp:attachment":[{"href":"https:\/\/yunjinlight.com\/fr\/wp-json\/wp\/v2\/media?parent=641"}],"wp:term":[{"taxonomy":"product_brand","embeddable":true,"href":"https:\/\/yunjinlight.com\/fr\/wp-json\/wp\/v2\/product_brand?post=641"},{"taxonomy":"product_cat","embeddable":true,"href":"https:\/\/yunjinlight.com\/fr\/wp-json\/wp\/v2\/product_cat?post=641"},{"taxonomy":"product_tag","embeddable":true,"href":"https:\/\/yunjinlight.com\/fr\/wp-json\/wp\/v2\/product_tag?post=641"}],"curies":[{"name":"wp","href":"https:\/\/api.w.org\/{rel}","templated":true}]}}