{"id":640,"date":"2021-12-25T06:03:21","date_gmt":"2021-12-25T06:03:21","guid":{"rendered":"https:\/\/yunjinlight.com\/product\/guirlande-lumineuse-de-jardin\/"},"modified":"2022-06-22T06:39:40","modified_gmt":"2022-06-22T06:39:40","slug":"guirlande-lumineuse-de-jardin","status":"publish","type":"product","link":"https:\/\/yunjinlight.com\/fr\/produit\/guirlande-lumineuse-de-jardin\/","title":{"rendered":"Guirlande lumineuse de jardin"},"content":{"rendered":"\n\t<section class=\"section\" id=\"section_806120398\">\n\t\t<div class=\"section-bg fill\" >\n\t\t\t\t\t\t\t\t\t<div class=\"section-bg-overlay absolute fill\"><\/div>\n\t\t\t\n\n\t\t<\/div>\n\n\t\t\n\n\t\t<div class=\"section-content relative\">\n\t\t\t\n<div class=\"row row-collapse row-full-width align-middle\"  id=\"row-1384522483\">\n\n\t<div id=\"col-1571065232\" class=\"col medium-6 small-12 large-6\"  >\n\t\t\t\t<div class=\"col-inner\"  >\n\t\t\t\n\t\t\t\n\t<div class=\"img has-hover x md-x lg-x y md-y lg-y\" id=\"image_103006160\">\n\t\t\t\t\t\t\t\t<div class=\"img-inner dark\" >\n\t\t\t<img loading=\"lazy\" decoding=\"async\" width=\"1020\" height=\"1020\" src=\"https:\/\/yunjinlight.com\/wp-content\/uploads\/2021\/12\/IMG_08001-\u526f\u672c-1024x1024.png\" class=\"attachment-large size-large\" alt=\"\" srcset=\"https:\/\/yunjinlight.com\/wp-content\/uploads\/2021\/12\/IMG_08001-\u526f\u672c-1024x1024.png 1024w, https:\/\/yunjinlight.com\/wp-content\/uploads\/2021\/12\/IMG_08001-\u526f\u672c-100x100.png 100w, https:\/\/yunjinlight.com\/wp-content\/uploads\/2021\/12\/IMG_08001-\u526f\u672c-510x510.png 510w, https:\/\/yunjinlight.com\/wp-content\/uploads\/2021\/12\/IMG_08001-\u526f\u672c-300x300.png 300w, https:\/\/yunjinlight.com\/wp-content\/uploads\/2021\/12\/IMG_08001-\u526f\u672c-150x150.png 150w, https:\/\/yunjinlight.com\/wp-content\/uploads\/2021\/12\/IMG_08001-\u526f\u672c-768x768.png 768w, https:\/\/yunjinlight.com\/wp-content\/uploads\/2021\/12\/IMG_08001-\u526f\u672c-1536x1536.png 1536w, https:\/\/yunjinlight.com\/wp-content\/uploads\/2021\/12\/IMG_08001-\u526f\u672c-2048x2048.png 2048w\" sizes=\"auto, (max-width: 1020px) 100vw, 1020px\" \/>\t\t\t\t\t\t\n\t\t\t\t\t<\/div>\n\t\t\t\t\t\t\t\t\n<style>\n#image_103006160 {\n  width: 100%;\n}\n<\/style>\n\t<\/div>\n\t\n\t\t<\/div>\n\t\t\t\t\t<\/div>\n\n\t\n\n\t<div id=\"col-1673025305\" class=\"col medium-6 small-12 large-6\"  >\n\t\t\t\t<div class=\"col-inner text-center\"  >\n\t\t\t\n\t\t\t\n<p>Quelle que soit la raison, l&#8217;\u00e9clairage d&#8217;ext\u00e9rieur est une id\u00e9e d&#8217;\u00e9clairage de jardin tr\u00e8s populaire et permet de cr\u00e9er une ambiance joyeuse et carnavalesque. Notre expert en installation cr\u00e9era des rang\u00e9es de guirlandes lumineuses sans discontinuit\u00e9 afin de cr\u00e9er l&#8217;ambiance parfaite pour votre \u00e9v\u00e9nement.<\/p>\n\t\t<\/div>\n\t\t\t\t\n<style>\n#col-1673025305 > .col-inner {\n  padding: 10% 10% 10% 10%;\n  max-width: 520px;\n}\n<\/style>\n\t<\/div>\n\n\t\n<\/div>\n\t\t<\/div>\n\n\t\t\n<style>\n#section_806120398 {\n  padding-top: 0px;\n  padding-bottom: 0px;\n  background-color: rgb(247, 247, 247);\n}\n#section_806120398 .section-bg-overlay {\n  background-color: rgba(255, 255, 255, 0.85);\n}\n<\/style>\n\t<\/section>\n\t\n\n\t<section class=\"section\" id=\"section_1353175027\">\n\t\t<div class=\"section-bg fill\" >\n\t\t\t\t\t\t\t\t\t<div class=\"section-bg-overlay absolute fill\"><\/div>\n\t\t\t\n\n\t\t<\/div>\n\n\t\t\n\n\t\t<div class=\"section-content relative\">\n\t\t\t\n<div class=\"row row-collapse row-full-width align-middle\"  id=\"row-2015290634\">\n\n\t<div id=\"col-1411695387\" class=\"col medium-6 small-12 large-6\"  >\n\t\t\t\t<div class=\"col-inner text-center\"  >\n\t\t\t\n\t\t\t\n\t<div id=\"text-2101712215\" class=\"text\">\n\t\t\n<p>Quelle que soit la raison, l&#8217;\u00e9clairage d&#8217;ext\u00e9rieur est une id\u00e9e d&#8217;\u00e9clairage de jardin tr\u00e8s populaire et permet de cr\u00e9er une ambiance joyeuse et carnavalesque. Notre expert en installation cr\u00e9era des rang\u00e9es de guirlandes lumineuses sans discontinuit\u00e9 afin de cr\u00e9er l&#8217;ambiance parfaite pour votre \u00e9v\u00e9nement.<\/p>\n\t\t\n<style>\n#text-2101712215 {\n  text-align: center;\n}\n<\/style>\n\t<\/div>\n\t\n\t\t<\/div>\n\t\t\t\t\n<style>\n#col-1411695387 > .col-inner {\n  padding: 10% 10% 10% 10%;\n  max-width: 520px;\n}\n<\/style>\n\t<\/div>\n\n\t\n\n\t<div id=\"col-27621331\" class=\"col medium-6 small-12 large-6\"  >\n\t\t\t\t<div class=\"col-inner\"  >\n\t\t\t\n\t\t\t\n\t<div class=\"img has-hover x md-x lg-x y md-y lg-y\" id=\"image_340497555\">\n\t\t\t\t\t\t\t\t<div class=\"img-inner dark\" >\n\t\t\t<img loading=\"lazy\" decoding=\"async\" width=\"1020\" height=\"1020\" src=\"https:\/\/yunjinlight.com\/wp-content\/uploads\/2021\/12\/IMG_08001-\u526f\u672c-1024x1024.png\" class=\"attachment-large size-large\" alt=\"\" srcset=\"https:\/\/yunjinlight.com\/wp-content\/uploads\/2021\/12\/IMG_08001-\u526f\u672c-1024x1024.png 1024w, https:\/\/yunjinlight.com\/wp-content\/uploads\/2021\/12\/IMG_08001-\u526f\u672c-100x100.png 100w, https:\/\/yunjinlight.com\/wp-content\/uploads\/2021\/12\/IMG_08001-\u526f\u672c-510x510.png 510w, https:\/\/yunjinlight.com\/wp-content\/uploads\/2021\/12\/IMG_08001-\u526f\u672c-300x300.png 300w, https:\/\/yunjinlight.com\/wp-content\/uploads\/2021\/12\/IMG_08001-\u526f\u672c-150x150.png 150w, https:\/\/yunjinlight.com\/wp-content\/uploads\/2021\/12\/IMG_08001-\u526f\u672c-768x768.png 768w, https:\/\/yunjinlight.com\/wp-content\/uploads\/2021\/12\/IMG_08001-\u526f\u672c-1536x1536.png 1536w, https:\/\/yunjinlight.com\/wp-content\/uploads\/2021\/12\/IMG_08001-\u526f\u672c-2048x2048.png 2048w\" sizes=\"auto, (max-width: 1020px) 100vw, 1020px\" \/>\t\t\t\t\t\t\n\t\t\t\t\t<\/div>\n\t\t\t\t\t\t\t\t\n<style>\n#image_340497555 {\n  width: 100%;\n}\n<\/style>\n\t<\/div>\n\t\n\t\t<\/div>\n\t\t\t\t\t<\/div>\n\n\t\n<\/div>\n\t\t<\/div>\n\n\t\t\n<style>\n#section_1353175027 {\n  padding-top: 0px;\n  padding-bottom: 0px;\n  background-color: rgb(247, 247, 247);\n}\n#section_1353175027 .section-bg-overlay {\n  background-color: rgba(255, 255, 255, 0.85);\n}\n<\/style>\n\t<\/section>\n\t\n\n\t<section class=\"section\" id=\"section_2003025892\">\n\t\t<div class=\"section-bg fill\" >\n\t\t\t\t\t\t\t\t\t<div class=\"section-bg-overlay absolute fill\"><\/div>\n\t\t\t\n\n\t\t<\/div>\n\n\t\t\n\n\t\t<div class=\"section-content relative\">\n\t\t\t\n<div class=\"row row-collapse row-full-width align-middle\"  id=\"row-1996598933\">\n\n\t<div id=\"col-769080145\" class=\"col medium-6 small-12 large-6\"  >\n\t\t\t\t<div class=\"col-inner\"  >\n\t\t\t\n\t\t\t\n\t<div class=\"img has-hover x md-x lg-x y md-y lg-y\" id=\"image_157828358\">\n\t\t\t\t\t\t\t\t<div class=\"img-inner dark\" >\n\t\t\t<img loading=\"lazy\" decoding=\"async\" width=\"1020\" height=\"1020\" src=\"https:\/\/yunjinlight.com\/wp-content\/uploads\/2021\/12\/IMG_0804-1024x1024.jpg\" class=\"attachment-large size-large\" alt=\"\" srcset=\"https:\/\/yunjinlight.com\/wp-content\/uploads\/2021\/12\/IMG_0804-1024x1024.jpg 1024w, https:\/\/yunjinlight.com\/wp-content\/uploads\/2021\/12\/IMG_0804-scaled-100x100.jpg 100w, https:\/\/yunjinlight.com\/wp-content\/uploads\/2021\/12\/IMG_0804-scaled-510x510.jpg 510w, https:\/\/yunjinlight.com\/wp-content\/uploads\/2021\/12\/IMG_0804-300x300.jpg 300w, https:\/\/yunjinlight.com\/wp-content\/uploads\/2021\/12\/IMG_0804-150x150.jpg 150w, https:\/\/yunjinlight.com\/wp-content\/uploads\/2021\/12\/IMG_0804-768x768.jpg 768w, https:\/\/yunjinlight.com\/wp-content\/uploads\/2021\/12\/IMG_0804-1536x1536.jpg 1536w, https:\/\/yunjinlight.com\/wp-content\/uploads\/2021\/12\/IMG_0804-2048x2048.jpg 2048w\" sizes=\"auto, (max-width: 1020px) 100vw, 1020px\" \/>\t\t\t\t\t\t\n\t\t\t\t\t<\/div>\n\t\t\t\t\t\t\t\t\n<style>\n#image_157828358 {\n  width: 100%;\n}\n<\/style>\n\t<\/div>\n\t\n\t\t<\/div>\n\t\t\t\t\t<\/div>\n\n\t\n\n\t<div id=\"col-390554364\" class=\"col medium-6 small-12 large-6\"  >\n\t\t\t\t<div class=\"col-inner text-center\"  >\n\t\t\t\n\t\t\t\n\t<div id=\"text-2693233250\" class=\"text\">\n\t\t\n<p>Gr\u00e2ce \u00e0 ses ampoules en plastique, la guirlande lumineuse d&#8217;ext\u00e9rieur ne se brisera pas facilement en cas de chute ou ne sera pas souffl\u00e9e comme les ampoules en verre.<br \/>\nPar rapport aux ampoules en tungst\u00e8ne, les ampoules LED sont plus \u00e9conomes en \u00e9nergie et durent plus longtemps.<\/p>\n\t\t\n<style>\n#text-2693233250 {\n  text-align: center;\n}\n<\/style>\n\t<\/div>\n\t\n\t\t<\/div>\n\t\t\t\t\n<style>\n#col-390554364 > .col-inner {\n  padding: 10% 10% 10% 10%;\n  max-width: 520px;\n}\n<\/style>\n\t<\/div>\n\n\t\n<\/div>\n\t\t<\/div>\n\n\t\t\n<style>\n#section_2003025892 {\n  padding-top: 0px;\n  padding-bottom: 0px;\n  background-color: rgb(247, 247, 247);\n}\n#section_2003025892 .section-bg-overlay {\n  background-color: rgba(255, 255, 255, 0.85);\n}\n<\/style>\n\t<\/section>\n\t\n\n\t<section class=\"section\" id=\"section_1477358390\">\n\t\t<div class=\"section-bg fill\" >\n\t\t\t\t\t\t\t\t\t<div class=\"section-bg-overlay absolute fill\"><\/div>\n\t\t\t\n\n\t\t<\/div>\n\n\t\t\n\n\t\t<div class=\"section-content relative\">\n\t\t\t\n<div class=\"row row-collapse row-full-width align-middle\"  id=\"row-553813510\">\n\n\t<div id=\"col-1080854354\" class=\"col medium-6 small-12 large-6\"  >\n\t\t\t\t<div class=\"col-inner text-center\"  >\n\t\t\t\n\t\t\t\n\t<div id=\"text-58425211\" class=\"text\">\n\t\t\n<p>Dot\u00e9e d&#8217;un indice d&#8217;\u00e9tanch\u00e9it\u00e9 IP65, la guirlande lumineuse \u00e0 DEL est s\u00fbre de r\u00e9sister \u00e0 l&#8217;\u00e9t\u00e9 torride, \u00e0 l&#8217;hiver froid, au soleil, au vent, \u00e0 la pluie, \u00e0 la neige et \u00e0 l&#8217;humidit\u00e9, et est id\u00e9ale pour l&#8217;int\u00e9rieur et l&#8217;ext\u00e9rieur.<\/p>\n\t\t\n<style>\n#text-58425211 {\n  text-align: center;\n}\n<\/style>\n\t<\/div>\n\t\n\t\t<\/div>\n\t\t\t\t\n<style>\n#col-1080854354 > .col-inner {\n  padding: 10% 10% 10% 10%;\n  max-width: 520px;\n}\n<\/style>\n\t<\/div>\n\n\t\n\n\t<div id=\"col-720699354\" class=\"col medium-6 small-12 large-6\"  >\n\t\t\t\t<div class=\"col-inner\"  >\n\t\t\t\n\t\t\t\n\t<div class=\"img has-hover x md-x lg-x y md-y lg-y\" id=\"image_432265466\">\n\t\t\t\t\t\t\t\t<div class=\"img-inner dark\" >\n\t\t\t<img loading=\"lazy\" decoding=\"async\" width=\"1020\" height=\"1020\" src=\"https:\/\/yunjinlight.com\/wp-content\/uploads\/2021\/12\/108-1024x1024.jpg\" class=\"attachment-large size-large\" alt=\"\" srcset=\"https:\/\/yunjinlight.com\/wp-content\/uploads\/2021\/12\/108-1024x1024.jpg 1024w, https:\/\/yunjinlight.com\/wp-content\/uploads\/2021\/12\/108-100x100.jpg 100w, https:\/\/yunjinlight.com\/wp-content\/uploads\/2021\/12\/108-510x510.jpg 510w, https:\/\/yunjinlight.com\/wp-content\/uploads\/2021\/12\/108-300x300.jpg 300w, https:\/\/yunjinlight.com\/wp-content\/uploads\/2021\/12\/108-150x150.jpg 150w, https:\/\/yunjinlight.com\/wp-content\/uploads\/2021\/12\/108-768x768.jpg 768w, https:\/\/yunjinlight.com\/wp-content\/uploads\/2021\/12\/108.jpg 1200w\" sizes=\"auto, (max-width: 1020px) 100vw, 1020px\" \/>\t\t\t\t\t\t\n\t\t\t\t\t<\/div>\n\t\t\t\t\t\t\t\t\n<style>\n#image_432265466 {\n  width: 100%;\n}\n<\/style>\n\t<\/div>\n\t\n\t\t<\/div>\n\t\t\t\t\t<\/div>\n\n\t\n<\/div>\n\t\t<\/div>\n\n\t\t\n<style>\n#section_1477358390 {\n  padding-top: 0px;\n  padding-bottom: 0px;\n  background-color: rgb(247, 247, 247);\n}\n#section_1477358390 .section-bg-overlay {\n  background-color: rgba(255, 255, 255, 0.85);\n}\n<\/style>\n\t<\/section>\n\t\n\n\t<section class=\"section\" id=\"section_826059704\">\n\t\t<div class=\"section-bg fill\" >\n\t\t\t\t\t\t\t\t\t<div class=\"section-bg-overlay absolute fill\"><\/div>\n\t\t\t\n\n\t\t<\/div>\n\n\t\t\n\n\t\t<div class=\"section-content relative\">\n\t\t\t\n<div class=\"row row-collapse row-full-width align-middle\"  id=\"row-523981851\">\n\n\t<div id=\"col-793605975\" class=\"col medium-6 small-12 large-6\"  >\n\t\t\t\t<div class=\"col-inner\"  >\n\t\t\t\n\t\t\t\n\t<div class=\"img has-hover x md-x lg-x y md-y lg-y\" id=\"image_495248743\">\n\t\t\t\t\t\t\t\t<div class=\"img-inner dark\" >\n\t\t\t<img loading=\"lazy\" decoding=\"async\" width=\"1020\" height=\"680\" src=\"https:\/\/yunjinlight.com\/wp-content\/uploads\/2021\/12\/IMG_7287-1024x683.jpg\" class=\"attachment-large size-large\" alt=\"\" srcset=\"https:\/\/yunjinlight.com\/wp-content\/uploads\/2021\/12\/IMG_7287-1024x683.jpg 1024w, https:\/\/yunjinlight.com\/wp-content\/uploads\/2021\/12\/IMG_7287-510x340.jpg 510w, https:\/\/yunjinlight.com\/wp-content\/uploads\/2021\/12\/IMG_7287-300x200.jpg 300w, https:\/\/yunjinlight.com\/wp-content\/uploads\/2021\/12\/IMG_7287-768x512.jpg 768w\" sizes=\"auto, (max-width: 1020px) 100vw, 1020px\" \/>\t\t\t\t\t\t\n\t\t\t\t\t<\/div>\n\t\t\t\t\t\t\t\t\n<style>\n#image_495248743 {\n  width: 100%;\n}\n<\/style>\n\t<\/div>\n\t\n\t\t<\/div>\n\t\t\t\t\t<\/div>\n\n\t\n\n\t<div id=\"col-1102849195\" class=\"col medium-6 small-12 large-6\"  >\n\t\t\t\t<div class=\"col-inner text-center\"  >\n\t\t\t\n\t\t\t\n\t<div id=\"text-650172581\" class=\"text\">\n\t\t\n<p>Bouchon ignifug\u00e9 r\u00e9sistant \u00e0 la chaleur, \u00e0 utiliser en toute confiance.<br \/>\nVous pouvez choisir entre une prise europ\u00e9enne\u3001UK\u3001AU et une prise am\u00e9ricaine.<\/p>\n\t\t\n<style>\n#text-650172581 {\n  text-align: center;\n}\n<\/style>\n\t<\/div>\n\t\n\t\t<\/div>\n\t\t\t\t\n<style>\n#col-1102849195 > .col-inner {\n  padding: 10% 10% 10% 10%;\n  max-width: 520px;\n}\n<\/style>\n\t<\/div>\n\n\t\n<\/div>\n\t\t<\/div>\n\n\t\t\n<style>\n#section_826059704 {\n  padding-top: 0px;\n  padding-bottom: 0px;\n  background-color: rgb(247, 247, 247);\n}\n#section_826059704 .section-bg-overlay {\n  background-color: rgba(255, 255, 255, 0.85);\n}\n<\/style>\n\t<\/section>\n\t\n","protected":false},"excerpt":{"rendered":"<table width=\"607\">\n<tbody>\n<tr>\n<td width=\"253\">Entr\u00e9e Voltae<\/td>\n<td width=\"354\">AC220-240V<\/td>\n<\/tr>\n<tr>\n<td>C\u00e2ble<\/td>\n<td>HO7RN-F 2*1.5mm\u00b2<\/td>\n<\/tr>\n<tr>\n<td>Longueur<\/td>\n<td>10m<\/td>\n<\/tr>\n<tr>\n<td>Prise de courant<\/td>\n<td>10 douilles \u00e0 base moyenne (E27) pour l&#8217;ext\u00e9rieur<\/td>\n<\/tr>\n<tr>\n<td>Ampoule<\/td>\n<td>Ampoule LED 2W 2700K<\/td>\n<\/tr>\n<tr>\n<td>Puissance maximale pour le fonctionnement en cha\u00eene<\/td>\n<td>1500W<\/td>\n<\/tr>\n<tr>\n<td>Cordes maximales liables<\/td>\n<td>60 cordes<\/td>\n<\/tr>\n<tr>\n<td>Indice d&#8217;imperm\u00e9abilit\u00e9<\/td>\n<td>IP65<\/td>\n<\/tr>\n<tr>\n<td>Certificat<\/td>\n<td>CE\u3001SAA<\/td>\n<\/tr>\n<\/tbody>\n<\/table>\n","protected":false},"featured_media":578,"comment_status":"open","ping_status":"closed","template":"","meta":[],"product_brand":[],"product_cat":[132,134],"product_tag":[],"class_list":{"0":"post-640","1":"product","2":"type-product","3":"status-publish","4":"has-post-thumbnail","6":"product_cat-smart-string-light-fr","7":"product_cat-uncategorized-fr","9":"first","10":"instock","11":"shipping-taxable","12":"product-type-simple"},"_links":{"self":[{"href":"https:\/\/yunjinlight.com\/fr\/wp-json\/wp\/v2\/product\/640","targetHints":{"allow":["GET"]}}],"collection":[{"href":"https:\/\/yunjinlight.com\/fr\/wp-json\/wp\/v2\/product"}],"about":[{"href":"https:\/\/yunjinlight.com\/fr\/wp-json\/wp\/v2\/types\/product"}],"replies":[{"embeddable":true,"href":"https:\/\/yunjinlight.com\/fr\/wp-json\/wp\/v2\/comments?post=640"}],"wp:featuredmedia":[{"embeddable":true,"href":"https:\/\/yunjinlight.com\/fr\/wp-json\/wp\/v2\/media\/578"}],"wp:attachment":[{"href":"https:\/\/yunjinlight.com\/fr\/wp-json\/wp\/v2\/media?parent=640"}],"wp:term":[{"taxonomy":"product_brand","embeddable":true,"href":"https:\/\/yunjinlight.com\/fr\/wp-json\/wp\/v2\/product_brand?post=640"},{"taxonomy":"product_cat","embeddable":true,"href":"https:\/\/yunjinlight.com\/fr\/wp-json\/wp\/v2\/product_cat?post=640"},{"taxonomy":"product_tag","embeddable":true,"href":"https:\/\/yunjinlight.com\/fr\/wp-json\/wp\/v2\/product_tag?post=640"}],"curies":[{"name":"wp","href":"https:\/\/api.w.org\/{rel}","templated":true}]}}