{"id":900,"date":"2022-06-19T05:08:32","date_gmt":"2022-06-19T05:08:32","guid":{"rendered":"https:\/\/yunjinlight.com\/product\/yjcp-2-intelligentes-rasen-und-lichterkettenlicht\/"},"modified":"2022-06-24T11:24:17","modified_gmt":"2022-06-24T11:24:17","slug":"yjcp-2-intelligentes-rasen-und-lichterkettenlicht","status":"publish","type":"product","link":"https:\/\/yunjinlight.com\/de\/produkt\/yjcp-2-intelligentes-rasen-und-lichterkettenlicht\/","title":{"rendered":"YJCP-2 Intelligentes Rasen- und Lichterkettenlicht"},"content":{"rendered":"<div class=\"video video-fit mb\" style=\"padding-top:56.25%;\"><p><iframe loading=\"lazy\" title=\"YJCP-2 Lawn lamp and string light - Yunjin Light\" width=\"1020\" height=\"574\" src=\"https:\/\/www.youtube.com\/embed\/NWVJRgS5DBs?feature=oembed\" frameborder=\"0\" allow=\"accelerometer; autoplay; clipboard-write; encrypted-media; gyroscope; picture-in-picture\" allowfullscreen><\/iframe><\/p>\n<\/div>\n<div class=\"row align-middle\"  id=\"row-590556029\">\n\n\t<div id=\"col-654352767\" class=\"col medium-6 small-12 large-6\"  >\n\t\t\t\t<div class=\"col-inner\"  >\n\t\t\t\n\t\t\t\n\t<div class=\"img has-hover x md-x lg-x y md-y lg-y\" id=\"image_98675662\">\n\t\t\t\t\t\t\t\t<div class=\"img-inner dark\" >\n\t\t\t<img loading=\"lazy\" decoding=\"async\" width=\"800\" height=\"800\" src=\"https:\/\/yunjinlight.com\/wp-content\/uploads\/2022\/06\/YJCP-2-with-hooks-string-lights.webp\" class=\"attachment-large size-large\" alt=\"\" srcset=\"https:\/\/yunjinlight.com\/wp-content\/uploads\/2022\/06\/YJCP-2-with-hooks-string-lights.webp 800w, https:\/\/yunjinlight.com\/wp-content\/uploads\/2022\/06\/YJCP-2-with-hooks-string-lights-100x100.webp 100w, https:\/\/yunjinlight.com\/wp-content\/uploads\/2022\/06\/YJCP-2-with-hooks-string-lights-510x510.webp 510w, https:\/\/yunjinlight.com\/wp-content\/uploads\/2022\/06\/YJCP-2-with-hooks-string-lights-300x300.webp 300w, https:\/\/yunjinlight.com\/wp-content\/uploads\/2022\/06\/YJCP-2-with-hooks-string-lights-150x150.webp 150w, https:\/\/yunjinlight.com\/wp-content\/uploads\/2022\/06\/YJCP-2-with-hooks-string-lights-768x768.webp 768w\" sizes=\"auto, (max-width: 800px) 100vw, 800px\" \/>\t\t\t\t\t\t\n\t\t\t\t\t<\/div>\n\t\t\t\t\t\t\t\t\n<style>\n#image_98675662 {\n  width: 100%;\n}\n<\/style>\n\t<\/div>\n\t\n\t\t<\/div>\n\t\t\t\t\t<\/div>\n\n\t\n\n\t<div id=\"col-1580447201\" class=\"col medium-6 small-12 large-6\"  >\n\t\t\t\t<div class=\"col-inner\"  >\n\t\t\t\n\t\t\t\n<div>Diese multifunktionalen intelligenten Rasenlichterketten k\u00f6nnen, wenn sie am Haken installiert werden, im Innenhof, auf dem Balkon usw. im Innen- und Au\u00dfenbereich installiert werden. Es ist eine einzigartige Form, Pers\u00f6nlichkeit und eine sch\u00f6ne, intelligente Rasenlichterkette. Es hat alle Funktionen des Tuya Intelligente Lichterkette. Wir haben auch die M\u00f6glichkeit hinzugef\u00fcgt, jede Lichtkanone unabh\u00e4ngig zu steuern, und personalisiertere Einstellungen. Es ist neu f\u00fcr 2022.<\/div>\n\t\t<\/div>\n\t\t\t\t\t<\/div>\n\n\t\n<\/div>\n<div class=\"row align-middle\"  id=\"row-2093791130\">\n\n\t<div id=\"col-936602147\" class=\"col medium-6 small-12 large-6\"  >\n\t\t\t\t<div class=\"col-inner\"  >\n\t\t\t\n\t\t\t\n<p>Wenn es mit der Erdungssteckerbaugruppe installiert wird, wird diese Leuchte zu einer leistungsstarken Gartenleuchte, und wenn sie entlang des Weges installiert wird, wird sie zu einer intelligenten Wegeleuchte. Dadurch wird Ihr Garten sch\u00f6ner und hochtechnologischer.<\/p>\n\t\t<\/div>\n\t\t\t\t\t<\/div>\n\n\t\n\n\t<div id=\"col-1893211355\" class=\"col medium-6 small-12 large-6\"  >\n\t\t\t\t<div class=\"col-inner\"  >\n\t\t\t\n\t\t\t\n\t<div class=\"img has-hover x md-x lg-x y md-y lg-y\" id=\"image_2001620856\">\n\t\t\t\t\t\t\t\t<div class=\"img-inner dark\" >\n\t\t\t<img loading=\"lazy\" decoding=\"async\" width=\"800\" height=\"800\" src=\"https:\/\/yunjinlight.com\/wp-content\/uploads\/2022\/06\/YJCP-2-smart-string-light-as-lawn-lamp.webp\" class=\"attachment-large size-large\" alt=\"\" srcset=\"https:\/\/yunjinlight.com\/wp-content\/uploads\/2022\/06\/YJCP-2-smart-string-light-as-lawn-lamp.webp 800w, https:\/\/yunjinlight.com\/wp-content\/uploads\/2022\/06\/YJCP-2-smart-string-light-as-lawn-lamp-100x100.webp 100w, https:\/\/yunjinlight.com\/wp-content\/uploads\/2022\/06\/YJCP-2-smart-string-light-as-lawn-lamp-510x510.webp 510w, https:\/\/yunjinlight.com\/wp-content\/uploads\/2022\/06\/YJCP-2-smart-string-light-as-lawn-lamp-300x300.webp 300w, https:\/\/yunjinlight.com\/wp-content\/uploads\/2022\/06\/YJCP-2-smart-string-light-as-lawn-lamp-150x150.webp 150w, https:\/\/yunjinlight.com\/wp-content\/uploads\/2022\/06\/YJCP-2-smart-string-light-as-lawn-lamp-768x768.webp 768w\" sizes=\"auto, (max-width: 800px) 100vw, 800px\" \/>\t\t\t\t\t\t\n\t\t\t\t\t<\/div>\n\t\t\t\t\t\t\t\t\n<style>\n#image_2001620856 {\n  width: 100%;\n}\n<\/style>\n\t<\/div>\n\t\n\t\t<\/div>\n\t\t\t\t\t<\/div>\n\n\t\n<\/div>\n<h2>Ist das ein intelligentes Licht?<\/h2>\n<p>Ja, es ist eine intelligente Rasenlichterkette und verwendet die IoT-Technologie von Tuya. Die meisten Smart-Light-Enthusiasten sollten Tuya kennen. Auf Reddit finden Sie viele Tuya-Enthusiasten f\u00fcr intelligente Produkte. Die intelligenten Produkte von Tuya decken ein breites Anwendungsspektrum ab. F\u00fcr Leuchtenmarken besteht der Vorteil von Tuya darin, dass Sie eine codelose Entwicklungsumgebung verwenden k\u00f6nnen, um Ihre eigene Marken-App zu entwickeln. Gleichzeitig kann Ihre Lampe in das tuya smart Produkt-\u00d6kosystem integriert und zusammen mit anderen tuya smart Produkten verwaltet werden.<\/p>\n<h2>Kann dieses Licht mit einem Smartphone gesteuert werden?<\/h2>\n<p>Ja, dies ist die grundlegendste Funktion der intelligenten Rasenlichterkette. Es verwendet Bluetooth und WIFI 2.4, um sich mit Smartphones und dem Internet zu verbinden, und ist eine intelligente Hardware, die \u00fcber die Cloud gesteuert werden kann. Marken k\u00f6nnen ihre eigene Marken-App anpassen, Sie k\u00f6nnen Ihre eigene Marken-Smartphone-App \u00fcber die Tuya-No-Code-Smart-App-Entwicklungsplattform erstellen. Machen Sie Ihr Produkt wiedererkennbar.<\/p>\n<h2>Kann dieses Licht sprachgesteuert werden?<\/h2>\n<p>Nat\u00fcrlich k\u00f6nnen Sie, diese Lampe kann Amazon Alexa und Google Assistant zur Sprachsteuerung verwenden. Dies ist eines der Merkmale der intelligenten Tuya-Lampe. In Bezug auf die Software hat Tuya die ganze Arbeit f\u00fcr Sie erledigt, um die Umgebung ohne Code zu erstellen. Und Yunjin hilft Ihnen bei allen Funktionen und Anforderungen der Hardware.<\/p>\n<h2>In welchen Bereichen kann ich Anfragen stellen?<\/h2>\n<p>Als Verkaufsmarke f\u00fcr intelligente Leuchten differenzieren die meisten Verk\u00e4ufer ihre Produkte. Da die wichtigsten Funktionsmodule bereits festgelegt sind, k\u00f6nnen Kunden unterschiedliche Designs f\u00fcr den Abstand zwischen den Leuchten, das Design des Zubeh\u00f6rs, die Anzahl der Lampen usw. vorschlagen, um einen homogenen Wettbewerb zu vermeiden.<\/p>\n<h2>Was sind die neuen Funktionen dieses neuen Produkts?<\/h2>\n<p>Verglichen mit dem alten Produkt hat das neue Produkt die unabh\u00e4ngige Steuerfunktion der Gl\u00fchbirne erh\u00f6ht, egal ob es darum geht, die Gl\u00fchbirne zu wechseln, die Farbe zu \u00e4ndern, ihren eigenen Modus voreinzustellen oder andere neue Funktionen, dieses Produkt ist besser spielbar.<\/p>\n<h2>Ich bin ein Verk\u00e4ufer von Allgemeinbeleuchtung, wie kann ich mit dem Branding und dem Verkauf intelligenter Beleuchtung beginnen?<\/h2>\n<p>Viele Verk\u00e4ufer von Allgemeinbeleuchtung scheuen sich vor intelligenter Beleuchtung, weil sie darin oft eine sehr hohe Eintrittsbarriere sehen. Ohne eigene Software- und Hardware-Entwicklungsteams gibt es keine M\u00f6glichkeit, intelligente Lampen zu entwickeln. Das ist eigentlich ein gro\u00dfes Missverst\u00e4ndnis. Als Verk\u00e4ufer gew\u00f6hnlicher Lampen haben Sie sich bereits einen gro\u00dfen Markt aufgebaut. All you need is a software and hardware solution.<\/p>\n<p>Yunjin hat bereits die gesamte Hardware f\u00fcr die intelligenten Lampen entwickelt, Sie m\u00fcssen nur auf dieser Grundlage aufbauen und das gew\u00fcnschte Design und Zubeh\u00f6r ausw\u00e4hlen, dann k\u00f6nnen Sie das Hardware-Design abschlie\u00dfen.<br \/>\nSoftware, Tuya Smart-Plattform, Sie k\u00f6nnen ein paar tausend Dollar verdienen, um ihre eigene Marken-APP ohne Code zu vervollst\u00e4ndigen. Es gibt bereits fertige intelligente Steuerungsmodule und Sprachsteuerungsmodule.<br \/>\nSie k\u00f6nnen mit dem Verkauf Ihrer eigenen Marke von intelligenten IoT-Leuchten f\u00fcr weniger als 10.000 US-Dollar beginnen.<\/p>\n<h2>Ich bin ein Amazon-Verk\u00e4ufer, wie kann ich das Problem des Verpackungsdesigns, des Brandings, des Etiketts, der Seriennummer usw. l\u00f6sen?<\/h2>\n<p>Wir sind der gr\u00f6\u00dfte Anbieter von intelligenten Hardwarel\u00f6sungen f\u00fcr Lichterketten in China. So haben wir eine reichhaltige Auftragsabwicklung f\u00fcr kleine und mittlere K\u00e4ufer. Viele Amazon-Verk\u00e4ufer, ihre Etikettierung, Lagerhaltung und andere Dienstleistungen werden von uns f\u00fcr sie erledigt. Sie m\u00fcssen nur Auskunft geben. Einige Amazon-Verk\u00e4ufer haben ihre eigene unabh\u00e4ngige Website und ihr eigenes Servicesystem, sie verwenden Seriennummern, QR-Codes und andere Funktionen, bei denen wir Kunden helfen, sie entsprechend ihren Bed\u00fcrfnissen zu vervollst\u00e4ndigen.<\/p>\n<p>Bei weiteren Fragen nutzen Sie bitte die Anfragefunktion.<\/p>\n","protected":false},"excerpt":{"rendered":"<p>Diese Leuchte kann als Gartenleuchte verwendet werden, aber auch als Lichterkette, die im Hof h\u00e4ngt. Im Vergleich zu gew\u00f6hnlichen intelligenten Lichterketten ist das quadratische Design dieser Leuchte sehr charakteristisch. Jede Gl\u00fchbirne kann unabh\u00e4ngig durch den Schalter und die Farbe gesteuert werden, wodurch dieses Licht spielbarer wird. Es ist unser neues Produkt im Jahr 2022. Es verf\u00fcgt \u00fcber die gleiche Smartphone-App-Steuerung und intelligente Sprachsteuerung wie andere intelligente Lichterketten. Es ist unsere neue intelligente multifunktionale Lichterkette, die zusammen mit Tuya entwickelt wurde.<\/p>\n","protected":false},"featured_media":823,"comment_status":"open","ping_status":"closed","template":"","meta":[],"product_brand":[],"product_cat":[144,143],"product_tag":[],"class_list":{"0":"post-900","1":"product","2":"type-product","3":"status-publish","4":"has-post-thumbnail","6":"product_cat-smart-string-light-de","7":"product_cat-pathway-light-de","9":"first","10":"instock","11":"shipping-taxable","12":"product-type-simple"},"_links":{"self":[{"href":"https:\/\/yunjinlight.com\/de\/wp-json\/wp\/v2\/product\/900","targetHints":{"allow":["GET"]}}],"collection":[{"href":"https:\/\/yunjinlight.com\/de\/wp-json\/wp\/v2\/product"}],"about":[{"href":"https:\/\/yunjinlight.com\/de\/wp-json\/wp\/v2\/types\/product"}],"replies":[{"embeddable":true,"href":"https:\/\/yunjinlight.com\/de\/wp-json\/wp\/v2\/comments?post=900"}],"wp:featuredmedia":[{"embeddable":true,"href":"https:\/\/yunjinlight.com\/de\/wp-json\/wp\/v2\/media\/823"}],"wp:attachment":[{"href":"https:\/\/yunjinlight.com\/de\/wp-json\/wp\/v2\/media?parent=900"}],"wp:term":[{"taxonomy":"product_brand","embeddable":true,"href":"https:\/\/yunjinlight.com\/de\/wp-json\/wp\/v2\/product_brand?post=900"},{"taxonomy":"product_cat","embeddable":true,"href":"https:\/\/yunjinlight.com\/de\/wp-json\/wp\/v2\/product_cat?post=900"},{"taxonomy":"product_tag","embeddable":true,"href":"https:\/\/yunjinlight.com\/de\/wp-json\/wp\/v2\/product_tag?post=900"}],"curies":[{"name":"wp","href":"https:\/\/api.w.org\/{rel}","templated":true}]}}