{"id":873,"date":"2021-12-24T07:45:44","date_gmt":"2021-12-24T07:45:44","guid":{"rendered":"https:\/\/yunjinlight.com\/product\/solar-lichterkette\/"},"modified":"2022-06-24T01:36:08","modified_gmt":"2022-06-24T01:36:08","slug":"solar-lichterkette","status":"publish","type":"product","link":"https:\/\/yunjinlight.com\/de\/produkt\/solar-lichterkette\/","title":{"rendered":"Solar Lichterkette"},"content":{"rendered":"<div class=\"video video-fit mb\" style=\"padding-top:56.25%;\"><p><iframe loading=\"lazy\" title=\"E12 Solar String light\" width=\"1020\" height=\"574\" src=\"https:\/\/www.youtube.com\/embed\/3aJuCKTCI-g?feature=oembed\" frameborder=\"0\" allow=\"accelerometer; autoplay; clipboard-write; encrypted-media; gyroscope; picture-in-picture\" allowfullscreen><\/iframe><\/p>\n<\/div>\n\n\t<section class=\"section\" id=\"section_411486631\">\n\t\t<div class=\"section-bg fill\" >\n\t\t\t\t\t\t\t\t\t<div class=\"section-bg-overlay absolute fill\"><\/div>\n\t\t\t\n\n\t\t<\/div>\n\n\t\t\n\n\t\t<div class=\"section-content relative\">\n\t\t\t\n<p><a href=\"https:\/\/yunjinlight.com\/our-products\/solar-string-lights\/\">Solar String Lichter<\/a>Farbe E12 Serie, mit G40 RBGW LED-Lampen, das Solarpanel zum Aufladen der Lithium-Batterie w\u00e4hrend des Tages, die Nacht kann automatisch eingeschaltet werden. Ausgestattet mit Fernbedienung und 4 Arten von Lichtmodi. Mit der Solarfunktion, gibt es einen USB-Ladeanschluss, k\u00f6nnen Sie die USB-Ladung verwenden, um Strom zu liefern, wenn das Licht nicht genug ist.<\/p>\n<div class=\"row row-collapse row-full-width align-middle\"  id=\"row-1081451824\">\n\n\t<div id=\"col-66006825\" class=\"col medium-6 small-12 large-6\"  >\n\t\t\t\t<div class=\"col-inner\"  >\n\t\t\t\n\t\t\t\n\t<div class=\"img has-hover x md-x lg-x y md-y lg-y\" id=\"image_2082997148\">\n\t\t\t\t\t\t\t\t<div class=\"img-inner dark\" >\n\t\t\t<img loading=\"lazy\" decoding=\"async\" width=\"300\" height=\"300\" src=\"https:\/\/yunjinlight.com\/wp-content\/uploads\/2021\/12\/619BGAhMKtL.__AC_SX300_SY300_QL70_FMwebp_.webp\" class=\"attachment-large size-large\" alt=\"\" srcset=\"https:\/\/yunjinlight.com\/wp-content\/uploads\/2021\/12\/619BGAhMKtL.__AC_SX300_SY300_QL70_FMwebp_.webp 300w, https:\/\/yunjinlight.com\/wp-content\/uploads\/2021\/12\/619BGAhMKtL.__AC_SX300_SY300_QL70_FMwebp_-100x100.webp 100w, https:\/\/yunjinlight.com\/wp-content\/uploads\/2021\/12\/619BGAhMKtL.__AC_SX300_SY300_QL70_FMwebp_-150x150.webp 150w\" sizes=\"auto, (max-width: 300px) 100vw, 300px\" \/>\t\t\t\t\t\t\n\t\t\t\t\t<\/div>\n\t\t\t\t\t\t\t\t\n<style>\n#image_2082997148 {\n  width: 100%;\n}\n<\/style>\n\t<\/div>\n\t\n\t\t<\/div>\n\t\t\t\t\t<\/div>\n\n\t\n\n\t<div id=\"col-1073895596\" class=\"col medium-6 small-12 large-6\"  >\n\t\t\t\t<div class=\"col-inner text-center\"  >\n\t\t\t\n\t\t\t\n<h3 class=\"a-spacing-mini\">Solar-Lichterkette mit Ersatz-Edison-Birnen<\/h3>\n<p class=\"a-spacing-base\">Klare G40-Gl\u00fchbirnen werden aus verdicktem Glas hergestellt, um die Haltbarkeit zu erh\u00f6hen. Alle Gl\u00fchbirnen werden vor dem Verpacken 48 Stunden lang getestet. Wenn eine Gl\u00fchbirne ausf\u00e4llt, hat das keine Auswirkungen auf andere Gl\u00fchbirnen.<\/p>\n\t\t<\/div>\n\t\t\t\t\n<style>\n#col-1073895596 > .col-inner {\n  padding: 10% 10% 10% 10%;\n  max-width: 520px;\n}\n<\/style>\n\t<\/div>\n\n\t\n<\/div>\n\t\t<\/div>\n\n\t\t\n<style>\n#section_411486631 {\n  padding-top: 0px;\n  padding-bottom: 0px;\n  background-color: rgb(247, 247, 247);\n}\n#section_411486631 .section-bg-overlay {\n  background-color: rgba(255, 255, 255, 0.85);\n}\n<\/style>\n\t<\/section>\n\t\n\n\t<section class=\"section\" id=\"section_1999781035\">\n\t\t<div class=\"section-bg fill\" >\n\t\t\t\t\t\t\t\t\t<div class=\"section-bg-overlay absolute fill\"><\/div>\n\t\t\t\n\n\t\t<\/div>\n\n\t\t\n\n\t\t<div class=\"section-content relative\">\n\t\t\t\n<div class=\"row row-collapse row-full-width align-middle\"  id=\"row-1745378669\">\n\n\t<div id=\"col-964197205\" class=\"col medium-6 small-12 large-6\"  >\n\t\t\t\t<div class=\"col-inner text-center\"  >\n\t\t\t\n\t\t\t\n\t<div id=\"text-628008791\" class=\"text\">\n\t\t\n<h3>ANSCHLUSSF\u00c4HIG<\/h3>\n<p>Verkettbar bis zu 96 Fu\u00df (4 Str\u00e4nge 24ft Lichterketten), jeder Strang der Globus Lichterkette hat Ende-zu-Ende-Verbindungen, was bedeutet, dass Sie mehrere S\u00e4tze verbinden k\u00f6nnen, um die perfekte L\u00e4nge f\u00fcr jede Installation zu erreichen.<br \/>\n\t\t\n<style>\n#text-628008791 {\n  color: rgb(0,0,0);\n}\n#text-628008791 > * {\n  color: rgb(0,0,0);\n}\n<\/style>\n\t<\/div>\n\t\n\t\t<\/div>\n\t\t\t\t\n<style>\n#col-964197205 > .col-inner {\n  padding: 10% 10% 10% 10%;\n  max-width: 520px;\n}\n<\/style>\n\t<\/div>\n\n\t\n\n\t<div id=\"col-1019751659\" class=\"col medium-6 small-12 large-6\"  >\n\t\t\t\t<div class=\"col-inner\"  >\n\t\t\t\n\t\t\t\n\t<div class=\"img has-hover x md-x lg-x y md-y lg-y\" id=\"image_1252662249\">\n\t\t\t\t\t\t\t\t<div class=\"img-inner dark\" >\n\t\t\t<img loading=\"lazy\" decoding=\"async\" width=\"1020\" height=\"1009\" src=\"https:\/\/yunjinlight.com\/wp-content\/uploads\/2021\/12\/81rP9n1P0vL._AC_SL1500_-1024x1013.jpg\" class=\"attachment-large size-large\" alt=\"\" srcset=\"https:\/\/yunjinlight.com\/wp-content\/uploads\/2021\/12\/81rP9n1P0vL._AC_SL1500_-1024x1013.jpg 1024w, https:\/\/yunjinlight.com\/wp-content\/uploads\/2021\/12\/81rP9n1P0vL._AC_SL1500_-100x100.jpg 100w, https:\/\/yunjinlight.com\/wp-content\/uploads\/2021\/12\/81rP9n1P0vL._AC_SL1500_-510x505.jpg 510w, https:\/\/yunjinlight.com\/wp-content\/uploads\/2021\/12\/81rP9n1P0vL._AC_SL1500_-300x297.jpg 300w, https:\/\/yunjinlight.com\/wp-content\/uploads\/2021\/12\/81rP9n1P0vL._AC_SL1500_-768x760.jpg 768w, https:\/\/yunjinlight.com\/wp-content\/uploads\/2021\/12\/81rP9n1P0vL._AC_SL1500_.jpg 1500w\" sizes=\"auto, (max-width: 1020px) 100vw, 1020px\" \/>\t\t\t\t\t\t\n\t\t\t\t\t<\/div>\n\t\t\t\t\t\t\t\t\n<style>\n#image_1252662249 {\n  width: 100%;\n}\n<\/style>\n\t<\/div>\n\t\n\t\t<\/div>\n\t\t\t\t\t<\/div>\n\n\t\n<\/div>\n\t\t<\/div>\n\n\t\t\n<style>\n#section_1999781035 {\n  padding-top: 0px;\n  padding-bottom: 0px;\n  background-color: rgb(247, 247, 247);\n}\n#section_1999781035 .section-bg-overlay {\n  background-color: rgba(255, 255, 255, 0.85);\n}\n<\/style>\n\t<\/section>\n\t\n\n\t<section class=\"section\" id=\"section_72063996\">\n\t\t<div class=\"section-bg fill\" >\n\t\t\t\t\t\t\t\t\t<div class=\"section-bg-overlay absolute fill\"><\/div>\n\t\t\t\n\n\t\t<\/div>\n\n\t\t\n\n\t\t<div class=\"section-content relative\">\n\t\t\t\n<div class=\"row row-collapse row-full-width align-middle\"  id=\"row-392870245\">\n\n\t<div id=\"col-1413931921\" class=\"col medium-6 small-12 large-6\"  >\n\t\t\t\t<div class=\"col-inner\"  >\n\t\t\t\n\t\t\t\n\t<div class=\"img has-hover x md-x lg-x y md-y lg-y\" id=\"image_114845439\">\n\t\t\t\t\t\t\t\t<div class=\"img-inner dark\" >\n\t\t\t<img loading=\"lazy\" decoding=\"async\" width=\"970\" height=\"600\" src=\"https:\/\/yunjinlight.com\/wp-content\/uploads\/2021\/12\/235d3a84-45e2-4d75-904e-533711ea3aef.__CR00970600_PT0_SX970_V1___.jpg\" class=\"attachment-large size-large\" alt=\"\" srcset=\"https:\/\/yunjinlight.com\/wp-content\/uploads\/2021\/12\/235d3a84-45e2-4d75-904e-533711ea3aef.__CR00970600_PT0_SX970_V1___.jpg 970w, https:\/\/yunjinlight.com\/wp-content\/uploads\/2021\/12\/235d3a84-45e2-4d75-904e-533711ea3aef.__CR00970600_PT0_SX970_V1___-510x315.jpg 510w, https:\/\/yunjinlight.com\/wp-content\/uploads\/2021\/12\/235d3a84-45e2-4d75-904e-533711ea3aef.__CR00970600_PT0_SX970_V1___-300x186.jpg 300w, https:\/\/yunjinlight.com\/wp-content\/uploads\/2021\/12\/235d3a84-45e2-4d75-904e-533711ea3aef.__CR00970600_PT0_SX970_V1___-768x475.jpg 768w\" sizes=\"auto, (max-width: 970px) 100vw, 970px\" \/>\t\t\t\t\t\t\n\t\t\t\t\t<\/div>\n\t\t\t\t\t\t\t\t\n<style>\n#image_114845439 {\n  width: 100%;\n}\n<\/style>\n\t<\/div>\n\t\n\t\t<\/div>\n\t\t\t\t\t<\/div>\n\n\t\n\n\t<div id=\"col-1771971231\" class=\"col medium-6 small-12 large-6\"  >\n\t\t\t\t<div class=\"col-inner text-center\"  >\n\t\t\t\n\t\t\t\n<h2>WASSERDICHT<\/h2>\n<p>Unsere G40-Lichterketten halten garantiert bei jedem Wetter. Ob Regen, Wind oder Schnee, unsere Lichterketten sind auf Langlebigkeit ausgelegt.<\/p>\n\t\t<\/div>\n\t\t\t\t\n<style>\n#col-1771971231 > .col-inner {\n  padding: 10% 10% 10% 10%;\n  max-width: 520px;\n}\n<\/style>\n\t<\/div>\n\n\t\n<\/div>\n\t\t<\/div>\n\n\t\t\n<style>\n#section_72063996 {\n  padding-top: 0px;\n  padding-bottom: 0px;\n  background-color: rgb(247, 247, 247);\n}\n#section_72063996 .section-bg-overlay {\n  background-color: rgba(255, 255, 255, 0.85);\n}\n<\/style>\n\t<\/section>\n\t\n\n\t<section class=\"section\" id=\"section_1249247677\">\n\t\t<div class=\"section-bg fill\" >\n\t\t\t\t\t\t\t\t\t<div class=\"section-bg-overlay absolute fill\"><\/div>\n\t\t\t\n\n\t\t<\/div>\n\n\t\t\n\n\t\t<div class=\"section-content relative\">\n\t\t\t\n<div class=\"row row-collapse row-full-width align-middle\"  id=\"row-875487531\">\n\n\t<div id=\"col-1025264550\" class=\"col medium-6 small-12 large-6\"  >\n\t\t\t\t<div class=\"col-inner text-center\"  >\n\t\t\t\n\t\t\t\n<p>Die Brightown-Schirmlichterkette l\u00e4sst sich einfach mit einem Kabelbinder oder einem Becherhaken installieren. Gleichzeitig k\u00f6nnen die Lichterketten im Garten bei Bedarf leicht entfernt werden, um sie an einem anderen Ort anzubringen. Geeignet f\u00fcr Innenr\u00e4ume, Haus, Terrasse, Garten, Bistro, Veranda, Balkon, etc.<\/p>\n<p>Die G40-Deko-Leuchten schaffen eine warme und romantische Atmosph\u00e4re, in der Sie und Ihr Freund sich wohlf\u00fchlen werden. Hervorragend geeignet f\u00fcr Hochzeiten, Geburtstagsfeiern, Weihnachten, Urlaubsfeiern, Partys und Familienzusammenk\u00fcnfte.<br \/>\nSchaffen Sie einen unvergesslichen Moment f\u00fcr sich<\/p>\n<p>Die handels\u00fcbliche Lichterkette f\u00fcr den Au\u00dfenbereich bringt warmen Glanz in die Nacht.<\/p>\n<p>Sch\u00f6ne Umgebung f\u00fcr Ihren Gesch\u00e4ftserfolg<\/p>\n\t\t<\/div>\n\t\t\t\t\n<style>\n#col-1025264550 > .col-inner {\n  padding: 10% 10% 10% 10%;\n  max-width: 520px;\n}\n<\/style>\n\t<\/div>\n\n\t\n\n\t<div id=\"col-1586683162\" class=\"col medium-6 small-12 large-6\"  >\n\t\t\t\t<div class=\"col-inner\"  >\n\t\t\t\n\t\t\t\n\t<div class=\"img has-hover x md-x lg-x y md-y lg-y\" id=\"image_350257100\">\n\t\t\t\t\t\t\t\t<div class=\"img-inner dark\" >\n\t\t\t<img loading=\"lazy\" decoding=\"async\" width=\"1020\" height=\"694\" src=\"https:\/\/yunjinlight.com\/wp-content\/uploads\/2021\/12\/91xBnPruhvL._AC_SL1500_-1024x697.jpg\" class=\"attachment-large size-large\" alt=\"\" srcset=\"https:\/\/yunjinlight.com\/wp-content\/uploads\/2021\/12\/91xBnPruhvL._AC_SL1500_-1024x697.jpg 1024w, https:\/\/yunjinlight.com\/wp-content\/uploads\/2021\/12\/91xBnPruhvL._AC_SL1500_-510x347.jpg 510w, https:\/\/yunjinlight.com\/wp-content\/uploads\/2021\/12\/91xBnPruhvL._AC_SL1500_-300x204.jpg 300w, https:\/\/yunjinlight.com\/wp-content\/uploads\/2021\/12\/91xBnPruhvL._AC_SL1500_-768x523.jpg 768w, https:\/\/yunjinlight.com\/wp-content\/uploads\/2021\/12\/91xBnPruhvL._AC_SL1500_.jpg 1500w\" sizes=\"auto, (max-width: 1020px) 100vw, 1020px\" \/>\t\t\t\t\t\t\n\t\t\t\t\t<\/div>\n\t\t\t\t\t\t\t\t\n<style>\n#image_350257100 {\n  width: 100%;\n}\n<\/style>\n\t<\/div>\n\t\n\t\t<\/div>\n\t\t\t\t\t<\/div>\n\n\t\n<\/div>\n\t\t<\/div>\n\n\t\t\n<style>\n#section_1249247677 {\n  padding-top: 0px;\n  padding-bottom: 0px;\n  background-color: rgb(247, 247, 247);\n}\n#section_1249247677 .section-bg-overlay {\n  background-color: rgba(255, 255, 255, 0.85);\n}\n<\/style>\n\t<\/section>\n\t\n","protected":false},"excerpt":{"rendered":"<table>\n<tbody>\n<tr>\n<td>Eingabe:<\/td>\n<td>AC 110V-240V<\/td>\n<\/tr>\n<tr>\n<td>Anzahl der Gl\u00fchbirnen<\/td>\n<td>25pcs<\/td>\n<\/tr>\n<tr>\n<td>Gl\u00fchbirnen-Typ:<\/td>\n<td>E12-Sockel, 5Watt, G40-Gl\u00fchbirne<\/td>\n<\/tr>\n<tr>\n<td>Maximale kompatible Wattzahl:<\/td>\n<td>500W<\/td>\n<\/tr>\n<tr>\n<td>Lichtfarbe:<\/td>\n<td>Warmwei\u00df (2700k)<\/td>\n<\/tr>\n<tr>\n<td>Besondere Merkmale:<\/td>\n<td>Bruchsicher, dimmbar, wasserdicht, anschlie\u00dfbar, mit Kabel<\/td>\n<\/tr>\n<tr>\n<td>Verwendung:<\/td>\n<td>Drau\u00dfen, Garten, Pool, Veranda, Hof, Terrasse, Balkon, Camping, Cafe, Pergola, Bistro, Party, Hochzeit, Abschlussball, Geburtstag, Versammlung, Restaurant, Einweihung<\/td>\n<\/tr>\n<\/tbody>\n<\/table>\n","protected":false},"featured_media":833,"comment_status":"open","ping_status":"closed","template":"","meta":[],"product_brand":[],"product_cat":[146],"product_tag":[],"class_list":{"0":"post-873","1":"product","2":"type-product","3":"status-publish","4":"has-post-thumbnail","6":"product_cat-uncategorized-de","8":"first","9":"instock","10":"shipping-taxable","11":"product-type-simple"},"_links":{"self":[{"href":"https:\/\/yunjinlight.com\/de\/wp-json\/wp\/v2\/product\/873","targetHints":{"allow":["GET"]}}],"collection":[{"href":"https:\/\/yunjinlight.com\/de\/wp-json\/wp\/v2\/product"}],"about":[{"href":"https:\/\/yunjinlight.com\/de\/wp-json\/wp\/v2\/types\/product"}],"replies":[{"embeddable":true,"href":"https:\/\/yunjinlight.com\/de\/wp-json\/wp\/v2\/comments?post=873"}],"wp:featuredmedia":[{"embeddable":true,"href":"https:\/\/yunjinlight.com\/de\/wp-json\/wp\/v2\/media\/833"}],"wp:attachment":[{"href":"https:\/\/yunjinlight.com\/de\/wp-json\/wp\/v2\/media?parent=873"}],"wp:term":[{"taxonomy":"product_brand","embeddable":true,"href":"https:\/\/yunjinlight.com\/de\/wp-json\/wp\/v2\/product_brand?post=873"},{"taxonomy":"product_cat","embeddable":true,"href":"https:\/\/yunjinlight.com\/de\/wp-json\/wp\/v2\/product_cat?post=873"},{"taxonomy":"product_tag","embeddable":true,"href":"https:\/\/yunjinlight.com\/de\/wp-json\/wp\/v2\/product_tag?post=873"}],"curies":[{"name":"wp","href":"https:\/\/api.w.org\/{rel}","templated":true}]}}