{"id":872,"date":"2021-12-25T04:55:04","date_gmt":"2021-12-25T04:55:04","guid":{"rendered":"https:\/\/yunjinlight.com\/product\/s14-zwei-kern-warmes-weises-intelligentes-gefuhrtes-bandlicht\/"},"modified":"2022-06-24T01:22:36","modified_gmt":"2022-06-24T01:22:36","slug":"s14-zwei-kern-warmes-weises-intelligentes-gefuhrtes-bandlicht","status":"publish","type":"product","link":"https:\/\/yunjinlight.com\/de\/produkt\/s14-zwei-kern-warmes-weises-intelligentes-gefuhrtes-bandlicht\/","title":{"rendered":"S14 zwei Kern warmes wei\u00dfes intelligentes gef\u00fchrtes Bandlicht"},"content":{"rendered":"\n\t<section class=\"section\" id=\"section_173335098\">\n\t\t<div class=\"section-bg fill\" >\n\t\t\t\t\t\t\t\t\t<div class=\"section-bg-overlay absolute fill\"><\/div>\n\t\t\t\n\n\t\t<\/div>\n\n\t\t\n\n\t\t<div class=\"section-content relative\">\n\t\t\t\n<div class=\"row row-collapse row-full-width align-middle\"  id=\"row-1027934000\">\n\n\t<div id=\"col-334890368\" class=\"col medium-6 small-12 large-6\"  >\n\t\t\t\t<div class=\"col-inner\"  >\n\t\t\t\n\t\t\t\n\t<div class=\"img has-hover x md-x lg-x y md-y lg-y\" id=\"image_1655067114\">\n\t\t\t\t\t\t\t\t<div class=\"img-inner dark\" >\n\t\t\t<img loading=\"lazy\" decoding=\"async\" width=\"1020\" height=\"1020\" src=\"https:\/\/yunjinlight.com\/wp-content\/uploads\/2022\/06\/voice-control-feature-1024x1024.webp\" class=\"attachment-large size-large\" alt=\"\" srcset=\"https:\/\/yunjinlight.com\/wp-content\/uploads\/2022\/06\/voice-control-feature-1024x1024.webp 1024w, https:\/\/yunjinlight.com\/wp-content\/uploads\/2022\/06\/voice-control-feature-100x100.webp 100w, https:\/\/yunjinlight.com\/wp-content\/uploads\/2022\/06\/voice-control-feature-510x510.webp 510w, https:\/\/yunjinlight.com\/wp-content\/uploads\/2022\/06\/voice-control-feature-300x300.webp 300w, https:\/\/yunjinlight.com\/wp-content\/uploads\/2022\/06\/voice-control-feature-150x150.webp 150w, https:\/\/yunjinlight.com\/wp-content\/uploads\/2022\/06\/voice-control-feature-768x768.webp 768w, https:\/\/yunjinlight.com\/wp-content\/uploads\/2022\/06\/voice-control-feature.webp 1500w\" sizes=\"auto, (max-width: 1020px) 100vw, 1020px\" \/>\t\t\t\t\t\t\n\t\t\t\t\t<\/div>\n\t\t\t\t\t\t\t\t\n<style>\n#image_1655067114 {\n  width: 100%;\n}\n<\/style>\n\t<\/div>\n\t\n\t\t<\/div>\n\t\t\t\t\t<\/div>\n\n\t\n\n\t<div id=\"col-661426523\" class=\"col medium-6 small-12 large-6\"  >\n\t\t\t\t<div class=\"col-inner text-center\"  >\n\t\t\t\n\t\t\t\n<p><span class=\"a-list-item\">Sprachsteuerung: Die intelligente Lichterkette f\u00fcr den Au\u00dfenbereich funktioniert mit Alexa und Google Assistant f\u00fcr eine intelligentere, freih\u00e4ndige Steuerung. Schalten Sie die Lichter ein und aus, passen Sie die Helligkeit an und \u00e4ndern Sie die Farben mit einfachen Sprachbefehlen.<\/span><\/p>\n\t\t<\/div>\n\t\t\t\t\n<style>\n#col-661426523 > .col-inner {\n  padding: 10% 10% 10% 10%;\n  max-width: 520px;\n}\n<\/style>\n\t<\/div>\n\n\t\n<\/div>\n\t\t<\/div>\n\n\t\t\n<style>\n#section_173335098 {\n  padding-top: 0px;\n  padding-bottom: 0px;\n  background-color: rgb(247, 247, 247);\n}\n#section_173335098 .section-bg-overlay {\n  background-color: rgba(255, 255, 255, 0.85);\n}\n<\/style>\n\t<\/section>\n\t\n\n\t<section class=\"section\" id=\"section_1681061672\">\n\t\t<div class=\"section-bg fill\" >\n\t\t\t\t\t\t\t\t\t<div class=\"section-bg-overlay absolute fill\"><\/div>\n\t\t\t\n\n\t\t<\/div>\n\n\t\t\n\n\t\t<div class=\"section-content relative\">\n\t\t\t\n<div class=\"row row-collapse row-full-width align-middle\"  id=\"row-1870815151\">\n\n\t<div id=\"col-1090097569\" class=\"col medium-6 small-12 large-6\"  >\n\t\t\t\t<div class=\"col-inner text-center\"  >\n\t\t\t\n\t\t\t\n<p><span class=\"a-list-item\">Energieeinsparung und Garantie: Die Led-Technologie reduziert den Verbrauch um bis zu 80 %, ohne an Helligkeit oder Qualit\u00e4t zu verlieren, und spart gleichzeitig Ihr Geld. Die Lebensdauer unserer LED-Edison-Gl\u00fchbirnen kann ungef\u00e4hr 20.000 Stunden betragen und h\u00e4lt 5 Mal l\u00e4nger als die Gl\u00fchbirne. Die Produkte werden mit unserer 15-monatigen Garantie garantiert.<\/span><\/p>\n\t\t<\/div>\n\t\t\t\t\n<style>\n#col-1090097569 > .col-inner {\n  padding: 10% 10% 10% 10%;\n  max-width: 520px;\n}\n<\/style>\n\t<\/div>\n\n\t\n\n\t<div id=\"col-1873985605\" class=\"col medium-6 small-12 large-6\"  >\n\t\t\t\t<div class=\"col-inner\"  >\n\t\t\t\n\t\t\t\n\t<div class=\"img has-hover x md-x lg-x y md-y lg-y\" id=\"image_1047570855\">\n\t\t\t\t\t\t\t\t<div class=\"img-inner dark\" >\n\t\t\t<img loading=\"lazy\" decoding=\"async\" width=\"1020\" height=\"1004\" src=\"https:\/\/yunjinlight.com\/wp-content\/uploads\/2022\/06\/711KnV4jeGL._AC_SL1500_-1024x1008.webp\" class=\"attachment-large size-large\" alt=\"\" srcset=\"https:\/\/yunjinlight.com\/wp-content\/uploads\/2022\/06\/711KnV4jeGL._AC_SL1500_-1024x1008.webp 1024w, https:\/\/yunjinlight.com\/wp-content\/uploads\/2022\/06\/711KnV4jeGL._AC_SL1500_-510x502.webp 510w, https:\/\/yunjinlight.com\/wp-content\/uploads\/2022\/06\/711KnV4jeGL._AC_SL1500_-300x295.webp 300w, https:\/\/yunjinlight.com\/wp-content\/uploads\/2022\/06\/711KnV4jeGL._AC_SL1500_-768x756.webp 768w, https:\/\/yunjinlight.com\/wp-content\/uploads\/2022\/06\/711KnV4jeGL._AC_SL1500_.webp 1500w\" sizes=\"auto, (max-width: 1020px) 100vw, 1020px\" \/>\t\t\t\t\t\t\n\t\t\t\t\t<\/div>\n\t\t\t\t\t\t\t\t\n<style>\n#image_1047570855 {\n  width: 100%;\n}\n<\/style>\n\t<\/div>\n\t\n\t\t<\/div>\n\t\t\t\t\t<\/div>\n\n\t\n<\/div>\n\t\t<\/div>\n\n\t\t\n<style>\n#section_1681061672 {\n  padding-top: 0px;\n  padding-bottom: 0px;\n  background-color: rgb(247, 247, 247);\n}\n#section_1681061672 .section-bg-overlay {\n  background-color: rgba(255, 255, 255, 0.85);\n}\n<\/style>\n\t<\/section>\n\t\n\n\t<section class=\"section\" id=\"section_241852136\">\n\t\t<div class=\"section-bg fill\" >\n\t\t\t\t\t\t\t\t\t<div class=\"section-bg-overlay absolute fill\"><\/div>\n\t\t\t\n\n\t\t<\/div>\n\n\t\t\n\n\t\t<div class=\"section-content relative\">\n\t\t\t\n<div class=\"row row-collapse row-full-width align-middle\"  id=\"row-2008753906\">\n\n\t<div id=\"col-792030524\" class=\"col medium-6 small-12 large-6\"  >\n\t\t\t\t<div class=\"col-inner\"  >\n\t\t\t\n\t\t\t\n\t<div class=\"img has-hover x md-x lg-x y md-y lg-y\" id=\"image_162432049\">\n\t\t\t\t\t\t\t\t<div class=\"img-inner dark\" >\n\t\t\t<img loading=\"lazy\" decoding=\"async\" width=\"720\" height=\"540\" src=\"https:\/\/yunjinlight.com\/wp-content\/uploads\/2022\/06\/smart-string-lights-warm-white-led-plug-in-christmas-patio.webp\" class=\"attachment-large size-large\" alt=\"smart-string-lights-warm-white-led-plug-in-christmas-patio-de\" srcset=\"https:\/\/yunjinlight.com\/wp-content\/uploads\/2022\/06\/smart-string-lights-warm-white-led-plug-in-christmas-patio.webp 720w, https:\/\/yunjinlight.com\/wp-content\/uploads\/2022\/06\/smart-string-lights-warm-white-led-plug-in-christmas-patio-510x383.webp 510w, https:\/\/yunjinlight.com\/wp-content\/uploads\/2022\/06\/smart-string-lights-warm-white-led-plug-in-christmas-patio-300x225.webp 300w\" sizes=\"auto, (max-width: 720px) 100vw, 720px\" \/>\t\t\t\t\t\t\n\t\t\t\t\t<\/div>\n\t\t\t\t\t\t\t\t\n<style>\n#image_162432049 {\n  width: 100%;\n}\n<\/style>\n\t<\/div>\n\t\n\t\t<\/div>\n\t\t\t\t\t<\/div>\n\n\t\n\n\t<div id=\"col-30198277\" class=\"col medium-6 small-12 large-6\"  >\n\t\t\t\t<div class=\"col-inner text-center\"  >\n\t\t\t\n\t\t\t\n<p><span class=\"a-list-item\">Verbindbares Design: Verbinden Sie zwei S\u00e4tze von Outdoor-Lichterketten f\u00fcr eine maximale L\u00e4nge von 96ft. Mit mehr Gl\u00fchbirnen k\u00f6nnen Sie problemlos gro\u00dfe Gartenpartys oder Zelthochzeiten beleuchten.<\/span><\/p>\n\t\t<\/div>\n\t\t\t\t\n<style>\n#col-30198277 > .col-inner {\n  padding: 10% 10% 10% 10%;\n  max-width: 520px;\n}\n<\/style>\n\t<\/div>\n\n\t\n<\/div>\n\t\t<\/div>\n\n\t\t\n<style>\n#section_241852136 {\n  padding-top: 0px;\n  padding-bottom: 0px;\n  background-color: rgb(247, 247, 247);\n}\n#section_241852136 .section-bg-overlay {\n  background-color: rgba(255, 255, 255, 0.85);\n}\n<\/style>\n\t<\/section>\n\t\n\n\t<section class=\"section\" id=\"section_592322650\">\n\t\t<div class=\"section-bg fill\" >\n\t\t\t\t\t\t\t\t\t<div class=\"section-bg-overlay absolute fill\"><\/div>\n\t\t\t\n\n\t\t<\/div>\n\n\t\t\n\n\t\t<div class=\"section-content relative\">\n\t\t\t\n<div class=\"row row-collapse row-full-width align-middle\"  id=\"row-1060799974\">\n\n\t<div id=\"col-154346943\" class=\"col medium-6 small-12 large-6\"  >\n\t\t\t\t<div class=\"col-inner text-center\"  >\n\t\t\t\n\t\t\t\n<p><span class=\"a-list-item\">9 Szenen-Modi: Die RGBW-Lichterkette bietet 9 vorprogrammierte Farbmodi und 16 Millionen verschiedene Farbkombinationen. Wechseln Sie die Farben, um ein v\u00f6llig neues Ambiente und Erlebnis zu schaffen, von romantisch bis entspannend oder von ruhig bis fr\u00f6hlich. (Gl\u00fchbirnen haben die gleiche Farbe)<\/span><\/p>\n\t\t<\/div>\n\t\t\t\t\n<style>\n#col-154346943 > .col-inner {\n  padding: 10% 10% 10% 10%;\n  max-width: 520px;\n}\n<\/style>\n\t<\/div>\n\n\t\n\n\t<div id=\"col-978038710\" class=\"col medium-6 small-12 large-6\"  >\n\t\t\t\t<div class=\"col-inner\"  >\n\t\t\t\n\t\t\t\n\t<div class=\"img has-hover x md-x lg-x y md-y lg-y\" id=\"image_1136689518\">\n\t\t\t\t\t\t\t\t<div class=\"img-inner dark\" >\n\t\t\t<img loading=\"lazy\" decoding=\"async\" width=\"1020\" height=\"1020\" src=\"https:\/\/yunjinlight.com\/wp-content\/uploads\/2022\/06\/app-wifi-control-1-1024x1024.webp\" class=\"attachment-large size-large\" alt=\"\" srcset=\"https:\/\/yunjinlight.com\/wp-content\/uploads\/2022\/06\/app-wifi-control-1-1024x1024.webp 1024w, https:\/\/yunjinlight.com\/wp-content\/uploads\/2022\/06\/app-wifi-control-1-100x100.webp 100w, https:\/\/yunjinlight.com\/wp-content\/uploads\/2022\/06\/app-wifi-control-1-510x510.webp 510w, https:\/\/yunjinlight.com\/wp-content\/uploads\/2022\/06\/app-wifi-control-1-300x300.webp 300w, https:\/\/yunjinlight.com\/wp-content\/uploads\/2022\/06\/app-wifi-control-1-150x150.webp 150w, https:\/\/yunjinlight.com\/wp-content\/uploads\/2022\/06\/app-wifi-control-1-768x768.webp 768w, https:\/\/yunjinlight.com\/wp-content\/uploads\/2022\/06\/app-wifi-control-1.webp 1500w\" sizes=\"auto, (max-width: 1020px) 100vw, 1020px\" \/>\t\t\t\t\t\t\n\t\t\t\t\t<\/div>\n\t\t\t\t\t\t\t\t\n<style>\n#image_1136689518 {\n  width: 100%;\n}\n<\/style>\n\t<\/div>\n\t\n\t\t<\/div>\n\t\t\t\t\t<\/div>\n\n\t\n<\/div>\n\t\t<\/div>\n\n\t\t\n<style>\n#section_592322650 {\n  padding-top: 0px;\n  padding-bottom: 0px;\n  background-color: rgb(247, 247, 247);\n}\n#section_592322650 .section-bg-overlay {\n  background-color: rgba(255, 255, 255, 0.85);\n}\n<\/style>\n\t<\/section>\n\t\n","protected":false},"excerpt":{"rendered":"<table>\n<tbody>\n<tr>\n<td>Kabel-Option<\/td>\n<td>Gummi oder PVC, 2 &#8211; wries<\/td>\n<\/tr>\n<tr>\n<td>L\u00e4nge<\/td>\n<td>48ft\/36ft\/24ft kundenspezifisch<\/td>\n<\/tr>\n<tr>\n<td>Stecker<\/td>\n<td>NEMA 1-15P, Europa, England, Australien oder andere<\/td>\n<\/tr>\n<tr>\n<td>Gl\u00fchbirnen<\/td>\n<td>S14, G40, oder kundenspezifisch<\/td>\n<\/tr>\n<tr>\n<td>Kontrolle<\/td>\n<td>Smart Phone, Alexa, Google Assistant und andere Sprachsteuerung<\/td>\n<\/tr>\n<tr>\n<td>Farbe<\/td>\n<td>Warmes Wei\u00df<\/td>\n<\/tr>\n<tr>\n<td>Maximale Gl\u00fchbirne<\/td>\n<td>48 Gl\u00fchbirnen<\/td>\n<\/tr>\n<tr>\n<td>Verbinden Sie<\/td>\n<td>2 &#8211; Stifte verbinden<\/td>\n<\/tr>\n<tr>\n<td>Wasserdicht<\/td>\n<td>IP65\/IP44<\/td>\n<\/tr>\n<\/tbody>\n<\/table>\n","protected":false},"featured_media":828,"comment_status":"open","ping_status":"closed","template":"","meta":[],"product_brand":[],"product_cat":[146],"product_tag":[],"class_list":{"0":"post-872","1":"product","2":"type-product","3":"status-publish","4":"has-post-thumbnail","6":"product_cat-uncategorized-de","8":"first","9":"instock","10":"shipping-taxable","11":"product-type-simple"},"_links":{"self":[{"href":"https:\/\/yunjinlight.com\/de\/wp-json\/wp\/v2\/product\/872","targetHints":{"allow":["GET"]}}],"collection":[{"href":"https:\/\/yunjinlight.com\/de\/wp-json\/wp\/v2\/product"}],"about":[{"href":"https:\/\/yunjinlight.com\/de\/wp-json\/wp\/v2\/types\/product"}],"replies":[{"embeddable":true,"href":"https:\/\/yunjinlight.com\/de\/wp-json\/wp\/v2\/comments?post=872"}],"wp:featuredmedia":[{"embeddable":true,"href":"https:\/\/yunjinlight.com\/de\/wp-json\/wp\/v2\/media\/828"}],"wp:attachment":[{"href":"https:\/\/yunjinlight.com\/de\/wp-json\/wp\/v2\/media?parent=872"}],"wp:term":[{"taxonomy":"product_brand","embeddable":true,"href":"https:\/\/yunjinlight.com\/de\/wp-json\/wp\/v2\/product_brand?post=872"},{"taxonomy":"product_cat","embeddable":true,"href":"https:\/\/yunjinlight.com\/de\/wp-json\/wp\/v2\/product_cat?post=872"},{"taxonomy":"product_tag","embeddable":true,"href":"https:\/\/yunjinlight.com\/de\/wp-json\/wp\/v2\/product_tag?post=872"}],"curies":[{"name":"wp","href":"https:\/\/api.w.org\/{rel}","templated":true}]}}