{"id":871,"date":"2021-12-24T09:01:54","date_gmt":"2021-12-24T09:01:54","guid":{"rendered":"https:\/\/yunjinlight.com\/product\/string-licht-fur-den-ausenbereich-fur-patio-dec\/"},"modified":"2022-06-24T01:18:39","modified_gmt":"2022-06-24T01:18:39","slug":"string-licht-fur-den-ausenbereich-fur-patio-dec","status":"publish","type":"product","link":"https:\/\/yunjinlight.com\/de\/produkt\/string-licht-fur-den-ausenbereich-fur-patio-dec\/","title":{"rendered":"String-Licht f\u00fcr den Au\u00dfenbereich f\u00fcr Patio Dec"},"content":{"rendered":"\n\t<section class=\"section\" id=\"section_1246064496\">\n\t\t<div class=\"section-bg fill\" >\n\t\t\t\t\t\t\t\t\t<div class=\"section-bg-overlay absolute fill\"><\/div>\n\t\t\t\n\n\t\t<\/div>\n\n\t\t\n\n\t\t<div class=\"section-content relative\">\n\t\t\t\n<div class=\"row row-collapse row-full-width align-middle\"  id=\"row-414887617\">\n\n\t<div id=\"col-1490965991\" class=\"col medium-6 small-12 large-6\"  >\n\t\t\t\t<div class=\"col-inner\"  >\n\t\t\t\n\t\t\t\n\t<div class=\"img has-hover x md-x lg-x y md-y lg-y\" id=\"image_110386108\">\n\t\t\t\t\t\t\t\t<div class=\"img-inner dark\" >\n\t\t\t<img loading=\"lazy\" decoding=\"async\" width=\"498\" height=\"498\" src=\"https:\/\/yunjinlight.com\/wp-content\/uploads\/2021\/12\/30.jpg\" class=\"attachment-large size-large\" alt=\"\" srcset=\"https:\/\/yunjinlight.com\/wp-content\/uploads\/2021\/12\/30.jpg 498w, https:\/\/yunjinlight.com\/wp-content\/uploads\/2021\/12\/30-100x100.jpg 100w, https:\/\/yunjinlight.com\/wp-content\/uploads\/2021\/12\/30-300x300.jpg 300w, https:\/\/yunjinlight.com\/wp-content\/uploads\/2021\/12\/30-150x150.jpg 150w\" sizes=\"auto, (max-width: 498px) 100vw, 498px\" \/>\t\t\t\t\t\t\n\t\t\t\t\t<\/div>\n\t\t\t\t\t\t\t\t\n<style>\n#image_110386108 {\n  width: 100%;\n}\n<\/style>\n\t<\/div>\n\t\n\t\t<\/div>\n\t\t\t\t\t<\/div>\n\n\t\n\n\t<div id=\"col-266472647\" class=\"col medium-6 small-12 large-6\"  >\n\t\t\t\t<div class=\"col-inner text-center\"  >\n\t\t\t\n\t\t\t\n<p>Ihre Terrasse, Ihren Hinterhof oder Ihren Au\u00dfenbereich dekorieren, damit diese Ihr Leben jeden Tag erhellen? Lichterketten f\u00fcr den Au\u00dfenbereich oder Lichterketten f\u00fcr die Terrasse sind eine wunderbare Idee, um Ihre Au\u00dfenbereiche zu erhellen. Solange Sie Ihrer Fantasie freien Lauf lassen, sind Lichterketten f\u00fcr den Au\u00dfenbereich auch ideal, um Ihren Lebensraum im Freien zu personalisieren.<\/p>\n\t\t<\/div>\n\t\t\t\t\n<style>\n#col-266472647 > .col-inner {\n  padding: 10% 10% 10% 10%;\n  max-width: 520px;\n}\n<\/style>\n\t<\/div>\n\n\t\n<\/div>\n\t\t<\/div>\n\n\t\t\n<style>\n#section_1246064496 {\n  padding-top: 0px;\n  padding-bottom: 0px;\n  background-color: rgb(247, 247, 247);\n}\n#section_1246064496 .section-bg-overlay {\n  background-color: rgba(255, 255, 255, 0.85);\n}\n<\/style>\n\t<\/section>\n\t\n\n\t<section class=\"section\" id=\"section_706389959\">\n\t\t<div class=\"section-bg fill\" >\n\t\t\t\t\t\t\t\t\t<div class=\"section-bg-overlay absolute fill\"><\/div>\n\t\t\t\n\n\t\t<\/div>\n\n\t\t\n\n\t\t<div class=\"section-content relative\">\n\t\t\t\n<div class=\"row row-collapse row-full-width align-middle\"  id=\"row-1235090376\">\n\n\t<div id=\"col-709959416\" class=\"col medium-6 small-12 large-6\"  >\n\t\t\t\t<div class=\"col-inner text-center\"  >\n\t\t\t\n\t\t\t\n<p>Die wasserdichte IP65-Lichterkette h\u00e4lt Schnee, Sonne, Feuchtigkeit, Wind, Regen und extremen Temperaturen im Freien stand. Diese langlebigen Lichterketten haben spezielle wasserdichte Fassungen, die die Gl\u00fchbirne vollst\u00e4ndig umschlie\u00dfen, um die Dichtigkeit und die Lebensdauer des Produkts zu verbessern.<\/p>\n\t\t<\/div>\n\t\t\t\t\n<style>\n#col-709959416 > .col-inner {\n  padding: 10% 10% 10% 10%;\n  max-width: 520px;\n}\n<\/style>\n\t<\/div>\n\n\t\n\n\t<div id=\"col-1294515664\" class=\"col medium-6 small-12 large-6\"  >\n\t\t\t\t<div class=\"col-inner\"  >\n\t\t\t\n\t\t\t\n\t<div class=\"img has-hover x md-x lg-x y md-y lg-y\" id=\"image_890959472\">\n\t\t\t\t\t\t\t\t<div class=\"img-inner dark\" >\n\t\t\t<img loading=\"lazy\" decoding=\"async\" width=\"500\" height=\"500\" src=\"https:\/\/yunjinlight.com\/wp-content\/uploads\/2021\/12\/28.jpg\" class=\"attachment-large size-large\" alt=\"\" srcset=\"https:\/\/yunjinlight.com\/wp-content\/uploads\/2021\/12\/28.jpg 500w, https:\/\/yunjinlight.com\/wp-content\/uploads\/2021\/12\/28-100x100.jpg 100w, https:\/\/yunjinlight.com\/wp-content\/uploads\/2021\/12\/28-300x300.jpg 300w, https:\/\/yunjinlight.com\/wp-content\/uploads\/2021\/12\/28-150x150.jpg 150w\" sizes=\"auto, (max-width: 500px) 100vw, 500px\" \/>\t\t\t\t\t\t\n\t\t\t\t\t<\/div>\n\t\t\t\t\t\t\t\t\n<style>\n#image_890959472 {\n  width: 100%;\n}\n<\/style>\n\t<\/div>\n\t\n\t\t<\/div>\n\t\t\t\t\t<\/div>\n\n\t\n<\/div>\n\t\t<\/div>\n\n\t\t\n<style>\n#section_706389959 {\n  padding-top: 0px;\n  padding-bottom: 0px;\n  background-color: rgb(247, 247, 247);\n}\n#section_706389959 .section-bg-overlay {\n  background-color: rgba(255, 255, 255, 0.85);\n}\n<\/style>\n\t<\/section>\n\t\n","protected":false},"excerpt":{"rendered":"<table>\n<tbody>\n<tr>\n<td>Eingangsspannung<\/td>\n<td>AC110-130V<\/td>\n<\/tr>\n<tr>\n<td>Kabel<\/td>\n<td>SJTW 2*18AWG<\/td>\n<\/tr>\n<tr>\n<td>L\u00e4nge<\/td>\n<td>48foot<\/td>\n<\/tr>\n<tr>\n<td>Steckdose<\/td>\n<td>15 f\u00fcr den Au\u00dfenbereich geeignete E26-Fassungen<\/td>\n<\/tr>\n<tr>\n<td>Gl\u00fchbirne<\/td>\n<td>2700K 1W LED-Gl\u00fchbirne<\/td>\n<\/tr>\n<tr>\n<td>Maximale Wattzahl f\u00fcr Stringlauf<\/td>\n<td>960W<\/td>\n<\/tr>\n<tr>\n<td>Maximal verkn\u00fcpfbare Strings<\/td>\n<td>5 strings<\/td>\n<\/tr>\n<tr>\n<td>Wasserdichte Bewertung<\/td>\n<td>IP65<\/td>\n<\/tr>\n<tr>\n<td>Zertifikat<\/td>\n<td>ETL<\/td>\n<\/tr>\n<\/tbody>\n<\/table>\n","protected":false},"featured_media":769,"comment_status":"open","ping_status":"closed","template":"","meta":[],"product_brand":[],"product_cat":[146],"product_tag":[],"class_list":{"0":"post-871","1":"product","2":"type-product","3":"status-publish","4":"has-post-thumbnail","6":"product_cat-uncategorized-de","8":"first","9":"instock","10":"shipping-taxable","11":"product-type-simple"},"_links":{"self":[{"href":"https:\/\/yunjinlight.com\/de\/wp-json\/wp\/v2\/product\/871","targetHints":{"allow":["GET"]}}],"collection":[{"href":"https:\/\/yunjinlight.com\/de\/wp-json\/wp\/v2\/product"}],"about":[{"href":"https:\/\/yunjinlight.com\/de\/wp-json\/wp\/v2\/types\/product"}],"replies":[{"embeddable":true,"href":"https:\/\/yunjinlight.com\/de\/wp-json\/wp\/v2\/comments?post=871"}],"wp:featuredmedia":[{"embeddable":true,"href":"https:\/\/yunjinlight.com\/de\/wp-json\/wp\/v2\/media\/769"}],"wp:attachment":[{"href":"https:\/\/yunjinlight.com\/de\/wp-json\/wp\/v2\/media?parent=871"}],"wp:term":[{"taxonomy":"product_brand","embeddable":true,"href":"https:\/\/yunjinlight.com\/de\/wp-json\/wp\/v2\/product_brand?post=871"},{"taxonomy":"product_cat","embeddable":true,"href":"https:\/\/yunjinlight.com\/de\/wp-json\/wp\/v2\/product_cat?post=871"},{"taxonomy":"product_tag","embeddable":true,"href":"https:\/\/yunjinlight.com\/de\/wp-json\/wp\/v2\/product_tag?post=871"}],"curies":[{"name":"wp","href":"https:\/\/api.w.org\/{rel}","templated":true}]}}