{"id":866,"date":"2022-05-06T12:11:11","date_gmt":"2022-05-06T12:11:11","guid":{"rendered":"https:\/\/yunjinlight.com\/product\/yje26-intelligente-lichterkette-warm-weis-led-plug-in-weihnachten-patio\/"},"modified":"2022-06-23T08:33:14","modified_gmt":"2022-06-23T08:33:14","slug":"yje26-intelligente-lichterkette-warm-weis-led-plug-in-weihnachten-patio","status":"publish","type":"product","link":"https:\/\/yunjinlight.com\/de\/produkt\/yje26-intelligente-lichterkette-warm-weis-led-plug-in-weihnachten-patio\/","title":{"rendered":"YJE26 intelligente Lichterkette warm wei\u00df led plug-in weihnachten patio"},"content":{"rendered":"<div class=\"video video-fit mb\" style=\"padding-top:56.25%;\"><p><iframe loading=\"lazy\" title=\"YJE26 Warm White LED Smart String Lights\" width=\"1020\" height=\"574\" src=\"https:\/\/www.youtube.com\/embed\/4ks8_1muPSY?feature=oembed\" frameborder=\"0\" allow=\"accelerometer; autoplay; clipboard-write; encrypted-media; gyroscope; picture-in-picture\" allowfullscreen><\/iframe><\/p>\n<\/div>\n<h2>Eigenschaften<\/h2>\n<ul>\n<li>smart string lights warm white led Funktioniert mit Google Home Assistant Sprachsteuerung, Alexa, und kann auch durch benutzerdefinierte APP gesteuert werden. (Tuya Tech)<\/li>\n<li>Diese dimmbaren und App-gesteuerten wei\u00dfen Lichterketten f\u00fcr den Au\u00dfenbereich sind mit einer benutzerdefinierten App in der Helligkeit dimmbar und nutzen Tuya-Technologie, anpassbare App-Funktionen, mehrere integrierte Szenen und benutzerdefinierte Szenen, einstellbare Atmung und Flackereffekte. Die Terrassenleuchte verf\u00fcgt sogar \u00fcber Zeitschaltuhren, Zeitpl\u00e4ne, Automatisierung und weitere Funktionen.<\/li>\n<li>Sprachsteuerung &#8211; Die intelligente Lichterkette funktioniert mit Alexa und anderen intelligenten Sprachassistenten, ohne dass eine separate Fernbedienung erforderlich ist. Es ist eine wirklich intelligente Lichterkette f\u00fcr den Au\u00dfenbereich.<\/li>\n<li>Erweiterbar und austauschbar &#8211; Die Patio-Au\u00dfenleuchten k\u00f6nnen mit mehreren Lichterketten in einem einzigen Adapter erweitert werden, um den Bed\u00fcrfnissen verschiedener R\u00e4ume gerecht zu werden, mit Ersatzbirnen, und wenn eine der Birnen besch\u00e4digt ist, kann der Benutzer die Birne leicht ersetzen.<\/li>\n<li>100-240 V breite Spannungsunterst\u00fctzung, 50\/60Hz, 12V DC-Ausgang, IP65 wasserdicht, wetterfest, bruchsicheres Design macht die LED-Terrassenleuchte in der Lage, rauen Wetterbedingungen zu widerstehen.<\/li>\n<li>DAUERHAFT UND ENERGIEEFFIZIENT &#8211; Die Terrassenleuchte verwendet austauschbare S14-Edison-Birnen. Das Design mit zwei Gl\u00fchf\u00e4den macht sie heller als herk\u00f6mmliche LED- und Gl\u00fchbirnen, aber energieeffizienter und stromsparender mit einer 35-fachen Lebensdauer gegen\u00fcber Gl\u00fchbirnen.<\/li>\n<li>Komfortables Licht an jedem Ort &#8211; Lichterketten lassen sich leicht auf Terrassen, Pergolen, Lauben, Vord\u00e4chern, Veranden, G\u00e4rten, H\u00f6fen, auf Partys und sogar in Innenr\u00e4umen wie Caf\u00e9s und Schlafzimmern einsetzen.<\/li>\n<\/ul>\n\n\t<section class=\"section\" id=\"section_1339594710\">\n\t\t<div class=\"section-bg fill\" >\n\t\t\t\t\t\t\t\t\t\n\t\t\t\n\n\t\t<\/div>\n\n\t\t\n\n\t\t<div class=\"section-content relative\">\n\t\t\t\n<div class=\"row align-middle\"  id=\"row-732216803\">\n\n\t<div id=\"col-1136348913\" class=\"col medium-6 small-12 large-6\"  >\n\t\t\t\t<div class=\"col-inner\"  >\n\t\t\t\n\t\t\t\n\t<div class=\"img has-hover x md-x lg-x y md-y lg-y\" id=\"image_477267331\">\n\t\t\t\t\t\t\t\t<div class=\"img-inner dark\" >\n\t\t\t<img loading=\"lazy\" decoding=\"async\" width=\"720\" height=\"540\" src=\"https:\/\/yunjinlight.com\/wp-content\/uploads\/2022\/06\/smart-string-lights-warm-white-led-plug-in-christmas-patio.webp\" class=\"attachment-large size-large\" alt=\"smart-string-lights-warm-white-led-plug-in-christmas-patio-de\" srcset=\"https:\/\/yunjinlight.com\/wp-content\/uploads\/2022\/06\/smart-string-lights-warm-white-led-plug-in-christmas-patio.webp 720w, https:\/\/yunjinlight.com\/wp-content\/uploads\/2022\/06\/smart-string-lights-warm-white-led-plug-in-christmas-patio-510x383.webp 510w, https:\/\/yunjinlight.com\/wp-content\/uploads\/2022\/06\/smart-string-lights-warm-white-led-plug-in-christmas-patio-300x225.webp 300w\" sizes=\"auto, (max-width: 720px) 100vw, 720px\" \/>\t\t\t\t\t\t\n\t\t\t\t\t<\/div>\n\t\t\t\t\t\t\t\t\n<style>\n#image_477267331 {\n  width: 100%;\n}\n<\/style>\n\t<\/div>\n\t\n\t\t<\/div>\n\t\t\t\t\t<\/div>\n\n\t\n\n\t<div id=\"col-1563820807\" class=\"col medium-6 small-12 large-6\"  >\n\t\t\t\t<div class=\"col-inner\"  >\n\t\t\t\n\t\t\t\n<h2>Intelligente Lichterkette mit warmwei\u00dfen LED-Gl\u00fchbirnen<\/h2>\n<p>LED-Lampen sind wegen ihrer l\u00e4ngeren Lebensdauer, ihres effizienten Betriebs und ihres k\u00fchlen \u00c4u\u00dferen beliebt. Diese Eigenschaften machen diese LED-Lichterketten zu einer beliebten Wahl. Sie sind so sch\u00f6n, lassen sich so gut drapieren und sehen auch dann stilvoll aus, wenn die Lichter nicht eingeschaltet sind. Sie sind au\u00dferdem sto\u00dffest und UL-gelistet f\u00fcr die dauerhafte Installation im Freien, so dass sie im Winter nicht abgenommen werden m\u00fcssen.<\/p>\n\t\t<\/div>\n\t\t\t\t\t<\/div>\n\n\t\n<\/div>\n\t\t<\/div>\n\n\t\t\n<style>\n#section_1339594710 {\n  padding-top: 30px;\n  padding-bottom: 30px;\n}\n<\/style>\n\t<\/section>\n\t\n\n\t<section class=\"section\" id=\"section_699406850\">\n\t\t<div class=\"section-bg fill\" >\n\t\t\t\t\t\t\t\t\t\n\t\t\t\n\n\t\t<\/div>\n\n\t\t\n\n\t\t<div class=\"section-content relative\">\n\t\t\t\n<div class=\"row align-middle\"  id=\"row-1684008178\">\n\n\t<div id=\"col-565185981\" class=\"col medium-6 small-12 large-6\"  >\n\t\t\t\t<div class=\"col-inner\"  >\n\t\t\t\n\t\t\t\n<h2>Intelligente Lichterkette, die mit einer individuellen APP gesteuert wird<\/h2>\n<p>Die warmwei\u00dfen LED-Gl\u00fchbirnen dieser <a href=\"https:\/\/yunjinlight.com\/de\/\">intelligenten Lichterkette<\/a>k\u00f6nnen \u00fcber die Tuya-App und die angepasste App mit Tuya-Tech gesteuert werden. Es gibt 4 eingebaute Senes und benutzerdefinierte Szenen-Funktionen, k\u00f6nnen Sie die entsprechenden Festival-Szenen w\u00e4hrend des Urlaubs zu verwenden, und k\u00f6nnen auch verschiedene blinkende Beleuchtung w\u00e4hlen. <a href=\"https:\/\/developer.tuya.com\/en\/app-development-platform\" target=\"_blank\" rel=\"noopener\">erfahren Sie mehr<\/a> \u00fcber No-Code-App-Entwicklung mit Tuya, und steuern Sie die intelligente String-Licht. Wir liefern Komplettl\u00f6sungen f\u00fcr Ihr Gesch\u00e4ft mit intelligenten Lichtketten.<\/p>\n\t\t<\/div>\n\t\t\t\t\t<\/div>\n\n\t\n\n\t<div id=\"col-1346790979\" class=\"col medium-6 small-12 large-6\"  >\n\t\t\t\t<div class=\"col-inner\"  >\n\t\t\t\n\t\t\t\n\t<div class=\"img has-hover x md-x lg-x y md-y lg-y\" id=\"image_1119169149\">\n\t\t\t\t\t\t\t\t<div class=\"img-inner dark\" >\n\t\t\t<img loading=\"lazy\" decoding=\"async\" width=\"1020\" height=\"1010\" src=\"https:\/\/yunjinlight.com\/wp-content\/uploads\/2022\/05\/YJE26-white-smart-string-light-1024x1014.webp\" class=\"attachment-large size-large\" alt=\"\" srcset=\"https:\/\/yunjinlight.com\/wp-content\/uploads\/2022\/05\/YJE26-white-smart-string-light-1024x1014.webp 1024w, https:\/\/yunjinlight.com\/wp-content\/uploads\/2022\/05\/YJE26-white-smart-string-light-100x100.webp 100w, https:\/\/yunjinlight.com\/wp-content\/uploads\/2022\/05\/YJE26-white-smart-string-light-510x505.webp 510w, https:\/\/yunjinlight.com\/wp-content\/uploads\/2022\/05\/YJE26-white-smart-string-light-300x297.webp 300w, https:\/\/yunjinlight.com\/wp-content\/uploads\/2022\/05\/YJE26-white-smart-string-light-150x150.webp 150w, https:\/\/yunjinlight.com\/wp-content\/uploads\/2022\/05\/YJE26-white-smart-string-light-768x761.webp 768w, https:\/\/yunjinlight.com\/wp-content\/uploads\/2022\/05\/YJE26-white-smart-string-light.webp 1500w\" sizes=\"auto, (max-width: 1020px) 100vw, 1020px\" \/>\t\t\t\t\t\t\n\t\t\t\t\t<\/div>\n\t\t\t\t\t\t\t\t\n<style>\n#image_1119169149 {\n  width: 100%;\n}\n<\/style>\n\t<\/div>\n\t\n\t\t<\/div>\n\t\t\t\t\t<\/div>\n\n\t\n<\/div>\n\t\t<\/div>\n\n\t\t\n<style>\n#section_699406850 {\n  padding-top: 30px;\n  padding-bottom: 30px;\n}\n<\/style>\n\t<\/section>\n\t\n\n\t<section class=\"section\" id=\"section_1045210246\">\n\t\t<div class=\"section-bg fill\" >\n\t\t\t\t\t\t\t\t\t\n\t\t\t\n\n\t\t<\/div>\n\n\t\t\n\n\t\t<div class=\"section-content relative\">\n\t\t\t\n<div class=\"row align-middle\"  id=\"row-286102219\">\n\n\t<div id=\"col-1488074657\" class=\"col medium-6 small-12 large-6\"  >\n\t\t\t\t<div class=\"col-inner\"  >\n\t\t\t\n\t\t\t\n\t<div class=\"img has-hover x md-x lg-x y md-y lg-y\" id=\"image_787008548\">\n\t\t\t\t\t\t\t\t<div class=\"img-inner dark\" >\n\t\t\t<img loading=\"lazy\" decoding=\"async\" width=\"1020\" height=\"1020\" src=\"https:\/\/yunjinlight.com\/wp-content\/uploads\/2022\/06\/app-wifi-control-1-1024x1024.webp\" class=\"attachment-large size-large\" alt=\"\" srcset=\"https:\/\/yunjinlight.com\/wp-content\/uploads\/2022\/06\/app-wifi-control-1-1024x1024.webp 1024w, https:\/\/yunjinlight.com\/wp-content\/uploads\/2022\/06\/app-wifi-control-1-100x100.webp 100w, https:\/\/yunjinlight.com\/wp-content\/uploads\/2022\/06\/app-wifi-control-1-510x510.webp 510w, https:\/\/yunjinlight.com\/wp-content\/uploads\/2022\/06\/app-wifi-control-1-300x300.webp 300w, https:\/\/yunjinlight.com\/wp-content\/uploads\/2022\/06\/app-wifi-control-1-150x150.webp 150w, https:\/\/yunjinlight.com\/wp-content\/uploads\/2022\/06\/app-wifi-control-1-768x768.webp 768w, https:\/\/yunjinlight.com\/wp-content\/uploads\/2022\/06\/app-wifi-control-1.webp 1500w\" sizes=\"auto, (max-width: 1020px) 100vw, 1020px\" \/>\t\t\t\t\t\t\n\t\t\t\t\t<\/div>\n\t\t\t\t\t\t\t\t\n<style>\n#image_787008548 {\n  width: 100%;\n}\n<\/style>\n\t<\/div>\n\t\n\t\t<\/div>\n\t\t\t\t\t<\/div>\n\n\t\n\n\t<div id=\"col-992862163\" class=\"col medium-6 small-12 large-6\"  >\n\t\t\t\t<div class=\"col-inner\"  >\n\t\t\t\n\t\t\t\n<h2>WIFI 2.4GHz Verbindung<\/h2>\n<p>2,4-GHz-Wi-Fi, das stabiler ist als Bluetooth. Das 2,4-GHz-WLAN kann die intelligente Lichterkette \u00fcber eine gro\u00dfe Entfernung verbinden und ist viel stabiler als Bluetooth.<\/p>\n\t\t<\/div>\n\t\t\t\t\t<\/div>\n\n\t\n<\/div>\n\t\t<\/div>\n\n\t\t\n<style>\n#section_1045210246 {\n  padding-top: 30px;\n  padding-bottom: 30px;\n}\n<\/style>\n\t<\/section>\n\t\n\n\t<section class=\"section\" id=\"section_2127909438\">\n\t\t<div class=\"section-bg fill\" >\n\t\t\t\t\t\t\t\t\t\n\t\t\t\n\n\t\t<\/div>\n\n\t\t\n\n\t\t<div class=\"section-content relative\">\n\t\t\t\n<div class=\"row align-middle\"  id=\"row-845609932\">\n\n\t<div id=\"col-1107094017\" class=\"col medium-6 small-12 large-6\"  >\n\t\t\t\t<div class=\"col-inner\"  >\n\t\t\t\n\t\t\t\n<h2>L\u00f6sung zur Sprachsteuerung<\/h2>\n<p>Diese intelligente Lichterkette mit warmwei\u00dfen LED-Gl\u00fchbirnen funktioniert mit Alexa und anderen intelligenten Sprachassistenten, ohne separate Fernbedienungen zu verwenden. Au\u00dferdem haben wir eine Reihe von intelligenten Funktionen wie Zeitplan-, Automatisierungs- und Gruppierungsfunktionen vorbereitet, um die farbigen Lichterketten \u00fcber die App zu steuern.<\/p>\n\t\t<\/div>\n\t\t\t\t\t<\/div>\n\n\t\n\n\t<div id=\"col-668131333\" class=\"col medium-6 small-12 large-6\"  >\n\t\t\t\t<div class=\"col-inner\"  >\n\t\t\t\n\t\t\t\n\t<div class=\"img has-hover x md-x lg-x y md-y lg-y\" id=\"image_530576664\">\n\t\t\t\t\t\t\t\t<div class=\"img-inner dark\" >\n\t\t\t<img loading=\"lazy\" decoding=\"async\" width=\"1020\" height=\"1020\" src=\"https:\/\/yunjinlight.com\/wp-content\/uploads\/2022\/06\/voice-control-feature-1024x1024.webp\" class=\"attachment-large size-large\" alt=\"\" srcset=\"https:\/\/yunjinlight.com\/wp-content\/uploads\/2022\/06\/voice-control-feature-1024x1024.webp 1024w, https:\/\/yunjinlight.com\/wp-content\/uploads\/2022\/06\/voice-control-feature-100x100.webp 100w, https:\/\/yunjinlight.com\/wp-content\/uploads\/2022\/06\/voice-control-feature-510x510.webp 510w, https:\/\/yunjinlight.com\/wp-content\/uploads\/2022\/06\/voice-control-feature-300x300.webp 300w, https:\/\/yunjinlight.com\/wp-content\/uploads\/2022\/06\/voice-control-feature-150x150.webp 150w, https:\/\/yunjinlight.com\/wp-content\/uploads\/2022\/06\/voice-control-feature-768x768.webp 768w, https:\/\/yunjinlight.com\/wp-content\/uploads\/2022\/06\/voice-control-feature.webp 1500w\" sizes=\"auto, (max-width: 1020px) 100vw, 1020px\" \/>\t\t\t\t\t\t\n\t\t\t\t\t<\/div>\n\t\t\t\t\t\t\t\t\n<style>\n#image_530576664 {\n  width: 100%;\n}\n<\/style>\n\t<\/div>\n\t\n\t\t<\/div>\n\t\t\t\t\t<\/div>\n\n\t\n<\/div>\n\t\t<\/div>\n\n\t\t\n<style>\n#section_2127909438 {\n  padding-top: 30px;\n  padding-bottom: 30px;\n}\n<\/style>\n\t<\/section>\n\t\n\n\t<section class=\"section\" id=\"section_1987762986\">\n\t\t<div class=\"section-bg fill\" >\n\t\t\t\t\t\t\t\t\t\n\t\t\t\n\n\t\t<\/div>\n\n\t\t\n\n\t\t<div class=\"section-content relative\">\n\t\t\t\n<div class=\"row\"  id=\"row-1922005919\">\n\n\t<div id=\"col-1983805837\" class=\"col medium-4 small-12 large-4\"  >\n\t\t\t\t<div class=\"col-inner\"  >\n\t\t\t\n\t\t\t\n<h2>Einfach zu installieren &amp; erweiterbar<\/h2>\n<p>Diese intelligenten Lichterketten mit warmwei\u00dfen LED-Gl\u00fchbirnen sind mit Aufh\u00e4ngehaken f\u00fcr eine einfache Installation ausgestattet, die mit einem F\u00fchrungsdraht aus Edelstahl versehen sind. Unsere Terrassenleuchten k\u00f6nnen mehrere Str\u00e4nge in einem Adapter verbinden, der auf bis zu 60 Gl\u00fchbirnen erweiterbar ist. Sie k\u00f6nnen die intelligente Lichterkette \u00fcberall verwenden.<\/p>\n\t\t<\/div>\n\t\t\t\t\t<\/div>\n\n\t\n\n\t<div id=\"col-416169648\" class=\"col medium-4 small-12 large-4\"  >\n\t\t\t\t<div class=\"col-inner\"  >\n\t\t\t\n\t\t\t\n<h2>Hergestellt aus unbedenklichem PC-Material<\/h2>\n<p>Hergestellt aus unbedenklichem PC-Material, 12V DC-Ausgang und ETL-zertifiziert, um die Sicherheit des Benutzers zu gew\u00e4hrleisten. IP65 wasserdicht, wetterfest und bruchsicher Design macht XMcosy LED-Terrassenleuchten widerstehen schlechtem Wetter. Dekorieren Sie Ihre Terrasse, Pergola, Pavillon, Vordach, Veranda, Garten, Hof, Schwimmb\u00e4der und Party sogar drinnen wie Caf\u00e9, Bar und Badezimmer.<\/p>\n\t\t<\/div>\n\t\t\t\t\t<\/div>\n\n\t\n\n\t<div id=\"col-651245528\" class=\"col medium-4 small-12 large-4\"  >\n\t\t\t\t<div class=\"col-inner\"  >\n\t\t\t\n\t\t\t\n<h2>Ma\u00dfgeschneidert f\u00fcr Ihre L\u00e4nge und Entfernung<\/h2>\n<p>Die Standardausf\u00fchrung der Lichterkette f\u00fcr den Au\u00dfenbereich mit warmwei\u00dfen LED-Gl\u00fchbirnen, ist 36FT und 18 Gl\u00fchbirnen. Die Kunden k\u00f6nnen die L\u00e4nge und die Anzahl der Gl\u00fchbirnen an die Anforderungen der Benutzer und die verschiedenen Nutzungsszenarien anpassen.<\/p>\n\t\t<\/div>\n\t\t\t\t\t<\/div>\n\n\t\n<\/div>\n\t\t<\/div>\n\n\t\t\n<style>\n#section_1987762986 {\n  padding-top: 30px;\n  padding-bottom: 30px;\n}\n<\/style>\n\t<\/section>\n\t\n","protected":false},"excerpt":{"rendered":"<table>\n<tbody>\n<tr>\n<td>Eingabe<\/td>\n<td>100-240V 50\/60 Hz<\/td>\n<\/tr>\n<tr>\n<td>Ausgabe<\/td>\n<td>12V DC, 36W<\/td>\n<\/tr>\n<tr>\n<td>Kabel<\/td>\n<td>H06VV-F 2&#215;1.0mm<sup>2<\/sup> \/ H05RN-F 2x 1.0 mm<sup>2<\/sup><\/td>\n<\/tr>\n<tr>\n<td>L\u00e4nge<\/td>\n<td>24FT\/36FT\/48FT\/Sonderanfertigung<\/td>\n<\/tr>\n<tr>\n<td>Kontrolle<\/td>\n<td>Smart Phone, Alexa, Google Assistant und andere Sprachsteuerung<\/td>\n<\/tr>\n<tr>\n<td>Wasserdicht<\/td>\n<td>IP65<\/td>\n<\/tr>\n<tr>\n<td>Farbe<\/td>\n<td>Warmes Wei\u00df<\/td>\n<\/tr>\n<\/tbody>\n<\/table>\n","protected":false},"featured_media":827,"comment_status":"open","ping_status":"closed","template":"","meta":[],"product_brand":[],"product_cat":[146],"product_tag":[],"class_list":{"0":"post-866","1":"product","2":"type-product","3":"status-publish","4":"has-post-thumbnail","6":"product_cat-uncategorized-de","8":"first","9":"instock","10":"shipping-taxable","11":"product-type-simple"},"_links":{"self":[{"href":"https:\/\/yunjinlight.com\/de\/wp-json\/wp\/v2\/product\/866","targetHints":{"allow":["GET"]}}],"collection":[{"href":"https:\/\/yunjinlight.com\/de\/wp-json\/wp\/v2\/product"}],"about":[{"href":"https:\/\/yunjinlight.com\/de\/wp-json\/wp\/v2\/types\/product"}],"replies":[{"embeddable":true,"href":"https:\/\/yunjinlight.com\/de\/wp-json\/wp\/v2\/comments?post=866"}],"wp:featuredmedia":[{"embeddable":true,"href":"https:\/\/yunjinlight.com\/de\/wp-json\/wp\/v2\/media\/827"}],"wp:attachment":[{"href":"https:\/\/yunjinlight.com\/de\/wp-json\/wp\/v2\/media?parent=866"}],"wp:term":[{"taxonomy":"product_brand","embeddable":true,"href":"https:\/\/yunjinlight.com\/de\/wp-json\/wp\/v2\/product_brand?post=866"},{"taxonomy":"product_cat","embeddable":true,"href":"https:\/\/yunjinlight.com\/de\/wp-json\/wp\/v2\/product_cat?post=866"},{"taxonomy":"product_tag","embeddable":true,"href":"https:\/\/yunjinlight.com\/de\/wp-json\/wp\/v2\/product_tag?post=866"}],"curies":[{"name":"wp","href":"https:\/\/api.w.org\/{rel}","templated":true}]}}