{"id":865,"date":"2022-03-07T10:20:40","date_gmt":"2022-03-07T10:20:40","guid":{"rendered":"https:\/\/yunjinlight.com\/product\/smart-wifi-led-wegbeleuchtung\/"},"modified":"2022-06-23T08:23:33","modified_gmt":"2022-06-23T08:23:33","slug":"smart-wifi-led-wegbeleuchtung","status":"publish","type":"product","link":"https:\/\/yunjinlight.com\/de\/produkt\/smart-wifi-led-wegbeleuchtung\/","title":{"rendered":"Smart WiFi LED-Wegbeleuchtung"},"content":{"rendered":"<div class=\"video video-fit mb\" style=\"padding-top:56.25%;\"><p><iframe loading=\"lazy\" title=\"Yunjin smart pathway light\" width=\"1020\" height=\"574\" src=\"https:\/\/www.youtube.com\/embed\/es19t-kKJG8?feature=oembed\" frameborder=\"0\" allow=\"accelerometer; autoplay; clipboard-write; encrypted-media; gyroscope; picture-in-picture\" allowfullscreen><\/iframe><\/p>\n<\/div>\n<h2>Smart Wifi LED Pathway Lights unterscheiden sich von gew\u00f6hnlichen Pathway Lights<\/h2>\n<p>Der Unterschied zwischen intelligenten <a href=\"https:\/\/yunjinlight.com\/smart-pathlights-light-your-walkways\/\">Wifi-LED-Wegleuchten<\/a> und gew\u00f6hnlichen Wegleuchten besteht darin, dass intelligente Wifi-LED-Wegleuchten die Internet-of-Things-Technologie (IoT), die Smartphone-APP und das intelligente Sprachsystem f\u00fcr die intelligente Steuerung nutzen k\u00f6nnen.<\/p>\n<h2><img loading=\"lazy\" decoding=\"async\" class=\"alignleft wp-image-820\" src=\"https:\/\/yunjinlight.com\/wp-content\/uploads\/2022\/03\/Smart-LED-Pathway-Lights-APP-139x300.jpg\" alt=\"Smart Wifi LED-Wegbeleuchtung\" width=\"200\" height=\"433\" srcset=\"https:\/\/yunjinlight.com\/wp-content\/uploads\/2022\/03\/Smart-LED-Pathway-Lights-APP-139x300.jpg 139w, https:\/\/yunjinlight.com\/wp-content\/uploads\/2022\/03\/Smart-LED-Pathway-Lights-APP.jpg 473w\" sizes=\"auto, (max-width: 200px) 100vw, 200px\" \/>Ihre individuelle Smartphone-App, Alexa- und Google Assistant-Steuerung<\/h2>\n<p>Unsere intelligenten Wifi-LED-Wegweiser nutzen Tuyas IoT-Technologiel\u00f6sung. Markeninhaber k\u00f6nnen <a href=\"https:\/\/www.tuya.com\/\" target=\"_blank\" rel=\"noopener\">Tuya<\/a>s APP-Anpassungssystem ohne Code nutzen, um ihre Smartphone-App individuell anzupassen. Die intelligenten Wifi-LED-Wegleuchten k\u00f6nnen verbunden und gesteuert werden und unterst\u00fctzen Amazon Alexa, Google Assistant und andere beliebte intelligente Sprachsysteme zur Verbindung und Steuerung. Mit einem intelligenten Sprachsystem k\u00f6nnen Sie die intelligente Stra\u00dfenlaterne bequemer und schneller steuern. Unsere intelligenten Wifi-LED-Wegeleuchten unterst\u00fctzen die meisten der g\u00e4ngigen intelligenten Sprachsysteme. Amazon Alexa und Google Assistant sind die am h\u00e4ufigsten verwendeten. Schalten Sie Lichter ein und aus, erstellen Sie Farbmodi und Effekte, stellen Sie Weck-, Schlaf- und Countdown-Timer ein, passen Sie Helligkeit und S\u00e4ttigung an und vieles mehr. Sehr vielseitig. Gibt dem Benutzer die Freiheit, verschiedene Parameter der Stra\u00dfenlaterne einzustellen, indem er die APP-Einstellungen verwendet, einfach und effizient.<\/p>\n<h2>Tuya No code APP-Entwicklungssystem kundenspezifische Marke app smart control<\/h2>\n<p>Intelligente Apps k\u00f6nnen in verschiedene Gruppen unterteilt werden, um intelligente Stra\u00dfenlaternen zu steuern. Eine Gruppe kann bis zu 40 Lichter erreichen, steuern Sie so viele Gruppen von intelligenten Stra\u00dfenlaternen, wie Sie m\u00f6chten, und machen Sie Ihren Garten intelligenter.<\/p>\n<h2>Die besten Materialien und Design, so dass die intelligente Wifi LED Pathway Lights wetterfest sein kann, l\u00e4ngere Lebensdauer<\/h2>\n<p>Diese intelligente Wifi-LED-Wegbeleuchtung besteht aus einem ultra-robusten schwarzen Aluminiumgeh\u00e4use und N\u00e4geln. Die intelligenten Wifi-LED-Wegbeleuchtungen sind nach IP65 zertifiziert, um Regen, Sonne, Wind und Schnee standzuhalten.<\/p>\n<h2>Hochwertige RBGWW LED, Smart Wifi LED Pathway Licht kann nach Belieben eingestellt werden<img loading=\"lazy\" decoding=\"async\" class=\"size-medium wp-image-818 alignright\" src=\"https:\/\/yunjinlight.com\/wp-content\/uploads\/2022\/03\/YJCP-4-pathway-lights-2-300x300.jpg\" alt=\"intelligente wifi led-weg-beleuchtung\" width=\"300\" height=\"300\" srcset=\"https:\/\/yunjinlight.com\/wp-content\/uploads\/2022\/03\/YJCP-4-pathway-lights-2-300x300.jpg 300w, https:\/\/yunjinlight.com\/wp-content\/uploads\/2022\/03\/YJCP-4-pathway-lights-2-100x100.jpg 100w, https:\/\/yunjinlight.com\/wp-content\/uploads\/2022\/03\/YJCP-4-pathway-lights-2-510x510.jpg 510w, https:\/\/yunjinlight.com\/wp-content\/uploads\/2022\/03\/YJCP-4-pathway-lights-2-150x150.jpg 150w, https:\/\/yunjinlight.com\/wp-content\/uploads\/2022\/03\/YJCP-4-pathway-lights-2-768x768.jpg 768w, https:\/\/yunjinlight.com\/wp-content\/uploads\/2022\/03\/YJCP-4-pathway-lights-2.jpg 800w\" sizes=\"auto, (max-width: 300px) 100vw, 300px\" \/><\/h2>\n<p><span class=\"a-list-item\">10-Watt-LED mit einem gro\u00dfen Bereich von 2500K-9000K. Beleuchten Sie Ihren Weg mit \u00fcber 16 Millionen Farben, einem einstellbaren Wei\u00dfbereich und einer Vielzahl von integrierten Spezialeffekten. W\u00e4hlen Sie die Farbe des Lichts, die Farbtemperatur, die Bewegung und andere Parameter \u00fcber die benutzerdefinierte APP der eigenen Marke, um jeden gew\u00fcnschten Effekt zu erzielen.<\/span><\/p>\n<p>&nbsp;<\/p>\n<p>&nbsp;<\/p>\n","protected":false},"excerpt":{"rendered":"<table>\n<tbody>\n<tr>\n<td>Artikel Nummer<\/td>\n<td>YJCP-4<\/td>\n<\/tr>\n<tr>\n<td>LED-Licht<\/td>\n<td>RGBWW<\/td>\n<\/tr>\n<tr>\n<td>Kontrolle<\/td>\n<td>Kundenspezifische APP, Tuya APP, Alexa, Google Assitant<\/td>\n<\/tr>\n<tr>\n<td>Verbinden Sie<\/td>\n<td>Wifi 2.4G , Bluetooth<\/td>\n<\/tr>\n<\/tbody>\n<\/table>\n","protected":false},"featured_media":832,"comment_status":"open","ping_status":"closed","template":"","meta":[],"product_brand":[],"product_cat":[146],"product_tag":[],"class_list":{"0":"post-865","1":"product","2":"type-product","3":"status-publish","4":"has-post-thumbnail","6":"product_cat-uncategorized-de","8":"first","9":"instock","10":"shipping-taxable","11":"product-type-simple"},"_links":{"self":[{"href":"https:\/\/yunjinlight.com\/de\/wp-json\/wp\/v2\/product\/865","targetHints":{"allow":["GET"]}}],"collection":[{"href":"https:\/\/yunjinlight.com\/de\/wp-json\/wp\/v2\/product"}],"about":[{"href":"https:\/\/yunjinlight.com\/de\/wp-json\/wp\/v2\/types\/product"}],"replies":[{"embeddable":true,"href":"https:\/\/yunjinlight.com\/de\/wp-json\/wp\/v2\/comments?post=865"}],"wp:featuredmedia":[{"embeddable":true,"href":"https:\/\/yunjinlight.com\/de\/wp-json\/wp\/v2\/media\/832"}],"wp:attachment":[{"href":"https:\/\/yunjinlight.com\/de\/wp-json\/wp\/v2\/media?parent=865"}],"wp:term":[{"taxonomy":"product_brand","embeddable":true,"href":"https:\/\/yunjinlight.com\/de\/wp-json\/wp\/v2\/product_brand?post=865"},{"taxonomy":"product_cat","embeddable":true,"href":"https:\/\/yunjinlight.com\/de\/wp-json\/wp\/v2\/product_cat?post=865"},{"taxonomy":"product_tag","embeddable":true,"href":"https:\/\/yunjinlight.com\/de\/wp-json\/wp\/v2\/product_tag?post=865"}],"curies":[{"name":"wp","href":"https:\/\/api.w.org\/{rel}","templated":true}]}}