{"id":863,"date":"2022-01-24T06:33:35","date_gmt":"2022-01-24T06:33:35","guid":{"rendered":"https:\/\/yunjinlight.com\/product\/intelligente-lichterkette-fur-drausen-rgbw\/"},"modified":"2022-01-24T06:33:35","modified_gmt":"2022-01-24T06:33:35","slug":"rgbw-smart-outdoor-string-lights-de","status":"publish","type":"product","link":"https:\/\/yunjinlight.com\/de\/produkt\/rgbw-smart-outdoor-string-lights-de\/","title":{"rendered":"Intelligente Lichterkette f\u00fcr drau\u00dfen RGBW"},"content":{"rendered":"<h2>Smart Outdoor String Lights IoT Steuerung<\/h2>\n<p><img loading=\"lazy\" decoding=\"async\" class=\"alignright wp-image-821\" style=\"color: #555555; font-size: 14.4px;\" src=\"https:\/\/yunjinlight.com\/wp-content\/uploads\/2022\/01\/Smart-String-Lights-APP-139x300.jpg\" alt=\"Intelligente Lichterketten f\u00fcr drau\u00dfen\" width=\"200\" height=\"433\" srcset=\"https:\/\/yunjinlight.com\/wp-content\/uploads\/2022\/01\/Smart-String-Lights-APP-139x300.jpg 139w, https:\/\/yunjinlight.com\/wp-content\/uploads\/2022\/01\/Smart-String-Lights-APP.jpg 473w\" sizes=\"auto, (max-width: 200px) 100vw, 200px\" \/><\/p>\n<p>Das wichtigste Merkmal der Smart Outdoor String Lights ist, dass Sie verschiedene Aktionen und Parameter der Lichterkette mit IoT steuern k\u00f6nnen<\/p>\n<p>&nbsp;<\/p>\n<p>Technologie. Unsere<a href=\"https:\/\/yunjinlight.com\/our-products\/smart-string-lights\/\">Smart Outdoor String Lights<\/a> nutzen die IoT-Technologie von Tuya. Markeninhaber k\u00f6nnen ihre Smartphone-Apps \u00fcber das No-Code-App-Entwicklungssystem von Tuya entwickeln. Es sind sowohl Apple- als auch Android-Plattformen verf\u00fcgbar. Er unterst\u00fctzt die wichtigsten Sprachsteuerungssysteme, wie Amazon Alexa, Google Assistant usw. Mithilfe der Cloud-Technologie k\u00f6nnen Sie die intelligente Lichterkette in Ihrem Haus von \u00fcberall aus fernsteuern. Au\u00dferdem gibt es das Tuya IoT-System, das die Interaktion mit anderen IoT-Ger\u00e4ten und anderen Funktionen erm\u00f6glicht.<\/p>\n<h2>Beste LED-Versorgung beste Leistung<\/h2>\n<p><img loading=\"lazy\" decoding=\"async\" class=\"aligncenter wp-image-809 size-full\" src=\"https:\/\/yunjinlight.com\/wp-content\/uploads\/2022\/05\/smart-string-lights-warm-white-led-plug-in-christmas-patio.jpg\" alt=\"Intelligente Lichterketten f\u00fcr drau\u00dfen\" width=\"720\" height=\"540\" srcset=\"https:\/\/yunjinlight.com\/wp-content\/uploads\/2022\/05\/smart-string-lights-warm-white-led-plug-in-christmas-patio.jpg 720w, https:\/\/yunjinlight.com\/wp-content\/uploads\/2022\/05\/smart-string-lights-warm-white-led-plug-in-christmas-patio-510x383.jpg 510w, https:\/\/yunjinlight.com\/wp-content\/uploads\/2022\/05\/smart-string-lights-warm-white-led-plug-in-christmas-patio-300x225.jpg 300w\" sizes=\"auto, (max-width: 720px) 100vw, 720px\" \/>Nehmen Sie die beste RGBW-LED, durch die benutzerdefinierte APP, k\u00f6nnen Sie steuern und pr\u00e4sentieren Millionen von Farben. Die APP verf\u00fcgt \u00fcber mehr als 40 integrierte Szenenmodi und leistungsstarke Anpassungsfunktionen, um den Garten oder andere Nutzungsszenen der intelligenten Lichterkette zu versch\u00f6nern. Mit dem Musiksynchronisationsmodus kann die intelligente Lichterkette Ihre Terrasse im Handumdrehen in eine Tanzfl\u00e4che verwandeln. Die Lichtkette reagiert \u00fcber ein integriertes Mikrofon in Echtzeit auf Lieder. Timer- und Zeitplanungsfunktion, Sie k\u00f6nnen Ihre Alexa oder Ihren Google-Assistenten die Lichterkette aufwecken oder schlafen lassen, usw., und Sie k\u00f6nnen die Helligkeit der intelligenten Lichterkette voreinstellen oder die Helligkeit \u00e4ndern, usw., sehr starke Anpassungsfunktion. Machen Sie Ihre Lichterkette einzigartig.<\/p>\n<p>Die Smart Outdoor String Lights sind nach IP65 wasserdicht und bruchsicher. Genie\u00dfen Sie das ganze Jahr \u00fcber Gartenbeleuchtung mit IP65-Wasserdichtigkeit, egal bei welchem Wetter. Das speziell entwickelte Kunststoffmaterial der Gl\u00fchbirne ist au\u00dferdem bruchsicher und kann St\u00f6\u00dfen und St\u00fcrzen standhalten.<\/p>\n","protected":false},"excerpt":{"rendered":"<table>\n<tbody>\n<tr>\n<td>Kabel-Option<\/td>\n<td>Gummi oder PVC, 3 &#8211; wries<\/td>\n<\/tr>\n<tr>\n<td>L\u00e4nge<\/td>\n<td>24FT\/36FT\/48FT<\/td>\n<\/tr>\n<tr>\n<td>Stecker<\/td>\n<td>NEMA 1-15P, Europa, England, Australien oder andere<\/td>\n<\/tr>\n<tr>\n<td>Gl\u00fchbirnen<\/td>\n<td>Standard oder benutzerdefiniert<\/td>\n<\/tr>\n<tr>\n<td>Kontrolle<\/td>\n<td>Smart Phone, Alexa, Google Assistant und andere Sprachsteuerung<\/td>\n<\/tr>\n<tr>\n<td>Farbe<\/td>\n<td>RGBWW<\/td>\n<\/tr>\n<tr>\n<td>Maximale Gl\u00fchbirne<\/td>\n<td>48 Gl\u00fchbirnen<\/td>\n<\/tr>\n<tr>\n<td>Verbinden Sie<\/td>\n<td>3 &#8211; Stifte verbinden<\/td>\n<\/tr>\n<tr>\n<td>Wasserdicht<\/td>\n<td>IP65<\/td>\n<\/tr>\n<\/tbody>\n<\/table>\n","protected":false},"featured_media":807,"comment_status":"open","ping_status":"closed","template":"","meta":[],"product_brand":[],"product_cat":[146],"product_tag":[],"class_list":{"0":"post-863","1":"product","2":"type-product","3":"status-publish","4":"has-post-thumbnail","6":"product_cat-uncategorized-de","8":"first","9":"instock","10":"shipping-taxable","11":"product-type-simple"},"_links":{"self":[{"href":"https:\/\/yunjinlight.com\/de\/wp-json\/wp\/v2\/product\/863","targetHints":{"allow":["GET"]}}],"collection":[{"href":"https:\/\/yunjinlight.com\/de\/wp-json\/wp\/v2\/product"}],"about":[{"href":"https:\/\/yunjinlight.com\/de\/wp-json\/wp\/v2\/types\/product"}],"replies":[{"embeddable":true,"href":"https:\/\/yunjinlight.com\/de\/wp-json\/wp\/v2\/comments?post=863"}],"wp:featuredmedia":[{"embeddable":true,"href":"https:\/\/yunjinlight.com\/de\/wp-json\/wp\/v2\/media\/807"}],"wp:attachment":[{"href":"https:\/\/yunjinlight.com\/de\/wp-json\/wp\/v2\/media?parent=863"}],"wp:term":[{"taxonomy":"product_brand","embeddable":true,"href":"https:\/\/yunjinlight.com\/de\/wp-json\/wp\/v2\/product_brand?post=863"},{"taxonomy":"product_cat","embeddable":true,"href":"https:\/\/yunjinlight.com\/de\/wp-json\/wp\/v2\/product_cat?post=863"},{"taxonomy":"product_tag","embeddable":true,"href":"https:\/\/yunjinlight.com\/de\/wp-json\/wp\/v2\/product_tag?post=863"}],"curies":[{"name":"wp","href":"https:\/\/api.w.org\/{rel}","templated":true}]}}