{"id":856,"date":"2022-01-10T09:00:21","date_gmt":"2022-01-10T09:00:21","guid":{"rendered":"https:\/\/yunjinlight.com\/product\/s14-warmes-weises-licht-led-string-licht-fur-terrasse-hof\/"},"modified":"2022-06-23T02:26:22","modified_gmt":"2022-06-23T02:26:22","slug":"s14-warmes-weises-licht-led-string-licht-fur-terrasse-hof","status":"publish","type":"product","link":"https:\/\/yunjinlight.com\/de\/produkt\/s14-warmes-weises-licht-led-string-licht-fur-terrasse-hof\/","title":{"rendered":"S14 Warmes wei\u00dfes Licht Led String Licht f\u00fcr Terrasse &amp; Hof"},"content":{"rendered":"\n\t<section class=\"section\" id=\"section_1871850542\">\n\t\t<div class=\"section-bg fill\" >\n\t\t\t\t\t\t\t\t\t<div class=\"section-bg-overlay absolute fill\"><\/div>\n\t\t\t\n\n\t\t<\/div>\n\n\t\t\n\n\t\t<div class=\"section-content relative\">\n\t\t\t\n<div class=\"row row-collapse row-full-width align-middle\"  id=\"row-273664958\">\n\n\t<div id=\"col-1775328540\" class=\"col medium-6 small-12 large-6\"  >\n\t\t\t\t<div class=\"col-inner text-center\"  >\n\t\t\t\n\t\t\t\n<p>Wasserdichte und bruchsichere H\u00e4ngelampen f\u00fcr den Au\u00dfenbereich &#8211; IP65 wasserdichte und bruchsichere Gartenleuchten k\u00f6nnen Schnee, Sonne, Feuchtigkeit, Wind, Regen und extremen Temperaturen im Au\u00dfenbereich standhalten. Unsere LED-Lichterketten haben spezielle wetterfeste Fassungen, die die Gl\u00fchbirne vollst\u00e4ndig umschlie\u00dfen, um die Dichtungsleistung und die Lebensdauer des Produkts zu verbessern.<\/p>\n<div class=\"video-button-wrapper\" ><a href=\"https:\/\/www.youtube.com\/watch?v=f3Hh_qSkpaA\" class=\"button open-video icon circle is-outline is-xlarge\" target=\"_blank\" rel=\"noopener\"><i class=\"icon-play\" style=\"font-size:1.5em;\" ><\/i><\/a><\/div>\n\t\t<\/div>\n\t\t\t\t\n<style>\n#col-1775328540 > .col-inner {\n  padding: 10% 10% 10% 10%;\n  max-width: 520px;\n}\n<\/style>\n\t<\/div>\n\n\t\n\n\t<div id=\"col-362738139\" class=\"col medium-6 small-12 large-6\"  >\n\t\t\t\t<div class=\"col-inner\"  >\n\t\t\t\n\t\t\t\n\t<div class=\"img has-hover x md-x lg-x y md-y lg-y\" id=\"image_699306264\">\n\t\t\t\t\t\t\t\t<div class=\"img-inner dark\" >\n\t\t\t<img loading=\"lazy\" decoding=\"async\" width=\"1020\" height=\"1020\" src=\"https:\/\/yunjinlight.com\/wp-content\/uploads\/woocommerce-placeholder-1024x1024.png\" class=\"attachment-large size-large\" alt=\"\" srcset=\"https:\/\/yunjinlight.com\/wp-content\/uploads\/woocommerce-placeholder-1024x1024.png 1024w, https:\/\/yunjinlight.com\/wp-content\/uploads\/woocommerce-placeholder-100x100.png 100w, https:\/\/yunjinlight.com\/wp-content\/uploads\/woocommerce-placeholder-510x510.png 510w, https:\/\/yunjinlight.com\/wp-content\/uploads\/woocommerce-placeholder-300x300.png 300w, https:\/\/yunjinlight.com\/wp-content\/uploads\/woocommerce-placeholder-150x150.png 150w, https:\/\/yunjinlight.com\/wp-content\/uploads\/woocommerce-placeholder-768x768.png 768w, https:\/\/yunjinlight.com\/wp-content\/uploads\/woocommerce-placeholder.png 1200w\" sizes=\"auto, (max-width: 1020px) 100vw, 1020px\" \/>\t\t\t\t\t\t\n\t\t\t\t\t<\/div>\n\t\t\t\t\t\t\t\t\n<style>\n#image_699306264 {\n  width: 100%;\n}\n<\/style>\n\t<\/div>\n\t\n\t\t<\/div>\n\t\t\t\t\t<\/div>\n\n\t\n<\/div>\n\t\t<\/div>\n\n\t\t\n<style>\n#section_1871850542 {\n  padding-top: 0px;\n  padding-bottom: 0px;\n  background-color: rgb(247, 247, 247);\n}\n#section_1871850542 .section-bg-overlay {\n  background-color: rgba(255, 255, 255, 0.85);\n}\n<\/style>\n\t<\/section>\n\t\n\n\t<section class=\"section\" id=\"section_496698888\">\n\t\t<div class=\"section-bg fill\" >\n\t\t\t\t\t\t\t\t\t<div class=\"section-bg-overlay absolute fill\"><\/div>\n\t\t\t\n\n\t\t<\/div>\n\n\t\t\n\n\t\t<div class=\"section-content relative\">\n\t\t\t\n<div class=\"row row-collapse row-full-width align-middle\"  id=\"row-2136115149\">\n\n\t<div id=\"col-122951910\" class=\"col medium-6 small-12 large-6\"  >\n\t\t\t\t<div class=\"col-inner\"  >\n\t\t\t\n\t\t\t\n\t<div class=\"img has-hover x md-x lg-x y md-y lg-y\" id=\"image_653095847\">\n\t\t\t\t\t\t\t\t<div class=\"img-inner dark\" >\n\t\t\t<img loading=\"lazy\" decoding=\"async\" width=\"1020\" height=\"1020\" src=\"https:\/\/yunjinlight.com\/wp-content\/uploads\/woocommerce-placeholder-1024x1024.png\" class=\"attachment-large size-large\" alt=\"\" srcset=\"https:\/\/yunjinlight.com\/wp-content\/uploads\/woocommerce-placeholder-1024x1024.png 1024w, https:\/\/yunjinlight.com\/wp-content\/uploads\/woocommerce-placeholder-100x100.png 100w, https:\/\/yunjinlight.com\/wp-content\/uploads\/woocommerce-placeholder-510x510.png 510w, https:\/\/yunjinlight.com\/wp-content\/uploads\/woocommerce-placeholder-300x300.png 300w, https:\/\/yunjinlight.com\/wp-content\/uploads\/woocommerce-placeholder-150x150.png 150w, https:\/\/yunjinlight.com\/wp-content\/uploads\/woocommerce-placeholder-768x768.png 768w, https:\/\/yunjinlight.com\/wp-content\/uploads\/woocommerce-placeholder.png 1200w\" sizes=\"auto, (max-width: 1020px) 100vw, 1020px\" \/>\t\t\t\t\t\t\n\t\t\t\t\t<\/div>\n\t\t\t\t\t\t\t\t\n<style>\n#image_653095847 {\n  width: 100%;\n}\n<\/style>\n\t<\/div>\n\t\n\t\t<\/div>\n\t\t\t\t\t<\/div>\n\n\t\n\n\t<div id=\"col-2131772444\" class=\"col medium-6 small-12 large-6\"  >\n\t\t\t\t<div class=\"col-inner text-center\"  >\n\t\t\t\n\t\t\t\n<p><span class=\"a-list-item\">Anschlie\u00dfbare 48tf LED Lichterkette&#8211;Outdoor LED Lichterkette mit 16 h\u00e4ngenden Fassungen, 3ft Abstand f\u00fcr jede Gl\u00fchbirne, 16 x 1W S14 LED Gl\u00fchbirnen und 1 Ersatz enthalten. Maximal k\u00f6nnen 25 Litzen angeschlossen werden. Hocheffiziente LED-Gl\u00fchbirnen sparen \u00fcber 90 % Energie gegen\u00fcber Gl\u00fchbirnen. Die lange Lebensdauer von 30.000 Stunden k\u00f6nnte die Wartungskosten f\u00fcr den h\u00e4ufigen Austausch von Gl\u00fchbirnen reduzieren.<\/span><\/p>\n<div class=\"video-button-wrapper\" ><a href=\"https:\/\/www.youtube.com\/watch?v=f3Hh_qSkpaA\" class=\"button open-video icon circle is-outline is-xlarge\" target=\"_blank\" rel=\"noopener\"><i class=\"icon-play\" style=\"font-size:1.5em;\" ><\/i><\/a><\/div>\n\t\t<\/div>\n\t\t\t\t\n<style>\n#col-2131772444 > .col-inner {\n  padding: 10% 10% 10% 10%;\n  max-width: 520px;\n}\n<\/style>\n\t<\/div>\n\n\t\n<\/div>\n\t\t<\/div>\n\n\t\t\n<style>\n#section_496698888 {\n  padding-top: 0px;\n  padding-bottom: 0px;\n  background-color: rgb(247, 247, 247);\n}\n#section_496698888 .section-bg-overlay {\n  background-color: rgba(255, 255, 255, 0.85);\n}\n<\/style>\n\t<\/section>\n\t\n\n\t<section class=\"section\" id=\"section_1026273462\">\n\t\t<div class=\"section-bg fill\" >\n\t\t\t\t\t\t\t\t\t<div class=\"section-bg-overlay absolute fill\"><\/div>\n\t\t\t\n\n\t\t<\/div>\n\n\t\t\n\n\t\t<div class=\"section-content relative\">\n\t\t\t\n<div class=\"row row-collapse row-full-width align-middle\"  id=\"row-1086751386\">\n\n\t<div id=\"col-1078078464\" class=\"col medium-6 small-12 large-6\"  >\n\t\t\t\t<div class=\"col-inner text-center\"  >\n\t\t\t\n\t\t\t\n<p><span class=\"a-list-item\">Perfekte kommerzielle Lichterketten f\u00fcr Innen und Au\u00dfen: LED-Lichterketten sind perfekt f\u00fcr verschiedene Gelegenheiten verwenden, sind warm und hell genug, und wird nicht \u00fcberw\u00e4ltigend sein. H\u00e4ngen Sie sie getrost als Terrassenbeleuchtung, Hinterhofbeleuchtung, Verandabeleuchtung, Partybeleuchtung, Gartenbeleuchtung, Deckbeleuchtung und kommerzielle Beleuchtung auf.<\/span><\/p>\n<div class=\"video-button-wrapper\" ><a href=\"https:\/\/www.youtube.com\/watch?v=f3Hh_qSkpaA\" class=\"button open-video icon circle is-outline is-xlarge\" target=\"_blank\" rel=\"noopener\"><i class=\"icon-play\" style=\"font-size:1.5em;\" ><\/i><\/a><\/div>\n\t\t<\/div>\n\t\t\t\t\n<style>\n#col-1078078464 > .col-inner {\n  padding: 10% 10% 10% 10%;\n  max-width: 520px;\n}\n<\/style>\n\t<\/div>\n\n\t\n\n\t<div id=\"col-335052423\" class=\"col medium-6 small-12 large-6\"  >\n\t\t\t\t<div class=\"col-inner\"  >\n\t\t\t\n\t\t\t\n\t<div class=\"img has-hover x md-x lg-x y md-y lg-y\" id=\"image_172898612\">\n\t\t\t\t\t\t\t\t<div class=\"img-inner dark\" >\n\t\t\t<img loading=\"lazy\" decoding=\"async\" width=\"1020\" height=\"1020\" src=\"https:\/\/yunjinlight.com\/wp-content\/uploads\/woocommerce-placeholder-1024x1024.png\" class=\"attachment-large size-large\" alt=\"\" srcset=\"https:\/\/yunjinlight.com\/wp-content\/uploads\/woocommerce-placeholder-1024x1024.png 1024w, https:\/\/yunjinlight.com\/wp-content\/uploads\/woocommerce-placeholder-100x100.png 100w, https:\/\/yunjinlight.com\/wp-content\/uploads\/woocommerce-placeholder-510x510.png 510w, https:\/\/yunjinlight.com\/wp-content\/uploads\/woocommerce-placeholder-300x300.png 300w, https:\/\/yunjinlight.com\/wp-content\/uploads\/woocommerce-placeholder-150x150.png 150w, https:\/\/yunjinlight.com\/wp-content\/uploads\/woocommerce-placeholder-768x768.png 768w, https:\/\/yunjinlight.com\/wp-content\/uploads\/woocommerce-placeholder.png 1200w\" sizes=\"auto, (max-width: 1020px) 100vw, 1020px\" \/>\t\t\t\t\t\t\n\t\t\t\t\t<\/div>\n\t\t\t\t\t\t\t\t\n<style>\n#image_172898612 {\n  width: 100%;\n}\n<\/style>\n\t<\/div>\n\t\n\t\t<\/div>\n\t\t\t\t\t<\/div>\n\n\t\n<\/div>\n\t\t<\/div>\n\n\t\t\n<style>\n#section_1026273462 {\n  padding-top: 0px;\n  padding-bottom: 0px;\n  background-color: rgb(247, 247, 247);\n}\n#section_1026273462 .section-bg-overlay {\n  background-color: rgba(255, 255, 255, 0.85);\n}\n<\/style>\n\t<\/section>\n\t\n\n\t<section class=\"section\" id=\"section_1318202180\">\n\t\t<div class=\"section-bg fill\" >\n\t\t\t\t\t\t\t\t\t<div class=\"section-bg-overlay absolute fill\"><\/div>\n\t\t\t\n\n\t\t<\/div>\n\n\t\t\n\n\t\t<div class=\"section-content relative\">\n\t\t\t\n<div class=\"row row-collapse row-full-width align-middle\"  id=\"row-145787619\">\n\n\t<div id=\"col-1039126087\" class=\"col medium-6 small-12 large-6\"  >\n\t\t\t\t<div class=\"col-inner\"  >\n\t\t\t\n\t\t\t\n\t<div class=\"img has-hover x md-x lg-x y md-y lg-y\" id=\"image_978016669\">\n\t\t\t\t\t\t\t\t<div class=\"img-inner dark\" >\n\t\t\t<img loading=\"lazy\" decoding=\"async\" width=\"1020\" height=\"1020\" src=\"https:\/\/yunjinlight.com\/wp-content\/uploads\/woocommerce-placeholder-1024x1024.png\" class=\"attachment-large size-large\" alt=\"\" srcset=\"https:\/\/yunjinlight.com\/wp-content\/uploads\/woocommerce-placeholder-1024x1024.png 1024w, https:\/\/yunjinlight.com\/wp-content\/uploads\/woocommerce-placeholder-100x100.png 100w, https:\/\/yunjinlight.com\/wp-content\/uploads\/woocommerce-placeholder-510x510.png 510w, https:\/\/yunjinlight.com\/wp-content\/uploads\/woocommerce-placeholder-300x300.png 300w, https:\/\/yunjinlight.com\/wp-content\/uploads\/woocommerce-placeholder-150x150.png 150w, https:\/\/yunjinlight.com\/wp-content\/uploads\/woocommerce-placeholder-768x768.png 768w, https:\/\/yunjinlight.com\/wp-content\/uploads\/woocommerce-placeholder.png 1200w\" sizes=\"auto, (max-width: 1020px) 100vw, 1020px\" \/>\t\t\t\t\t\t\n\t\t\t\t\t<\/div>\n\t\t\t\t\t\t\t\t\n<style>\n#image_978016669 {\n  width: 100%;\n}\n<\/style>\n\t<\/div>\n\t\n\t\t<\/div>\n\t\t\t\t\t<\/div>\n\n\t\n\n\t<div id=\"col-2028350606\" class=\"col medium-6 small-12 large-6\"  >\n\t\t\t\t<div class=\"col-inner text-center\"  >\n\t\t\t\n\t\t\t\n<p>Einfache Installation: Die 48FT Terrassenleuchten sind einfach zu installieren, schrauben Sie einfach 2 Watt S14 LED Edison Gl\u00fchbirnen in 15 h\u00e4ngenden E26-Fassungen auf jedem 48ft Strang und h\u00e4ngen Sie den Strang an einer Au\u00dfenwand, Zaun, Gel\u00e4nder oder freistehende Stangen.<\/p>\n<div class=\"video-button-wrapper\" ><a href=\"https:\/\/www.youtube.com\/watch?v=f3Hh_qSkpaA\" class=\"button open-video icon circle is-outline is-xlarge\" target=\"_blank\" rel=\"noopener\"><i class=\"icon-play\" style=\"font-size:1.5em;\" ><\/i><\/a><\/div>\n\t\t<\/div>\n\t\t\t\t\n<style>\n#col-2028350606 > .col-inner {\n  padding: 10% 10% 10% 10%;\n  max-width: 520px;\n}\n<\/style>\n\t<\/div>\n\n\t\n<\/div>\n\t\t<\/div>\n\n\t\t\n<style>\n#section_1318202180 {\n  padding-top: 0px;\n  padding-bottom: 0px;\n  background-color: rgb(247, 247, 247);\n}\n#section_1318202180 .section-bg-overlay {\n  background-color: rgba(255, 255, 255, 0.85);\n}\n<\/style>\n\t<\/section>\n\t\n\n\t<section class=\"section\" id=\"section_1692533315\">\n\t\t<div class=\"section-bg fill\" >\n\t\t\t\t\t\t\t\t\t<div class=\"section-bg-overlay absolute fill\"><\/div>\n\t\t\t\n\n\t\t<\/div>\n\n\t\t\n\n\t\t<div class=\"section-content relative\">\n\t\t\t\n<div class=\"row row-collapse row-full-width align-middle\"  id=\"row-1214939642\">\n\n\t<div id=\"col-1605058205\" class=\"col medium-6 small-12 large-6\"  >\n\t\t\t\t<div class=\"col-inner text-center\"  >\n\t\t\t\n\t\t\t\n<p><span class=\"a-list-item\">Dimmbare Beleuchtung: Stellen Sie Ihre Lichterkette zwischen 1 % und 100 % \u00fcber die intelligente App-Steuerung ein. Gro\u00dfartig, wenn Sie G\u00e4ste empfangen oder sich entspannen wollen. Genie\u00dfen Sie romantische Abende, Partys und Familientreffen in einer stilvollen, intelligent beleuchteten Umgebung.<\/span><\/p>\n<div class=\"video-button-wrapper\" style=\"font-size:60%\"><a href=\"https:\/\/www.youtube.com\/watch?v=f3Hh_qSkpaA\" class=\"button open-video icon circle is-outline is-xlarge\" target=\"_blank\" rel=\"noopener\"><i class=\"icon-play\" style=\"font-size:1.5em;\" ><\/i><\/a><\/div>\n\t\t<\/div>\n\t\t\t\t\n<style>\n#col-1605058205 > .col-inner {\n  padding: 10% 10% 10% 10%;\n  max-width: 520px;\n}\n<\/style>\n\t<\/div>\n\n\t\n\n\t<div id=\"col-191115486\" class=\"col medium-6 small-12 large-6\"  >\n\t\t\t\t<div class=\"col-inner\"  >\n\t\t\t\n\t\t\t\n\t<div class=\"img has-hover x md-x lg-x y md-y lg-y\" id=\"image_1498238063\">\n\t\t\t\t\t\t\t\t<div class=\"img-inner dark\" >\n\t\t\t<img loading=\"lazy\" decoding=\"async\" width=\"1020\" height=\"1020\" src=\"https:\/\/yunjinlight.com\/wp-content\/uploads\/woocommerce-placeholder-1024x1024.png\" class=\"attachment-large size-large\" alt=\"\" srcset=\"https:\/\/yunjinlight.com\/wp-content\/uploads\/woocommerce-placeholder-1024x1024.png 1024w, https:\/\/yunjinlight.com\/wp-content\/uploads\/woocommerce-placeholder-100x100.png 100w, https:\/\/yunjinlight.com\/wp-content\/uploads\/woocommerce-placeholder-510x510.png 510w, https:\/\/yunjinlight.com\/wp-content\/uploads\/woocommerce-placeholder-300x300.png 300w, https:\/\/yunjinlight.com\/wp-content\/uploads\/woocommerce-placeholder-150x150.png 150w, https:\/\/yunjinlight.com\/wp-content\/uploads\/woocommerce-placeholder-768x768.png 768w, https:\/\/yunjinlight.com\/wp-content\/uploads\/woocommerce-placeholder.png 1200w\" sizes=\"auto, (max-width: 1020px) 100vw, 1020px\" \/>\t\t\t\t\t\t\n\t\t\t\t\t<\/div>\n\t\t\t\t\t\t\t\t\n<style>\n#image_1498238063 {\n  width: 100%;\n}\n<\/style>\n\t<\/div>\n\t\n\t\t<\/div>\n\t\t\t\t\t<\/div>\n\n\t\n<\/div>\n\t\t<\/div>\n\n\t\t\n<style>\n#section_1692533315 {\n  padding-top: 0px;\n  padding-bottom: 0px;\n  background-color: rgb(247, 247, 247);\n}\n#section_1692533315 .section-bg-overlay {\n  background-color: rgba(255, 255, 255, 0.85);\n}\n<\/style>\n\t<\/section>\n\t\n","protected":false},"excerpt":{"rendered":"<table>\n<tbody>\n<tr>\n<td>Kabel-Option<\/td>\n<td>Gummi oder PVC, 2 &#8211; wries<\/td>\n<\/tr>\n<tr>\n<td>L\u00e4nge<\/td>\n<td>48ft\/36ft\/24ft kundenspezifisch<\/td>\n<\/tr>\n<tr>\n<td>Stecker<\/td>\n<td>NEMA 1-15P, Europa, England, Australien oder andere<\/td>\n<\/tr>\n<tr>\n<td>Gl\u00fchbirnen<\/td>\n<td>S14, G40, oder kundenspezifisch<\/td>\n<\/tr>\n<tr>\n<td>Kontrolle<\/td>\n<td>Smart Phone, Alexa, Google Assistant und andere Sprachsteuerung<\/td>\n<\/tr>\n<tr>\n<td>Farbe<\/td>\n<td>Warmes Wei\u00df<\/td>\n<\/tr>\n<tr>\n<td>Maximale Gl\u00fchbirne<\/td>\n<td>48 Gl\u00fchbirnen<\/td>\n<\/tr>\n<tr>\n<td>Verbinden Sie<\/td>\n<td>2 &#8211; Stifte verbinden<\/td>\n<\/tr>\n<tr>\n<td>Wasserdicht<\/td>\n<td>IP65\/IP44<\/td>\n<\/tr>\n<\/tbody>\n<\/table>\n","protected":false},"featured_media":801,"comment_status":"open","ping_status":"closed","template":"","meta":[],"product_brand":[],"product_cat":[146],"product_tag":[],"class_list":{"0":"post-856","1":"product","2":"type-product","3":"status-publish","4":"has-post-thumbnail","6":"product_cat-uncategorized-de","8":"first","9":"instock","10":"shipping-taxable","11":"product-type-simple"},"_links":{"self":[{"href":"https:\/\/yunjinlight.com\/de\/wp-json\/wp\/v2\/product\/856","targetHints":{"allow":["GET"]}}],"collection":[{"href":"https:\/\/yunjinlight.com\/de\/wp-json\/wp\/v2\/product"}],"about":[{"href":"https:\/\/yunjinlight.com\/de\/wp-json\/wp\/v2\/types\/product"}],"replies":[{"embeddable":true,"href":"https:\/\/yunjinlight.com\/de\/wp-json\/wp\/v2\/comments?post=856"}],"wp:featuredmedia":[{"embeddable":true,"href":"https:\/\/yunjinlight.com\/de\/wp-json\/wp\/v2\/media\/801"}],"wp:attachment":[{"href":"https:\/\/yunjinlight.com\/de\/wp-json\/wp\/v2\/media?parent=856"}],"wp:term":[{"taxonomy":"product_brand","embeddable":true,"href":"https:\/\/yunjinlight.com\/de\/wp-json\/wp\/v2\/product_brand?post=856"},{"taxonomy":"product_cat","embeddable":true,"href":"https:\/\/yunjinlight.com\/de\/wp-json\/wp\/v2\/product_cat?post=856"},{"taxonomy":"product_tag","embeddable":true,"href":"https:\/\/yunjinlight.com\/de\/wp-json\/wp\/v2\/product_tag?post=856"}],"curies":[{"name":"wp","href":"https:\/\/api.w.org\/{rel}","templated":true}]}}