{"id":849,"date":"2021-12-25T08:51:35","date_gmt":"2021-12-25T08:51:35","guid":{"rendered":"https:\/\/yunjinlight.com\/product\/1450-smart-led-farbwechsel-lichterkette-fur-drausen-drinnen\/"},"modified":"2022-06-22T08:41:53","modified_gmt":"2022-06-22T08:41:53","slug":"1450-smart-led-farbwechsel-lichterkette-fur-drausen-drinnen","status":"publish","type":"product","link":"https:\/\/yunjinlight.com\/de\/produkt\/1450-smart-led-farbwechsel-lichterkette-fur-drausen-drinnen\/","title":{"rendered":"1450 Smart LED Farbwechsel Lichterkette f\u00fcr drau\u00dfen\/ drinnen"},"content":{"rendered":"<div class=\"video video-fit mb\" style=\"padding-top:56.25%;\"><p><iframe loading=\"lazy\" title=\"1450 Smart LED Color changing Outdoor\/Indoor String Lights  smart color string light\" width=\"1020\" height=\"574\" src=\"https:\/\/www.youtube.com\/embed\/FBCUeJeYajU?feature=oembed\" frameborder=\"0\" allow=\"accelerometer; autoplay; clipboard-write; encrypted-media; gyroscope; picture-in-picture\" allowfullscreen><\/iframe><\/p>\n<\/div>\n<h2>Intelligente LED-Farbwechsel-Leuchten<\/h2>\n<p>Die 1450 intelligente LED-<a href=\"https:\/\/yunjinlight.com\/what-is-the-differences-3-wire-cable-and-5-wire-cable-for-string-light\/\">Lichterkette<\/a> hat unbegrenzte Farbwechsel, die RGBWW LED, k\u00f6nnen Sie die Lichtfarbe durch die benutzerdefinierte Marke App oder die Tuya App (unsere intelligente Lichtprodukte sind <a href=\"https:\/\/www.tuya.com\/\" target=\"_blank\" rel=\"noopener\">Tuya<\/a> intelligente IoT-Plattform) durch das Smartphone, Android oder iPhone steuern. Im Gegensatz zu anderen Lichterketten, die mit einer Fernbedienung gesteuert werden, verbindet diese Lichterkette die Lichterkette zum ersten Mal \u00fcber Wifi und Bluetooth mit dem Smartphone, und mit Hilfe des Cloud-Servers k\u00f6nnen Sie die Lichterkette an jedem Ort steuern, an dem die Lichterkette mit dem Internet verbunden ist. Die Leuchte ist in jeder Farbe dimmbar, so dass sie an die jeweilige Umgebung angepasst werden kann. Die wei\u00dfe Farbe Form kann auch das Licht zu warmen wei\u00dfen Farbe oder kalten wei\u00dfen Farbe zu steuern.<br \/>\nVerglichen mit der Halogen-Lichterkette hat die LED-Lichterkette eine viel l\u00e4ngere Lebensdauer und kann so viele Farben liefern, um Ihren Anforderungen f\u00fcr verschiedene Anl\u00e4sse zu entsprechen.<\/p>\n<p><img loading=\"lazy\" decoding=\"async\" class=\"wp-image-804 size-medium aligncenter\" src=\"https:\/\/yunjinlight.com\/wp-content\/uploads\/2022\/01\/HBN-stringlights-300x283.jpg\" alt=\"Intelligente LED-Farbwechsel-Leuchten\" width=\"300\" height=\"283\" srcset=\"https:\/\/yunjinlight.com\/wp-content\/uploads\/2022\/01\/HBN-stringlights-300x283.jpg 300w, https:\/\/yunjinlight.com\/wp-content\/uploads\/2022\/01\/HBN-stringlights-510x481.jpg 510w, https:\/\/yunjinlight.com\/wp-content\/uploads\/2022\/01\/HBN-stringlights-1024x965.jpg 1024w, https:\/\/yunjinlight.com\/wp-content\/uploads\/2022\/01\/HBN-stringlights-768x724.jpg 768w, https:\/\/yunjinlight.com\/wp-content\/uploads\/2022\/01\/HBN-stringlights.jpg 1500w\" sizes=\"auto, (max-width: 300px) 100vw, 300px\" \/><\/p>\n<h2>Acrylbirnen arbeiten wasserdicht und stabil<\/h2>\n<p>Die 1450 Smart Lichterkette kann sowohl im Freien als auch in Innenr\u00e4umen verwendet werden. Die Gl\u00fchbirne besteht aus Acrylmaterial, die Wasserdichtigkeitsklasse erreicht IP65 und das Acrylmaterial bricht nicht bei einem Schlag durch Wind oder Regensturm. Es ist sicher, im Freien zu arbeiten. Selbst bei der Arbeit in Innenr\u00e4umen sind die Acrylgl\u00fchbirnen sehr sch\u00f6n und passen gut in die Umgebung. Es wird cool sein, das Licht auf der Terrasse, Pavillon, Bistro, Caf\u00e9, Hof, oder die Weihnachtsfeier zu installieren.<\/p>\n<p><img loading=\"lazy\" decoding=\"async\" class=\"size-medium wp-image-775 aligncenter\" src=\"https:\/\/yunjinlight.com\/wp-content\/uploads\/2021\/12\/638711529-300x300.jpg\" alt=\"\" width=\"300\" height=\"300\" srcset=\"https:\/\/yunjinlight.com\/wp-content\/uploads\/2021\/12\/638711529-300x300.jpg 300w, https:\/\/yunjinlight.com\/wp-content\/uploads\/2021\/12\/638711529-100x100.jpg 100w, https:\/\/yunjinlight.com\/wp-content\/uploads\/2021\/12\/638711529-510x510.jpg 510w, https:\/\/yunjinlight.com\/wp-content\/uploads\/2021\/12\/638711529-1024x1024.jpg 1024w, https:\/\/yunjinlight.com\/wp-content\/uploads\/2021\/12\/638711529-150x150.jpg 150w, https:\/\/yunjinlight.com\/wp-content\/uploads\/2021\/12\/638711529-768x768.jpg 768w, https:\/\/yunjinlight.com\/wp-content\/uploads\/2021\/12\/638711529.jpg 1500w\" sizes=\"auto, (max-width: 300px) 100vw, 300px\" \/><img loading=\"lazy\" decoding=\"async\" class=\"size-medium wp-image-785 aligncenter\" style=\"color: #333333;\" src=\"https:\/\/yunjinlight.com\/wp-content\/uploads\/2021\/12\/235d3a84-45e2-4d75-904e-533711ea3aef.__CR00970600_PT0_SX970_V1___-300x186.jpg\" alt=\"\" width=\"300\" height=\"186\" srcset=\"https:\/\/yunjinlight.com\/wp-content\/uploads\/2021\/12\/235d3a84-45e2-4d75-904e-533711ea3aef.__CR00970600_PT0_SX970_V1___-300x186.jpg 300w, https:\/\/yunjinlight.com\/wp-content\/uploads\/2021\/12\/235d3a84-45e2-4d75-904e-533711ea3aef.__CR00970600_PT0_SX970_V1___-510x315.jpg 510w, https:\/\/yunjinlight.com\/wp-content\/uploads\/2021\/12\/235d3a84-45e2-4d75-904e-533711ea3aef.__CR00970600_PT0_SX970_V1___-768x475.jpg 768w, https:\/\/yunjinlight.com\/wp-content\/uploads\/2021\/12\/235d3a84-45e2-4d75-904e-533711ea3aef.__CR00970600_PT0_SX970_V1___.jpg 970w\" sizes=\"auto, (max-width: 300px) 100vw, 300px\" \/><\/p>\n<h2>So viele verschiedene intelligente Methoden zur Steuerung der Lichterkette<\/h2>\n<p>Neben der Smartphone-App, die die Smart LED Color Changing Lights steuert, gibt es einen Schalter an der Controlbox, mit dem man das Licht einfach ein- und ausschalten kann, und das Erstaunliche ist, dass man Amazon Alexa oder Google Assistant nutzen kann, um das Licht per Sprachsteuerung zu bedienen. In der App sind einige Szenen im bunten Modus vorbereitet. Mit nur einem Klick l\u00e4sst sich die Leuchte in den von Ihnen gew\u00fcnschten Modus umschalten. Das Licht blinkte, glitzerte, d\u00e4mmerte, blinkte nacheinander und \u00e4nderte sich st\u00e4ndig, wenn der Modus wechselte. Sie k\u00f6nnen auch die Beleuchtungszeit so einstellen, dass sich das Licht automatisch ein- und ausschaltet; ein Zeitplan f\u00fcr die Beleuchtung bei Sonnenuntergang ist ziemlich cool.<\/p>\n<h2>Wie schlie\u00dfe ich Lichterketten an?<\/h2>\n<p>Die Lichterkette ist mit einem 3-Draht-Kabel ausgestattet, so dass die n\u00e4chste Leuchte einfach an die vorherige angeschlossen werden kann. Das Ende jeder Leuchte ist mit einer speziellen Fassung versehen. Entfernen Sie die n\u00e4chste String Control Box, k\u00f6nnen Sie den Stecker zu finden. Den Stecker in die Steckdose stecken, die H\u00fclse festschrauben, fertig!<\/p>\n<h2>Wie viele Lichterketten k\u00f6nnen aneinandergereiht werden?<\/h2>\n<p>Diese Lichterkette kann mit einer maximalen Anzahl von 48 Gl\u00fchbirnen betrieben werden. Dass Sie eine unterschiedliche L\u00e4nge und Anzahl der Gl\u00fchbirnen in einer Lichterkette w\u00e4hlen k\u00f6nnen, um sie zu verbinden. Achten Sie darauf, dass die Anzahl der Gl\u00fchbirnen die maximale Anzahl von 48 Gl\u00fchbirnen nicht \u00fcberschreitet.<\/p>\n<h3 class=\"accordion_title\">H\u00e4ufig gestellte Fragen<\/h3><div class=\"accordion\">\n\t<div id=\"accordion-480613081\" class=\"accordion-item\">\n\t\t<a id=\"accordion-480613081-label\" class=\"accordion-title plain\" href=\"#accordion-item-welche-parameter-muss-ich-festlegen,-wenn-ich-meine-eigene-marke-von-intelligenten-lichterketten-anpassen-m\u00f6chte?\" aria-expanded=\"false\" aria-controls=\"accordion-480613081-content\" >\n\t\t\t<button class=\"toggle\" aria-label=\"Umschalten\"><i class=\"icon-angle-down\"><\/i><\/button>\n\t\t\t<span>Welche Parameter muss ich festlegen, wenn ich meine eigene Marke von intelligenten Lichterketten anpassen m\u00f6chte?<\/span>\n\t\t<\/a>\n\t\t<div id=\"accordion-480613081-content\" class=\"accordion-inner\" aria-labelledby=\"accordion-480613081-label\" >\n\t\t\t\n<p>F\u00fcr ein kleines Unternehmen sind intelligente Lichterketten eigentlich eine sehr niedrige Einstiegsh\u00fcrde. Denn Tuya bietet bereits eine Komplettl\u00f6sung ohne technische Barrieren. Wenn Sie Ihre eigene Marke von intelligenten Lichterketten anpassen m\u00f6chten, m\u00fcssen Sie nur einige Unterschiede bei der Hardware ber\u00fccksichtigen. Tuya hat bereits eine Reihe von ma\u00dfgeschneiderten L\u00f6sungen f\u00fcr seine Kunden entwickelt.<br \/>\nWir haben bereits eine Vielzahl von Dreiecksmodellen zum Aufh\u00e4ngen, mehrere Gl\u00fchbirnenarten, Verl\u00e4ngerungen, anpassbare Gl\u00fchbirnenabst\u00e4nde usw. f\u00fcr intelligente String-Optionen. Treffen Sie einfach eine Auswahl nach Ihren W\u00fcnschen, und Sie k\u00f6nnen ein intelligentes String-Produkt Ihrer eigenen Marke erstellen.<br \/>\nIn Bezug auf Softwarel\u00f6sungen k\u00f6nnen Sie Ihre eigene intelligente Plattform einfach auf tuyas Entwicklungsplattform entwickeln, indem Sie no-code app development tools verwenden. Da es vorgefertigte Entwicklungsmodule gibt, ist kein Techniker erforderlich, um sie zu entwickeln.<\/p>\n\t\t<\/div>\n\t<\/div>\n\t\n\t<div id=\"accordion-1606391419\" class=\"accordion-item\">\n\t\t<a id=\"accordion-1606391419-label\" class=\"accordion-title plain\" href=\"#accordion-item-wie-kann-man-das-problem-der-verpackung,-der-logistik,-der-etikettierung-usw.-f\u00fcr-kleine-gesch\u00e4ftskunden-l\u00f6sen?\" aria-expanded=\"false\" aria-controls=\"accordion-1606391419-content\" >\n\t\t\t<button class=\"toggle\" aria-label=\"Umschalten\"><i class=\"icon-angle-down\"><\/i><\/button>\n\t\t\t<span>Wie kann man das Problem der Verpackung, der Logistik, der Etikettierung usw. f\u00fcr kleine Gesch\u00e4ftskunden l\u00f6sen?<\/span>\n\t\t<\/a>\n\t\t<div id=\"accordion-1606391419-content\" class=\"accordion-inner\" aria-labelledby=\"accordion-1606391419-label\" >\n\t\t\t\n<p>Wir haben viele Kunden aus dem Bereich des elektronischen Handels, und das sind ihre Hauptanliegen. Wir k\u00f6nnen unseren Kunden helfen, diese Probleme zu l\u00f6sen. Was das Verpackungsdesign betrifft, so haben wir vorgegebene Verpackungsgr\u00f6\u00dfen und -parameter. F\u00fcr das Verpackungsdesign k\u00f6nnen wir Ihnen Produkte zur Verf\u00fcgung stellen, die Sie selbst fotografieren k\u00f6nnen. Dies wird die Differenzierung der Verpackung nur best\u00e4tigen. Einige Kunden haben Produktcodes, Etikettierung und andere Anforderungen, wir werden diese Probleme f\u00fcr die Kunden einzeln l\u00f6sen. Es gibt viele Kunden, die einen sehr guten Sinn f\u00fcr Service haben, sie werden auch einen Produktregistrierungs-QR-Code f\u00fcr jedes Produkt anpassen. Bei jedem Problem helfen wir unseren Kunden, eine L\u00f6sung nach der anderen zu finden.<\/p>\n\t\t<\/div>\n\t<\/div>\n\t\n\t<div id=\"accordion-3877849828\" class=\"accordion-item\">\n\t\t<a id=\"accordion-3877849828-label\" class=\"accordion-title plain\" href=\"#accordion-item-was-sind-die-zertifikate-unserer-intelligenten-lichterketten?\" aria-expanded=\"false\" aria-controls=\"accordion-3877849828-content\" >\n\t\t\t<button class=\"toggle\" aria-label=\"Umschalten\"><i class=\"icon-angle-down\"><\/i><\/button>\n\t\t\t<span>Was sind die Zertifikate unserer intelligenten Lichterketten?<\/span>\n\t\t<\/a>\n\t\t<div id=\"accordion-3877849828-content\" class=\"accordion-inner\" aria-labelledby=\"accordion-3877849828-label\" >\n\t\t\t\n<p>Wir f\u00fchren f\u00fcr jeden Markt, in den wir eintreten, eine Reihe von Produktzertifizierungen durch. Daher verf\u00fcgen unsere intelligenten Lichterketten \u00fcber die von den meisten L\u00e4ndern in Europa, Amerika und Asien geforderte Zertifizierung. CE, CB, Rohs, UL, usw. Handelt es sich bei Ihrem Markt um einen aufstrebenden Markt, dann arbeiten wir mit Ihnen zusammen, um die Zertifizierung f\u00fcr den neuen Markt abzuschlie\u00dfen.<\/p>\n\t\t<\/div>\n\t<\/div>\n\t\n\t<div id=\"accordion-3958280313\" class=\"accordion-item\">\n\t\t<a id=\"accordion-3958280313-label\" class=\"accordion-title plain\" href=\"#accordion-item-haben-sie-fragen-zum-produktionszyklus-und-zum-versand-der-produkte?\" aria-expanded=\"false\" aria-controls=\"accordion-3958280313-content\" >\n\t\t\t<button class=\"toggle\" aria-label=\"Umschalten\"><i class=\"icon-angle-down\"><\/i><\/button>\n\t\t\t<span>Haben Sie Fragen zum Produktionszyklus und zum Versand der Produkte?<\/span>\n\t\t<\/a>\n\t\t<div id=\"accordion-3958280313-content\" class=\"accordion-inner\" aria-labelledby=\"accordion-3958280313-label\" >\n\t\t\t\n<p>F\u00fcr Smart Strings mit unseren bestehenden voreingestellten Parametern und mittleren St\u00fcckzahlen betr\u00e4gt unsere Produktionsvorlaufzeit etwa 20-25 Tage. Ma\u00dfgeschneiderte Produkte haben eine etwas l\u00e4ngere Laufzeit. W\u00e4hrend dieses Prozesses ist Zeit f\u00fcr die Softwareentwicklung und die Fehlersuche f\u00fcr neue Kunden. Das ist genau der richtige Zeitpunkt f\u00fcr den Kunden, um sein Produkt schnell im Regal zu haben.<br \/>\nF\u00fcr den Versand befindet sich unser Werk in Ningbo, Provinz Zhejiang, in der N\u00e4he des gr\u00f6\u00dften Tiefseehafens in China, Zhoushan, der zu den bekanntesten Seeh\u00e4fen der Welt geh\u00f6rt. Der Versand ist sehr bequem. Jeden Monat werden mehr als 10 gro\u00dfe Container in die ganze Welt verschifft.<\/p>\n\t\t<\/div>\n\t<\/div>\n\t\n\t<div id=\"accordion-3138414956\" class=\"accordion-item\">\n\t\t<a id=\"accordion-3138414956-label\" class=\"accordion-title plain\" href=\"#accordion-item-kleine-unternehmen-kunden-der-beleuchtung,-wie-die-beleuchtung-produkte-in-das-internet-der-dinge-zu-machen?\" aria-expanded=\"false\" aria-controls=\"accordion-3138414956-content\" >\n\t\t\t<button class=\"toggle\" aria-label=\"Umschalten\"><i class=\"icon-angle-down\"><\/i><\/button>\n\t\t\t<span>Kleine Unternehmen Kunden der Beleuchtung, wie die Beleuchtung Produkte in das Internet der Dinge zu machen?<\/span>\n\t\t<\/a>\n\t\t<div id=\"accordion-3138414956-content\" class=\"accordion-inner\" aria-labelledby=\"accordion-3138414956-label\" >\n\t\t\t\n<p>Die H\u00e4lfte unserer neuen Kunden kommt von traditionellen Lampenverk\u00e4ufern. Da der Wettbewerb bei der traditionellen Beleuchtung zu hart ist, wird die Gewinnspanne von den gro\u00dfen Marken besetzt. Zur gleichen Zeit, der Trend des Internet der Dinge, denn es gibt keine Technologie, kann nicht beitreten.<br \/>\nHier liegt ein Missverst\u00e4ndnis vor: F\u00fcr die meisten kleinen Unternehmen besteht keine Notwendigkeit, eine eigene IoT-Technologie oder -Anwendung zu entwickeln. Eine gut integrierte L\u00f6sung wie Tuya ist die beste L\u00f6sung. Der n\u00e4chste Schritt ist die Suche nach einer Hardware-L\u00f6sung wie Yunjin. Es ist nicht schwierig, eine eigene IoT-Leuchtenl\u00f6sung zu entwickeln. Und da es sich um einen Nischenmarkt handelt, haben die gro\u00dfen Marken nicht viele Vorteile. Jetzt gibt es eine Reihe von Marken auf Amazon, die alle in dieser L\u00f6sung und besseren Service-Prozess, der die meisten jungen Kunden anzieht.<\/p>\n\t\t<\/div>\n\t<\/div>\n\t\n\t<div id=\"accordion-3447168421\" class=\"accordion-item\">\n\t\t<a id=\"accordion-3447168421-label\" class=\"accordion-title plain\" href=\"#accordion-item-kann-die-intelligente-lichterkette-mit-anderen-intelligenten-lampen-gesteuert-werden?\" aria-expanded=\"false\" aria-controls=\"accordion-3447168421-content\" >\n\t\t\t<button class=\"toggle\" aria-label=\"Umschalten\"><i class=\"icon-angle-down\"><\/i><\/button>\n\t\t\t<span>Kann die intelligente Lichterkette mit anderen intelligenten Lampen gesteuert werden?<\/span>\n\t\t<\/a>\n\t\t<div id=\"accordion-3447168421-content\" class=\"accordion-inner\" aria-labelledby=\"accordion-3447168421-label\" >\n\t\t\t\n<p>Es gibt einige Kleinunternehmer, die sich f\u00fcr unsere intelligenten Lichterketten interessieren, aber sie haben Bedenken, ob es notwendig ist, f\u00fcr jede intelligente Lampe eine APP zu entwickeln? Oder einen Lieferanten zu wechseln, ist es dann notwendig, ihn neu zu entwickeln?<br \/>\nSolange die Software die intelligente Entwicklungsplattform von Tuya nutzt. Sie k\u00f6nnen den Anbieter nach Belieben wechseln. Abgesehen von einigen Geschmacksmustern, die Sie m\u00f6glicherweise nicht nutzen k\u00f6nnen, hat dies keine Auswirkungen auf den Austausch von Hardware durch Ihren Lieferanten.<br \/>\nGleichzeitig k\u00f6nnen Sie die von Tuya entwickelte App zur Steuerung von Produkten verschiedener Hardwarehersteller verwenden.<br \/>\nSo k\u00f6nnen Kunden L\u00f6sungen von verschiedenen Herstellern intelligenter Beleuchtungshardware finden, die mit einer Tuya App integriert sind, die von Ihrer eigenen Marke entwickelt wurde. Und die Kosten f\u00fcr die Softwareentwicklung sind nur einmalig. Es ist nicht notwendig, die Entwicklung zu wiederholen, sondern lediglich Funktionsmodule hinzuzuf\u00fcgen.<br \/>\nAuf diese Weise kann Ihre Marke auch Ihr eigenes IoT-\u00d6kosystem sein.<\/p>\n\t\t<\/div>\n\t<\/div>\n\t\n<\/div>\n","protected":false},"excerpt":{"rendered":"<table>\n<tbody>\n<tr>\n<td>Kabel-Option<\/td>\n<td>Gummi oder PVC, 3 &#8211; wries<\/td>\n<\/tr>\n<tr>\n<td>L\u00e4nge<\/td>\n<td>24FT\/36FT\/48FT<\/td>\n<\/tr>\n<tr>\n<td>Stecker<\/td>\n<td>NEMA 1-15P, Europa, England, Australien oder andere<\/td>\n<\/tr>\n<tr>\n<td>Gl\u00fchbirnen<\/td>\n<td>Standard oder benutzerdefiniert<\/td>\n<\/tr>\n<tr>\n<td>Kontrolle<\/td>\n<td>Smart Phone, Alexa, Google Assistant und andere Sprachsteuerung<\/td>\n<\/tr>\n<tr>\n<td>Farbe<\/td>\n<td>RGBWW<\/td>\n<\/tr>\n<tr>\n<td>Maximale Gl\u00fchbirne<\/td>\n<td>48 Gl\u00fchbirnen<\/td>\n<\/tr>\n<tr>\n<td>Verbinden Sie<\/td>\n<td>3 &#8211; Stifte verbinden<\/td>\n<\/tr>\n<tr>\n<td>Wasserdicht<\/td>\n<td>IP65<\/td>\n<\/tr>\n<\/tbody>\n<\/table>\n","protected":false},"featured_media":797,"comment_status":"open","ping_status":"closed","template":"","meta":[],"product_brand":[],"product_cat":[146],"product_tag":[],"class_list":{"0":"post-849","1":"product","2":"type-product","3":"status-publish","4":"has-post-thumbnail","6":"product_cat-uncategorized-de","8":"first","9":"instock","10":"shipping-taxable","11":"product-type-simple"},"_links":{"self":[{"href":"https:\/\/yunjinlight.com\/de\/wp-json\/wp\/v2\/product\/849","targetHints":{"allow":["GET"]}}],"collection":[{"href":"https:\/\/yunjinlight.com\/de\/wp-json\/wp\/v2\/product"}],"about":[{"href":"https:\/\/yunjinlight.com\/de\/wp-json\/wp\/v2\/types\/product"}],"replies":[{"embeddable":true,"href":"https:\/\/yunjinlight.com\/de\/wp-json\/wp\/v2\/comments?post=849"}],"wp:featuredmedia":[{"embeddable":true,"href":"https:\/\/yunjinlight.com\/de\/wp-json\/wp\/v2\/media\/797"}],"wp:attachment":[{"href":"https:\/\/yunjinlight.com\/de\/wp-json\/wp\/v2\/media?parent=849"}],"wp:term":[{"taxonomy":"product_brand","embeddable":true,"href":"https:\/\/yunjinlight.com\/de\/wp-json\/wp\/v2\/product_brand?post=849"},{"taxonomy":"product_cat","embeddable":true,"href":"https:\/\/yunjinlight.com\/de\/wp-json\/wp\/v2\/product_cat?post=849"},{"taxonomy":"product_tag","embeddable":true,"href":"https:\/\/yunjinlight.com\/de\/wp-json\/wp\/v2\/product_tag?post=849"}],"curies":[{"name":"wp","href":"https:\/\/api.w.org\/{rel}","templated":true}]}}