{"id":848,"date":"2021-12-25T08:29:45","date_gmt":"2021-12-25T08:29:45","guid":{"rendered":"https:\/\/yunjinlight.com\/product\/solar-lichterkette-s14\/"},"modified":"2022-06-22T08:20:12","modified_gmt":"2022-06-22T08:20:12","slug":"solar-lichterkette-s14","status":"publish","type":"product","link":"https:\/\/yunjinlight.com\/de\/produkt\/solar-lichterkette-s14\/","title":{"rendered":"Solar-Lichterkette S14"},"content":{"rendered":"\n\t<section class=\"section\" id=\"section_1730927298\">\n\t\t<div class=\"section-bg fill\" >\n\t\t\t\t\t\t\t\t\t<div class=\"section-bg-overlay absolute fill\"><\/div>\n\t\t\t\n\n\t\t<\/div>\n\n\t\t\n\n\t\t<div class=\"section-content relative\">\n\t\t\t\n<div class=\"row row-collapse row-full-width align-middle\"  id=\"row-855906863\">\n\n\t<div id=\"col-1524762102\" class=\"col medium-6 small-12 large-6\"  >\n\t\t\t\t<div class=\"col-inner\"  >\n\t\t\t\n\t\t\t\n\t<div class=\"img has-hover x md-x lg-x y md-y lg-y\" id=\"image_325719164\">\n\t\t\t\t\t\t\t\t<div class=\"img-inner dark\" >\n\t\t\t<img loading=\"lazy\" decoding=\"async\" width=\"1020\" height=\"1002\" src=\"https:\/\/yunjinlight.com\/wp-content\/uploads\/2021\/12\/71x6m4SliL._AC_SL1500_-1024x1006.jpg\" class=\"attachment-large size-large\" alt=\"\" srcset=\"https:\/\/yunjinlight.com\/wp-content\/uploads\/2021\/12\/71x6m4SliL._AC_SL1500_-1024x1006.jpg 1024w, https:\/\/yunjinlight.com\/wp-content\/uploads\/2021\/12\/71x6m4SliL._AC_SL1500_-510x501.jpg 510w, https:\/\/yunjinlight.com\/wp-content\/uploads\/2021\/12\/71x6m4SliL._AC_SL1500_-300x295.jpg 300w, https:\/\/yunjinlight.com\/wp-content\/uploads\/2021\/12\/71x6m4SliL._AC_SL1500_-768x754.jpg 768w, https:\/\/yunjinlight.com\/wp-content\/uploads\/2021\/12\/71x6m4SliL._AC_SL1500_.jpg 1500w\" sizes=\"auto, (max-width: 1020px) 100vw, 1020px\" \/>\t\t\t\t\t\t\n\t\t\t\t\t<\/div>\n\t\t\t\t\t\t\t\t\n<style>\n#image_325719164 {\n  width: 100%;\n}\n<\/style>\n\t<\/div>\n\t\n\t\t<\/div>\n\t\t\t\t\t<\/div>\n\n\t\n\n\t<div id=\"col-947596031\" class=\"col medium-6 small-12 large-6\"  >\n\t\t\t\t<div class=\"col-inner text-center\"  >\n\t\t\t\n\t\t\t\n<h2>NEUE ENERGIESPARENDE LICHTERKETTEN<\/h2>\n<p>Solar String Light hat die Probleme gel\u00f6st, die oft auf die traditionellen Gl\u00fchbirnen oder LED-Gl\u00fchbirnen, wie Flackern, dim glow, kurze Lebensdauer, blinken, und hohen Stromverbrauch, Solar String Lichter k\u00f6nnten die Solarenergie nutzen, um die Zeichenfolge zu beleuchten, wird es von gro\u00dfer Hilfe, um Energie zu sparen, auch eine gro\u00dfe Einsparung auf die Stromrechnung.<\/p>\n\t\t<\/div>\n\t\t\t\t\n<style>\n#col-947596031 > .col-inner {\n  padding: 10% 10% 10% 10%;\n  max-width: 520px;\n}\n<\/style>\n\t<\/div>\n\n\t\n<\/div>\n\t\t<\/div>\n\n\t\t\n<style>\n#section_1730927298 {\n  padding-top: 0px;\n  padding-bottom: 0px;\n  background-color: rgb(247, 247, 247);\n}\n#section_1730927298 .section-bg-overlay {\n  background-color: rgba(255, 255, 255, 0.85);\n}\n<\/style>\n\t<\/section>\n\t\n\n\t<section class=\"section\" id=\"section_1130238587\">\n\t\t<div class=\"section-bg fill\" >\n\t\t\t\t\t\t\t\t\t<div class=\"section-bg-overlay absolute fill\"><\/div>\n\t\t\t\n\n\t\t<\/div>\n\n\t\t\n\n\t\t<div class=\"section-content relative\">\n\t\t\t\n<div class=\"row row-collapse row-full-width align-middle\"  id=\"row-590045951\">\n\n\t<div id=\"col-579447879\" class=\"col medium-6 small-12 large-6\"  >\n\t\t\t\t<div class=\"col-inner text-center\"  >\n\t\t\t\n\t\t\t\n<h2>EINFACH ZU INSTALLIEREN<\/h2>\n<p>Es gibt verschiedene Installationsmethoden, wie z. B. Clip- oder Pfahlmontage. Montage durch Befestigung mit einer Schelle (z.B. am Balkondach) oder einem Pflock im Boden. Sie geben 2700K warmwei\u00dfes Licht ab.<\/p>\n\t\t<\/div>\n\t\t\t\t\n<style>\n#col-579447879 > .col-inner {\n  padding: 10% 10% 10% 10%;\n  max-width: 520px;\n}\n<\/style>\n\t<\/div>\n\n\t\n\n\t<div id=\"col-1042132072\" class=\"col medium-6 small-12 large-6\"  >\n\t\t\t\t<div class=\"col-inner\"  >\n\t\t\t\n\t\t\t\n\t<div class=\"img has-hover x md-x lg-x y md-y lg-y\" id=\"image_777373635\">\n\t\t\t\t\t\t\t\t<div class=\"img-inner dark\" >\n\t\t\t<img loading=\"lazy\" decoding=\"async\" width=\"1020\" height=\"1013\" src=\"https:\/\/yunjinlight.com\/wp-content\/uploads\/2021\/12\/81XeK5rlFoL._AC_SL1500_-1-1024x1017.jpg\" class=\"attachment-large size-large\" alt=\"\" srcset=\"https:\/\/yunjinlight.com\/wp-content\/uploads\/2021\/12\/81XeK5rlFoL._AC_SL1500_-1-1024x1017.jpg 1024w, https:\/\/yunjinlight.com\/wp-content\/uploads\/2021\/12\/81XeK5rlFoL._AC_SL1500_-1-100x100.jpg 100w, https:\/\/yunjinlight.com\/wp-content\/uploads\/2021\/12\/81XeK5rlFoL._AC_SL1500_-1-510x507.jpg 510w, https:\/\/yunjinlight.com\/wp-content\/uploads\/2021\/12\/81XeK5rlFoL._AC_SL1500_-1-300x298.jpg 300w, https:\/\/yunjinlight.com\/wp-content\/uploads\/2021\/12\/81XeK5rlFoL._AC_SL1500_-1-150x150.jpg 150w, https:\/\/yunjinlight.com\/wp-content\/uploads\/2021\/12\/81XeK5rlFoL._AC_SL1500_-1-768x763.jpg 768w, https:\/\/yunjinlight.com\/wp-content\/uploads\/2021\/12\/81XeK5rlFoL._AC_SL1500_-1.jpg 1500w\" sizes=\"auto, (max-width: 1020px) 100vw, 1020px\" \/>\t\t\t\t\t\t\n\t\t\t\t\t<\/div>\n\t\t\t\t\t\t\t\t\n<style>\n#image_777373635 {\n  width: 100%;\n}\n<\/style>\n\t<\/div>\n\t\n\t\t<\/div>\n\t\t\t\t\t<\/div>\n\n\t\n<\/div>\n\t\t<\/div>\n\n\t\t\n<style>\n#section_1130238587 {\n  padding-top: 0px;\n  padding-bottom: 0px;\n  background-color: rgb(247, 247, 247);\n}\n#section_1130238587 .section-bg-overlay {\n  background-color: rgba(255, 255, 255, 0.85);\n}\n<\/style>\n\t<\/section>\n\t\n\n\t<section class=\"section\" id=\"section_600676840\">\n\t\t<div class=\"section-bg fill\" >\n\t\t\t\t\t\t\t\t\t<div class=\"section-bg-overlay absolute fill\"><\/div>\n\t\t\t\n\n\t\t<\/div>\n\n\t\t\n\n\t\t<div class=\"section-content relative\">\n\t\t\t\n<div class=\"row row-collapse row-full-width align-middle\"  id=\"row-1843018958\">\n\n\t<div id=\"col-1910442717\" class=\"col medium-6 small-12 large-6\"  >\n\t\t\t\t<div class=\"col-inner\"  >\n\t\t\t\n\t\t\t\n\t<div class=\"img has-hover x md-x lg-x y md-y lg-y\" id=\"image_788912347\">\n\t\t\t\t\t\t\t\t<div class=\"img-inner dark\" >\n\t\t\t<img loading=\"lazy\" decoding=\"async\" width=\"1020\" height=\"1020\" src=\"https:\/\/yunjinlight.com\/wp-content\/uploads\/2021\/12\/81zGzen8IoL._AC_SL1500_-1024x1024.jpg\" class=\"attachment-large size-large\" alt=\"\" srcset=\"https:\/\/yunjinlight.com\/wp-content\/uploads\/2021\/12\/81zGzen8IoL._AC_SL1500_-1024x1024.jpg 1024w, https:\/\/yunjinlight.com\/wp-content\/uploads\/2021\/12\/81zGzen8IoL._AC_SL1500_-100x100.jpg 100w, https:\/\/yunjinlight.com\/wp-content\/uploads\/2021\/12\/81zGzen8IoL._AC_SL1500_-510x510.jpg 510w, https:\/\/yunjinlight.com\/wp-content\/uploads\/2021\/12\/81zGzen8IoL._AC_SL1500_-300x300.jpg 300w, https:\/\/yunjinlight.com\/wp-content\/uploads\/2021\/12\/81zGzen8IoL._AC_SL1500_-150x150.jpg 150w, https:\/\/yunjinlight.com\/wp-content\/uploads\/2021\/12\/81zGzen8IoL._AC_SL1500_-768x768.jpg 768w, https:\/\/yunjinlight.com\/wp-content\/uploads\/2021\/12\/81zGzen8IoL._AC_SL1500_.jpg 1500w\" sizes=\"auto, (max-width: 1020px) 100vw, 1020px\" \/>\t\t\t\t\t\t\n\t\t\t\t\t<\/div>\n\t\t\t\t\t\t\t\t\n<style>\n#image_788912347 {\n  width: 100%;\n}\n<\/style>\n\t<\/div>\n\t\n\t\t<\/div>\n\t\t\t\t\t<\/div>\n\n\t\n\n\t<div id=\"col-1155788937\" class=\"col medium-6 small-12 large-6\"  >\n\t\t\t\t<div class=\"col-inner text-center\"  >\n\t\t\t\n\t\t\t\n<p>Die S14-Dekorationslichter schaffen eine warme und romantische Atmosph\u00e4re, in der Sie und Ihr Freund sich entspannt und gl\u00fccklich f\u00fchlen werden. Hervorragend geeignet f\u00fcr Hochzeiten, Geburtstagsfeiern, Weihnachten, Urlaubsfeiern, Partys und Familienzusammenk\u00fcnfte.<br \/>Schaffen Sie einen unvergesslichen Moment f\u00fcr sich<\/p>\n\t\t<\/div>\n\t\t\t\t\n<style>\n#col-1155788937 > .col-inner {\n  padding: 10% 10% 10% 10%;\n  max-width: 520px;\n}\n<\/style>\n\t<\/div>\n\n\t\n<\/div>\n\t\t<\/div>\n\n\t\t\n<style>\n#section_600676840 {\n  padding-top: 0px;\n  padding-bottom: 0px;\n  background-color: rgb(247, 247, 247);\n}\n#section_600676840 .section-bg-overlay {\n  background-color: rgba(255, 255, 255, 0.85);\n}\n<\/style>\n\t<\/section>\n\t\n","protected":false},"excerpt":{"rendered":"<table>\n<tbody>\n<tr>\n<td>Sonnenkollektor<\/td>\n<td>polykristallin 520MA 5.V<\/td>\n<\/tr>\n<tr>\n<td>Anzahl der Gl\u00fchbirnen<\/td>\n<td>10pcs<\/td>\n<\/tr>\n<tr>\n<td>Gl\u00fchbirnen-Typ:<\/td>\n<td>E26\/27-Sockel, 1 Watt, S14-Gl\u00fchlampe<\/td>\n<\/tr>\n<tr>\n<td>Lichtfarbe:<\/td>\n<td>Warmwei\u00df (2700k)<\/td>\n<\/tr>\n<tr>\n<td>Batterie:<\/td>\n<td>3.7V\/4400mAh(2*18650 2200mAh)<\/td>\n<\/tr>\n<tr>\n<td>Beleuchtungsmodi:<\/td>\n<td>schnelles Blinken, gleichm\u00e4\u00dfiges Licht, langsames Blinken, pulsierendes Licht<\/td>\n<\/tr>\n<tr>\n<td>Im Freien:<\/td>\n<td>Solarenergie zum Aufladen nutzen<\/td>\n<\/tr>\n<tr>\n<td>Innenbereich:<\/td>\n<td>Micro-USB zum Aufladen verwenden<\/td>\n<\/tr>\n<\/tbody>\n<\/table>\n","protected":false},"featured_media":796,"comment_status":"open","ping_status":"closed","template":"","meta":[],"product_brand":[],"product_cat":[146],"product_tag":[],"class_list":{"0":"post-848","1":"product","2":"type-product","3":"status-publish","4":"has-post-thumbnail","6":"product_cat-uncategorized-de","8":"first","9":"instock","10":"shipping-taxable","11":"product-type-simple"},"_links":{"self":[{"href":"https:\/\/yunjinlight.com\/de\/wp-json\/wp\/v2\/product\/848","targetHints":{"allow":["GET"]}}],"collection":[{"href":"https:\/\/yunjinlight.com\/de\/wp-json\/wp\/v2\/product"}],"about":[{"href":"https:\/\/yunjinlight.com\/de\/wp-json\/wp\/v2\/types\/product"}],"replies":[{"embeddable":true,"href":"https:\/\/yunjinlight.com\/de\/wp-json\/wp\/v2\/comments?post=848"}],"wp:featuredmedia":[{"embeddable":true,"href":"https:\/\/yunjinlight.com\/de\/wp-json\/wp\/v2\/media\/796"}],"wp:attachment":[{"href":"https:\/\/yunjinlight.com\/de\/wp-json\/wp\/v2\/media?parent=848"}],"wp:term":[{"taxonomy":"product_brand","embeddable":true,"href":"https:\/\/yunjinlight.com\/de\/wp-json\/wp\/v2\/product_brand?post=848"},{"taxonomy":"product_cat","embeddable":true,"href":"https:\/\/yunjinlight.com\/de\/wp-json\/wp\/v2\/product_cat?post=848"},{"taxonomy":"product_tag","embeddable":true,"href":"https:\/\/yunjinlight.com\/de\/wp-json\/wp\/v2\/product_tag?post=848"}],"curies":[{"name":"wp","href":"https:\/\/api.w.org\/{rel}","templated":true}]}}