{"id":847,"date":"2021-12-25T08:04:52","date_gmt":"2021-12-25T08:04:52","guid":{"rendered":"https:\/\/yunjinlight.com\/product\/solar-lichterkette-g40\/"},"modified":"2022-06-22T08:09:33","modified_gmt":"2022-06-22T08:09:33","slug":"solar-lichterkette-g40","status":"publish","type":"product","link":"https:\/\/yunjinlight.com\/de\/produkt\/solar-lichterkette-g40\/","title":{"rendered":"Solar-Lichterkette G40"},"content":{"rendered":"\n\t<section class=\"section\" id=\"section_303307509\">\n\t\t<div class=\"section-bg fill\" >\n\t\t\t\t\t\t\t\t\t<div class=\"section-bg-overlay absolute fill\"><\/div>\n\t\t\t\n\n\t\t<\/div>\n\n\t\t\n\n\t\t<div class=\"section-content relative\">\n\t\t\t\n<div class=\"row row-collapse row-full-width align-middle\"  id=\"row-1452857715\">\n\n\t<div id=\"col-1125320983\" class=\"col medium-6 small-12 large-6\"  >\n\t\t\t\t<div class=\"col-inner text-center\"  >\n\t\t\t\n\t\t\t\n<h3><strong>NEUE ENERGIESPARENDE LICHTERKETTEN<\/strong><\/h3>\n<p>Solar String Light hat die Probleme gel\u00f6st, die oft auf die traditionellen Gl\u00fchbirnen oder LED-Gl\u00fchbirnen, wie Flackern, dim glow, kurze Lebensdauer, blinken, und hohen Stromverbrauch, Solar String Lichter k\u00f6nnten die Solarenergie nutzen, um die Zeichenfolge zu beleuchten, wird es von gro\u00dfer Hilfe, um Energie zu sparen, auch eine gro\u00dfe Einsparung auf die Stromrechnung.<\/p>\n\t\t<\/div>\n\t\t\t\t\n<style>\n#col-1125320983 > .col-inner {\n  padding: 10% 10% 10% 10%;\n  max-width: 520px;\n}\n<\/style>\n\t<\/div>\n\n\t\n\n\t<div id=\"col-1162463386\" class=\"col medium-6 small-12 large-6\"  >\n\t\t\t\t<div class=\"col-inner\"  >\n\t\t\t\n\t\t\t\n\t<div class=\"img has-hover x md-x lg-x y md-y lg-y\" id=\"image_1875230820\">\n\t\t\t\t\t\t\t\t<div class=\"img-inner dark\" >\n\t\t\t<img loading=\"lazy\" decoding=\"async\" width=\"1020\" height=\"952\" src=\"https:\/\/yunjinlight.com\/wp-content\/uploads\/2021\/12\/61aYDZVUMuL._AC_SL1500_-1024x956.jpg\" class=\"attachment-large size-large\" alt=\"\" srcset=\"https:\/\/yunjinlight.com\/wp-content\/uploads\/2021\/12\/61aYDZVUMuL._AC_SL1500_-1024x956.jpg 1024w, https:\/\/yunjinlight.com\/wp-content\/uploads\/2021\/12\/61aYDZVUMuL._AC_SL1500_-510x476.jpg 510w, https:\/\/yunjinlight.com\/wp-content\/uploads\/2021\/12\/61aYDZVUMuL._AC_SL1500_-300x280.jpg 300w, https:\/\/yunjinlight.com\/wp-content\/uploads\/2021\/12\/61aYDZVUMuL._AC_SL1500_-768x717.jpg 768w, https:\/\/yunjinlight.com\/wp-content\/uploads\/2021\/12\/61aYDZVUMuL._AC_SL1500_.jpg 1500w\" sizes=\"auto, (max-width: 1020px) 100vw, 1020px\" \/>\t\t\t\t\t\t\n\t\t\t\t\t<\/div>\n\t\t\t\t\t\t\t\t\n<style>\n#image_1875230820 {\n  width: 100%;\n}\n<\/style>\n\t<\/div>\n\t\n\t\t<\/div>\n\t\t\t\t\t<\/div>\n\n\t\n<\/div>\n\t\t<\/div>\n\n\t\t\n<style>\n#section_303307509 {\n  padding-top: 0px;\n  padding-bottom: 0px;\n  background-color: rgb(247, 247, 247);\n}\n#section_303307509 .section-bg-overlay {\n  background-color: rgba(255, 255, 255, 0.85);\n}\n<\/style>\n\t<\/section>\n\t\n\n\t<section class=\"section\" id=\"section_1582331947\">\n\t\t<div class=\"section-bg fill\" >\n\t\t\t\t\t\t\t\t\t<div class=\"section-bg-overlay absolute fill\"><\/div>\n\t\t\t\n\n\t\t<\/div>\n\n\t\t\n\n\t\t<div class=\"section-content relative\">\n\t\t\t\n<div class=\"row row-collapse row-full-width align-middle\"  id=\"row-302510142\">\n\n\t<div id=\"col-360033680\" class=\"col medium-6 small-12 large-6\"  >\n\t\t\t\t<div class=\"col-inner\"  >\n\t\t\t\n\t\t\t\n\t<div class=\"img has-hover x md-x lg-x y md-y lg-y\" id=\"image_809119888\">\n\t\t\t\t\t\t\t\t<div class=\"img-inner dark\" >\n\t\t\t<img loading=\"lazy\" decoding=\"async\" width=\"1020\" height=\"1013\" src=\"https:\/\/yunjinlight.com\/wp-content\/uploads\/2021\/12\/81XeK5rlFoL._AC_SL1500_-1024x1017.jpg\" class=\"attachment-large size-large\" alt=\"\" srcset=\"https:\/\/yunjinlight.com\/wp-content\/uploads\/2021\/12\/81XeK5rlFoL._AC_SL1500_-1024x1017.jpg 1024w, https:\/\/yunjinlight.com\/wp-content\/uploads\/2021\/12\/81XeK5rlFoL._AC_SL1500_-100x100.jpg 100w, https:\/\/yunjinlight.com\/wp-content\/uploads\/2021\/12\/81XeK5rlFoL._AC_SL1500_-510x507.jpg 510w, https:\/\/yunjinlight.com\/wp-content\/uploads\/2021\/12\/81XeK5rlFoL._AC_SL1500_-300x298.jpg 300w, https:\/\/yunjinlight.com\/wp-content\/uploads\/2021\/12\/81XeK5rlFoL._AC_SL1500_-150x150.jpg 150w, https:\/\/yunjinlight.com\/wp-content\/uploads\/2021\/12\/81XeK5rlFoL._AC_SL1500_-768x763.jpg 768w, https:\/\/yunjinlight.com\/wp-content\/uploads\/2021\/12\/81XeK5rlFoL._AC_SL1500_.jpg 1500w\" sizes=\"auto, (max-width: 1020px) 100vw, 1020px\" \/>\t\t\t\t\t\t\n\t\t\t\t\t<\/div>\n\t\t\t\t\t\t\t\t\n<style>\n#image_809119888 {\n  width: 100%;\n}\n<\/style>\n\t<\/div>\n\t\n\t\t<\/div>\n\t\t\t\t\t<\/div>\n\n\t\n\n\t<div id=\"col-620073213\" class=\"col medium-6 small-12 large-6\"  >\n\t\t\t\t<div class=\"col-inner text-center\"  >\n\t\t\t\n\t\t\t\n<h3>LEICHT ZU INSTALLIEREN:<\/h3>\n<p>Es gibt verschiedene Installationsmethoden, wie z. B. Clip- oder Pfahlmontage. Montage durch Befestigung mit einer Schelle (z.B. am Balkondach) oder einem Pflock im Boden. Sie geben 2700K warmwei\u00dfes Licht ab.<\/p>\n\t\t<\/div>\n\t\t\t\t\n<style>\n#col-620073213 > .col-inner {\n  padding: 10% 10% 10% 10%;\n  max-width: 520px;\n}\n<\/style>\n\t<\/div>\n\n\t\n<\/div>\n\t\t<\/div>\n\n\t\t\n<style>\n#section_1582331947 {\n  padding-top: 0px;\n  padding-bottom: 0px;\n  background-color: rgb(247, 247, 247);\n}\n#section_1582331947 .section-bg-overlay {\n  background-color: rgba(255, 255, 255, 0.85);\n}\n<\/style>\n\t<\/section>\n\t\n\n\t<section class=\"section\" id=\"section_728241335\">\n\t\t<div class=\"section-bg fill\" >\n\t\t\t\t\t\t\t\t\t<div class=\"section-bg-overlay absolute fill\"><\/div>\n\t\t\t\n\n\t\t<\/div>\n\n\t\t\n\n\t\t<div class=\"section-content relative\">\n\t\t\t\n<div class=\"row row-collapse row-full-width align-middle\"  id=\"row-1714255020\">\n\n\t<div id=\"col-1108860312\" class=\"col medium-6 small-12 large-6\"  >\n\t\t\t\t<div class=\"col-inner text-center\"  >\n\t\t\t\n\t\t\t\n<h3>VERSCHIEDENE BELEUCHTUNGSMETHODEN F\u00dcR IHRE WAHL<\/h3>\n<p>4 verschiedene Beleuchtungsmethoden: Dauerlicht, Atemmodus, schnelles Stroboskop und langsames Stroboskop. Sie k\u00f6nnen die Methode nach Ihrem Bedarf w\u00e4hlen.<\/p>\n\t\t<\/div>\n\t\t\t\t\n<style>\n#col-1108860312 > .col-inner {\n  padding: 10% 10% 10% 10%;\n  max-width: 520px;\n}\n<\/style>\n\t<\/div>\n\n\t\n\n\t<div id=\"col-2030791674\" class=\"col medium-6 small-12 large-6\"  >\n\t\t\t\t<div class=\"col-inner\"  >\n\t\t\t\n\t\t\t\n\t<div class=\"img has-hover x md-x lg-x y md-y lg-y\" id=\"image_1985105259\">\n\t\t\t\t\t\t\t\t<div class=\"img-inner dark\" >\n\t\t\t<img loading=\"lazy\" decoding=\"async\" width=\"1020\" height=\"1020\" src=\"https:\/\/yunjinlight.com\/wp-content\/uploads\/2021\/12\/71IXm1kpDL._AC_SL1500_-1024x1024.jpg\" class=\"attachment-large size-large\" alt=\"\" srcset=\"https:\/\/yunjinlight.com\/wp-content\/uploads\/2021\/12\/71IXm1kpDL._AC_SL1500_-1024x1024.jpg 1024w, https:\/\/yunjinlight.com\/wp-content\/uploads\/2021\/12\/71IXm1kpDL._AC_SL1500_-100x100.jpg 100w, https:\/\/yunjinlight.com\/wp-content\/uploads\/2021\/12\/71IXm1kpDL._AC_SL1500_-510x510.jpg 510w, https:\/\/yunjinlight.com\/wp-content\/uploads\/2021\/12\/71IXm1kpDL._AC_SL1500_-300x300.jpg 300w, https:\/\/yunjinlight.com\/wp-content\/uploads\/2021\/12\/71IXm1kpDL._AC_SL1500_-150x150.jpg 150w, https:\/\/yunjinlight.com\/wp-content\/uploads\/2021\/12\/71IXm1kpDL._AC_SL1500_-768x768.jpg 768w, https:\/\/yunjinlight.com\/wp-content\/uploads\/2021\/12\/71IXm1kpDL._AC_SL1500_.jpg 1500w\" sizes=\"auto, (max-width: 1020px) 100vw, 1020px\" \/>\t\t\t\t\t\t\n\t\t\t\t\t<\/div>\n\t\t\t\t\t\t\t\t\n<style>\n#image_1985105259 {\n  width: 100%;\n}\n<\/style>\n\t<\/div>\n\t\n\t\t<\/div>\n\t\t\t\t\t<\/div>\n\n\t\n<\/div>\n\t\t<\/div>\n\n\t\t\n<style>\n#section_728241335 {\n  padding-top: 0px;\n  padding-bottom: 0px;\n  background-color: rgb(247, 247, 247);\n}\n#section_728241335 .section-bg-overlay {\n  background-color: rgba(255, 255, 255, 0.85);\n}\n<\/style>\n\t<\/section>\n\t\n\n\t<section class=\"section\" id=\"section_1553894358\">\n\t\t<div class=\"section-bg fill\" >\n\t\t\t\t\t\t\t\t\t<div class=\"section-bg-overlay absolute fill\"><\/div>\n\t\t\t\n\n\t\t<\/div>\n\n\t\t\n\n\t\t<div class=\"section-content relative\">\n\t\t\t\n<div class=\"row row-collapse row-full-width align-middle\"  id=\"row-1161149538\">\n\n\t<div id=\"col-1732535783\" class=\"col medium-6 small-12 large-6\"  >\n\t\t\t\t<div class=\"col-inner\"  >\n\t\t\t\n\t\t\t\n\t<div class=\"img has-hover x md-x lg-x y md-y lg-y\" id=\"image_437505546\">\n\t\t\t\t\t\t\t\t<div class=\"img-inner dark\" >\n\t\t\t<img loading=\"lazy\" decoding=\"async\" width=\"1020\" height=\"1000\" src=\"https:\/\/yunjinlight.com\/wp-content\/uploads\/2021\/12\/613l1C8L6dL._AC_SL1500_-1024x1004.jpg\" class=\"attachment-large size-large\" alt=\"\" srcset=\"https:\/\/yunjinlight.com\/wp-content\/uploads\/2021\/12\/613l1C8L6dL._AC_SL1500_-1024x1004.jpg 1024w, https:\/\/yunjinlight.com\/wp-content\/uploads\/2021\/12\/613l1C8L6dL._AC_SL1500_-510x500.jpg 510w, https:\/\/yunjinlight.com\/wp-content\/uploads\/2021\/12\/613l1C8L6dL._AC_SL1500_-300x294.jpg 300w, https:\/\/yunjinlight.com\/wp-content\/uploads\/2021\/12\/613l1C8L6dL._AC_SL1500_-768x753.jpg 768w, https:\/\/yunjinlight.com\/wp-content\/uploads\/2021\/12\/613l1C8L6dL._AC_SL1500_.jpg 1500w\" sizes=\"auto, (max-width: 1020px) 100vw, 1020px\" \/>\t\t\t\t\t\t\n\t\t\t\t\t<\/div>\n\t\t\t\t\t\t\t\t\n<style>\n#image_437505546 {\n  width: 100%;\n}\n<\/style>\n\t<\/div>\n\t\n\t\t<\/div>\n\t\t\t\t\t<\/div>\n\n\t\n\n\t<div id=\"col-1612381338\" class=\"col medium-6 small-12 large-6\"  >\n\t\t\t\t<div class=\"col-inner text-center\"  >\n\t\t\t\n\t\t\t\n<h3>VINTAGE STYLE LIGHT BULBS DECORATE YOUR PATIO\/GARDEN\/PARTY<\/h3>\n<p>Unsere Solar-Lichterketten sind handels\u00fcbliche Lichterketten, die sich perfekt f\u00fcr die Au\u00dfendekoration Ihrer Veranda oder Ihres Gartens eignen. Sie geben ein strahlendes, warmwei\u00dfes Licht ab, ein guter Helfer f\u00fcr eine tolle Atmosph\u00e4re.<\/p>\n\t\t<\/div>\n\t\t\t\t\n<style>\n#col-1612381338 > .col-inner {\n  padding: 10% 10% 10% 10%;\n  max-width: 520px;\n}\n<\/style>\n\t<\/div>\n\n\t\n<\/div>\n\t\t<\/div>\n\n\t\t\n<style>\n#section_1553894358 {\n  padding-top: 0px;\n  padding-bottom: 0px;\n  background-color: rgb(247, 247, 247);\n}\n#section_1553894358 .section-bg-overlay {\n  background-color: rgba(255, 255, 255, 0.85);\n}\n<\/style>\n\t<\/section>\n\t\n","protected":false},"excerpt":{"rendered":"<table>\n<tbody>\n<tr>\n<td>Sonnenkollektor<\/td>\n<td>polykristallin 520MA 5,5V<\/td>\n<\/tr>\n<tr>\n<td>Anzahl der Gl\u00fchbirnen<\/td>\n<td>25pcs<\/td>\n<\/tr>\n<tr>\n<td>Gl\u00fchbirnen-Typ:<\/td>\n<td>Sockel E12, 1 Watt, Gl\u00fchbirne G40<\/td>\n<\/tr>\n<tr>\n<td>Lichtfarbe:<\/td>\n<td>Warmwei\u00df (2700k)<\/td>\n<\/tr>\n<tr>\n<td>Batterie:<\/td>\n<td>3.7V\/4400mAh(2*18650 2200mAh)<\/td>\n<\/tr>\n<tr>\n<td>Beleuchtungsmodi:<\/td>\n<td>schnelles Blinken, gleichm\u00e4\u00dfiges Licht, langsames Blinken, pulsierendes Licht<\/td>\n<\/tr>\n<tr>\n<td>Im Freien:<\/td>\n<td>Solarenergie zum Aufladen nutzen<\/td>\n<\/tr>\n<\/tbody>\n<\/table>\n","protected":false},"featured_media":787,"comment_status":"open","ping_status":"closed","template":"","meta":[],"product_brand":[],"product_cat":[146],"product_tag":[],"class_list":{"0":"post-847","1":"product","2":"type-product","3":"status-publish","4":"has-post-thumbnail","6":"product_cat-uncategorized-de","8":"first","9":"instock","10":"shipping-taxable","11":"product-type-simple"},"_links":{"self":[{"href":"https:\/\/yunjinlight.com\/de\/wp-json\/wp\/v2\/product\/847","targetHints":{"allow":["GET"]}}],"collection":[{"href":"https:\/\/yunjinlight.com\/de\/wp-json\/wp\/v2\/product"}],"about":[{"href":"https:\/\/yunjinlight.com\/de\/wp-json\/wp\/v2\/types\/product"}],"replies":[{"embeddable":true,"href":"https:\/\/yunjinlight.com\/de\/wp-json\/wp\/v2\/comments?post=847"}],"wp:featuredmedia":[{"embeddable":true,"href":"https:\/\/yunjinlight.com\/de\/wp-json\/wp\/v2\/media\/787"}],"wp:attachment":[{"href":"https:\/\/yunjinlight.com\/de\/wp-json\/wp\/v2\/media?parent=847"}],"wp:term":[{"taxonomy":"product_brand","embeddable":true,"href":"https:\/\/yunjinlight.com\/de\/wp-json\/wp\/v2\/product_brand?post=847"},{"taxonomy":"product_cat","embeddable":true,"href":"https:\/\/yunjinlight.com\/de\/wp-json\/wp\/v2\/product_cat?post=847"},{"taxonomy":"product_tag","embeddable":true,"href":"https:\/\/yunjinlight.com\/de\/wp-json\/wp\/v2\/product_tag?post=847"}],"curies":[{"name":"wp","href":"https:\/\/api.w.org\/{rel}","templated":true}]}}