{"id":846,"date":"2021-12-25T06:03:21","date_gmt":"2021-12-25T06:03:21","guid":{"rendered":"https:\/\/yunjinlight.com\/product\/garten-girlande-licht\/"},"modified":"2022-06-22T08:01:23","modified_gmt":"2022-06-22T08:01:23","slug":"garten-girlande-licht","status":"publish","type":"product","link":"https:\/\/yunjinlight.com\/de\/produkt\/garten-girlande-licht\/","title":{"rendered":"Garten Girlande Licht"},"content":{"rendered":"\n\t<section class=\"section\" id=\"section_1428522725\">\n\t\t<div class=\"section-bg fill\" >\n\t\t\t\t\t\t\t\t\t<div class=\"section-bg-overlay absolute fill\"><\/div>\n\t\t\t\n\n\t\t<\/div>\n\n\t\t\n\n\t\t<div class=\"section-content relative\">\n\t\t\t\n<div class=\"row row-collapse row-full-width align-middle\"  id=\"row-760518450\">\n\n\t<div id=\"col-1925180791\" class=\"col medium-6 small-12 large-6\"  >\n\t\t\t\t<div class=\"col-inner\"  >\n\t\t\t\n\t\t\t\n\t<div class=\"img has-hover x md-x lg-x y md-y lg-y\" id=\"image_986787587\">\n\t\t\t\t\t\t\t\t<div class=\"img-inner dark\" >\n\t\t\t<img loading=\"lazy\" decoding=\"async\" width=\"1020\" height=\"1020\" src=\"https:\/\/yunjinlight.com\/wp-content\/uploads\/2021\/12\/IMG_08001-\u526f\u672c-1024x1024.png\" class=\"attachment-large size-large\" alt=\"\" srcset=\"https:\/\/yunjinlight.com\/wp-content\/uploads\/2021\/12\/IMG_08001-\u526f\u672c-1024x1024.png 1024w, https:\/\/yunjinlight.com\/wp-content\/uploads\/2021\/12\/IMG_08001-\u526f\u672c-100x100.png 100w, https:\/\/yunjinlight.com\/wp-content\/uploads\/2021\/12\/IMG_08001-\u526f\u672c-510x510.png 510w, https:\/\/yunjinlight.com\/wp-content\/uploads\/2021\/12\/IMG_08001-\u526f\u672c-300x300.png 300w, https:\/\/yunjinlight.com\/wp-content\/uploads\/2021\/12\/IMG_08001-\u526f\u672c-150x150.png 150w, https:\/\/yunjinlight.com\/wp-content\/uploads\/2021\/12\/IMG_08001-\u526f\u672c-768x768.png 768w, https:\/\/yunjinlight.com\/wp-content\/uploads\/2021\/12\/IMG_08001-\u526f\u672c-1536x1536.png 1536w, https:\/\/yunjinlight.com\/wp-content\/uploads\/2021\/12\/IMG_08001-\u526f\u672c-2048x2048.png 2048w\" sizes=\"auto, (max-width: 1020px) 100vw, 1020px\" \/>\t\t\t\t\t\t\n\t\t\t\t\t<\/div>\n\t\t\t\t\t\t\t\t\n<style>\n#image_986787587 {\n  width: 100%;\n}\n<\/style>\n\t<\/div>\n\t\n\t\t<\/div>\n\t\t\t\t\t<\/div>\n\n\t\n\n\t<div id=\"col-592105988\" class=\"col medium-6 small-12 large-6\"  >\n\t\t\t\t<div class=\"col-inner text-center\"  >\n\t\t\t\n\t\t\t\n<p>Was auch immer der Grund ist, die Partybeleuchtung im Freien ist eine beliebte Idee f\u00fcr die Beleuchtung des Gartens und sorgt f\u00fcr eine fr\u00f6hliche und karnevalistische Stimmung. Unsere fachkundige Installation schafft nahtlose Lichtb\u00e4nder, die das perfekte Ambiente f\u00fcr Ihre Veranstaltung schaffen.<\/p>\n\t\t<\/div>\n\t\t\t\t\n<style>\n#col-592105988 > .col-inner {\n  padding: 10% 10% 10% 10%;\n  max-width: 520px;\n}\n<\/style>\n\t<\/div>\n\n\t\n<\/div>\n\t\t<\/div>\n\n\t\t\n<style>\n#section_1428522725 {\n  padding-top: 0px;\n  padding-bottom: 0px;\n  background-color: rgb(247, 247, 247);\n}\n#section_1428522725 .section-bg-overlay {\n  background-color: rgba(255, 255, 255, 0.85);\n}\n<\/style>\n\t<\/section>\n\t\n\n\t<section class=\"section\" id=\"section_194772753\">\n\t\t<div class=\"section-bg fill\" >\n\t\t\t\t\t\t\t\t\t<div class=\"section-bg-overlay absolute fill\"><\/div>\n\t\t\t\n\n\t\t<\/div>\n\n\t\t\n\n\t\t<div class=\"section-content relative\">\n\t\t\t\n<div class=\"row row-collapse row-full-width align-middle\"  id=\"row-1646662059\">\n\n\t<div id=\"col-1577686362\" class=\"col medium-6 small-12 large-6\"  >\n\t\t\t\t<div class=\"col-inner text-center\"  >\n\t\t\t\n\t\t\t\n\t<div id=\"text-2058919401\" class=\"text\">\n\t\t\n<p>Was auch immer der Grund ist, die Partybeleuchtung im Freien ist eine beliebte Idee f\u00fcr die Beleuchtung des Gartens und sorgt f\u00fcr eine fr\u00f6hliche und karnevalistische Stimmung. Unsere fachkundige Installation schafft nahtlose Lichtb\u00e4nder, die das perfekte Ambiente f\u00fcr Ihre Veranstaltung schaffen.<\/p>\n\t\t\n<style>\n#text-2058919401 {\n  text-align: center;\n}\n<\/style>\n\t<\/div>\n\t\n\t\t<\/div>\n\t\t\t\t\n<style>\n#col-1577686362 > .col-inner {\n  padding: 10% 10% 10% 10%;\n  max-width: 520px;\n}\n<\/style>\n\t<\/div>\n\n\t\n\n\t<div id=\"col-1173612148\" class=\"col medium-6 small-12 large-6\"  >\n\t\t\t\t<div class=\"col-inner\"  >\n\t\t\t\n\t\t\t\n\t<div class=\"img has-hover x md-x lg-x y md-y lg-y\" id=\"image_1470879634\">\n\t\t\t\t\t\t\t\t<div class=\"img-inner dark\" >\n\t\t\t<img loading=\"lazy\" decoding=\"async\" width=\"1020\" height=\"1020\" src=\"https:\/\/yunjinlight.com\/wp-content\/uploads\/2021\/12\/IMG_08001-\u526f\u672c-1024x1024.png\" class=\"attachment-large size-large\" alt=\"\" srcset=\"https:\/\/yunjinlight.com\/wp-content\/uploads\/2021\/12\/IMG_08001-\u526f\u672c-1024x1024.png 1024w, https:\/\/yunjinlight.com\/wp-content\/uploads\/2021\/12\/IMG_08001-\u526f\u672c-100x100.png 100w, https:\/\/yunjinlight.com\/wp-content\/uploads\/2021\/12\/IMG_08001-\u526f\u672c-510x510.png 510w, https:\/\/yunjinlight.com\/wp-content\/uploads\/2021\/12\/IMG_08001-\u526f\u672c-300x300.png 300w, https:\/\/yunjinlight.com\/wp-content\/uploads\/2021\/12\/IMG_08001-\u526f\u672c-150x150.png 150w, https:\/\/yunjinlight.com\/wp-content\/uploads\/2021\/12\/IMG_08001-\u526f\u672c-768x768.png 768w, https:\/\/yunjinlight.com\/wp-content\/uploads\/2021\/12\/IMG_08001-\u526f\u672c-1536x1536.png 1536w, https:\/\/yunjinlight.com\/wp-content\/uploads\/2021\/12\/IMG_08001-\u526f\u672c-2048x2048.png 2048w\" sizes=\"auto, (max-width: 1020px) 100vw, 1020px\" \/>\t\t\t\t\t\t\n\t\t\t\t\t<\/div>\n\t\t\t\t\t\t\t\t\n<style>\n#image_1470879634 {\n  width: 100%;\n}\n<\/style>\n\t<\/div>\n\t\n\t\t<\/div>\n\t\t\t\t\t<\/div>\n\n\t\n<\/div>\n\t\t<\/div>\n\n\t\t\n<style>\n#section_194772753 {\n  padding-top: 0px;\n  padding-bottom: 0px;\n  background-color: rgb(247, 247, 247);\n}\n#section_194772753 .section-bg-overlay {\n  background-color: rgba(255, 255, 255, 0.85);\n}\n<\/style>\n\t<\/section>\n\t\n\n\t<section class=\"section\" id=\"section_988726616\">\n\t\t<div class=\"section-bg fill\" >\n\t\t\t\t\t\t\t\t\t<div class=\"section-bg-overlay absolute fill\"><\/div>\n\t\t\t\n\n\t\t<\/div>\n\n\t\t\n\n\t\t<div class=\"section-content relative\">\n\t\t\t\n<div class=\"row row-collapse row-full-width align-middle\"  id=\"row-1064812021\">\n\n\t<div id=\"col-46468499\" class=\"col medium-6 small-12 large-6\"  >\n\t\t\t\t<div class=\"col-inner\"  >\n\t\t\t\n\t\t\t\n\t<div class=\"img has-hover x md-x lg-x y md-y lg-y\" id=\"image_197773211\">\n\t\t\t\t\t\t\t\t<div class=\"img-inner dark\" >\n\t\t\t<img loading=\"lazy\" decoding=\"async\" width=\"1020\" height=\"1020\" src=\"https:\/\/yunjinlight.com\/wp-content\/uploads\/2021\/12\/IMG_0804-1024x1024.jpg\" class=\"attachment-large size-large\" alt=\"\" srcset=\"https:\/\/yunjinlight.com\/wp-content\/uploads\/2021\/12\/IMG_0804-1024x1024.jpg 1024w, https:\/\/yunjinlight.com\/wp-content\/uploads\/2021\/12\/IMG_0804-scaled-100x100.jpg 100w, https:\/\/yunjinlight.com\/wp-content\/uploads\/2021\/12\/IMG_0804-scaled-510x510.jpg 510w, https:\/\/yunjinlight.com\/wp-content\/uploads\/2021\/12\/IMG_0804-300x300.jpg 300w, https:\/\/yunjinlight.com\/wp-content\/uploads\/2021\/12\/IMG_0804-150x150.jpg 150w, https:\/\/yunjinlight.com\/wp-content\/uploads\/2021\/12\/IMG_0804-768x768.jpg 768w, https:\/\/yunjinlight.com\/wp-content\/uploads\/2021\/12\/IMG_0804-1536x1536.jpg 1536w, https:\/\/yunjinlight.com\/wp-content\/uploads\/2021\/12\/IMG_0804-2048x2048.jpg 2048w\" sizes=\"auto, (max-width: 1020px) 100vw, 1020px\" \/>\t\t\t\t\t\t\n\t\t\t\t\t<\/div>\n\t\t\t\t\t\t\t\t\n<style>\n#image_197773211 {\n  width: 100%;\n}\n<\/style>\n\t<\/div>\n\t\n\t\t<\/div>\n\t\t\t\t\t<\/div>\n\n\t\n\n\t<div id=\"col-498395080\" class=\"col medium-6 small-12 large-6\"  >\n\t\t\t\t<div class=\"col-inner text-center\"  >\n\t\t\t\n\t\t\t\n\t<div id=\"text-675211750\" class=\"text\">\n\t\t\n<p>Dank der Kunststoffbirnen kann die Lichterkette f\u00fcr den Au\u00dfenbereich nicht so leicht zerbrechen, wenn sie herunterf\u00e4llt oder umhergeweht wird wie Gl\u00fchbirnen.<br \/>\nIm Vergleich zu Gl\u00fchbirnen sind LED-Lampen energiesparender und halten l\u00e4nger.<\/p>\n\t\t\n<style>\n#text-675211750 {\n  text-align: center;\n}\n<\/style>\n\t<\/div>\n\t\n\t\t<\/div>\n\t\t\t\t\n<style>\n#col-498395080 > .col-inner {\n  padding: 10% 10% 10% 10%;\n  max-width: 520px;\n}\n<\/style>\n\t<\/div>\n\n\t\n<\/div>\n\t\t<\/div>\n\n\t\t\n<style>\n#section_988726616 {\n  padding-top: 0px;\n  padding-bottom: 0px;\n  background-color: rgb(247, 247, 247);\n}\n#section_988726616 .section-bg-overlay {\n  background-color: rgba(255, 255, 255, 0.85);\n}\n<\/style>\n\t<\/section>\n\t\n\n\t<section class=\"section\" id=\"section_1115471480\">\n\t\t<div class=\"section-bg fill\" >\n\t\t\t\t\t\t\t\t\t<div class=\"section-bg-overlay absolute fill\"><\/div>\n\t\t\t\n\n\t\t<\/div>\n\n\t\t\n\n\t\t<div class=\"section-content relative\">\n\t\t\t\n<div class=\"row row-collapse row-full-width align-middle\"  id=\"row-1637500238\">\n\n\t<div id=\"col-2040679429\" class=\"col medium-6 small-12 large-6\"  >\n\t\t\t\t<div class=\"col-inner text-center\"  >\n\t\t\t\n\t\t\t\n\t<div id=\"text-1864235013\" class=\"text\">\n\t\t\n<p>Die LED-Lichterkette ist nach IP65 wasserdicht und \u00fcbersteht sowohl den hei\u00dfen Sommer als auch den kalten Winter, Sonne, Wind, Regen, Schnee und N\u00e4sse.<\/p>\n\t\t\n<style>\n#text-1864235013 {\n  text-align: center;\n}\n<\/style>\n\t<\/div>\n\t\n\t\t<\/div>\n\t\t\t\t\n<style>\n#col-2040679429 > .col-inner {\n  padding: 10% 10% 10% 10%;\n  max-width: 520px;\n}\n<\/style>\n\t<\/div>\n\n\t\n\n\t<div id=\"col-758812862\" class=\"col medium-6 small-12 large-6\"  >\n\t\t\t\t<div class=\"col-inner\"  >\n\t\t\t\n\t\t\t\n\t<div class=\"img has-hover x md-x lg-x y md-y lg-y\" id=\"image_432227078\">\n\t\t\t\t\t\t\t\t<div class=\"img-inner dark\" >\n\t\t\t<img loading=\"lazy\" decoding=\"async\" width=\"1020\" height=\"1020\" src=\"https:\/\/yunjinlight.com\/wp-content\/uploads\/2021\/12\/108-1024x1024.jpg\" class=\"attachment-large size-large\" alt=\"\" srcset=\"https:\/\/yunjinlight.com\/wp-content\/uploads\/2021\/12\/108-1024x1024.jpg 1024w, https:\/\/yunjinlight.com\/wp-content\/uploads\/2021\/12\/108-100x100.jpg 100w, https:\/\/yunjinlight.com\/wp-content\/uploads\/2021\/12\/108-510x510.jpg 510w, https:\/\/yunjinlight.com\/wp-content\/uploads\/2021\/12\/108-300x300.jpg 300w, https:\/\/yunjinlight.com\/wp-content\/uploads\/2021\/12\/108-150x150.jpg 150w, https:\/\/yunjinlight.com\/wp-content\/uploads\/2021\/12\/108-768x768.jpg 768w, https:\/\/yunjinlight.com\/wp-content\/uploads\/2021\/12\/108.jpg 1200w\" sizes=\"auto, (max-width: 1020px) 100vw, 1020px\" \/>\t\t\t\t\t\t\n\t\t\t\t\t<\/div>\n\t\t\t\t\t\t\t\t\n<style>\n#image_432227078 {\n  width: 100%;\n}\n<\/style>\n\t<\/div>\n\t\n\t\t<\/div>\n\t\t\t\t\t<\/div>\n\n\t\n<\/div>\n\t\t<\/div>\n\n\t\t\n<style>\n#section_1115471480 {\n  padding-top: 0px;\n  padding-bottom: 0px;\n  background-color: rgb(247, 247, 247);\n}\n#section_1115471480 .section-bg-overlay {\n  background-color: rgba(255, 255, 255, 0.85);\n}\n<\/style>\n\t<\/section>\n\t\n\n\t<section class=\"section\" id=\"section_1784884857\">\n\t\t<div class=\"section-bg fill\" >\n\t\t\t\t\t\t\t\t\t<div class=\"section-bg-overlay absolute fill\"><\/div>\n\t\t\t\n\n\t\t<\/div>\n\n\t\t\n\n\t\t<div class=\"section-content relative\">\n\t\t\t\n<div class=\"row row-collapse row-full-width align-middle\"  id=\"row-1254450367\">\n\n\t<div id=\"col-1853877016\" class=\"col medium-6 small-12 large-6\"  >\n\t\t\t\t<div class=\"col-inner\"  >\n\t\t\t\n\t\t\t\n\t<div class=\"img has-hover x md-x lg-x y md-y lg-y\" id=\"image_451101605\">\n\t\t\t\t\t\t\t\t<div class=\"img-inner dark\" >\n\t\t\t<img loading=\"lazy\" decoding=\"async\" width=\"1020\" height=\"680\" src=\"https:\/\/yunjinlight.com\/wp-content\/uploads\/2021\/12\/IMG_7287-1024x683.jpg\" class=\"attachment-large size-large\" alt=\"\" srcset=\"https:\/\/yunjinlight.com\/wp-content\/uploads\/2021\/12\/IMG_7287-1024x683.jpg 1024w, https:\/\/yunjinlight.com\/wp-content\/uploads\/2021\/12\/IMG_7287-510x340.jpg 510w, https:\/\/yunjinlight.com\/wp-content\/uploads\/2021\/12\/IMG_7287-300x200.jpg 300w, https:\/\/yunjinlight.com\/wp-content\/uploads\/2021\/12\/IMG_7287-768x512.jpg 768w\" sizes=\"auto, (max-width: 1020px) 100vw, 1020px\" \/>\t\t\t\t\t\t\n\t\t\t\t\t<\/div>\n\t\t\t\t\t\t\t\t\n<style>\n#image_451101605 {\n  width: 100%;\n}\n<\/style>\n\t<\/div>\n\t\n\t\t<\/div>\n\t\t\t\t\t<\/div>\n\n\t\n\n\t<div id=\"col-853643576\" class=\"col medium-6 small-12 large-6\"  >\n\t\t\t\t<div class=\"col-inner text-center\"  >\n\t\t\t\n\t\t\t\n\t<div id=\"text-1264341224\" class=\"text\">\n\t\t\n<p>Hitzebest\u00e4ndiger, flammhemmender Stecker, vertrauensvolle Verwendung.<br \/>\nEs gibt EU-Stecker, UK-Stecker, AU-Stecker und US-Stecker f\u00fcr Ihre Wahl.<\/p>\n\t\t\n<style>\n#text-1264341224 {\n  text-align: center;\n}\n<\/style>\n\t<\/div>\n\t\n\t\t<\/div>\n\t\t\t\t\n<style>\n#col-853643576 > .col-inner {\n  padding: 10% 10% 10% 10%;\n  max-width: 520px;\n}\n<\/style>\n\t<\/div>\n\n\t\n<\/div>\n\t\t<\/div>\n\n\t\t\n<style>\n#section_1784884857 {\n  padding-top: 0px;\n  padding-bottom: 0px;\n  background-color: rgb(247, 247, 247);\n}\n#section_1784884857 .section-bg-overlay {\n  background-color: rgba(255, 255, 255, 0.85);\n}\n<\/style>\n\t<\/section>\n\t\n","protected":false},"excerpt":{"rendered":"<table width=\"607\">\n<tbody>\n<tr>\n<td width=\"253\">Eingangsspannung<\/td>\n<td width=\"354\">AC220-240V<\/td>\n<\/tr>\n<tr>\n<td>Kabel<\/td>\n<td>HO7RN-F 2*1.5mm\u00b2<\/td>\n<\/tr>\n<tr>\n<td>L\u00e4nge<\/td>\n<td>10m<\/td>\n<\/tr>\n<tr>\n<td>Steckdose<\/td>\n<td>10 f\u00fcr den Au\u00dfenbereich geeignete mittlere (E27) Fassungen<\/td>\n<\/tr>\n<tr>\n<td>Gl\u00fchbirne<\/td>\n<td>2700K 2W LED-Lampe<\/td>\n<\/tr>\n<tr>\n<td>Maximale Wattzahl f\u00fcr Stringlauf<\/td>\n<td>1500W<\/td>\n<\/tr>\n<tr>\n<td>Maximal verkn\u00fcpfbare Strings<\/td>\n<td>60 Saiten<\/td>\n<\/tr>\n<tr>\n<td>Wasserdichte Bewertung<\/td>\n<td>IP65<\/td>\n<\/tr>\n<tr>\n<td>Zertifikat<\/td>\n<td>CE\u3001SAA<\/td>\n<\/tr>\n<\/tbody>\n<\/table>\n","protected":false},"featured_media":774,"comment_status":"open","ping_status":"closed","template":"","meta":[],"product_brand":[],"product_cat":[146],"product_tag":[],"class_list":{"0":"post-846","1":"product","2":"type-product","3":"status-publish","4":"has-post-thumbnail","6":"product_cat-uncategorized-de","8":"first","9":"instock","10":"shipping-taxable","11":"product-type-simple"},"_links":{"self":[{"href":"https:\/\/yunjinlight.com\/de\/wp-json\/wp\/v2\/product\/846","targetHints":{"allow":["GET"]}}],"collection":[{"href":"https:\/\/yunjinlight.com\/de\/wp-json\/wp\/v2\/product"}],"about":[{"href":"https:\/\/yunjinlight.com\/de\/wp-json\/wp\/v2\/types\/product"}],"replies":[{"embeddable":true,"href":"https:\/\/yunjinlight.com\/de\/wp-json\/wp\/v2\/comments?post=846"}],"wp:featuredmedia":[{"embeddable":true,"href":"https:\/\/yunjinlight.com\/de\/wp-json\/wp\/v2\/media\/774"}],"wp:attachment":[{"href":"https:\/\/yunjinlight.com\/de\/wp-json\/wp\/v2\/media?parent=846"}],"wp:term":[{"taxonomy":"product_brand","embeddable":true,"href":"https:\/\/yunjinlight.com\/de\/wp-json\/wp\/v2\/product_brand?post=846"},{"taxonomy":"product_cat","embeddable":true,"href":"https:\/\/yunjinlight.com\/de\/wp-json\/wp\/v2\/product_cat?post=846"},{"taxonomy":"product_tag","embeddable":true,"href":"https:\/\/yunjinlight.com\/de\/wp-json\/wp\/v2\/product_tag?post=846"}],"curies":[{"name":"wp","href":"https:\/\/api.w.org\/{rel}","templated":true}]}}